{"id":55669,"date":"2025-08-27T15:51:19","date_gmt":"2025-08-27T07:51:19","guid":{"rendered":"https:\/\/krceramicfiber.com\/?page_id=55669"},"modified":"2025-08-27T16:20:13","modified_gmt":"2025-08-27T08:20:13","slug":"%e7%8e%bb%e7%92%83%e7%ba%96%e7%b6%ad%e7%b6%b2","status":"publish","type":"page","link":"https:\/\/krceramicfiber.com\/zh_hk\/%e7%8e%bb%e7%92%83%e7%ba%96%e7%b6%ad%e7%b6%b2\/","title":{"rendered":"\u73bb\u7483\u7e96\u7dad\u7db2"},"content":{"rendered":"<div class=\"product_info_bg\">\n<div class=\"page_model product_info\">\n<div class=\"preview\"><img loading=\"lazy\" decoding=\"async\" class=\"aligncenter size-full wp-image-3596\" src=\"https:\/\/krceramicfiber.com\/wp-content\/uploads\/2025\/08\/kerui-glass-fiber-mesh.webp\" alt=\"\u73bb\u7483\u7e96\u7dad\u7db2\" width=\"780\" height=\"639\" \/><\/div>\n<div class=\"info\">\n<h1>\u73bb\u7483\u7e96\u7dad\u7db2<\/h1>\n<p class=\"profile\">\u73bb\u7483\u7e96\u7dad\u7db2\u662f\u4e00\u7a2e\u7531\u73bb\u7483\u7e96\u7dad\u7d17\u7e54\u6210\u7684\u7e54\u7269\uff0c\u8a2d\u8a08\u6210\u958b\u653e\u5f0f\u7db2\u683c\u7d50\u69cb\uff08\u5982\u7db2\u72c0\uff09\u3002\u7531\u65bc\u5176\u5f37\u5ea6\u3001\u5f48\u6027\u3001\u8010\u8150\u8755\u6027\u548c\u5c3a\u5bf8\u7a69\u5b9a\u6027\uff0c\u88ab\u5ee3\u6cdb\u7528\u4f5c\u52a0\u56fa\u6750\u6599\u3002<\/p>\n<ul>\n<li>\n<div>4\u00d74mm, 5\u00d75mm, 10\u00d710mm<\/div>\n<p><small>\u7db2\u5b54\u5c3a\u5bf8<\/small><\/li>\n<li>\n<div>1.0 \u516c\u5c3a\u30011.2 \u516c\u5c3a (\u53ef\u5ba2\u88fd\u5316 0.5-2.0 \u516c\u5c3a)<\/div>\n<p><small>\u5bec\u5ea6<\/small><\/li>\n<li>\n<div>50 \u516c\u5c3a\u3001100 \u516c\u5c3a<br \/>\n(\u6a19\u6e96\u3001\u53ef\u81ea\u8a02\uff09<\/div>\n<p><small>\u6372\u9577<\/small><\/li>\n<li>\n<div>50-200g\/m\u00b2<\/div>\n<p><small>\u55ae\u4f4d\u91cd\u91cf<\/small><\/li>\n<li class=\"authentication\"><img loading=\"lazy\" decoding=\"async\" class=\"alignnone size-full wp-image-676\" src=\"https:\/\/krceramicfiber.com\/wp-content\/uploads\/2024\/09\/CE-min.webp\" alt=\"Kerui \u8a8d\u8b49\" width=\"200\" height=\"55\" \/><\/li>\n<\/ul>\n<p><a class=\"inruiry fancybox\" href=\"#contact_form_pop\">\u7372\u53d6\u50f9\u683c<\/a><a class=\"email-btn\" href=\"mailto:market@krceramicfiber.com\">\u767c\u9001\u96fb\u5b50\u90f5\u4ef6<\/a><\/p>\n<\/div>\n<\/div>\n<\/div>\n<div class=\"product_model_bg\">\n<div class=\"page_model\">\n<h2 id=\"TechniqueData\">\u53ef\u745e\u73bb\u7483\u7e96\u7dad\u7db2\u6280\u8853\u8cc7\u6599\u8868<\/h2>\n\n<table id=\"tablepress-86\" class=\"tablepress tablepress-id-86\">\n<thead>\n<tr class=\"row-1\">\n\t<th class=\"column-1\"><strong>\u9805\u76ee<\/strong><\/th><th class=\"column-2\"><strong>\u5171\u901a\u898f\u683c<\/strong><\/th>\n<\/tr>\n<\/thead>\n<tbody class=\"row-striping row-hover\">\n<tr class=\"row-2\">\n\t<td class=\"column-1\"><strong>\u6750\u8cea<\/strong><\/td><td class=\"column-2\">C-Glass (\u4e2d\u9e7c\u6027) \u6216 E-Glass (\u7121\u9e7c\u6027)\uff0c\u5857\u5c64\u70ba\u8010\u9e7c\u805a\u5408\u7269<\/td>\n<\/tr>\n<tr class=\"row-3\">\n\t<td class=\"column-1\"><strong>\u7e54\u9020\u985e\u578b<\/strong><\/td><td class=\"column-2\">Leno \u7e54\u6cd5\uff08\u5e73\u958b\u7e54\u6cd5\uff09<\/td>\n<\/tr>\n<tr class=\"row-4\">\n\t<td class=\"column-1\"><strong>\u7db2\u5b54\u5c3a\u5bf8<\/strong><\/td><td class=\"column-2\">4 \u00d7 4 mm\u30015 \u00d7 5 mm\u300110 \u00d7 10 mm\uff08\u5178\u578b\u503c\uff09<\/td>\n<\/tr>\n<tr class=\"row-5\">\n\t<td class=\"column-1\"><strong>\u55ae\u4f4d\u91cd\u91cf<\/strong><\/td><td class=\"column-2\">60 g\/m\u00b2\u300180 g\/m\u00b2\u3001110 g\/m\u00b2\u3001145 g\/m\u00b2\u3001160 g\/m\u00b2\u3001200 g\/m\u00b2<\/td>\n<\/tr>\n<tr class=\"row-6\">\n\t<td class=\"column-1\"><strong>\u5bec\u5ea6<\/strong><\/td><td class=\"column-2\">1.0 \u516c\u5c3a\u30011.2 \u516c\u5c3a (\u53ef\u5ba2\u88fd\u5316 0.5-2.0 \u516c\u5c3a)<\/td>\n<\/tr>\n<tr class=\"row-7\">\n\t<td class=\"column-1\"><strong>\u6372\u9577<\/strong><\/td><td class=\"column-2\">50 \u516c\u5c3a\u3001100 \u516c\u5c3a (\u6a19\u6e96\u3001\u53ef\u5ba2\u88fd\u5316)<\/td>\n<\/tr>\n<tr class=\"row-8\">\n\t<td class=\"column-1\"><strong>\u62c9\u4f38\u5f37\u5ea6 (\u7d93\u7d17\/\u7def\u7d17)<\/strong><\/td><td class=\"column-2\">\u2265 1250 N\/50 mm (\u91dd\u5c0d 145 g\/m\u00b2 \u7db2\u683c)<\/td>\n<\/tr>\n<tr class=\"row-9\">\n\t<td class=\"column-1\"><strong>\u62c9\u4f38\u5f37\u5ea6\u4fdd\u6301\u7387\uff0828 \u5929\u9e7c\u6027\u6d78\u6ce1\u6e2c\u8a66\uff09<\/strong><\/td><td class=\"column-2\">\u2265 50%<\/td>\n<\/tr>\n<tr class=\"row-10\">\n\t<td class=\"column-1\"><strong>\u8010\u9e7c\u6027<\/strong><\/td><td class=\"column-2\">\u6975\u4f73\uff0c\u5177\u6709\u8010\u9e7c\u5857\u5c64\uff0c\u53ef\u5728\u6c34\u6ce5\u7802\u6d46\u4e2d\u9577\u671f\u8010\u7528<\/td>\n<\/tr>\n<tr class=\"row-11\">\n\t<td class=\"column-1\"><strong>\u984f\u8272<\/strong><\/td><td class=\"column-2\">\u767d\u8272\u3001\u85cd\u8272\u3001\u7da0\u8272\u3001\u9ec3\u8272\u3001\u6a59\u8272\uff08\u53ef\u81ea\u8a02\uff09<\/td>\n<\/tr>\n<tr class=\"row-12\">\n\t<td class=\"column-1\"><strong>\u61c9\u7528<\/strong><\/td><td class=\"column-2\">ETICS (\u5916\u90e8\u9694\u71b1\u8907\u5408\u7cfb\u7d71)\u3001\u7246\u58c1\u88c2\u7e2b\u9810\u9632\u3001\u5c4b\u9802\u9632\u6c34\u52a0\u56fa\u3001\u74e6\u7247\/\u77f3\u6750\u80cc\u677f\u3001\u5730\u677f\u52a0\u56fa<\/td>\n<\/tr>\n<\/tbody>\n<\/table>\n<!-- #tablepress-86 from cache -->\n<div class='content-column one_third'><div style=\"padding-right:15PX;\"><p><img loading=\"lazy\" decoding=\"async\" class=\"alignnone size-full wp-image-7513\" src=\"https:\/\/krceramicfiber.com\/wp-content\/uploads\/2025\/08\/glass-fiber-mesh-3.webp\" alt=\"\u73bb\u7483\u7e96\u7dad\u7db2\" width=\"490\" height=\"370\" \/><\/p><\/div><\/div><div class='content-column one_third'><div style=\"padding-right:15PX;\"><p><img loading=\"lazy\" decoding=\"async\" class=\"alignnone size-full wp-image-7514\" src=\"https:\/\/krceramicfiber.com\/wp-content\/uploads\/2025\/08\/glass-fiber-mesh-1.webp\" alt=\"\u73bb\u7483\u7e96\u7dad\u7db2\" width=\"490\" height=\"370\" \/><\/p><\/div><\/div><div class='content-column one_third last_column'><div style=\"padding-right:15PX;\"><img loading=\"lazy\" decoding=\"async\" class=\"alignnone size-full wp-image-7515\" src=\"https:\/\/krceramicfiber.com\/wp-content\/uploads\/2025\/08\/glass-fiber-mesh-2.webp\" alt=\"\u73bb\u7483\u7e96\u7dad\u7db2\" width=\"490\" height=\"370\" \/><\/p><\/div><\/div><div class='clear_column'><\/div><\/p>\n<p><center><a class=\"fancybox price\" href=\"#contact_form_pop\">\u53d6\u5f97\u50f9\u683c<\/a><\/center><\/p>\n<div class=\"fancybox-hidden\" style=\"display: none;\">\n<div id=\"contact_form_pop\">\n<div class=\"wpcf7 no-js\" id=\"wpcf7-f328-o1\" lang=\"en-US\" dir=\"ltr\" data-wpcf7-id=\"328\">\n<div class=\"screen-reader-response\"><p role=\"status\" aria-live=\"polite\" aria-atomic=\"true\"><\/p> <ul><\/ul><\/div>\n<form action=\"\/zh_hk\/wp-json\/wp\/v2\/pages\/55669#wpcf7-f328-o1\" method=\"post\" class=\"wpcf7-form init\" aria-label=\"Contact form\" novalidate=\"novalidate\" data-status=\"init\" data-trp-original-action=\"\/zh_hk\/wp-json\/wp\/v2\/pages\/55669#wpcf7-f328-o1\">\n<fieldset class=\"hidden-fields-container\"><input type=\"hidden\" name=\"_wpcf7\" value=\"328\" \/><input type=\"hidden\" name=\"_wpcf7_version\" value=\"6.1\" \/><input type=\"hidden\" name=\"_wpcf7_locale\" value=\"en_US\" \/><input type=\"hidden\" name=\"_wpcf7_unit_tag\" value=\"wpcf7-f328-o1\" \/><input type=\"hidden\" name=\"_wpcf7_container_post\" value=\"0\" \/><input type=\"hidden\" name=\"_wpcf7_posted_data_hash\" value=\"\" \/><input type=\"hidden\" name=\"_wpcf7_recaptcha_response\" value=\"\" \/>\n<\/fieldset>\n<div class=\"form-box\" id=\"Contact-Us\">\n\t<div class=\"isleft\">\n\t\t<div class=\"contact-title\">\n\t\t\t<p>\u806f\u7d61\u6211\u5011\n\t\t\t<\/p>\n\t\t<\/div>\n\t\t<div class=\"contactp\">\n\t\t\t<p>\u8acb\u96a8\u6642\u5c07\u60a8\u7684\u8a62\u554f\u8cc7\u8a0a\u5bc4\u7d66\u6211\u5011\u3002\u6211\u5011\u5c07\u5118\u5feb\u8207\u60a8\u806f\u7e6b\u3002\n\t\t\t<\/p>\n\t\t<\/div>\n\t\t<ul class=\"contact\">\n\t\t\t<li class=\"email\">\n\t\t\t\t<p><img decoding=\"async\" src=\"https:\/\/krceramicfiber.com\/wp-content\/uploads\/2023\/12\/email.png\" alt=\"\" \/>\u96fb\u5b50\u90f5\u4ef6\uff1a\n\t\t\t\t<\/p>\n\t\t\t\t<p><a href=\"mailto:market@krceramicfiber.com\">market@krceramicfiber.com<\/a>\n\t\t\t\t<\/p>\n\t\t\t<\/li>\n\t\t\t<li class=\"phone\">\n\t\t\t\t<p><img decoding=\"async\" src=\"https:\/\/krceramicfiber.com\/wp-content\/uploads\/2023\/12\/tel.png\" alt=\"\" \/>\u96fb\u8a71\/whatsapp\uff1a\n\t\t\t\t<\/p>\n\t\t\t\t<p><a href=\"https:\/\/wa.me\/8619138178880\">+86 19138178880<\/a>\n\t\t\t\t<\/p>\n\t\t\t<\/li>\n\t\t\t<li class=\"location\">\n\t\t\t\t<p><img decoding=\"async\" src=\"https:\/\/krceramicfiber.com\/wp-content\/uploads\/2023\/12\/Location.png\" alt=\"\" \/>\u88fd\u9020\u57fa\u5730\uff1a\n\t\t\t\t<\/p>\n\t\t\t\t<p>\u8d85\u83ef\u8010\u706b\u5de5\u696d\u5340\u3001<br \/>\n\u4e2d\u570b\u6cb3\u5357\u7701\u65b0\u5bc6\u5e02\n\t\t\t\t<\/p>\n\t\t\t<\/li>\n\t\t<\/ul>\n\t<\/div>\n\t<div class=\"isright\">\n\t\t<ul class=\"contact-input\">\n\t\t\t<li>\n\t\t\t\t<div class=\"islabel\">\n\t\t\t\t\t<p>* \u540d\u7a31\uff1a\n\t\t\t\t\t<\/p>\n\t\t\t\t<\/div>\n\t\t\t\t<p><span class=\"wpcf7-form-control-wrap\" data-name=\"your-name\"><input size=\"40\" maxlength=\"400\" class=\"wpcf7-form-control wpcf7-text wpcf7-validates-as-required\" aria-required=\"true\" aria-invalid=\"false\" placeholder=\"\" value=\"\" type=\"text\" name=\"your-name\" \/><\/span>\n\t\t\t\t<\/p>\n\t\t\t<\/li>\n\t\t\t<li>\n\t\t\t\t<div class=\"islabel\">\n\t\t\t\t\t<p>* \u96fb\u5b50\u90f5\u4ef6\uff1a\n\t\t\t\t\t<\/p>\n\t\t\t\t<\/div>\n\t\t\t\t<p><span class=\"wpcf7-form-control-wrap\" data-name=\"your-email\"><input size=\"40\" maxlength=\"400\" class=\"wpcf7-form-control wpcf7-email wpcf7-validates-as-required wpcf7-text wpcf7-validates-as-email\" aria-required=\"true\" aria-invalid=\"false\" placeholder=\"\" value=\"\" type=\"email\" name=\"your-email\" \/><\/span>\n\t\t\t\t<\/p>\n\t\t\t<\/li>\n\t\t\t<li>\n\t\t\t\t<div class=\"islabel\">\n\t\t\t\t\t<p>* \u96fb\u8a71\/Whatsapp\uff1a\n\t\t\t\t\t<\/p>\n\t\t\t\t<\/div>\n\t\t\t\t<p><span class=\"wpcf7-form-control-wrap\" data-name=\"your-phone\"><input size=\"40\" maxlength=\"400\" class=\"wpcf7-form-control wpcf7-tel wpcf7-validates-as-required wpcf7-text wpcf7-validates-as-tel\" aria-required=\"true\" aria-invalid=\"false\" placeholder=\"\" value=\"\" type=\"tel\" name=\"your-phone\" \/><\/span>\n\t\t\t\t<\/p>\n\t\t\t<\/li>\n\t\t\t<li>\n\t\t\t\t<div class=\"islabel\">\n\t\t\t\t\t<p>\u570b\u5bb6\uff1a\n\t\t\t\t\t<\/p>\n\t\t\t\t<\/div>\n\t\t\t\t<p><span class=\"wpcf7-form-control-wrap\" data-name=\"your-country\"><input size=\"40\" maxlength=\"400\" class=\"wpcf7-form-control wpcf7-text\" aria-invalid=\"false\" placeholder=\"\" value=\"\" type=\"text\" name=\"your-country\" \/><\/span>\n\t\t\t\t<\/p>\n\t\t\t<\/li>\n\t\t\t<li class=\"ismassage\">\n\t\t\t\t<div class=\"islabel\">\n\t\t\t\t\t<p>* \u8a0a\u606f\uff1a\n\t\t\t\t\t<\/p>\n\t\t\t\t<\/div>\n\t\t\t\t<p><span class=\"wpcf7-form-control-wrap\" data-name=\"your-msg\"><textarea cols=\"40\" rows=\"10\" maxlength=\"2000\" class=\"wpcf7-form-control wpcf7-textarea wpcf7-validates-as-required\" aria-required=\"true\" aria-invalid=\"false\" name=\"your-msg\"><\/textarea><\/span>\n\t\t\t\t<\/p>\n\t\t\t<\/li>\n\t\t\t<li class=\"wpcf7-btns-box\">\n\t\t\t\t<div class=\"isFileName\">\n\t\t\t\t<\/div>\n\t\t\t\t<div class=\"wpcf7-btns\">\n\t\t\t\t\t<p><input class=\"wpcf7-form-control wpcf7-submit has-spinner\" type=\"submit\" value=\"\u50b3\u9001\" \/>\n\t\t\t\t\t<\/p>\n\t\t\t\t<\/div>\n\t\t\t<\/li>\n\t\t<\/ul>\n\t<\/div>\n<\/div><div class=\"wpcf7-response-output\" aria-hidden=\"true\"><\/div>\n<input type=\"hidden\" name=\"trp-form-language\" value=\"zh_hk\"\/><\/form>\n<\/div>\n<\/div>\n<\/div>\n<\/div>\n<div class=\"product_info_bg\">\n<div class=\"page_model\">\n<h2 id=\"PRODUCTDESCRIPTION\">\u73bb\u7483\u7e96\u7dad\u7db2\u7684\u63cf\u8ff0<\/h2>\n<p>\u73bb\u7483\u7e96\u7dad\u7db2\u5177\u6709\u9ad8\u5f37\u5ea6\u3001\u826f\u597d\u7684\u8010\u9e7c\u6027\uff0c\u5728\u7d55\u7de3\u7cfb\u7d71\u4e2d\u626e\u6f14\u91cd\u8981\u7684\u7d50\u69cb\u89d2\u8272\uff0c\u4e3b\u8981\u662f\u9632\u6b62\u88c2\u7e2b\u7684\u7522\u751f\u3002<br \/>\n\u7531\u65bc\u5176\u512a\u7570\u7684\u8010\u9178\u3001\u8010\u9e7c\u7b49\u5316\u5b78\u7279\u6027\uff0c\u4ee5\u53ca\u5728\u7d93\u7def\u5ea6\u4e0a\u7684\u9ad8\u6297\u62c9\u5f37\u5ea6\u3002<\/p>\n<p>\u73bb\u7483\u7e96\u7dad\u7db2\u9084\u80fd\u4f7f\u5916\u7246\u5916\u4fdd\u6eab\u7cfb\u7d71\u7684\u61c9\u529b\u5747\u52fb\u5206\u6563\uff0c\u907f\u514d\u5916\u4f86\u885d\u529b\u7684\u78b0\u649e\u548c\u64e0\u58d3\u9020\u6210\u6574\u500b\u5916\u4fdd\u6eab\u7d50\u69cb\u7684\u8b8a\u5f62\uff0c\u4e26\u4f7f\u5916\u4fdd\u6eab\u5c64\u5177\u6709\u8f03\u9ad8\u7684\u6297\u6c96\u64ca\u5f37\u5ea6\uff0c\u4e14\u6613\u65bc\u65bd\u5de5\u548c\u8cea\u91cf\u63a7\u5236\uff0c\u5f9e\u800c\u5728\u5916\u4fdd\u6eab\u7cfb\u7d71\u4e2d\u8d77\u5230 \u300c\u8edf\u88dc\u5f37 \u300d\u7684\u4f5c\u7528\u3002<\/p>\n<div class='content-column one_fourth'><div style=\"padding-right:20px;padding-bottom:10px;\"><div class='content-column full_width'><div style=\"padding:25px 25px 25px 25px;\"><div class=\"tb1\">\u512a\u7570\u7684\u8010\u9178\u6027<\/div><\/div><\/div><\/div><\/div>\n<div class='content-column one_fourth'><div style=\"padding-right:20px;padding-bottom:10px;\"><div class='content-column full_width'><div style=\"padding:25px 25px 25px 25px;\"><div class=\"tb2\">\u512a\u7570\u7684\u8010\u9e7c\u6027<\/div><\/div><\/div><\/div><\/div>\n<div class='content-column one_fourth'><div style=\"padding-right:20px;padding-bottom:10px;\"><div class='content-column full_width'><div style=\"padding:25px 25px 25px 25px;\"><div class=\"tb3\">\u7d93\u5ea6\u548c\u7def\u5ea6\u7684\u9ad8\u6297\u62c9\u5f37\u5ea6<\/div><\/div><\/div><\/div><\/div>\n<div class='content-column one_fourth last_column'><div style=\"padding-right:20px;padding-bottom:10px;\"><div class='content-column full_width'><div style=\"padding:25px 25px 25px 25px;\"><div class=\"tb4\">\u826f\u597d\u7684\u5316\u5b78\u7a69\u5b9a\u6027<\/div><\/div><\/div><\/div><\/div><div class='clear_column'><\/div>\n<\/div>\n<\/div>\n<div class=\"product_model_bg\">\n<div class=\"page_model\"><div class=\"pt-cv-wrapper\">Error: View <strong>9da21bcsik<\/strong> may not exist<\/div><\/div>\n<div id=\"INQUIRY\" class=\"page_model\"><p class=\"wpcf7-contact-form-not-found\"><strong>Error:<\/strong> Contact form not found.<\/p><\/div>\n<div class=\"page_model\">\n<div class=\"swiper related-products\">\n<div class=\"swiper-wrapper\">\n<div class=\"swiper-slide\"><\/div>\n<\/div>\n<\/div>\n<\/div>\n<\/div>\n<\/div>","protected":false},"excerpt":{"rendered":"<p>Glass Fiber Mesh Glass Fiber Mesh is a woven fabric made from fiberglass yarns, designed &#8230; <a title=\"\u73bb\u7483\u7e96\u7dad\u7db2\" class=\"read-more\" href=\"https:\/\/krceramicfiber.com\/zh_hk\/%e7%8e%bb%e7%92%83%e7%ba%96%e7%b6%ad%e7%b6%b2\/\" aria-label=\"More on Glass Fiber Mesh\">Read more<\/a><\/p>","protected":false},"author":1,"featured_media":0,"parent":0,"menu_order":0,"comment_status":"closed","ping_status":"closed","template":"","meta":{"footnotes":""},"class_list":{"0":"post-55669","1":"page","2":"type-page","3":"status-publish","5":"no-featured-image-padding"},"yoast_head":"<!-- This site is optimized with the Yoast SEO plugin v25.3 - https:\/\/yoast.com\/wordpress\/plugins\/seo\/ -->\n<title>Glass Fiber Mesh - Your Thermal insulation material Manufactruer | Kerui Refractory\u00ae Official Website<\/title>\n<meta name=\"description\" content=\"Glass Fiber Mesh is a woven fabric made from fiberglass yarns, designed in an open-grid structure (like a net). It is widely used as a reinforcement material because of its strength, flexibility, corrosion resistance, and dimensional stability.\" \/>\n<meta name=\"robots\" content=\"index, follow, max-snippet:-1, max-image-preview:large, max-video-preview:-1\" \/>\n<link rel=\"canonical\" href=\"https:\/\/krceramicfiber.com\/zh_hk\/\u73bb\u7483\u7e96\u7dad\u7db2\/\" \/>\n<meta property=\"og:locale\" content=\"zh_HK\" \/>\n<meta property=\"og:type\" content=\"article\" \/>\n<meta property=\"og:title\" content=\"Glass Fiber Mesh - Your Thermal insulation material Manufactruer | Kerui Refractory\u00ae Official Website\" \/>\n<meta property=\"og:description\" content=\"Glass Fiber Mesh is a woven fabric made from fiberglass yarns, designed in an open-grid structure (like a net). It is widely used as a reinforcement material because of its strength, flexibility, corrosion resistance, and dimensional stability.\" \/>\n<meta property=\"og:url\" content=\"https:\/\/krceramicfiber.com\/zh_hk\/\u73bb\u7483\u7e96\u7dad\u7db2\/\" \/>\n<meta property=\"og:site_name\" content=\"Your Thermal insulation material Manufactruer | Kerui Refractory\u00ae Official Website\" \/>\n<meta property=\"article:modified_time\" content=\"2025-08-27T08:20:13+00:00\" \/>\n<meta name=\"twitter:card\" content=\"summary_large_image\" \/>\n<meta name=\"twitter:label1\" content=\"\u9810\u8a08\u95b1\u8b80\u6642\u9593\" \/>\n\t<meta name=\"twitter:data1\" content=\"3 \u5206\u9418\" \/>\n<script type=\"application\/ld+json\" class=\"yoast-schema-graph\">{\"@context\":\"https:\/\/schema.org\",\"@graph\":[{\"@type\":\"WebPage\",\"@id\":\"https:\/\/krceramicfiber.com\/glass-fiber-mesh\/\",\"url\":\"https:\/\/krceramicfiber.com\/glass-fiber-mesh\/\",\"name\":\"Glass Fiber Mesh - Your Thermal insulation material Manufactruer | Kerui Refractory\u00ae Official Website\",\"isPartOf\":{\"@id\":\"https:\/\/krceramicfiber.com\/#website\"},\"primaryImageOfPage\":{\"@id\":\"https:\/\/krceramicfiber.com\/glass-fiber-mesh\/#primaryimage\"},\"image\":{\"@id\":\"https:\/\/krceramicfiber.com\/glass-fiber-mesh\/#primaryimage\"},\"thumbnailUrl\":\"https:\/\/krceramicfiber.com\/wp-content\/uploads\/2025\/08\/kerui-glass-fiber-mesh.webp\",\"datePublished\":\"2025-08-27T07:51:19+00:00\",\"dateModified\":\"2025-08-27T08:20:13+00:00\",\"description\":\"Glass Fiber Mesh is a woven fabric made from fiberglass yarns, designed in an open-grid structure (like a net). It is widely used as a reinforcement material because of its strength, flexibility, corrosion resistance, and dimensional stability.\",\"breadcrumb\":{\"@id\":\"https:\/\/krceramicfiber.com\/glass-fiber-mesh\/#breadcrumb\"},\"inLanguage\":\"zh-HK\",\"potentialAction\":[{\"@type\":\"ReadAction\",\"target\":[\"https:\/\/krceramicfiber.com\/glass-fiber-mesh\/\"]}]},{\"@type\":\"ImageObject\",\"inLanguage\":\"zh-HK\",\"@id\":\"https:\/\/krceramicfiber.com\/glass-fiber-mesh\/#primaryimage\",\"url\":\"https:\/\/krceramicfiber.com\/wp-content\/uploads\/2025\/08\/kerui-glass-fiber-mesh.webp\",\"contentUrl\":\"https:\/\/krceramicfiber.com\/wp-content\/uploads\/2025\/08\/kerui-glass-fiber-mesh.webp\"},{\"@type\":\"BreadcrumbList\",\"@id\":\"https:\/\/krceramicfiber.com\/glass-fiber-mesh\/#breadcrumb\",\"itemListElement\":[{\"@type\":\"ListItem\",\"position\":1,\"name\":\"Home\",\"item\":\"https:\/\/krceramicfiber.com\/\"},{\"@type\":\"ListItem\",\"position\":2,\"name\":\"Glass Fiber Mesh\"}]},{\"@type\":\"WebSite\",\"@id\":\"https:\/\/krceramicfiber.com\/#website\",\"url\":\"https:\/\/krceramicfiber.com\/\",\"name\":\"Your Thermal insulation material Manufactruer | Kerui Refractory\u00ae Official Website\",\"description\":\"\",\"publisher\":{\"@id\":\"https:\/\/krceramicfiber.com\/#organization\"},\"potentialAction\":[{\"@type\":\"SearchAction\",\"target\":{\"@type\":\"EntryPoint\",\"urlTemplate\":\"https:\/\/krceramicfiber.com\/?s={search_term_string}\"},\"query-input\":{\"@type\":\"PropertyValueSpecification\",\"valueRequired\":true,\"valueName\":\"search_term_string\"}}],\"inLanguage\":\"zh-HK\"},{\"@type\":\"Organization\",\"@id\":\"https:\/\/krceramicfiber.com\/#organization\",\"name\":\"Your Thermal insulation material Manufactruer | Kerui Refractory\u00ae Official Website\",\"url\":\"https:\/\/krceramicfiber.com\/\",\"logo\":{\"@type\":\"ImageObject\",\"inLanguage\":\"zh-HK\",\"@id\":\"https:\/\/krceramicfiber.com\/#\/schema\/logo\/image\/\",\"url\":\"https:\/\/krceramicfiber.com\/wp-content\/uploads\/2024\/01\/footer-Logo.png\",\"contentUrl\":\"https:\/\/krceramicfiber.com\/wp-content\/uploads\/2024\/01\/footer-Logo.png\",\"width\":282,\"height\":70,\"caption\":\"Your Thermal insulation material Manufactruer | Kerui Refractory\u00ae Official Website\"},\"image\":{\"@id\":\"https:\/\/krceramicfiber.com\/#\/schema\/logo\/image\/\"}}]}<\/script>\n<!-- \/ Yoast SEO plugin. -->","yoast_head_json":{"title":"\u73bb\u7483\u7e96\u7dad\u7db2 - \u60a8\u7684\u9694\u71b1\u6750\u6599\u88fd\u9020\u5546 | \u79d1\u745e\u8010\u706b\u00ae\u5b98\u7db2","description":"\u73bb\u7483\u7e96\u7dad\u7db2\u662f\u4e00\u7a2e\u7531\u73bb\u7483\u7e96\u7dad\u7d17\u7e54\u6210\u7684\u7e54\u7269\uff0c\u8a2d\u8a08\u6210\u958b\u653e\u5f0f\u7db2\u683c\u7d50\u69cb\uff08\u5982\u7db2\u72c0\uff09\u3002\u7531\u65bc\u5176\u5f37\u5ea6\u3001\u5f48\u6027\u3001\u8010\u8150\u8755\u6027\u548c\u5c3a\u5bf8\u7a69\u5b9a\u6027\uff0c\u88ab\u5ee3\u6cdb\u7528\u4f5c\u52a0\u56fa\u6750\u6599\u3002","robots":{"index":"index","follow":"follow","max-snippet":"max-snippet:-1","max-image-preview":"max-image-preview:large","max-video-preview":"max-video-preview:-1"},"canonical":"https:\/\/krceramicfiber.com\/zh_hk\/\u73bb\u7483\u7e96\u7dad\u7db2\/","og_locale":"zh_HK","og_type":"article","og_title":"Glass Fiber Mesh - Your Thermal insulation material Manufactruer | Kerui Refractory\u00ae Official Website","og_description":"Glass Fiber Mesh is a woven fabric made from fiberglass yarns, designed in an open-grid structure (like a net). It is widely used as a reinforcement material because of its strength, flexibility, corrosion resistance, and dimensional stability.","og_url":"https:\/\/krceramicfiber.com\/zh_hk\/\u73bb\u7483\u7e96\u7dad\u7db2\/","og_site_name":"Your Thermal insulation material Manufactruer | Kerui Refractory\u00ae Official Website","article_modified_time":"2025-08-27T08:20:13+00:00","twitter_card":"summary_large_image","twitter_misc":{"\u9810\u8a08\u95b1\u8b80\u6642\u9593":"3 \u5206\u9418"},"schema":{"@context":"https:\/\/schema.org","@graph":[{"@type":"WebPage","@id":"https:\/\/krceramicfiber.com\/glass-fiber-mesh\/","url":"https:\/\/krceramicfiber.com\/glass-fiber-mesh\/","name":"\u73bb\u7483\u7e96\u7dad\u7db2 - \u60a8\u7684\u9694\u71b1\u6750\u6599\u88fd\u9020\u5546 | \u79d1\u745e\u8010\u706b\u00ae\u5b98\u7db2","isPartOf":{"@id":"https:\/\/krceramicfiber.com\/#website"},"primaryImageOfPage":{"@id":"https:\/\/krceramicfiber.com\/glass-fiber-mesh\/#primaryimage"},"image":{"@id":"https:\/\/krceramicfiber.com\/glass-fiber-mesh\/#primaryimage"},"thumbnailUrl":"https:\/\/krceramicfiber.com\/wp-content\/uploads\/2025\/08\/kerui-glass-fiber-mesh.webp","datePublished":"2025-08-27T07:51:19+00:00","dateModified":"2025-08-27T08:20:13+00:00","description":"\u73bb\u7483\u7e96\u7dad\u7db2\u662f\u4e00\u7a2e\u7531\u73bb\u7483\u7e96\u7dad\u7d17\u7e54\u6210\u7684\u7e54\u7269\uff0c\u8a2d\u8a08\u6210\u958b\u653e\u5f0f\u7db2\u683c\u7d50\u69cb\uff08\u5982\u7db2\u72c0\uff09\u3002\u7531\u65bc\u5176\u5f37\u5ea6\u3001\u5f48\u6027\u3001\u8010\u8150\u8755\u6027\u548c\u5c3a\u5bf8\u7a69\u5b9a\u6027\uff0c\u88ab\u5ee3\u6cdb\u7528\u4f5c\u52a0\u56fa\u6750\u6599\u3002","breadcrumb":{"@id":"https:\/\/krceramicfiber.com\/glass-fiber-mesh\/#breadcrumb"},"inLanguage":"zh-HK","potentialAction":[{"@type":"ReadAction","target":["https:\/\/krceramicfiber.com\/glass-fiber-mesh\/"]}]},{"@type":"ImageObject","inLanguage":"zh-HK","@id":"https:\/\/krceramicfiber.com\/glass-fiber-mesh\/#primaryimage","url":"https:\/\/krceramicfiber.com\/wp-content\/uploads\/2025\/08\/kerui-glass-fiber-mesh.webp","contentUrl":"https:\/\/krceramicfiber.com\/wp-content\/uploads\/2025\/08\/kerui-glass-fiber-mesh.webp"},{"@type":"BreadcrumbList","@id":"https:\/\/krceramicfiber.com\/glass-fiber-mesh\/#breadcrumb","itemListElement":[{"@type":"ListItem","position":1,"name":"Home","item":"https:\/\/krceramicfiber.com\/"},{"@type":"ListItem","position":2,"name":"Glass Fiber Mesh"}]},{"@type":"WebSite","@id":"https:\/\/krceramicfiber.com\/#website","url":"https:\/\/krceramicfiber.com\/","name":"\u60a8\u7684\u9694\u71b1\u6750\u6599\u88fd\u9020\u5546 | \u79d1\u745e\u8010\u706b\u00ae\u5b98\u65b9\u7db2\u7ad9","description":"","publisher":{"@id":"https:\/\/krceramicfiber.com\/#organization"},"potentialAction":[{"@type":"SearchAction","target":{"@type":"EntryPoint","urlTemplate":"https:\/\/krceramicfiber.com\/?s={search_term_string}"},"query-input":{"@type":"PropertyValueSpecification","valueRequired":true,"valueName":"search_term_string"}}],"inLanguage":"zh-HK"},{"@type":"Organization","@id":"https:\/\/krceramicfiber.com\/#organization","name":"\u60a8\u7684\u9694\u71b1\u6750\u6599\u88fd\u9020\u5546 | \u79d1\u745e\u8010\u706b\u00ae\u5b98\u65b9\u7db2\u7ad9","url":"https:\/\/krceramicfiber.com\/","logo":{"@type":"ImageObject","inLanguage":"zh-HK","@id":"https:\/\/krceramicfiber.com\/#\/schema\/logo\/image\/","url":"https:\/\/krceramicfiber.com\/wp-content\/uploads\/2024\/01\/footer-Logo.png","contentUrl":"https:\/\/krceramicfiber.com\/wp-content\/uploads\/2024\/01\/footer-Logo.png","width":282,"height":70,"caption":"Your Thermal insulation material Manufactruer | Kerui Refractory\u00ae Official Website"},"image":{"@id":"https:\/\/krceramicfiber.com\/#\/schema\/logo\/image\/"}}]}},"_links":{"self":[{"href":"https:\/\/krceramicfiber.com\/zh_hk\/wp-json\/wp\/v2\/pages\/55669","targetHints":{"allow":["GET"]}}],"collection":[{"href":"https:\/\/krceramicfiber.com\/zh_hk\/wp-json\/wp\/v2\/pages"}],"about":[{"href":"https:\/\/krceramicfiber.com\/zh_hk\/wp-json\/wp\/v2\/types\/page"}],"author":[{"embeddable":true,"href":"https:\/\/krceramicfiber.com\/zh_hk\/wp-json\/wp\/v2\/users\/1"}],"replies":[{"embeddable":true,"href":"https:\/\/krceramicfiber.com\/zh_hk\/wp-json\/wp\/v2\/comments?post=55669"}],"version-history":[{"count":0,"href":"https:\/\/krceramicfiber.com\/zh_hk\/wp-json\/wp\/v2\/pages\/55669\/revisions"}],"wp:attachment":[{"href":"https:\/\/krceramicfiber.com\/zh_hk\/wp-json\/wp\/v2\/media?parent=55669"}],"curies":[{"name":"wp","href":"https:\/\/api.w.org\/{rel}","templated":true}]}}