{"id":54308,"date":"2024-09-14T09:58:14","date_gmt":"2024-09-14T01:58:14","guid":{"rendered":"https:\/\/krceramicfiber.com\/?page_id=925"},"modified":"2024-11-11T10:25:15","modified_gmt":"2024-11-11T02:25:15","slug":"aerogel-insulation-cotton","status":"publish","type":"page","link":"https:\/\/krceramicfiber.com\/tr\/aerogel-insulation-cotton\/","title":{"rendered":"Aerojel \u0130zolasyon Pamuk"},"content":{"rendered":"<div class=\"product_info_bg\">\n<div class=\"page_model product_info\">\n<div class=\"preview\"><img loading=\"lazy\" decoding=\"async\" class=\"aligncenter size-full wp-image-3596\" src=\"https:\/\/krceramicfiber.com\/wp-content\/uploads\/2024\/09\/\u6c14\u51dd\u80f6\u4fdd\u6e29\u68c9.webp\" alt=\"Aerogel insulation cotton\" width=\"780\" height=\"639\" \/><\/div>\n<div class=\"info\">\n<h1>Aerogel insulation cotton<\/h1>\n<p class=\"profile\">Aerogel insulation cotton is a flexible, low-density material with excellent thermal insulation due to its high porosity. Made from hydrophobic silica aerogel, it&#8217;s ideal for insulating small spaces and can be easily mounted on complex surfaces.<\/p>\n<ul>\n<li>\n<div>-50~230<\/div>\n<p><small>S\u0131n\u0131fland\u0131rma S\u0131cakl\u0131k (\u2103)<\/small><\/li>\n<li>\n<div>100\u00b130<\/div>\n<p><small>Y\u0131\u011f\u0131n Yo\u011funlu\u011fu (kg\/m\u00b3)<\/small><\/li>\n<li>\n<div>>4KV\/mm<\/div>\n<p><small>Dielectric strength<\/small><\/li>\n<li>\n<div>\u22651.0\u00d71013\u03a9 \u00b7 cm<\/div>\n<p><small>Volume resistivity<\/small><\/li>\n<li class=\"authentication\"><img loading=\"lazy\" decoding=\"async\" class=\"alignnone size-full wp-image-676\" src=\"https:\/\/krceramicfiber.com\/wp-content\/uploads\/2024\/09\/CE-min.webp\" alt=\"Kerui kimlik do\u011frulama\" width=\"200\" height=\"55\" \/><\/li>\n<\/ul>\n<p><a class=\"inruiry fancybox\" href=\"#contact_form_pop\">F\u0130YAT AL<\/a><a class=\"email-btn\" href=\"mailto:market@krceramicfiber.com\">e-posta g\u00f6nder<\/a>\n<\/div>\n<\/div>\n<\/div>\n<div class=\"product_model_bg\">\n<div class=\"page_model\">\n<h2 id=\"TechniqueData\">Kerui Aerogel insulation cotton Technical Data Sheet<\/h2>\n<p>\n<table id=\"tablepress-73\" class=\"tablepress tablepress-id-73\">\n<thead>\n<tr class=\"row-1\">\n\t<th class=\"column-1\">Product thickness<\/th><th class=\"column-2\">0.6-4mm<\/th>\n<\/tr>\n<\/thead>\n<tbody class=\"row-striping row-hover\">\n<tr class=\"row-2\">\n\t<td class=\"column-1\">Product tolerance<\/td><td class=\"column-2\">0.2-0.5mm (tolerance increases with thickness)<\/td>\n<\/tr>\n<tr class=\"row-3\">\n\t<td class=\"column-1\">Product width<\/td><td class=\"column-2\">1200mm<\/td>\n<\/tr>\n<tr class=\"row-4\">\n\t<td class=\"column-1\">Appearance and properties<\/td><td class=\"column-2\">White coil<\/td>\n<\/tr>\n<tr class=\"row-5\">\n\t<td class=\"column-1\">Thermal conductivity (25\u00b0C)<\/td><td class=\"column-2\">0.012\u00a0~0.018W\/(m\u2219K)<\/td>\n<\/tr>\n<tr class=\"row-6\">\n\t<td class=\"column-1\">Product density<\/td><td class=\"column-2\">100\u00b130\u00a0kg\/m\u00b3<\/td>\n<\/tr>\n<tr class=\"row-7\">\n\t<td class=\"column-1\">Application range<\/td><td class=\"column-2\">-50~230\u2103<\/td>\n<\/tr>\n<tr class=\"row-8\">\n\t<td class=\"column-1\">Surface properties<\/td><td class=\"column-2\">Hydrophobic<\/td>\n<\/tr>\n<tr class=\"row-9\">\n\t<td class=\"column-1\">Flame retardant<\/td><td class=\"column-2\">UL94-V0<\/td>\n<\/tr>\n<tr class=\"row-10\">\n\t<td class=\"column-1\">Dielectric strength<\/td><td class=\"column-2\">>4KV\/mm<\/td>\n<\/tr>\n<tr class=\"row-11\">\n\t<td class=\"column-1\">Volume resistivity<\/td><td class=\"column-2\">\u22651.0\u00d710<sup>13<\/sup>\u03a9 \u00b7 cm<\/td>\n<\/tr>\n<tr class=\"row-12\">\n\t<td class=\"column-1\">Storage conditions<\/td><td class=\"column-2\">Store in dry environment at room temperature<\/td>\n<\/tr>\n<tr class=\"row-13\">\n\t<td class=\"column-1\">Prohibited substances<\/td><td class=\"column-2\">Complies with REACH\/RoHS test<\/td>\n<\/tr>\n<\/tbody>\n<\/table>\n<br \/>\n<center><a class=\"fancybox price\" href=\"#contact_form_pop\">F\u0130YAT AL<\/a><\/center><\/p>\n<div class=\"fancybox-hidden\" style=\"display: none;\">\n<div id=\"contact_form_pop\">\n<div class=\"wpcf7 no-js\" id=\"wpcf7-f328-o1\" lang=\"en-US\" dir=\"ltr\" data-wpcf7-id=\"328\">\n<div class=\"screen-reader-response\"><p role=\"status\" aria-live=\"polite\" aria-atomic=\"true\"><\/p> <ul><\/ul><\/div>\n<form action=\"\/tr\/wp-json\/wp\/v2\/pages\/54308#wpcf7-f328-o1\" method=\"post\" class=\"wpcf7-form init\" aria-label=\"\u0130leti\u015fim formu\" novalidate=\"novalidate\" data-status=\"init\" data-trp-original-action=\"\/tr\/wp-json\/wp\/v2\/pages\/54308#wpcf7-f328-o1\">\n<fieldset class=\"hidden-fields-container\"><input type=\"hidden\" name=\"_wpcf7\" value=\"328\" \/><input type=\"hidden\" name=\"_wpcf7_version\" value=\"6.1\" \/><input type=\"hidden\" name=\"_wpcf7_locale\" value=\"en_US\" \/><input type=\"hidden\" name=\"_wpcf7_unit_tag\" value=\"wpcf7-f328-o1\" \/><input type=\"hidden\" name=\"_wpcf7_container_post\" value=\"0\" \/><input type=\"hidden\" name=\"_wpcf7_posted_data_hash\" value=\"\" \/><input type=\"hidden\" name=\"_wpcf7_recaptcha_response\" value=\"\" \/>\n<\/fieldset>\n<div class=\"form-box\" id=\"Contact-Us\">\n\t<div class=\"isleft\">\n\t\t<div class=\"contact-title\">\n\t\t\t<p>Bize Ula\u015f\u0131n\n\t\t\t<\/p>\n\t\t<\/div>\n\t\t<div class=\"contactp\">\n\t\t\t<p>L\u00fctfen soru\u015fturma bilgilerinizi bize g\u00f6ndermekten \u00e7ekinmeyin. En k\u0131sa s\u00fcrede sizinle ileti\u015fime ge\u00e7ece\u011fiz.\n\t\t\t<\/p>\n\t\t<\/div>\n\t\t<ul class=\"contact\">\n\t\t\t<li class=\"email\">\n\t\t\t\t<p><img decoding=\"async\" src=\"https:\/\/krceramicfiber.com\/wp-content\/uploads\/2023\/12\/email.png\" alt=\"\" \/>E-posta:\n\t\t\t\t<\/p>\n\t\t\t\t<p><a href=\"mailto:market@krceramicfiber.com\">market@krceramicfiber.com<\/a>\n\t\t\t\t<\/p>\n\t\t\t<\/li>\n\t\t\t<li class=\"phone\">\n\t\t\t\t<p><img decoding=\"async\" src=\"https:\/\/krceramicfiber.com\/wp-content\/uploads\/2023\/12\/tel.png\" alt=\"\" \/>Telefon\/whatsapp:\n\t\t\t\t<\/p>\n\t\t\t\t<p><a href=\"https:\/\/wa.me\/8619138178880\">+86 19138178880<\/a>\n\t\t\t\t<\/p>\n\t\t\t<\/li>\n\t\t\t<li class=\"location\">\n\t\t\t\t<p><img decoding=\"async\" src=\"https:\/\/krceramicfiber.com\/wp-content\/uploads\/2023\/12\/Location.png\" alt=\"\" \/>\u00dcretim \u00dcss\u00fc:\n\t\t\t\t<\/p>\n\t\t\t\t<p>Chaohua Refrakter Sanayi B\u00f6lgesi,<br \/>\nXinmi \u015eehri, Henan Eyaleti, \u00c7in\n\t\t\t\t<\/p>\n\t\t\t<\/li>\n\t\t<\/ul>\n\t<\/div>\n\t<div class=\"isright\">\n\t\t<ul class=\"contact-input\">\n\t\t\t<li>\n\t\t\t\t<div class=\"islabel\">\n\t\t\t\t\t<p>* \u0130sim:\n\t\t\t\t\t<\/p>\n\t\t\t\t<\/div>\n\t\t\t\t<p><span class=\"wpcf7-form-control-wrap\" data-name=\"your-name\"><input size=\"40\" maxlength=\"400\" class=\"wpcf7-form-control wpcf7-text wpcf7-validates-as-required\" aria-required=\"true\" aria-invalid=\"false\" placeholder=\"\" value=\"\" type=\"text\" name=\"your-name\" \/><\/span>\n\t\t\t\t<\/p>\n\t\t\t<\/li>\n\t\t\t<li>\n\t\t\t\t<div class=\"islabel\">\n\t\t\t\t\t<p>* E-posta:\n\t\t\t\t\t<\/p>\n\t\t\t\t<\/div>\n\t\t\t\t<p><span class=\"wpcf7-form-control-wrap\" data-name=\"your-email\"><input size=\"40\" maxlength=\"400\" class=\"wpcf7-form-control wpcf7-email wpcf7-validates-as-required wpcf7-text wpcf7-validates-as-email\" aria-required=\"true\" aria-invalid=\"false\" placeholder=\"\" value=\"\" type=\"email\" name=\"your-email\" \/><\/span>\n\t\t\t\t<\/p>\n\t\t\t<\/li>\n\t\t\t<li>\n\t\t\t\t<div class=\"islabel\">\n\t\t\t\t\t<p>* Telefon\/Whatsapp:\n\t\t\t\t\t<\/p>\n\t\t\t\t<\/div>\n\t\t\t\t<p><span class=\"wpcf7-form-control-wrap\" data-name=\"your-phone\"><input size=\"40\" maxlength=\"400\" class=\"wpcf7-form-control wpcf7-tel wpcf7-validates-as-required wpcf7-text wpcf7-validates-as-tel\" aria-required=\"true\" aria-invalid=\"false\" placeholder=\"\" value=\"\" type=\"tel\" name=\"your-phone\" \/><\/span>\n\t\t\t\t<\/p>\n\t\t\t<\/li>\n\t\t\t<li>\n\t\t\t\t<div class=\"islabel\">\n\t\t\t\t\t<p>\u00dclke:\n\t\t\t\t\t<\/p>\n\t\t\t\t<\/div>\n\t\t\t\t<p><span class=\"wpcf7-form-control-wrap\" data-name=\"your-country\"><input size=\"40\" maxlength=\"400\" class=\"wpcf7-form-control wpcf7-text\" aria-invalid=\"false\" placeholder=\"\" value=\"\" type=\"text\" name=\"your-country\" \/><\/span>\n\t\t\t\t<\/p>\n\t\t\t<\/li>\n\t\t\t<li class=\"ismassage\">\n\t\t\t\t<div class=\"islabel\">\n\t\t\t\t\t<p>* Mesaj:\n\t\t\t\t\t<\/p>\n\t\t\t\t<\/div>\n\t\t\t\t<p><span class=\"wpcf7-form-control-wrap\" data-name=\"your-msg\"><textarea cols=\"40\" rows=\"10\" maxlength=\"2000\" class=\"wpcf7-form-control wpcf7-textarea wpcf7-validates-as-required\" aria-required=\"true\" aria-invalid=\"false\" name=\"your-msg\"><\/textarea><\/span>\n\t\t\t\t<\/p>\n\t\t\t<\/li>\n\t\t\t<li class=\"wpcf7-btns-box\">\n\t\t\t\t<div class=\"isFileName\">\n\t\t\t\t<\/div>\n\t\t\t\t<div class=\"wpcf7-btns\">\n\t\t\t\t\t<p><input class=\"wpcf7-form-control wpcf7-submit has-spinner\" type=\"submit\" value=\"G\u00d6NDER\" \/>\n\t\t\t\t\t<\/p>\n\t\t\t\t<\/div>\n\t\t\t<\/li>\n\t\t<\/ul>\n\t<\/div>\n<\/div><div class=\"wpcf7-response-output\" aria-hidden=\"true\"><\/div>\n<input type=\"hidden\" name=\"trp-form-language\" value=\"tr\"\/><\/form>\n<\/div>\n<\/div>\n<\/div>\n<\/div>\n<div class=\"product_info_bg\">\n<div class=\"page_model\">\n<h2 id=\"PRODUCTDESCRIPTION\">Description of Aerogel Insulation Cotton<\/h2>\n<p>Aerogel insulation cotton is a flexible insulation material with low density and low thermal conductivity. It is a flexible and highly operable insulation material made on the basis of aerogel after processing. It has extremely high porosity, which makes it have excellent thermal insulation performance. It is formed by combining hydrophobic silica aerogel with a substrate, which is very suitable for the thermal insulation needs of small spaces and can be flexibly mounted on complex surfaces.<\/p>\n<div class='content-column one_fourth'><div style=\"padding-right:20px;padding-bottom:10px;\"><div class='content-column full_width'><div style=\"padding:25px 25px 25px 25px;\"><div class=\"tb1\">Strong thermal insulation performance.<\/div><\/div><\/div><\/div><\/div>\n<div class='content-column one_fourth'><div style=\"padding-right:20px;padding-bottom:10px;\"><div class='content-column full_width'><div style=\"padding:25px 25px 25px 25px;\"><div class=\"tb2\">Soft, thin, easy to cut, convenient post-processing.<\/div><\/div><\/div><\/div><\/div>\n<div class='content-column one_fourth'><div style=\"padding-right:20px;padding-bottom:10px;\"><div class='content-column full_width'><div style=\"padding:25px 25px 25px 25px;\"><div class=\"tb3\">Good moisture resistance, not easy to absorb moisture.<\/div><\/div><\/div><\/div><\/div>\n<div class='content-column one_fourth last_column'><div style=\"padding-right:20px;padding-bottom:10px;\"><div class='content-column full_width'><div style=\"padding:25px 25px 25px 25px;\"><div class=\"tb4\">High fire resistance.<\/div><\/div><\/div><\/div><\/div><div class='clear_column'><\/div><\/div>\n<\/div>\n<div class=\"product_model_bg\">\n<div class=\"page_model\">\n<div class=\"pt-cv-wrapper\">Error: View <strong>5a3cb144nz<\/strong> may not exist<\/div>\n<\/div>\n<div id=\"INQUIRY\" class=\"page_model\"><p class=\"wpcf7-contact-form-not-found\"><strong>Hata:<\/strong> \u0130leti\u015fim formu bulunamad\u0131.<\/p><\/div>\n<div class=\"page_model\">\n<div class=\"swiper related-products\">\n<div class=\"swiper-wrapper\">\n<div class=\"swiper-slide\"><\/div>\n<\/div>\n<\/div>\n<\/div>\n<\/div>","protected":false},"excerpt":{"rendered":"<p>Aerogel insulation cotton Aerogel insulation cotton is a flexible, low-density material with excellent thermal insulation &#8230; <a title=\"Aerojel \u0130zolasyon Pamuk\" class=\"read-more\" href=\"https:\/\/krceramicfiber.com\/tr\/aerogel-insulation-cotton\/\" aria-label=\"More on Aerogel Insulation Cotton\">Read more<\/a><\/p>","protected":false},"author":1,"featured_media":54300,"parent":0,"menu_order":0,"comment_status":"closed","ping_status":"closed","template":"","meta":{"footnotes":""},"class_list":{"0":"post-54308","1":"page","2":"type-page","3":"status-publish","4":"has-post-thumbnail","6":"no-featured-image-padding","7":"resize-featured-image"},"yoast_head":"<!-- This site is optimized with the Yoast SEO plugin v25.3 - https:\/\/yoast.com\/wordpress\/plugins\/seo\/ -->\n<title>Aerogel Insulation Cotton - Your Thermal insulation material Manufactruer | Kerui Refractory\u00ae Official Website<\/title>\n<meta name=\"robots\" content=\"index, follow, max-snippet:-1, max-image-preview:large, max-video-preview:-1\" \/>\n<link rel=\"canonical\" href=\"https:\/\/krceramicfiber.com\/tr\/aerogel-insulation-cotton\/\" \/>\n<meta property=\"og:locale\" content=\"tr_TR\" \/>\n<meta property=\"og:type\" content=\"article\" \/>\n<meta property=\"og:title\" content=\"Aerogel Insulation Cotton - Your Thermal insulation material Manufactruer | Kerui Refractory\u00ae Official Website\" \/>\n<meta property=\"og:description\" content=\"Aerogel insulation cotton Aerogel insulation cotton is a flexible, low-density material with excellent thermal insulation ... Read more\" \/>\n<meta property=\"og:url\" content=\"https:\/\/krceramicfiber.com\/tr\/aerogel-insulation-cotton\/\" \/>\n<meta property=\"og:site_name\" content=\"Your Thermal insulation material Manufactruer | Kerui Refractory\u00ae Official Website\" \/>\n<meta property=\"article:modified_time\" content=\"2024-11-11T02:25:15+00:00\" \/>\n<meta property=\"og:image\" content=\"https:\/\/krceramicfiber.com\/wp-content\/uploads\/2024\/09\/\u6c14\u51dd\u80f6\u4fdd\u6e29\u68c9.webp\" \/>\n\t<meta property=\"og:image:width\" content=\"660\" \/>\n\t<meta property=\"og:image:height\" content=\"528\" \/>\n\t<meta property=\"og:image:type\" content=\"image\/webp\" \/>\n<meta name=\"twitter:card\" content=\"summary_large_image\" \/>\n<meta name=\"twitter:label1\" content=\"Tahmini okuma s\u00fcresi\" \/>\n\t<meta name=\"twitter:data1\" content=\"2 dakika\" \/>\n<script type=\"application\/ld+json\" class=\"yoast-schema-graph\">{\"@context\":\"https:\/\/schema.org\",\"@graph\":[{\"@type\":\"WebPage\",\"@id\":\"https:\/\/krceramicfiber.com\/aerogel-insulation-cotton\/\",\"url\":\"https:\/\/krceramicfiber.com\/aerogel-insulation-cotton\/\",\"name\":\"Aerogel Insulation Cotton - Your Thermal insulation material Manufactruer | Kerui Refractory\u00ae Official Website\",\"isPartOf\":{\"@id\":\"https:\/\/krceramicfiber.com\/#website\"},\"primaryImageOfPage\":{\"@id\":\"https:\/\/krceramicfiber.com\/aerogel-insulation-cotton\/#primaryimage\"},\"image\":{\"@id\":\"https:\/\/krceramicfiber.com\/aerogel-insulation-cotton\/#primaryimage\"},\"thumbnailUrl\":\"https:\/\/krceramicfiber.com\/wp-content\/uploads\/2024\/09\/\u6c14\u51dd\u80f6\u4fdd\u6e29\u68c9.webp\",\"datePublished\":\"2024-09-14T01:58:14+00:00\",\"dateModified\":\"2024-11-11T02:25:15+00:00\",\"breadcrumb\":{\"@id\":\"https:\/\/krceramicfiber.com\/aerogel-insulation-cotton\/#breadcrumb\"},\"inLanguage\":\"tr\",\"potentialAction\":[{\"@type\":\"ReadAction\",\"target\":[\"https:\/\/krceramicfiber.com\/aerogel-insulation-cotton\/\"]}]},{\"@type\":\"ImageObject\",\"inLanguage\":\"tr\",\"@id\":\"https:\/\/krceramicfiber.com\/aerogel-insulation-cotton\/#primaryimage\",\"url\":\"https:\/\/krceramicfiber.com\/wp-content\/uploads\/2024\/09\/\u6c14\u51dd\u80f6\u4fdd\u6e29\u68c9.webp\",\"contentUrl\":\"https:\/\/krceramicfiber.com\/wp-content\/uploads\/2024\/09\/\u6c14\u51dd\u80f6\u4fdd\u6e29\u68c9.webp\",\"width\":660,\"height\":528},{\"@type\":\"BreadcrumbList\",\"@id\":\"https:\/\/krceramicfiber.com\/aerogel-insulation-cotton\/#breadcrumb\",\"itemListElement\":[{\"@type\":\"ListItem\",\"position\":1,\"name\":\"Home\",\"item\":\"https:\/\/krceramicfiber.com\/\"},{\"@type\":\"ListItem\",\"position\":2,\"name\":\"Aerogel Insulation Cotton\"}]},{\"@type\":\"WebSite\",\"@id\":\"https:\/\/krceramicfiber.com\/#website\",\"url\":\"https:\/\/krceramicfiber.com\/\",\"name\":\"Your Thermal insulation material Manufactruer | Kerui Refractory\u00ae Official Website\",\"description\":\"\",\"publisher\":{\"@id\":\"https:\/\/krceramicfiber.com\/#organization\"},\"potentialAction\":[{\"@type\":\"SearchAction\",\"target\":{\"@type\":\"EntryPoint\",\"urlTemplate\":\"https:\/\/krceramicfiber.com\/?s={search_term_string}\"},\"query-input\":{\"@type\":\"PropertyValueSpecification\",\"valueRequired\":true,\"valueName\":\"search_term_string\"}}],\"inLanguage\":\"tr\"},{\"@type\":\"Organization\",\"@id\":\"https:\/\/krceramicfiber.com\/#organization\",\"name\":\"Your Thermal insulation material Manufactruer | Kerui Refractory\u00ae Official Website\",\"url\":\"https:\/\/krceramicfiber.com\/\",\"logo\":{\"@type\":\"ImageObject\",\"inLanguage\":\"tr\",\"@id\":\"https:\/\/krceramicfiber.com\/#\/schema\/logo\/image\/\",\"url\":\"https:\/\/krceramicfiber.com\/wp-content\/uploads\/2024\/01\/footer-Logo.png\",\"contentUrl\":\"https:\/\/krceramicfiber.com\/wp-content\/uploads\/2024\/01\/footer-Logo.png\",\"width\":282,\"height\":70,\"caption\":\"Your Thermal insulation material Manufactruer | Kerui Refractory\u00ae Official Website\"},\"image\":{\"@id\":\"https:\/\/krceramicfiber.com\/#\/schema\/logo\/image\/\"}}]}<\/script>\n<!-- \/ Yoast SEO plugin. -->","yoast_head_json":{"title":"Aerogel Insulation Cotton - Your Thermal insulation material Manufactruer | Kerui Refractory\u00ae Official Website","robots":{"index":"index","follow":"follow","max-snippet":"max-snippet:-1","max-image-preview":"max-image-preview:large","max-video-preview":"max-video-preview:-1"},"canonical":"https:\/\/krceramicfiber.com\/tr\/aerogel-insulation-cotton\/","og_locale":"tr_TR","og_type":"article","og_title":"Aerogel Insulation Cotton - Your Thermal insulation material Manufactruer | Kerui Refractory\u00ae Official Website","og_description":"Aerogel insulation cotton Aerogel insulation cotton is a flexible, low-density material with excellent thermal insulation ... Read more","og_url":"https:\/\/krceramicfiber.com\/tr\/aerogel-insulation-cotton\/","og_site_name":"Your Thermal insulation material Manufactruer | Kerui Refractory\u00ae Official Website","article_modified_time":"2024-11-11T02:25:15+00:00","og_image":[{"width":660,"height":528,"url":"https:\/\/krceramicfiber.com\/wp-content\/uploads\/2024\/09\/\u6c14\u51dd\u80f6\u4fdd\u6e29\u68c9.webp","type":"image\/webp"}],"twitter_card":"summary_large_image","twitter_misc":{"Tahmini okuma s\u00fcresi":"2 dakika"},"schema":{"@context":"https:\/\/schema.org","@graph":[{"@type":"WebPage","@id":"https:\/\/krceramicfiber.com\/aerogel-insulation-cotton\/","url":"https:\/\/krceramicfiber.com\/aerogel-insulation-cotton\/","name":"Aerogel Insulation Cotton - Your Thermal insulation material Manufactruer | Kerui Refractory\u00ae Official Website","isPartOf":{"@id":"https:\/\/krceramicfiber.com\/#website"},"primaryImageOfPage":{"@id":"https:\/\/krceramicfiber.com\/aerogel-insulation-cotton\/#primaryimage"},"image":{"@id":"https:\/\/krceramicfiber.com\/aerogel-insulation-cotton\/#primaryimage"},"thumbnailUrl":"https:\/\/krceramicfiber.com\/wp-content\/uploads\/2024\/09\/\u6c14\u51dd\u80f6\u4fdd\u6e29\u68c9.webp","datePublished":"2024-09-14T01:58:14+00:00","dateModified":"2024-11-11T02:25:15+00:00","breadcrumb":{"@id":"https:\/\/krceramicfiber.com\/aerogel-insulation-cotton\/#breadcrumb"},"inLanguage":"tr","potentialAction":[{"@type":"ReadAction","target":["https:\/\/krceramicfiber.com\/aerogel-insulation-cotton\/"]}]},{"@type":"ImageObject","inLanguage":"tr","@id":"https:\/\/krceramicfiber.com\/aerogel-insulation-cotton\/#primaryimage","url":"https:\/\/krceramicfiber.com\/wp-content\/uploads\/2024\/09\/\u6c14\u51dd\u80f6\u4fdd\u6e29\u68c9.webp","contentUrl":"https:\/\/krceramicfiber.com\/wp-content\/uploads\/2024\/09\/\u6c14\u51dd\u80f6\u4fdd\u6e29\u68c9.webp","width":660,"height":528},{"@type":"BreadcrumbList","@id":"https:\/\/krceramicfiber.com\/aerogel-insulation-cotton\/#breadcrumb","itemListElement":[{"@type":"ListItem","position":1,"name":"Home","item":"https:\/\/krceramicfiber.com\/"},{"@type":"ListItem","position":2,"name":"Aerogel Insulation Cotton"}]},{"@type":"WebSite","@id":"https:\/\/krceramicfiber.com\/#website","url":"https:\/\/krceramicfiber.com\/","name":"Is\u0131 Yal\u0131t\u0131m Malzemesi \u00dcreticiniz | Kerui Refractory\u00ae Resmi Web Sitesi","description":"","publisher":{"@id":"https:\/\/krceramicfiber.com\/#organization"},"potentialAction":[{"@type":"SearchAction","target":{"@type":"EntryPoint","urlTemplate":"https:\/\/krceramicfiber.com\/?s={search_term_string}"},"query-input":{"@type":"PropertyValueSpecification","valueRequired":true,"valueName":"search_term_string"}}],"inLanguage":"tr"},{"@type":"Organization","@id":"https:\/\/krceramicfiber.com\/#organization","name":"Is\u0131 Yal\u0131t\u0131m Malzemesi \u00dcreticiniz | Kerui Refractory\u00ae Resmi Web Sitesi","url":"https:\/\/krceramicfiber.com\/","logo":{"@type":"ImageObject","inLanguage":"tr","@id":"https:\/\/krceramicfiber.com\/#\/schema\/logo\/image\/","url":"https:\/\/krceramicfiber.com\/wp-content\/uploads\/2024\/01\/footer-Logo.png","contentUrl":"https:\/\/krceramicfiber.com\/wp-content\/uploads\/2024\/01\/footer-Logo.png","width":282,"height":70,"caption":"Your Thermal insulation material Manufactruer | Kerui Refractory\u00ae Official Website"},"image":{"@id":"https:\/\/krceramicfiber.com\/#\/schema\/logo\/image\/"}}]}},"_links":{"self":[{"href":"https:\/\/krceramicfiber.com\/tr\/wp-json\/wp\/v2\/pages\/54308","targetHints":{"allow":["GET"]}}],"collection":[{"href":"https:\/\/krceramicfiber.com\/tr\/wp-json\/wp\/v2\/pages"}],"about":[{"href":"https:\/\/krceramicfiber.com\/tr\/wp-json\/wp\/v2\/types\/page"}],"author":[{"embeddable":true,"href":"https:\/\/krceramicfiber.com\/tr\/wp-json\/wp\/v2\/users\/1"}],"replies":[{"embeddable":true,"href":"https:\/\/krceramicfiber.com\/tr\/wp-json\/wp\/v2\/comments?post=54308"}],"version-history":[{"count":0,"href":"https:\/\/krceramicfiber.com\/tr\/wp-json\/wp\/v2\/pages\/54308\/revisions"}],"wp:featuredmedia":[{"embeddable":true,"href":"https:\/\/krceramicfiber.com\/tr\/wp-json\/wp\/v2\/media\/54300"}],"wp:attachment":[{"href":"https:\/\/krceramicfiber.com\/tr\/wp-json\/wp\/v2\/media?parent=54308"}],"curies":[{"name":"wp","href":"https:\/\/api.w.org\/{rel}","templated":true}]}}