{"id":54304,"date":"2024-09-14T09:56:08","date_gmt":"2024-09-14T01:56:08","guid":{"rendered":"https:\/\/krceramicfiber.com\/?page_id=925"},"modified":"2025-06-16T10:28:30","modified_gmt":"2025-06-16T02:28:30","slug":"aerogel-insulation-felt","status":"publish","type":"page","link":"https:\/\/krceramicfiber.com\/tr\/aerogel-insulation-felt\/","title":{"rendered":"Aerojel Yal\u0131t\u0131m Ke\u00e7esi"},"content":{"rendered":"<div class=\"product_info_bg\">\n<div class=\"page_model product_info\">\n<div class=\"preview\"><img loading=\"lazy\" decoding=\"async\" class=\"aligncenter size-full wp-image-3596\" src=\"https:\/\/krceramicfiber.com\/wp-content\/uploads\/2024\/09\/\u6c14\u51dd\u80f6\u4fdd\u6e29\u6be1.webp\" alt=\"Aerojel Yal\u0131t\u0131m Ke\u00e7esi\" width=\"780\" height=\"639\" \/><\/div>\n<div class=\"info\">\n<h1>Aerojel Yal\u0131t\u0131m Ke\u00e7esi<\/h1>\n<p class=\"profile\">Aerogel insulation felt is made by combining aerogel and glass fiber. It&#8217;s widely used in industries due to its excellent thermal insulation and lightweight properties.<\/p>\n<ul>\n<li>\n<div>650<\/div>\n<p><small>Maximum operating temperature (\u2103)<\/small><\/li>\n<li>\n<div>180<\/div>\n<p><small>Y\u0131\u011f\u0131n Yo\u011funlu\u011fu (kg\/m\u00b3)<\/small><\/li>\n<li>\n<div>\u226583<\/div>\n<p><small>Compression strength (kPa)<\/small><\/li>\n<li>\n<div>-1.2<\/div>\n<p><small>Heating permanent line change (%) (\u2264)<\/small><\/li>\n<li class=\"authentication\"><img loading=\"lazy\" decoding=\"async\" class=\"alignnone size-full wp-image-676\" src=\"https:\/\/krceramicfiber.com\/wp-content\/uploads\/2024\/09\/CE-min.webp\" alt=\"Kerui kimlik do\u011frulama\" width=\"200\" height=\"55\" \/><\/li>\n<\/ul>\n<p><a class=\"inruiry fancybox\" href=\"#contact_form_pop\">F\u0130YAT AL<\/a><a class=\"email-btn\" href=\"mailto:market@krceramicfiber.com\">e-posta g\u00f6nder<\/a>\n<\/div>\n<\/div>\n<\/div>\n<div class=\"product_model_bg\">\n<div class=\"page_model\">\n<h2 id=\"TechniqueData\">Kerui Aerogel Insulation Felt Technical Data Sheet<\/h2>\n<p>\n<table id=\"tablepress-74\" class=\"tablepress tablepress-id-74 tbody-has-connected-cells\">\n<thead>\n<tr class=\"row-1\">\n\t<th colspan=\"2\" class=\"column-1\"><strong>Specifications and models<\/strong><\/th><th class=\"column-3\"><strong>IIIA aerogel felt<\/strong><\/th><th class=\"column-4\"><strong>IIIA aerogel roll<\/strong><\/th><th class=\"column-5\"><strong>IVA aerogel roll<\/strong><\/th><th class=\"column-6\"><strong>Test standards<\/strong><\/th>\n<\/tr>\n<\/thead>\n<tbody class=\"row-striping row-hover\">\n<tr class=\"row-2\">\n\t<td class=\"column-1\"><\/td><td class=\"column-2\"><\/td><td colspan=\"3\" class=\"column-3\"><strong>GB\/T 34336-2017 Nanoporous aerogel composite insulation products<\/strong><\/td><td class=\"column-6\"><\/td>\n<\/tr>\n<tr class=\"row-3\">\n\t<td colspan=\"2\" class=\"column-1\">Appearance<\/td><td colspan=\"3\" class=\"column-3\">Flexible coiled material, mainly white, color can be customized<br \/>\n (the surface should be flat, without scratches, stains, or damage that would hinder use)<\/td><td class=\"column-6\">GB\/T 34336-2017<\/td>\n<\/tr>\n<tr class=\"row-4\">\n\t<td colspan=\"2\" class=\"column-1\">Kal\u0131nl\u0131k (mm)<\/td><td class=\"column-3\">0.5\u30011.0\u30012.0<\/td><td colspan=\"2\" class=\"column-4\">3\u30015\u300110\u300115\u300120<\/td><td class=\"column-6\">\/<\/td>\n<\/tr>\n<tr class=\"row-5\">\n\t<td colspan=\"2\" class=\"column-1\">Width (mm)<\/td><td colspan=\"3\" class=\"column-3\">1500<\/td><td class=\"column-6\">\/<\/td>\n<\/tr>\n<tr class=\"row-6\">\n\t<td rowspan=\"4\" class=\"column-1\">Thermal conductivity<\/td><td class=\"column-2\">Average temperature 25\u2103<\/td><td colspan=\"3\" class=\"column-3\">\u22640.021W\/(m\u00b7K)<\/td><td rowspan=\"4\" class=\"column-6\">GB\/T 10294-2008<\/td>\n<\/tr>\n<tr class=\"row-7\">\n\t<td class=\"column-2\">Average temperature 200\u2103<\/td><td colspan=\"3\" class=\"column-3\">\u22640.027W\/(m\u00b7K)<\/td>\n<\/tr>\n<tr class=\"row-8\">\n\t<td class=\"column-2\">Average temperature 300\u2103<\/td><td colspan=\"3\" class=\"column-3\">\u22640.035W\/(m\u00b7K)<\/td>\n<\/tr>\n<tr class=\"row-9\">\n\t<td class=\"column-2\">Average temperature 500\u2103<\/td><td colspan=\"3\" class=\"column-3\">\u22640.065W\/(m\u00b7K)<\/td>\n<\/tr>\n<tr class=\"row-10\">\n\t<td class=\"column-1\">Volume density (kg\/m3)<\/td><td class=\"column-2\"><\/td><td colspan=\"3\" class=\"column-3\">180<\/td><td class=\"column-6\">GB\/T 34336-2017<\/td>\n<\/tr>\n<tr class=\"row-11\">\n\t<td colspan=\"2\" class=\"column-1\">Hydrophobicity<\/td><td colspan=\"3\" class=\"column-3\">99.90%<\/td><td class=\"column-6\">GB\/T 10299-2011<\/td>\n<\/tr>\n<tr class=\"row-12\">\n\t<td colspan=\"2\" rowspan=\"2\" class=\"column-1\">Combustion level<\/td><td colspan=\"3\" rowspan=\"2\" class=\"column-3\">Level A1<\/td><td class=\"column-6\">GB 5464-2010<\/td>\n<\/tr>\n<tr class=\"row-13\">\n\t<td class=\"column-6\">GB\/T 14402-2007<\/td>\n<\/tr>\n<tr class=\"row-14\">\n\t<td colspan=\"2\" rowspan=\"2\" class=\"column-1\">Compression strength<\/td><td colspan=\"3\" rowspan=\"2\" class=\"column-3\">\u226583kPa<\/td><td class=\"column-6\">GB\/T 34336-2017<\/td>\n<\/tr>\n<tr class=\"row-15\">\n\t<td class=\"column-6\">GB\/T 13480-2014<\/td>\n<\/tr>\n<tr class=\"row-16\">\n\t<td colspan=\"2\" class=\"column-1\">Compression rebound rate<\/td><td colspan=\"3\" class=\"column-3\">99%<\/td><td class=\"column-6\">GB\/T 34336-2017<\/td>\n<\/tr>\n<tr class=\"row-17\">\n\t<td colspan=\"2\" class=\"column-1\">Vibration mass loss<\/td><td colspan=\"3\" class=\"column-3\">\u22641%<\/td><td class=\"column-6\">GB\/T 34336-2017<\/td>\n<\/tr>\n<tr class=\"row-18\">\n\t<td colspan=\"2\" rowspan=\"3\" class=\"column-1\">Maximum operating temperature<\/td><td rowspan=\"3\" class=\"column-3\">650\u2103<\/td><td rowspan=\"3\" class=\"column-4\">650\u2103<\/td><td rowspan=\"3\" class=\"column-5\">950\u2103<\/td><td class=\"column-6\">GB\/T 34336-2017<\/td>\n<\/tr>\n<tr class=\"row-19\">\n\t<td class=\"column-6\">GB\/T 17430-2015<\/td>\n<\/tr>\n<tr class=\"row-20\">\n\t<td class=\"column-6\">GB\/T 5480-2017<\/td>\n<\/tr>\n<tr class=\"row-21\">\n\t<td colspan=\"2\" class=\"column-1\">Heating permanent line change<\/td><td colspan=\"3\" class=\"column-3\">-1.20%<\/td><td class=\"column-6\">GB\/T 17911-2018<\/td>\n<\/tr>\n<tr class=\"row-22\">\n\t<td rowspan=\"4\" class=\"column-1\">Corrosiveness (for covering austenitic stainless steel)<\/td><td class=\"column-2\">Stress corrosion<\/td><td colspan=\"3\" class=\"column-3\">The blank test specimens did not show any cracks,<br \/>\nand the sample specimens did not show any cracks either.<\/td><td class=\"column-6\">GB\/T 17393-2008<\/td>\n<\/tr>\n<tr class=\"row-23\">\n\t<td class=\"column-2\">PH value of leaching solution<\/td><td colspan=\"3\" class=\"column-3\">7.4<\/td><td class=\"column-6\">GB\/T 17393-2008<\/td>\n<\/tr>\n<tr class=\"row-24\">\n\t<td class=\"column-2\">w\uff08SiO32-\uff09+w(Na+)<\/td><td colspan=\"3\" class=\"column-3\">0.05%<\/td><td class=\"column-6\">GB\/T 17393-2008<\/td>\n<\/tr>\n<tr class=\"row-25\">\n\t<td class=\"column-2\"><\/td><td colspan=\"3\" class=\"column-3\"><\/td><td class=\"column-6\">JC\/T\u00a0618-2005<\/td>\n<\/tr>\n<\/tbody>\n<\/table>\n<br \/>\n<center><a class=\"fancybox price\" href=\"#contact_form_pop\">F\u0130YAT AL<\/a><\/center><\/p>\n<div class=\"fancybox-hidden\" style=\"display: none;\">\n<div id=\"contact_form_pop\">\n<div class=\"wpcf7 no-js\" id=\"wpcf7-f328-o1\" lang=\"en-US\" dir=\"ltr\" data-wpcf7-id=\"328\">\n<div class=\"screen-reader-response\"><p role=\"status\" aria-live=\"polite\" aria-atomic=\"true\"><\/p> <ul><\/ul><\/div>\n<form action=\"\/tr\/wp-json\/wp\/v2\/pages\/54304#wpcf7-f328-o1\" method=\"post\" class=\"wpcf7-form init\" aria-label=\"\u0130leti\u015fim formu\" novalidate=\"novalidate\" data-status=\"init\" data-trp-original-action=\"\/tr\/wp-json\/wp\/v2\/pages\/54304#wpcf7-f328-o1\">\n<fieldset class=\"hidden-fields-container\"><input type=\"hidden\" name=\"_wpcf7\" value=\"328\" \/><input type=\"hidden\" name=\"_wpcf7_version\" value=\"6.1\" \/><input type=\"hidden\" name=\"_wpcf7_locale\" value=\"en_US\" \/><input type=\"hidden\" name=\"_wpcf7_unit_tag\" value=\"wpcf7-f328-o1\" \/><input type=\"hidden\" name=\"_wpcf7_container_post\" value=\"0\" \/><input type=\"hidden\" name=\"_wpcf7_posted_data_hash\" value=\"\" \/><input type=\"hidden\" name=\"_wpcf7_recaptcha_response\" value=\"\" \/>\n<\/fieldset>\n<div class=\"form-box\" id=\"Contact-Us\">\n\t<div class=\"isleft\">\n\t\t<div class=\"contact-title\">\n\t\t\t<p>Bize Ula\u015f\u0131n\n\t\t\t<\/p>\n\t\t<\/div>\n\t\t<div class=\"contactp\">\n\t\t\t<p>L\u00fctfen soru\u015fturma bilgilerinizi bize g\u00f6ndermekten \u00e7ekinmeyin. En k\u0131sa s\u00fcrede sizinle ileti\u015fime ge\u00e7ece\u011fiz.\n\t\t\t<\/p>\n\t\t<\/div>\n\t\t<ul class=\"contact\">\n\t\t\t<li class=\"email\">\n\t\t\t\t<p><img decoding=\"async\" src=\"https:\/\/krceramicfiber.com\/wp-content\/uploads\/2023\/12\/email.png\" alt=\"\" \/>E-posta:\n\t\t\t\t<\/p>\n\t\t\t\t<p><a href=\"mailto:market@krceramicfiber.com\">market@krceramicfiber.com<\/a>\n\t\t\t\t<\/p>\n\t\t\t<\/li>\n\t\t\t<li class=\"phone\">\n\t\t\t\t<p><img decoding=\"async\" src=\"https:\/\/krceramicfiber.com\/wp-content\/uploads\/2023\/12\/tel.png\" alt=\"\" \/>Telefon\/whatsapp:\n\t\t\t\t<\/p>\n\t\t\t\t<p><a href=\"https:\/\/wa.me\/8619138178880\">+86 19138178880<\/a>\n\t\t\t\t<\/p>\n\t\t\t<\/li>\n\t\t\t<li class=\"location\">\n\t\t\t\t<p><img decoding=\"async\" src=\"https:\/\/krceramicfiber.com\/wp-content\/uploads\/2023\/12\/Location.png\" alt=\"\" \/>\u00dcretim \u00dcss\u00fc:\n\t\t\t\t<\/p>\n\t\t\t\t<p>Chaohua Refrakter Sanayi B\u00f6lgesi,<br \/>\nXinmi \u015eehri, Henan Eyaleti, \u00c7in\n\t\t\t\t<\/p>\n\t\t\t<\/li>\n\t\t<\/ul>\n\t<\/div>\n\t<div class=\"isright\">\n\t\t<ul class=\"contact-input\">\n\t\t\t<li>\n\t\t\t\t<div class=\"islabel\">\n\t\t\t\t\t<p>* \u0130sim:\n\t\t\t\t\t<\/p>\n\t\t\t\t<\/div>\n\t\t\t\t<p><span class=\"wpcf7-form-control-wrap\" data-name=\"your-name\"><input size=\"40\" maxlength=\"400\" class=\"wpcf7-form-control wpcf7-text wpcf7-validates-as-required\" aria-required=\"true\" aria-invalid=\"false\" placeholder=\"\" value=\"\" type=\"text\" name=\"your-name\" \/><\/span>\n\t\t\t\t<\/p>\n\t\t\t<\/li>\n\t\t\t<li>\n\t\t\t\t<div class=\"islabel\">\n\t\t\t\t\t<p>* E-posta:\n\t\t\t\t\t<\/p>\n\t\t\t\t<\/div>\n\t\t\t\t<p><span class=\"wpcf7-form-control-wrap\" data-name=\"your-email\"><input size=\"40\" maxlength=\"400\" class=\"wpcf7-form-control wpcf7-email wpcf7-validates-as-required wpcf7-text wpcf7-validates-as-email\" aria-required=\"true\" aria-invalid=\"false\" placeholder=\"\" value=\"\" type=\"email\" name=\"your-email\" \/><\/span>\n\t\t\t\t<\/p>\n\t\t\t<\/li>\n\t\t\t<li>\n\t\t\t\t<div class=\"islabel\">\n\t\t\t\t\t<p>* Telefon\/Whatsapp:\n\t\t\t\t\t<\/p>\n\t\t\t\t<\/div>\n\t\t\t\t<p><span class=\"wpcf7-form-control-wrap\" data-name=\"your-phone\"><input size=\"40\" maxlength=\"400\" class=\"wpcf7-form-control wpcf7-tel wpcf7-validates-as-required wpcf7-text wpcf7-validates-as-tel\" aria-required=\"true\" aria-invalid=\"false\" placeholder=\"\" value=\"\" type=\"tel\" name=\"your-phone\" \/><\/span>\n\t\t\t\t<\/p>\n\t\t\t<\/li>\n\t\t\t<li>\n\t\t\t\t<div class=\"islabel\">\n\t\t\t\t\t<p>\u00dclke:\n\t\t\t\t\t<\/p>\n\t\t\t\t<\/div>\n\t\t\t\t<p><span class=\"wpcf7-form-control-wrap\" data-name=\"your-country\"><input size=\"40\" maxlength=\"400\" class=\"wpcf7-form-control wpcf7-text\" aria-invalid=\"false\" placeholder=\"\" value=\"\" type=\"text\" name=\"your-country\" \/><\/span>\n\t\t\t\t<\/p>\n\t\t\t<\/li>\n\t\t\t<li class=\"ismassage\">\n\t\t\t\t<div class=\"islabel\">\n\t\t\t\t\t<p>* Mesaj:\n\t\t\t\t\t<\/p>\n\t\t\t\t<\/div>\n\t\t\t\t<p><span class=\"wpcf7-form-control-wrap\" data-name=\"your-msg\"><textarea cols=\"40\" rows=\"10\" maxlength=\"2000\" class=\"wpcf7-form-control wpcf7-textarea wpcf7-validates-as-required\" aria-required=\"true\" aria-invalid=\"false\" name=\"your-msg\"><\/textarea><\/span>\n\t\t\t\t<\/p>\n\t\t\t<\/li>\n\t\t\t<li class=\"wpcf7-btns-box\">\n\t\t\t\t<div class=\"isFileName\">\n\t\t\t\t<\/div>\n\t\t\t\t<div class=\"wpcf7-btns\">\n\t\t\t\t\t<p><input class=\"wpcf7-form-control wpcf7-submit has-spinner\" type=\"submit\" value=\"G\u00d6NDER\" \/>\n\t\t\t\t\t<\/p>\n\t\t\t\t<\/div>\n\t\t\t<\/li>\n\t\t<\/ul>\n\t<\/div>\n<\/div><div class=\"wpcf7-response-output\" aria-hidden=\"true\"><\/div>\n<input type=\"hidden\" name=\"trp-form-language\" value=\"tr\"\/><\/form>\n<\/div>\n<\/div>\n<\/div>\n<\/div>\n<div class=\"product_info_bg\">\n<div class=\"page_model\">\n<h2 id=\"PRODUCTDESCRIPTION\">Aerojel Yal\u0131t\u0131m Ke\u00e7esi<\/h2>\n<p>The flexible felt material is made by combining aerogel and glass fiber using the sol-gel in-situ composite process. It is widely used in the fields of petrochemical industry, high-temperature steam pipelines, new energy vehicles and building exterior wall insulation. Aerogel insulation felt has been widely used in power plants, petrochemicals, steam pipelines, high-speed trains, fast-installed houses, and new energy vehicle industries due to its excellent thermal insulation performance and lightweight characteristics.<\/p>\n<div class='content-column one_fourth'><div style=\"padding-right:20px;padding-bottom:10px;\"><div class='content-column full_width'><div style=\"padding:25px 25px 25px 25px;\"><div class=\"tb1\">High-temperature resistance<\/div><\/div><\/div><\/div><\/div>\n<div class='content-column one_fourth'><div style=\"padding-right:20px;padding-bottom:10px;\"><div class='content-column full_width'><div style=\"padding:25px 25px 25px 25px;\"><div class=\"tb2\">Excellent thermal insulation performance<\/div><\/div><\/div><\/div><\/div>\n<div class='content-column one_fourth'><div style=\"padding-right:20px;padding-bottom:10px;\"><div class='content-column full_width'><div style=\"padding:25px 25px 25px 25px;\"><div class=\"tb3\">Lightweight and flexible<\/div><\/div><\/div><\/div><\/div>\n<div class='content-column one_fourth last_column'><div style=\"padding-right:20px;padding-bottom:10px;\"><div class='content-column full_width'><div style=\"padding:25px 25px 25px 25px;\"><div class=\"tb4\">Wide range of industrial applications<\/div><\/div><\/div><\/div><\/div><div class='clear_column'><\/div><\/div>\n<\/div>\n<div class=\"product_model_bg\">\n<div class=\"page_model\">\n<div class=\"pt-cv-wrapper\">Error: View <strong>5a3cb144nz<\/strong> may not exist<\/div>\n<\/div>\n<div id=\"INQUIRY\" class=\"page_model\"><p class=\"wpcf7-contact-form-not-found\"><strong>Hata:<\/strong> \u0130leti\u015fim formu bulunamad\u0131.<\/p><\/div>\n<div class=\"page_model\">\n<div class=\"swiper related-products\">\n<div class=\"swiper-wrapper\">\n<div class=\"swiper-slide\"><\/div>\n<\/div>\n<\/div>\n<\/div>\n<\/div>","protected":false},"excerpt":{"rendered":"<p>Aerogel Insulation Felt Aerogel insulation felt is made by combining aerogel and glass fiber. It&#8217;s &#8230; <a title=\"Aerojel Yal\u0131t\u0131m Ke\u00e7esi\" class=\"read-more\" href=\"https:\/\/krceramicfiber.com\/tr\/aerogel-insulation-felt\/\" aria-label=\"More on Aerogel Insulation Felt\">Read more<\/a><\/p>","protected":false},"author":1,"featured_media":54302,"parent":0,"menu_order":0,"comment_status":"closed","ping_status":"closed","template":"","meta":{"footnotes":""},"class_list":{"0":"post-54304","1":"page","2":"type-page","3":"status-publish","4":"has-post-thumbnail","6":"no-featured-image-padding","7":"resize-featured-image"},"yoast_head":"<!-- This site is optimized with the Yoast SEO plugin v25.3 - https:\/\/yoast.com\/wordpress\/plugins\/seo\/ -->\n<title>Aerogel Insulation Felt - Your Thermal insulation material Manufactruer | Kerui Refractory\u00ae Official Website<\/title>\n<meta name=\"description\" content=\"Aerogel insulation felt is made by combining aerogel and glass fiber. It&#039;s widely used in industries due to its excellent thermal insulation and lightweight properties.\" \/>\n<meta name=\"robots\" content=\"index, follow, max-snippet:-1, max-image-preview:large, max-video-preview:-1\" \/>\n<link rel=\"canonical\" href=\"https:\/\/krceramicfiber.com\/tr\/aerogel-insulation-felt\/\" \/>\n<meta property=\"og:locale\" content=\"tr_TR\" \/>\n<meta property=\"og:type\" content=\"article\" \/>\n<meta property=\"og:title\" content=\"Aerogel Insulation Felt - Your Thermal insulation material Manufactruer | Kerui Refractory\u00ae Official Website\" \/>\n<meta property=\"og:description\" content=\"Aerogel insulation felt is made by combining aerogel and glass fiber. It&#039;s widely used in industries due to its excellent thermal insulation and lightweight properties.\" \/>\n<meta property=\"og:url\" content=\"https:\/\/krceramicfiber.com\/tr\/aerogel-insulation-felt\/\" \/>\n<meta property=\"og:site_name\" content=\"Your Thermal insulation material Manufactruer | Kerui Refractory\u00ae Official Website\" \/>\n<meta property=\"article:modified_time\" content=\"2025-06-16T02:28:30+00:00\" \/>\n<meta property=\"og:image\" content=\"https:\/\/krceramicfiber.com\/wp-content\/uploads\/2024\/09\/\u6c14\u51dd\u80f6\u4fdd\u6e29\u6be1.webp\" \/>\n\t<meta property=\"og:image:width\" content=\"660\" \/>\n\t<meta property=\"og:image:height\" content=\"528\" \/>\n\t<meta property=\"og:image:type\" content=\"image\/webp\" \/>\n<meta name=\"twitter:card\" content=\"summary_large_image\" \/>\n<meta name=\"twitter:label1\" content=\"Tahmini okuma s\u00fcresi\" \/>\n\t<meta name=\"twitter:data1\" content=\"2 dakika\" \/>\n<script type=\"application\/ld+json\" class=\"yoast-schema-graph\">{\"@context\":\"https:\/\/schema.org\",\"@graph\":[{\"@type\":\"WebPage\",\"@id\":\"https:\/\/krceramicfiber.com\/aerogel-insulation-felt\/\",\"url\":\"https:\/\/krceramicfiber.com\/aerogel-insulation-felt\/\",\"name\":\"Aerogel Insulation Felt - Your Thermal insulation material Manufactruer | Kerui Refractory\u00ae Official Website\",\"isPartOf\":{\"@id\":\"https:\/\/krceramicfiber.com\/#website\"},\"primaryImageOfPage\":{\"@id\":\"https:\/\/krceramicfiber.com\/aerogel-insulation-felt\/#primaryimage\"},\"image\":{\"@id\":\"https:\/\/krceramicfiber.com\/aerogel-insulation-felt\/#primaryimage\"},\"thumbnailUrl\":\"https:\/\/krceramicfiber.com\/wp-content\/uploads\/2024\/09\/\u6c14\u51dd\u80f6\u4fdd\u6e29\u6be1.webp\",\"datePublished\":\"2024-09-14T01:56:08+00:00\",\"dateModified\":\"2025-06-16T02:28:30+00:00\",\"description\":\"Aerogel insulation felt is made by combining aerogel and glass fiber. It's widely used in industries due to its excellent thermal insulation and lightweight properties.\",\"breadcrumb\":{\"@id\":\"https:\/\/krceramicfiber.com\/aerogel-insulation-felt\/#breadcrumb\"},\"inLanguage\":\"tr\",\"potentialAction\":[{\"@type\":\"ReadAction\",\"target\":[\"https:\/\/krceramicfiber.com\/aerogel-insulation-felt\/\"]}]},{\"@type\":\"ImageObject\",\"inLanguage\":\"tr\",\"@id\":\"https:\/\/krceramicfiber.com\/aerogel-insulation-felt\/#primaryimage\",\"url\":\"https:\/\/krceramicfiber.com\/wp-content\/uploads\/2024\/09\/\u6c14\u51dd\u80f6\u4fdd\u6e29\u6be1.webp\",\"contentUrl\":\"https:\/\/krceramicfiber.com\/wp-content\/uploads\/2024\/09\/\u6c14\u51dd\u80f6\u4fdd\u6e29\u6be1.webp\",\"width\":660,\"height\":528},{\"@type\":\"BreadcrumbList\",\"@id\":\"https:\/\/krceramicfiber.com\/aerogel-insulation-felt\/#breadcrumb\",\"itemListElement\":[{\"@type\":\"ListItem\",\"position\":1,\"name\":\"Home\",\"item\":\"https:\/\/krceramicfiber.com\/\"},{\"@type\":\"ListItem\",\"position\":2,\"name\":\"Aerogel Insulation Felt\"}]},{\"@type\":\"WebSite\",\"@id\":\"https:\/\/krceramicfiber.com\/#website\",\"url\":\"https:\/\/krceramicfiber.com\/\",\"name\":\"Your Thermal insulation material Manufactruer | Kerui Refractory\u00ae Official Website\",\"description\":\"\",\"publisher\":{\"@id\":\"https:\/\/krceramicfiber.com\/#organization\"},\"potentialAction\":[{\"@type\":\"SearchAction\",\"target\":{\"@type\":\"EntryPoint\",\"urlTemplate\":\"https:\/\/krceramicfiber.com\/?s={search_term_string}\"},\"query-input\":{\"@type\":\"PropertyValueSpecification\",\"valueRequired\":true,\"valueName\":\"search_term_string\"}}],\"inLanguage\":\"tr\"},{\"@type\":\"Organization\",\"@id\":\"https:\/\/krceramicfiber.com\/#organization\",\"name\":\"Your Thermal insulation material Manufactruer | Kerui Refractory\u00ae Official Website\",\"url\":\"https:\/\/krceramicfiber.com\/\",\"logo\":{\"@type\":\"ImageObject\",\"inLanguage\":\"tr\",\"@id\":\"https:\/\/krceramicfiber.com\/#\/schema\/logo\/image\/\",\"url\":\"https:\/\/krceramicfiber.com\/wp-content\/uploads\/2024\/01\/footer-Logo.png\",\"contentUrl\":\"https:\/\/krceramicfiber.com\/wp-content\/uploads\/2024\/01\/footer-Logo.png\",\"width\":282,\"height\":70,\"caption\":\"Your Thermal insulation material Manufactruer | Kerui Refractory\u00ae Official Website\"},\"image\":{\"@id\":\"https:\/\/krceramicfiber.com\/#\/schema\/logo\/image\/\"}}]}<\/script>\n<!-- \/ Yoast SEO plugin. -->","yoast_head_json":{"title":"Aerogel Insulation Felt - Your Thermal insulation material Manufactruer | Kerui Refractory\u00ae Official Website","description":"Aerogel insulation felt is made by combining aerogel and glass fiber. It's widely used in industries due to its excellent thermal insulation and lightweight properties.","robots":{"index":"index","follow":"follow","max-snippet":"max-snippet:-1","max-image-preview":"max-image-preview:large","max-video-preview":"max-video-preview:-1"},"canonical":"https:\/\/krceramicfiber.com\/tr\/aerogel-insulation-felt\/","og_locale":"tr_TR","og_type":"article","og_title":"Aerogel Insulation Felt - Your Thermal insulation material Manufactruer | Kerui Refractory\u00ae Official Website","og_description":"Aerogel insulation felt is made by combining aerogel and glass fiber. It's widely used in industries due to its excellent thermal insulation and lightweight properties.","og_url":"https:\/\/krceramicfiber.com\/tr\/aerogel-insulation-felt\/","og_site_name":"Your Thermal insulation material Manufactruer | Kerui Refractory\u00ae Official Website","article_modified_time":"2025-06-16T02:28:30+00:00","og_image":[{"width":660,"height":528,"url":"https:\/\/krceramicfiber.com\/wp-content\/uploads\/2024\/09\/\u6c14\u51dd\u80f6\u4fdd\u6e29\u6be1.webp","type":"image\/webp"}],"twitter_card":"summary_large_image","twitter_misc":{"Tahmini okuma s\u00fcresi":"2 dakika"},"schema":{"@context":"https:\/\/schema.org","@graph":[{"@type":"WebPage","@id":"https:\/\/krceramicfiber.com\/aerogel-insulation-felt\/","url":"https:\/\/krceramicfiber.com\/aerogel-insulation-felt\/","name":"Aerogel Insulation Felt - Your Thermal insulation material Manufactruer | Kerui Refractory\u00ae Official Website","isPartOf":{"@id":"https:\/\/krceramicfiber.com\/#website"},"primaryImageOfPage":{"@id":"https:\/\/krceramicfiber.com\/aerogel-insulation-felt\/#primaryimage"},"image":{"@id":"https:\/\/krceramicfiber.com\/aerogel-insulation-felt\/#primaryimage"},"thumbnailUrl":"https:\/\/krceramicfiber.com\/wp-content\/uploads\/2024\/09\/\u6c14\u51dd\u80f6\u4fdd\u6e29\u6be1.webp","datePublished":"2024-09-14T01:56:08+00:00","dateModified":"2025-06-16T02:28:30+00:00","description":"Aerogel insulation felt is made by combining aerogel and glass fiber. It's widely used in industries due to its excellent thermal insulation and lightweight properties.","breadcrumb":{"@id":"https:\/\/krceramicfiber.com\/aerogel-insulation-felt\/#breadcrumb"},"inLanguage":"tr","potentialAction":[{"@type":"ReadAction","target":["https:\/\/krceramicfiber.com\/aerogel-insulation-felt\/"]}]},{"@type":"ImageObject","inLanguage":"tr","@id":"https:\/\/krceramicfiber.com\/aerogel-insulation-felt\/#primaryimage","url":"https:\/\/krceramicfiber.com\/wp-content\/uploads\/2024\/09\/\u6c14\u51dd\u80f6\u4fdd\u6e29\u6be1.webp","contentUrl":"https:\/\/krceramicfiber.com\/wp-content\/uploads\/2024\/09\/\u6c14\u51dd\u80f6\u4fdd\u6e29\u6be1.webp","width":660,"height":528},{"@type":"BreadcrumbList","@id":"https:\/\/krceramicfiber.com\/aerogel-insulation-felt\/#breadcrumb","itemListElement":[{"@type":"ListItem","position":1,"name":"Home","item":"https:\/\/krceramicfiber.com\/"},{"@type":"ListItem","position":2,"name":"Aerogel Insulation Felt"}]},{"@type":"WebSite","@id":"https:\/\/krceramicfiber.com\/#website","url":"https:\/\/krceramicfiber.com\/","name":"Is\u0131 Yal\u0131t\u0131m Malzemesi \u00dcreticiniz | Kerui Refractory\u00ae Resmi Web Sitesi","description":"","publisher":{"@id":"https:\/\/krceramicfiber.com\/#organization"},"potentialAction":[{"@type":"SearchAction","target":{"@type":"EntryPoint","urlTemplate":"https:\/\/krceramicfiber.com\/?s={search_term_string}"},"query-input":{"@type":"PropertyValueSpecification","valueRequired":true,"valueName":"search_term_string"}}],"inLanguage":"tr"},{"@type":"Organization","@id":"https:\/\/krceramicfiber.com\/#organization","name":"Is\u0131 Yal\u0131t\u0131m Malzemesi \u00dcreticiniz | Kerui Refractory\u00ae Resmi Web Sitesi","url":"https:\/\/krceramicfiber.com\/","logo":{"@type":"ImageObject","inLanguage":"tr","@id":"https:\/\/krceramicfiber.com\/#\/schema\/logo\/image\/","url":"https:\/\/krceramicfiber.com\/wp-content\/uploads\/2024\/01\/footer-Logo.png","contentUrl":"https:\/\/krceramicfiber.com\/wp-content\/uploads\/2024\/01\/footer-Logo.png","width":282,"height":70,"caption":"Your Thermal insulation material Manufactruer | Kerui Refractory\u00ae Official Website"},"image":{"@id":"https:\/\/krceramicfiber.com\/#\/schema\/logo\/image\/"}}]}},"_links":{"self":[{"href":"https:\/\/krceramicfiber.com\/tr\/wp-json\/wp\/v2\/pages\/54304","targetHints":{"allow":["GET"]}}],"collection":[{"href":"https:\/\/krceramicfiber.com\/tr\/wp-json\/wp\/v2\/pages"}],"about":[{"href":"https:\/\/krceramicfiber.com\/tr\/wp-json\/wp\/v2\/types\/page"}],"author":[{"embeddable":true,"href":"https:\/\/krceramicfiber.com\/tr\/wp-json\/wp\/v2\/users\/1"}],"replies":[{"embeddable":true,"href":"https:\/\/krceramicfiber.com\/tr\/wp-json\/wp\/v2\/comments?post=54304"}],"version-history":[{"count":0,"href":"https:\/\/krceramicfiber.com\/tr\/wp-json\/wp\/v2\/pages\/54304\/revisions"}],"wp:featuredmedia":[{"embeddable":true,"href":"https:\/\/krceramicfiber.com\/tr\/wp-json\/wp\/v2\/media\/54302"}],"wp:attachment":[{"href":"https:\/\/krceramicfiber.com\/tr\/wp-json\/wp\/v2\/media?parent=54304"}],"curies":[{"name":"wp","href":"https:\/\/api.w.org\/{rel}","templated":true}]}}