{"id":54294,"date":"2024-09-13T17:50:38","date_gmt":"2024-09-13T09:50:38","guid":{"rendered":"https:\/\/krceramicfiber.com\/?page_id=925"},"modified":"2025-07-04T15:29:41","modified_gmt":"2025-07-04T07:29:41","slug":"calcium-silicate-pipe","status":"publish","type":"page","link":"https:\/\/krceramicfiber.com\/tr\/calcium-silicate-pipe\/","title":{"rendered":"Kalsiyum Silikat \u0130zolasyon Borusu"},"content":{"rendered":"<div class=\"product_info_bg\">\n<div class=\"page_model product_info\"><img loading=\"lazy\" decoding=\"async\" class=\"alignnone size-full wp-image-55450\" src=\"https:\/\/krceramicfiber.com\/wp-content\/uploads\/2025\/07\/Calcium-Silicate-Insulation-Pipe-kerui.webp\" alt=\"\" width=\"660\" height=\"528\" srcset=\"https:\/\/krceramicfiber.com\/wp-content\/uploads\/2025\/07\/Calcium-Silicate-Insulation-Pipe-kerui.webp 660w, https:\/\/krceramicfiber.com\/wp-content\/uploads\/2025\/07\/Calcium-Silicate-Insulation-Pipe-kerui-300x240.webp 300w, https:\/\/krceramicfiber.com\/wp-content\/uploads\/2025\/07\/Calcium-Silicate-Insulation-Pipe-kerui-150x120.webp 150w\" sizes=\"auto, (max-width: 660px) 100vw, 660px\" \/><\/p>\n<div class=\"info\">\n<h1>Kalsiyum Silikat \u0130zolasyon Borusu<\/h1>\n<p class=\"profile\">Calcium Silicate Insulation Pipe is made of calcium silicate powder by thermoplastic reaction, and then mixed with inorganic fibers to form a kind of insulation material.<br \/>\nIt is a non-asbestos high-performance insulation material, used in power stations, petrochemical plants, oil refineries, heat distribution systems and treatment plants with heat pipe system , provide high-quality thermal insulation protection.<\/p>\n<ul>\n<li>\n<div>170\/220\/240\/280<\/div>\n<p><small>Y\u0131\u011f\u0131n Yo\u011funlu\u011fu (kg\/m\u00b3)<\/small><\/li>\n<li>\n<div>\u22650.35<\/div>\n<p><small>Compressive strength (MPa)<\/small><\/li>\n<li>\n<div>0.048\/0.052<\/div>\n<p><small>Thermal conductivity(W\/m.k)<\/small><\/li>\n<li>\n<div>25-100mm<\/div>\n<p><small>Thickness<\/small><\/li>\n<li class=\"authentication\"><img loading=\"lazy\" decoding=\"async\" class=\"alignnone size-full wp-image-676\" src=\"https:\/\/krceramicfiber.com\/wp-content\/uploads\/2024\/09\/CE-min.webp\" alt=\"Kerui kimlik do\u011frulama\" width=\"200\" height=\"55\" \/><\/li>\n<\/ul>\n<p><a class=\"inruiry fancybox\" href=\"#contact_form_pop\">F\u0130YAT AL<\/a><a class=\"email-btn\" href=\"mailto:market@krceramicfiber.com\">e-posta g\u00f6nder<\/a><\/p>\n<\/div>\n<\/div>\n<\/div>\n<div class=\"product_model_bg\">\n<div class=\"page_model\">\n<h2 id=\"TechniqueData\">Kerui Calcium\u00a0Silicate\u00a0Insulation Pipe Technical Data Sheet<\/h2>\n\n<table id=\"tablepress-80\" class=\"tablepress tablepress-id-80\">\n<thead>\n<tr class=\"row-1\">\n\t<th class=\"column-1\">Calcium Silicate Products<\/th><th class=\"column-2\">KR-CS650<\/th><th class=\"column-3\">KR-CS1000<\/th>\n<\/tr>\n<\/thead>\n<tbody class=\"row-striping row-hover\">\n<tr class=\"row-2\">\n\t<td class=\"column-1\">Density\uff08KG\/M3\uff09<\/td><td class=\"column-2\">170\/220\/280<\/td><td class=\"column-3\">170\/220\/240<\/td>\n<\/tr>\n<tr class=\"row-3\">\n\t<td class=\"column-1\">Compressive strength\uff08MPa\uff09<\/td><td class=\"column-2\">\u22650.35<\/td><td class=\"column-3\">\u22650.35<\/td>\n<\/tr>\n<tr class=\"row-4\">\n\t<td class=\"column-1\">W\/m.kThermal conductivity (average temperature 70 \u2103)<\/td><td class=\"column-2\">0.052<\/td><td class=\"column-3\">0.048<\/td>\n<\/tr>\n<tr class=\"row-5\">\n\t<td class=\"column-1\">Maximum temperature\uff08\u2103\uff09<\/td><td class=\"column-2\">650<\/td><td class=\"column-3\">1000<\/td>\n<\/tr>\n<tr class=\"row-6\">\n\t<td class=\"column-1\">Linear shrinkage(%)<\/td><td class=\"column-2\">\u22642(650,12hrs)<\/td><td class=\"column-3\">\u22642\uff081000,12hrs\uff09<\/td>\n<\/tr>\n<tr class=\"row-7\">\n\t<td class=\"column-1\">It can be processed into a shell and tube or curved panels according to customer requirements.<\/td><td class=\"column-2\"><\/td><td class=\"column-3\"><\/td>\n<\/tr>\n<\/tbody>\n<\/table>\n<!-- #tablepress-80 from cache -->\n<p><center><a class=\"fancybox price\" href=\"#contact_form_pop\">F\u0130YAT AL<\/a><\/center><\/p>\n<div class=\"fancybox-hidden\" style=\"display: none;\">\n<div id=\"contact_form_pop\">\n<div class=\"wpcf7 no-js\" id=\"wpcf7-f328-o1\" lang=\"en-US\" dir=\"ltr\" data-wpcf7-id=\"328\">\n<div class=\"screen-reader-response\"><p role=\"status\" aria-live=\"polite\" aria-atomic=\"true\"><\/p> <ul><\/ul><\/div>\n<form action=\"\/tr\/wp-json\/wp\/v2\/pages\/54294#wpcf7-f328-o1\" method=\"post\" class=\"wpcf7-form init\" aria-label=\"\u0130leti\u015fim formu\" novalidate=\"novalidate\" data-status=\"init\" data-trp-original-action=\"\/tr\/wp-json\/wp\/v2\/pages\/54294#wpcf7-f328-o1\">\n<fieldset class=\"hidden-fields-container\"><input type=\"hidden\" name=\"_wpcf7\" value=\"328\" \/><input type=\"hidden\" name=\"_wpcf7_version\" value=\"6.1\" \/><input type=\"hidden\" name=\"_wpcf7_locale\" value=\"en_US\" \/><input type=\"hidden\" name=\"_wpcf7_unit_tag\" value=\"wpcf7-f328-o1\" \/><input type=\"hidden\" name=\"_wpcf7_container_post\" value=\"0\" \/><input type=\"hidden\" name=\"_wpcf7_posted_data_hash\" value=\"\" \/><input type=\"hidden\" name=\"_wpcf7_recaptcha_response\" value=\"\" \/>\n<\/fieldset>\n<div class=\"form-box\" id=\"Contact-Us\">\n\t<div class=\"isleft\">\n\t\t<div class=\"contact-title\">\n\t\t\t<p>Bize Ula\u015f\u0131n\n\t\t\t<\/p>\n\t\t<\/div>\n\t\t<div class=\"contactp\">\n\t\t\t<p>L\u00fctfen soru\u015fturma bilgilerinizi bize g\u00f6ndermekten \u00e7ekinmeyin. En k\u0131sa s\u00fcrede sizinle ileti\u015fime ge\u00e7ece\u011fiz.\n\t\t\t<\/p>\n\t\t<\/div>\n\t\t<ul class=\"contact\">\n\t\t\t<li class=\"email\">\n\t\t\t\t<p><img decoding=\"async\" src=\"https:\/\/krceramicfiber.com\/wp-content\/uploads\/2023\/12\/email.png\" alt=\"\" \/>E-posta:\n\t\t\t\t<\/p>\n\t\t\t\t<p><a href=\"mailto:market@krceramicfiber.com\">market@krceramicfiber.com<\/a>\n\t\t\t\t<\/p>\n\t\t\t<\/li>\n\t\t\t<li class=\"phone\">\n\t\t\t\t<p><img decoding=\"async\" src=\"https:\/\/krceramicfiber.com\/wp-content\/uploads\/2023\/12\/tel.png\" alt=\"\" \/>Telefon\/whatsapp:\n\t\t\t\t<\/p>\n\t\t\t\t<p><a href=\"https:\/\/wa.me\/8619138178880\">+86 19138178880<\/a>\n\t\t\t\t<\/p>\n\t\t\t<\/li>\n\t\t\t<li class=\"location\">\n\t\t\t\t<p><img decoding=\"async\" src=\"https:\/\/krceramicfiber.com\/wp-content\/uploads\/2023\/12\/Location.png\" alt=\"\" \/>\u00dcretim \u00dcss\u00fc:\n\t\t\t\t<\/p>\n\t\t\t\t<p>Chaohua Refrakter Sanayi B\u00f6lgesi,<br \/>\nXinmi \u015eehri, Henan Eyaleti, \u00c7in\n\t\t\t\t<\/p>\n\t\t\t<\/li>\n\t\t<\/ul>\n\t<\/div>\n\t<div class=\"isright\">\n\t\t<ul class=\"contact-input\">\n\t\t\t<li>\n\t\t\t\t<div class=\"islabel\">\n\t\t\t\t\t<p>* \u0130sim:\n\t\t\t\t\t<\/p>\n\t\t\t\t<\/div>\n\t\t\t\t<p><span class=\"wpcf7-form-control-wrap\" data-name=\"your-name\"><input size=\"40\" maxlength=\"400\" class=\"wpcf7-form-control wpcf7-text wpcf7-validates-as-required\" aria-required=\"true\" aria-invalid=\"false\" placeholder=\"\" value=\"\" type=\"text\" name=\"your-name\" \/><\/span>\n\t\t\t\t<\/p>\n\t\t\t<\/li>\n\t\t\t<li>\n\t\t\t\t<div class=\"islabel\">\n\t\t\t\t\t<p>* E-posta:\n\t\t\t\t\t<\/p>\n\t\t\t\t<\/div>\n\t\t\t\t<p><span class=\"wpcf7-form-control-wrap\" data-name=\"your-email\"><input size=\"40\" maxlength=\"400\" class=\"wpcf7-form-control wpcf7-email wpcf7-validates-as-required wpcf7-text wpcf7-validates-as-email\" aria-required=\"true\" aria-invalid=\"false\" placeholder=\"\" value=\"\" type=\"email\" name=\"your-email\" \/><\/span>\n\t\t\t\t<\/p>\n\t\t\t<\/li>\n\t\t\t<li>\n\t\t\t\t<div class=\"islabel\">\n\t\t\t\t\t<p>* Telefon\/Whatsapp:\n\t\t\t\t\t<\/p>\n\t\t\t\t<\/div>\n\t\t\t\t<p><span class=\"wpcf7-form-control-wrap\" data-name=\"your-phone\"><input size=\"40\" maxlength=\"400\" class=\"wpcf7-form-control wpcf7-tel wpcf7-validates-as-required wpcf7-text wpcf7-validates-as-tel\" aria-required=\"true\" aria-invalid=\"false\" placeholder=\"\" value=\"\" type=\"tel\" name=\"your-phone\" \/><\/span>\n\t\t\t\t<\/p>\n\t\t\t<\/li>\n\t\t\t<li>\n\t\t\t\t<div class=\"islabel\">\n\t\t\t\t\t<p>\u00dclke:\n\t\t\t\t\t<\/p>\n\t\t\t\t<\/div>\n\t\t\t\t<p><span class=\"wpcf7-form-control-wrap\" data-name=\"your-country\"><input size=\"40\" maxlength=\"400\" class=\"wpcf7-form-control wpcf7-text\" aria-invalid=\"false\" placeholder=\"\" value=\"\" type=\"text\" name=\"your-country\" \/><\/span>\n\t\t\t\t<\/p>\n\t\t\t<\/li>\n\t\t\t<li class=\"ismassage\">\n\t\t\t\t<div class=\"islabel\">\n\t\t\t\t\t<p>* Mesaj:\n\t\t\t\t\t<\/p>\n\t\t\t\t<\/div>\n\t\t\t\t<p><span class=\"wpcf7-form-control-wrap\" data-name=\"your-msg\"><textarea cols=\"40\" rows=\"10\" maxlength=\"2000\" class=\"wpcf7-form-control wpcf7-textarea wpcf7-validates-as-required\" aria-required=\"true\" aria-invalid=\"false\" name=\"your-msg\"><\/textarea><\/span>\n\t\t\t\t<\/p>\n\t\t\t<\/li>\n\t\t\t<li class=\"wpcf7-btns-box\">\n\t\t\t\t<div class=\"isFileName\">\n\t\t\t\t<\/div>\n\t\t\t\t<div class=\"wpcf7-btns\">\n\t\t\t\t\t<p><input class=\"wpcf7-form-control wpcf7-submit has-spinner\" type=\"submit\" value=\"G\u00d6NDER\" \/>\n\t\t\t\t\t<\/p>\n\t\t\t\t<\/div>\n\t\t\t<\/li>\n\t\t<\/ul>\n\t<\/div>\n<\/div><div class=\"wpcf7-response-output\" aria-hidden=\"true\"><\/div>\n<input type=\"hidden\" name=\"trp-form-language\" value=\"tr\"\/><\/form>\n<\/div>\n<\/div>\n<\/div>\n<\/div>\n<div class=\"product_info_bg\">\n<div class=\"page_model\">\n<h2 id=\"PRODUCTDESCRIPTION\">Description of Calcium\u00a0Silicate\u00a0Insulation Pipe<\/h2>\n<p>Calcium silicate pipe is a white, hard new thermal insulation material.It has specific bulk density, high strength, low thermal conductivity, small, high temperature, corrosion, can be cut, saw, etc. It can be widely used in electric power, metallurgy , petrochemical, construction, ship equipment, pipe and other fields, wall and roof of thermal insulation and fire insulation. It is a light-weight and multiporous thermal insulation material.<\/p>\n<div class='content-column one_fourth'><div style=\"padding-right:20px;padding-bottom:10px;\"><div class='content-column full_width'><div style=\"padding:25px 25px 25px 25px;\"><div class=\"tb1\">Lightweight Thermal Insulation<\/div><\/div><\/div><\/div><\/div>\n<div class='content-column one_fourth'><div style=\"padding-right:20px;padding-bottom:10px;\"><div class='content-column full_width'><div style=\"padding:25px 25px 25px 25px;\"><div class=\"tb2\">High-Strength Material<\/div><\/div><\/div><\/div><\/div>\n<div class='content-column one_fourth'><div style=\"padding-right:20px;padding-bottom:10px;\"><div class='content-column full_width'><div style=\"padding:25px 25px 25px 25px;\"><div class=\"tb3\">Low Thermal Conductivity<\/div><\/div><\/div><\/div><\/div>\n<div class='content-column one_fourth last_column'><div style=\"padding-right:20px;padding-bottom:10px;\"><div class='content-column full_width'><div style=\"padding:25px 25px 25px 25px;\"><div class=\"tb4\">Corrosion-Resistant Properties<\/div><\/div><\/div><\/div><\/div><div class='clear_column'><\/div>\n<\/div>\n<\/div>\n<div class=\"product_model_bg\">\n<div class=\"page_model\"><div class=\"pt-cv-wrapper\">Error: View <strong>ab4694b8va<\/strong> may not exist<\/div><\/div>\n<div id=\"INQUIRY\" class=\"page_model\"><p class=\"wpcf7-contact-form-not-found\"><strong>Hata:<\/strong> \u0130leti\u015fim formu bulunamad\u0131.<\/p><\/div>\n<div class=\"page_model\">\n<div class=\"swiper related-products\">\n<div class=\"swiper-wrapper\">\n<div class=\"swiper-slide\"><\/div>\n<\/div>\n<\/div>\n<\/div>\n<\/div>\n<\/div>","protected":false},"excerpt":{"rendered":"<p>Calcium\u00a0Silicate\u00a0Insulation Pipe Calcium Silicate Insulation Pipe is made of calcium silicate powder by thermoplastic reaction, &#8230; <a title=\"Kalsiyum Silikat \u0130zolasyon Borusu\" class=\"read-more\" href=\"https:\/\/krceramicfiber.com\/tr\/calcium-silicate-pipe\/\" aria-label=\"More on Calcium\u00a0Silicate\u00a0Insulation Pipe\">Read more<\/a><\/p>","protected":false},"author":1,"featured_media":55450,"parent":0,"menu_order":0,"comment_status":"closed","ping_status":"closed","template":"","meta":{"footnotes":""},"class_list":{"0":"post-54294","1":"page","2":"type-page","3":"status-publish","4":"has-post-thumbnail","6":"no-featured-image-padding","7":"resize-featured-image"},"yoast_head":"<!-- This site is optimized with the Yoast SEO plugin v25.3 - https:\/\/yoast.com\/wordpress\/plugins\/seo\/ -->\n<title>Calcium\u00a0Silicate\u00a0Insulation Pipe - Your Thermal insulation material Manufactruer | Kerui Refractory\u00ae Official Website<\/title>\n<meta name=\"description\" content=\"Calcium Silicate Insulation Pipe is made of calcium silicate powder by thermoplastic reaction, and then mixed with inorganic fibers to form a kind of insulation material.\" \/>\n<meta name=\"robots\" content=\"index, follow, max-snippet:-1, max-image-preview:large, max-video-preview:-1\" \/>\n<link rel=\"canonical\" href=\"https:\/\/krceramicfiber.com\/tr\/calcium-silicate-pipe\/\" \/>\n<meta property=\"og:locale\" content=\"tr_TR\" \/>\n<meta property=\"og:type\" content=\"article\" \/>\n<meta property=\"og:title\" content=\"Calcium\u00a0Silicate\u00a0Insulation Pipe - Your Thermal insulation material Manufactruer | Kerui Refractory\u00ae Official Website\" \/>\n<meta property=\"og:description\" content=\"Calcium Silicate Insulation Pipe is made of calcium silicate powder by thermoplastic reaction, and then mixed with inorganic fibers to form a kind of insulation material.\" \/>\n<meta property=\"og:url\" content=\"https:\/\/krceramicfiber.com\/tr\/calcium-silicate-pipe\/\" \/>\n<meta property=\"og:site_name\" content=\"Your Thermal insulation material Manufactruer | Kerui Refractory\u00ae Official Website\" \/>\n<meta property=\"article:modified_time\" content=\"2025-07-04T07:29:41+00:00\" \/>\n<meta property=\"og:image\" content=\"https:\/\/krceramicfiber.com\/wp-content\/uploads\/2025\/07\/Calcium-Silicate-Insulation-Pipe-kerui.webp\" \/>\n\t<meta property=\"og:image:width\" content=\"660\" \/>\n\t<meta property=\"og:image:height\" content=\"528\" \/>\n\t<meta property=\"og:image:type\" content=\"image\/webp\" \/>\n<meta name=\"twitter:card\" content=\"summary_large_image\" \/>\n<meta name=\"twitter:label1\" content=\"Tahmini okuma s\u00fcresi\" \/>\n\t<meta name=\"twitter:data1\" content=\"2 dakika\" \/>\n<script type=\"application\/ld+json\" class=\"yoast-schema-graph\">{\"@context\":\"https:\/\/schema.org\",\"@graph\":[{\"@type\":\"WebPage\",\"@id\":\"https:\/\/krceramicfiber.com\/calcium-silicate-pipe\/\",\"url\":\"https:\/\/krceramicfiber.com\/calcium-silicate-pipe\/\",\"name\":\"Calcium\u00a0Silicate\u00a0Insulation Pipe - Your Thermal insulation material Manufactruer | Kerui Refractory\u00ae Official Website\",\"isPartOf\":{\"@id\":\"https:\/\/krceramicfiber.com\/#website\"},\"primaryImageOfPage\":{\"@id\":\"https:\/\/krceramicfiber.com\/calcium-silicate-pipe\/#primaryimage\"},\"image\":{\"@id\":\"https:\/\/krceramicfiber.com\/calcium-silicate-pipe\/#primaryimage\"},\"thumbnailUrl\":\"https:\/\/krceramicfiber.com\/wp-content\/uploads\/2025\/07\/Calcium-Silicate-Insulation-Pipe-kerui.webp\",\"datePublished\":\"2024-09-13T09:50:38+00:00\",\"dateModified\":\"2025-07-04T07:29:41+00:00\",\"description\":\"Calcium Silicate Insulation Pipe is made of calcium silicate powder by thermoplastic reaction, and then mixed with inorganic fibers to form a kind of insulation material.\",\"breadcrumb\":{\"@id\":\"https:\/\/krceramicfiber.com\/calcium-silicate-pipe\/#breadcrumb\"},\"inLanguage\":\"tr\",\"potentialAction\":[{\"@type\":\"ReadAction\",\"target\":[\"https:\/\/krceramicfiber.com\/calcium-silicate-pipe\/\"]}]},{\"@type\":\"ImageObject\",\"inLanguage\":\"tr\",\"@id\":\"https:\/\/krceramicfiber.com\/calcium-silicate-pipe\/#primaryimage\",\"url\":\"https:\/\/krceramicfiber.com\/wp-content\/uploads\/2025\/07\/Calcium-Silicate-Insulation-Pipe-kerui.webp\",\"contentUrl\":\"https:\/\/krceramicfiber.com\/wp-content\/uploads\/2025\/07\/Calcium-Silicate-Insulation-Pipe-kerui.webp\",\"width\":660,\"height\":528},{\"@type\":\"BreadcrumbList\",\"@id\":\"https:\/\/krceramicfiber.com\/calcium-silicate-pipe\/#breadcrumb\",\"itemListElement\":[{\"@type\":\"ListItem\",\"position\":1,\"name\":\"Home\",\"item\":\"https:\/\/krceramicfiber.com\/\"},{\"@type\":\"ListItem\",\"position\":2,\"name\":\"Calcium\u00a0Silicate\u00a0Insulation Pipe\"}]},{\"@type\":\"WebSite\",\"@id\":\"https:\/\/krceramicfiber.com\/#website\",\"url\":\"https:\/\/krceramicfiber.com\/\",\"name\":\"Your Thermal insulation material Manufactruer | Kerui Refractory\u00ae Official Website\",\"description\":\"\",\"publisher\":{\"@id\":\"https:\/\/krceramicfiber.com\/#organization\"},\"potentialAction\":[{\"@type\":\"SearchAction\",\"target\":{\"@type\":\"EntryPoint\",\"urlTemplate\":\"https:\/\/krceramicfiber.com\/?s={search_term_string}\"},\"query-input\":{\"@type\":\"PropertyValueSpecification\",\"valueRequired\":true,\"valueName\":\"search_term_string\"}}],\"inLanguage\":\"tr\"},{\"@type\":\"Organization\",\"@id\":\"https:\/\/krceramicfiber.com\/#organization\",\"name\":\"Your Thermal insulation material Manufactruer | Kerui Refractory\u00ae Official Website\",\"url\":\"https:\/\/krceramicfiber.com\/\",\"logo\":{\"@type\":\"ImageObject\",\"inLanguage\":\"tr\",\"@id\":\"https:\/\/krceramicfiber.com\/#\/schema\/logo\/image\/\",\"url\":\"https:\/\/krceramicfiber.com\/wp-content\/uploads\/2024\/01\/footer-Logo.png\",\"contentUrl\":\"https:\/\/krceramicfiber.com\/wp-content\/uploads\/2024\/01\/footer-Logo.png\",\"width\":282,\"height\":70,\"caption\":\"Your Thermal insulation material Manufactruer | Kerui Refractory\u00ae Official Website\"},\"image\":{\"@id\":\"https:\/\/krceramicfiber.com\/#\/schema\/logo\/image\/\"}}]}<\/script>\n<!-- \/ Yoast SEO plugin. -->","yoast_head_json":{"title":"Calcium\u00a0Silicate\u00a0Insulation Pipe - Your Thermal insulation material Manufactruer | Kerui Refractory\u00ae Official Website","description":"Calcium Silicate Insulation Pipe is made of calcium silicate powder by thermoplastic reaction, and then mixed with inorganic fibers to form a kind of insulation material.","robots":{"index":"index","follow":"follow","max-snippet":"max-snippet:-1","max-image-preview":"max-image-preview:large","max-video-preview":"max-video-preview:-1"},"canonical":"https:\/\/krceramicfiber.com\/tr\/calcium-silicate-pipe\/","og_locale":"tr_TR","og_type":"article","og_title":"Calcium\u00a0Silicate\u00a0Insulation Pipe - Your Thermal insulation material Manufactruer | Kerui Refractory\u00ae Official Website","og_description":"Calcium Silicate Insulation Pipe is made of calcium silicate powder by thermoplastic reaction, and then mixed with inorganic fibers to form a kind of insulation material.","og_url":"https:\/\/krceramicfiber.com\/tr\/calcium-silicate-pipe\/","og_site_name":"Your Thermal insulation material Manufactruer | Kerui Refractory\u00ae Official Website","article_modified_time":"2025-07-04T07:29:41+00:00","og_image":[{"width":660,"height":528,"url":"https:\/\/krceramicfiber.com\/wp-content\/uploads\/2025\/07\/Calcium-Silicate-Insulation-Pipe-kerui.webp","type":"image\/webp"}],"twitter_card":"summary_large_image","twitter_misc":{"Tahmini okuma s\u00fcresi":"2 dakika"},"schema":{"@context":"https:\/\/schema.org","@graph":[{"@type":"WebPage","@id":"https:\/\/krceramicfiber.com\/calcium-silicate-pipe\/","url":"https:\/\/krceramicfiber.com\/calcium-silicate-pipe\/","name":"Calcium\u00a0Silicate\u00a0Insulation Pipe - Your Thermal insulation material Manufactruer | Kerui Refractory\u00ae Official Website","isPartOf":{"@id":"https:\/\/krceramicfiber.com\/#website"},"primaryImageOfPage":{"@id":"https:\/\/krceramicfiber.com\/calcium-silicate-pipe\/#primaryimage"},"image":{"@id":"https:\/\/krceramicfiber.com\/calcium-silicate-pipe\/#primaryimage"},"thumbnailUrl":"https:\/\/krceramicfiber.com\/wp-content\/uploads\/2025\/07\/Calcium-Silicate-Insulation-Pipe-kerui.webp","datePublished":"2024-09-13T09:50:38+00:00","dateModified":"2025-07-04T07:29:41+00:00","description":"Calcium Silicate Insulation Pipe is made of calcium silicate powder by thermoplastic reaction, and then mixed with inorganic fibers to form a kind of insulation material.","breadcrumb":{"@id":"https:\/\/krceramicfiber.com\/calcium-silicate-pipe\/#breadcrumb"},"inLanguage":"tr","potentialAction":[{"@type":"ReadAction","target":["https:\/\/krceramicfiber.com\/calcium-silicate-pipe\/"]}]},{"@type":"ImageObject","inLanguage":"tr","@id":"https:\/\/krceramicfiber.com\/calcium-silicate-pipe\/#primaryimage","url":"https:\/\/krceramicfiber.com\/wp-content\/uploads\/2025\/07\/Calcium-Silicate-Insulation-Pipe-kerui.webp","contentUrl":"https:\/\/krceramicfiber.com\/wp-content\/uploads\/2025\/07\/Calcium-Silicate-Insulation-Pipe-kerui.webp","width":660,"height":528},{"@type":"BreadcrumbList","@id":"https:\/\/krceramicfiber.com\/calcium-silicate-pipe\/#breadcrumb","itemListElement":[{"@type":"ListItem","position":1,"name":"Home","item":"https:\/\/krceramicfiber.com\/"},{"@type":"ListItem","position":2,"name":"Calcium\u00a0Silicate\u00a0Insulation Pipe"}]},{"@type":"WebSite","@id":"https:\/\/krceramicfiber.com\/#website","url":"https:\/\/krceramicfiber.com\/","name":"Is\u0131 Yal\u0131t\u0131m Malzemesi \u00dcreticiniz | Kerui Refractory\u00ae Resmi Web Sitesi","description":"","publisher":{"@id":"https:\/\/krceramicfiber.com\/#organization"},"potentialAction":[{"@type":"SearchAction","target":{"@type":"EntryPoint","urlTemplate":"https:\/\/krceramicfiber.com\/?s={search_term_string}"},"query-input":{"@type":"PropertyValueSpecification","valueRequired":true,"valueName":"search_term_string"}}],"inLanguage":"tr"},{"@type":"Organization","@id":"https:\/\/krceramicfiber.com\/#organization","name":"Is\u0131 Yal\u0131t\u0131m Malzemesi \u00dcreticiniz | Kerui Refractory\u00ae Resmi Web Sitesi","url":"https:\/\/krceramicfiber.com\/","logo":{"@type":"ImageObject","inLanguage":"tr","@id":"https:\/\/krceramicfiber.com\/#\/schema\/logo\/image\/","url":"https:\/\/krceramicfiber.com\/wp-content\/uploads\/2024\/01\/footer-Logo.png","contentUrl":"https:\/\/krceramicfiber.com\/wp-content\/uploads\/2024\/01\/footer-Logo.png","width":282,"height":70,"caption":"Your Thermal insulation material Manufactruer | Kerui Refractory\u00ae Official Website"},"image":{"@id":"https:\/\/krceramicfiber.com\/#\/schema\/logo\/image\/"}}]}},"_links":{"self":[{"href":"https:\/\/krceramicfiber.com\/tr\/wp-json\/wp\/v2\/pages\/54294","targetHints":{"allow":["GET"]}}],"collection":[{"href":"https:\/\/krceramicfiber.com\/tr\/wp-json\/wp\/v2\/pages"}],"about":[{"href":"https:\/\/krceramicfiber.com\/tr\/wp-json\/wp\/v2\/types\/page"}],"author":[{"embeddable":true,"href":"https:\/\/krceramicfiber.com\/tr\/wp-json\/wp\/v2\/users\/1"}],"replies":[{"embeddable":true,"href":"https:\/\/krceramicfiber.com\/tr\/wp-json\/wp\/v2\/comments?post=54294"}],"version-history":[{"count":0,"href":"https:\/\/krceramicfiber.com\/tr\/wp-json\/wp\/v2\/pages\/54294\/revisions"}],"wp:featuredmedia":[{"embeddable":true,"href":"https:\/\/krceramicfiber.com\/tr\/wp-json\/wp\/v2\/media\/55450"}],"wp:attachment":[{"href":"https:\/\/krceramicfiber.com\/tr\/wp-json\/wp\/v2\/media?parent=54294"}],"curies":[{"name":"wp","href":"https:\/\/api.w.org\/{rel}","templated":true}]}}