{"id":54275,"date":"2024-09-13T16:26:54","date_gmt":"2024-09-13T08:26:54","guid":{"rendered":"https:\/\/krceramicfiber.com\/?page_id=925"},"modified":"2025-06-16T10:48:21","modified_gmt":"2025-06-16T02:48:21","slug":"bio-soluble-paper","status":"publish","type":"page","link":"https:\/\/krceramicfiber.com\/tr\/bio-soluble-paper\/","title":{"rendered":"Biyo \u00c7\u00f6z\u00fcn\u00fcr Elyafl\u0131 Ka\u011f\u0131t"},"content":{"rendered":"<div class=\"product_info_bg\">\n<div class=\"page_model product_info\">\n<div class=\"preview\"><img loading=\"lazy\" decoding=\"async\" class=\"aligncenter size-full wp-image-3596\" src=\"https:\/\/krceramicfiber.com\/wp-content\/uploads\/2024\/09\/bio-soluble-fiber-paper.webp\" alt=\"Biyo \u00c7\u00f6z\u00fcn\u00fcr Elyafl\u0131 Ka\u011f\u0131t\" width=\"780\" height=\"639\" \/><\/div>\n<div class=\"info\">\n<h1>Biyo \u00c7\u00f6z\u00fcn\u00fcr Elyafl\u0131 Ka\u011f\u0131t<\/h1>\n<p class=\"profile\">Bio soluble fiber paper is made from alkaline earth silicate wool, with a uniform structure. It has high temperature resistance up to 1,260\u00b0C, low thermal conductivity, and high temperature stability. It&#8217;s also light, smooth, flexible, and easy to handle.<\/p>\n<ul>\n<li>\n<div>1000<\/div>\n<p><small>Service Temperature (\u2103)<\/small><\/li>\n<li>\n<div>180\/200<\/div>\n<p><small>Bulk Density (g\/cm\u00b3)<\/small><\/li>\n<li>\n<div>0.08-0.18<\/div>\n<p><small>Thermal Conductivity Rate (W\/m.k)<\/small><\/li>\n<li>\n<div>610\/1220*0.5-6<\/div>\n<p><small>Standard size(mm) (\u2264)<\/small><\/li>\n<li class=\"authentication\"><img loading=\"lazy\" decoding=\"async\" class=\"alignnone size-full wp-image-676\" src=\"https:\/\/krceramicfiber.com\/wp-content\/uploads\/2024\/09\/CE-min.webp\" alt=\"Kerui kimlik do\u011frulama\" width=\"200\" height=\"55\" \/><\/li>\n<\/ul>\n<p><a class=\"inruiry fancybox\" href=\"#contact_form_pop\">F\u0130YAT AL<\/a><a class=\"email-btn\" href=\"mailto:market@krceramicfiber.com\">e-posta g\u00f6nder<\/a>\n<\/div>\n<\/div>\n<\/div>\n<div class=\"product_model_bg\">\n<div class=\"page_model\">\n<h2 id=\"TechniqueData\">Kerui Bio Soluble Fibre Paper Technical Data Sheet<\/h2>\n<p>\n<table id=\"tablepress-54\" class=\"tablepress tablepress-id-54 tbody-has-connected-cells\">\n<thead>\n<tr class=\"row-1\">\n\t<th colspan=\"2\" class=\"column-1\">Soluble Fiber Products<\/th><th class=\"column-3\">KR-AEF-BF(Bulk)<\/th><th class=\"column-4\">KR-AEF-RB (Blanket)<\/th><th class=\"column-5\">KR-AEF-RM (Module)<\/th><th class=\"column-6\">KR-AEF-RBD(Board)<\/th><th class=\"column-7\">KR-AEF-RP(Paper)<\/th>\n<\/tr>\n<\/thead>\n<tbody class=\"row-striping row-hover\">\n<tr class=\"row-2\">\n\t<td colspan=\"2\" class=\"column-1\">Max\u00b7Service Temperature<\/td><td class=\"column-3\">1000<\/td><td class=\"column-4\">1000<\/td><td class=\"column-5\">1000<\/td><td class=\"column-6\">1000<\/td><td class=\"column-7\">1000<\/td>\n<\/tr>\n<tr class=\"row-3\">\n\t<td colspan=\"2\" class=\"column-1\">\uff08KG\/m3\uff09\u00a0Density<\/td><td class=\"column-3\">-<\/td><td class=\"column-4\">96\/128\/160<\/td><td class=\"column-5\">172\/192\/220<\/td><td class=\"column-6\">250\/280\/300<\/td><td class=\"column-7\">180\/200<\/td>\n<\/tr>\n<tr class=\"row-4\">\n\t<td colspan=\"2\" rowspan=\"2\" class=\"column-1\">(24h)Linear shrinkage\uff08After burning\uff09<\/td><td class=\"column-3\">\u22642.0<\/td><td class=\"column-4\">\u22642.0<\/td><td class=\"column-5\">\u22642.0<\/td><td class=\"column-6\">\u22643.0<\/td><td class=\"column-7\">\u22644.0<\/td>\n<\/tr>\n<tr class=\"row-5\">\n\t<td class=\"column-3\">\uff081000\u2103\uff09<\/td><td class=\"column-4\">\uff081000\u2103\uff09<\/td><td class=\"column-5\">\uff081000\u2103\uff09<\/td><td class=\"column-6\">\uff081000\u2103\uff09<\/td><td class=\"column-7\">\uff081000\u2103)<\/td>\n<\/tr>\n<tr class=\"row-6\">\n\t<td rowspan=\"4\" class=\"column-1\">(W\/m.k)Thermal Conductivity Rate<\/td><td class=\"column-2\">Density<\/td><td class=\"column-3\">90KG\/M3<\/td><td class=\"column-4\">128KG\/M3<\/td><td class=\"column-5\">192KG\/M3<\/td><td class=\"column-6\">300KG\/M3<\/td><td class=\"column-7\">200KG\/M3<\/td>\n<\/tr>\n<tr class=\"row-7\">\n\t<td class=\"column-2\">400\u2103<\/td><td class=\"column-3\">-<\/td><td class=\"column-4\">0.11<\/td><td class=\"column-5\">0.15<\/td><td class=\"column-6\">0.09<\/td><td class=\"column-7\">0.08<\/td>\n<\/tr>\n<tr class=\"row-8\">\n\t<td class=\"column-2\">600\u2103<\/td><td class=\"column-3\">-<\/td><td class=\"column-4\">0.2<\/td><td class=\"column-5\">0.24<\/td><td class=\"column-6\">0.12<\/td><td class=\"column-7\">0.12<\/td>\n<\/tr>\n<tr class=\"row-9\">\n\t<td class=\"column-2\">800\u2103<\/td><td class=\"column-3\">-<\/td><td class=\"column-4\">0.31<\/td><td class=\"column-5\">0.38<\/td><td class=\"column-6\">0.18<\/td><td class=\"column-7\">0.18<\/td>\n<\/tr>\n<tr class=\"row-10\">\n\t<td rowspan=\"4\" class=\"column-1\">Chemical Composition\uff08After burning\uff09<\/td><td class=\"column-2\">SiO2<\/td><td class=\"column-3\">63-70<\/td><td class=\"column-4\">63-70<\/td><td class=\"column-5\">63-70<\/td><td class=\"column-6\">62-68<\/td><td class=\"column-7\">62-68<\/td>\n<\/tr>\n<tr class=\"row-11\">\n\t<td class=\"column-2\">CaO<\/td><td class=\"column-3\">25-30<\/td><td class=\"column-4\">25-30<\/td><td class=\"column-5\">25-30<\/td><td class=\"column-6\">22-28<\/td><td class=\"column-7\">22-28<\/td>\n<\/tr>\n<tr class=\"row-12\">\n\t<td class=\"column-2\">MgO<\/td><td class=\"column-3\">3-8<\/td><td class=\"column-4\">3-8<\/td><td class=\"column-5\">3-8<\/td><td class=\"column-6\">2-6<\/td><td class=\"column-7\">2-6<\/td>\n<\/tr>\n<tr class=\"row-13\">\n\t<td class=\"column-2\">Others<\/td><td class=\"column-3\">\u22642.0<\/td><td class=\"column-4\">\u22642.0<\/td><td class=\"column-5\">\u22642.0<\/td><td class=\"column-6\">\u22643.0<\/td><td class=\"column-7\">\u22643.0<\/td>\n<\/tr>\n<tr class=\"row-14\">\n\t<td colspan=\"2\" class=\"column-1\">\uff08mm\uff09 Standard size<\/td><td class=\"column-3\">20kg\/bag<\/td><td class=\"column-4\">7200\/3600*610*20-50<\/td><td class=\"column-5\">600\/300*150-300<\/td><td class=\"column-6\">1000*600*20-50<\/td><td class=\"column-7\">610\/1220*0.5-6<\/td>\n<\/tr>\n<tr class=\"row-15\">\n\t<td colspan=\"2\" class=\"column-1\">Package<\/td><td colspan=\"2\" class=\"column-3\">Cartons or woven bags<\/td><td colspan=\"2\" class=\"column-5\">Cartons or Pallets<\/td><td class=\"column-7\">Cartons<\/td>\n<\/tr>\n<tr class=\"row-16\">\n\t<td colspan=\"7\" class=\"column-1\">Recommended using temperature: In oxidizing or neutral atmosphere, 100 ~250\u2103 lower than the maximum service temperature, In reductive atmosphere, 200 ~350\u2103 lower than the maximum service temperature.<\/td>\n<\/tr>\n<\/tbody>\n<\/table>\n<!-- #tablepress-54 from cache --><br \/>\n<center><a class=\"fancybox price\" href=\"#contact_form_pop\">F\u0130YAT AL<\/a><\/center><\/p>\n<div class=\"fancybox-hidden\" style=\"display: none;\">\n<div id=\"contact_form_pop\">\n<div class=\"wpcf7 no-js\" id=\"wpcf7-f328-o1\" lang=\"en-US\" dir=\"ltr\" data-wpcf7-id=\"328\">\n<div class=\"screen-reader-response\"><p role=\"status\" aria-live=\"polite\" aria-atomic=\"true\"><\/p> <ul><\/ul><\/div>\n<form action=\"\/tr\/wp-json\/wp\/v2\/pages\/54275#wpcf7-f328-o1\" method=\"post\" class=\"wpcf7-form init\" aria-label=\"\u0130leti\u015fim formu\" novalidate=\"novalidate\" data-status=\"init\" data-trp-original-action=\"\/tr\/wp-json\/wp\/v2\/pages\/54275#wpcf7-f328-o1\">\n<fieldset class=\"hidden-fields-container\"><input type=\"hidden\" name=\"_wpcf7\" value=\"328\" \/><input type=\"hidden\" name=\"_wpcf7_version\" value=\"6.1\" \/><input type=\"hidden\" name=\"_wpcf7_locale\" value=\"en_US\" \/><input type=\"hidden\" name=\"_wpcf7_unit_tag\" value=\"wpcf7-f328-o1\" \/><input type=\"hidden\" name=\"_wpcf7_container_post\" value=\"0\" \/><input type=\"hidden\" name=\"_wpcf7_posted_data_hash\" value=\"\" \/><input type=\"hidden\" name=\"_wpcf7_recaptcha_response\" value=\"\" \/>\n<\/fieldset>\n<div class=\"form-box\" id=\"Contact-Us\">\n\t<div class=\"isleft\">\n\t\t<div class=\"contact-title\">\n\t\t\t<p>Bize Ula\u015f\u0131n\n\t\t\t<\/p>\n\t\t<\/div>\n\t\t<div class=\"contactp\">\n\t\t\t<p>L\u00fctfen soru\u015fturma bilgilerinizi bize g\u00f6ndermekten \u00e7ekinmeyin. En k\u0131sa s\u00fcrede sizinle ileti\u015fime ge\u00e7ece\u011fiz.\n\t\t\t<\/p>\n\t\t<\/div>\n\t\t<ul class=\"contact\">\n\t\t\t<li class=\"email\">\n\t\t\t\t<p><img decoding=\"async\" src=\"https:\/\/krceramicfiber.com\/wp-content\/uploads\/2023\/12\/email.png\" alt=\"\" \/>E-posta:\n\t\t\t\t<\/p>\n\t\t\t\t<p><a href=\"mailto:market@krceramicfiber.com\">market@krceramicfiber.com<\/a>\n\t\t\t\t<\/p>\n\t\t\t<\/li>\n\t\t\t<li class=\"phone\">\n\t\t\t\t<p><img decoding=\"async\" src=\"https:\/\/krceramicfiber.com\/wp-content\/uploads\/2023\/12\/tel.png\" alt=\"\" \/>Telefon\/whatsapp:\n\t\t\t\t<\/p>\n\t\t\t\t<p><a href=\"https:\/\/wa.me\/8619138178880\">+86 19138178880<\/a>\n\t\t\t\t<\/p>\n\t\t\t<\/li>\n\t\t\t<li class=\"location\">\n\t\t\t\t<p><img decoding=\"async\" src=\"https:\/\/krceramicfiber.com\/wp-content\/uploads\/2023\/12\/Location.png\" alt=\"\" \/>\u00dcretim \u00dcss\u00fc:\n\t\t\t\t<\/p>\n\t\t\t\t<p>Chaohua Refrakter Sanayi B\u00f6lgesi,<br \/>\nXinmi \u015eehri, Henan Eyaleti, \u00c7in\n\t\t\t\t<\/p>\n\t\t\t<\/li>\n\t\t<\/ul>\n\t<\/div>\n\t<div class=\"isright\">\n\t\t<ul class=\"contact-input\">\n\t\t\t<li>\n\t\t\t\t<div class=\"islabel\">\n\t\t\t\t\t<p>* \u0130sim:\n\t\t\t\t\t<\/p>\n\t\t\t\t<\/div>\n\t\t\t\t<p><span class=\"wpcf7-form-control-wrap\" data-name=\"your-name\"><input size=\"40\" maxlength=\"400\" class=\"wpcf7-form-control wpcf7-text wpcf7-validates-as-required\" aria-required=\"true\" aria-invalid=\"false\" placeholder=\"\" value=\"\" type=\"text\" name=\"your-name\" \/><\/span>\n\t\t\t\t<\/p>\n\t\t\t<\/li>\n\t\t\t<li>\n\t\t\t\t<div class=\"islabel\">\n\t\t\t\t\t<p>* E-posta:\n\t\t\t\t\t<\/p>\n\t\t\t\t<\/div>\n\t\t\t\t<p><span class=\"wpcf7-form-control-wrap\" data-name=\"your-email\"><input size=\"40\" maxlength=\"400\" class=\"wpcf7-form-control wpcf7-email wpcf7-validates-as-required wpcf7-text wpcf7-validates-as-email\" aria-required=\"true\" aria-invalid=\"false\" placeholder=\"\" value=\"\" type=\"email\" name=\"your-email\" \/><\/span>\n\t\t\t\t<\/p>\n\t\t\t<\/li>\n\t\t\t<li>\n\t\t\t\t<div class=\"islabel\">\n\t\t\t\t\t<p>* Telefon\/Whatsapp:\n\t\t\t\t\t<\/p>\n\t\t\t\t<\/div>\n\t\t\t\t<p><span class=\"wpcf7-form-control-wrap\" data-name=\"your-phone\"><input size=\"40\" maxlength=\"400\" class=\"wpcf7-form-control wpcf7-tel wpcf7-validates-as-required wpcf7-text wpcf7-validates-as-tel\" aria-required=\"true\" aria-invalid=\"false\" placeholder=\"\" value=\"\" type=\"tel\" name=\"your-phone\" \/><\/span>\n\t\t\t\t<\/p>\n\t\t\t<\/li>\n\t\t\t<li>\n\t\t\t\t<div class=\"islabel\">\n\t\t\t\t\t<p>\u00dclke:\n\t\t\t\t\t<\/p>\n\t\t\t\t<\/div>\n\t\t\t\t<p><span class=\"wpcf7-form-control-wrap\" data-name=\"your-country\"><input size=\"40\" maxlength=\"400\" class=\"wpcf7-form-control wpcf7-text\" aria-invalid=\"false\" placeholder=\"\" value=\"\" type=\"text\" name=\"your-country\" \/><\/span>\n\t\t\t\t<\/p>\n\t\t\t<\/li>\n\t\t\t<li class=\"ismassage\">\n\t\t\t\t<div class=\"islabel\">\n\t\t\t\t\t<p>* Mesaj:\n\t\t\t\t\t<\/p>\n\t\t\t\t<\/div>\n\t\t\t\t<p><span class=\"wpcf7-form-control-wrap\" data-name=\"your-msg\"><textarea cols=\"40\" rows=\"10\" maxlength=\"2000\" class=\"wpcf7-form-control wpcf7-textarea wpcf7-validates-as-required\" aria-required=\"true\" aria-invalid=\"false\" name=\"your-msg\"><\/textarea><\/span>\n\t\t\t\t<\/p>\n\t\t\t<\/li>\n\t\t\t<li class=\"wpcf7-btns-box\">\n\t\t\t\t<div class=\"isFileName\">\n\t\t\t\t<\/div>\n\t\t\t\t<div class=\"wpcf7-btns\">\n\t\t\t\t\t<p><input class=\"wpcf7-form-control wpcf7-submit has-spinner\" type=\"submit\" value=\"G\u00d6NDER\" \/>\n\t\t\t\t\t<\/p>\n\t\t\t\t<\/div>\n\t\t\t<\/li>\n\t\t<\/ul>\n\t<\/div>\n<\/div><div class=\"wpcf7-response-output\" aria-hidden=\"true\"><\/div>\n<input type=\"hidden\" name=\"trp-form-language\" value=\"tr\"\/><\/form>\n<\/div>\n<\/div>\n<\/div>\n<\/div>\n<div class=\"product_info_bg\">\n<div class=\"page_model\">\n<h2 id=\"PRODUCTDESCRIPTION\">Biyo \u00c7\u00f6z\u00fcn\u00fcr Elyafl\u0131 Ka\u011f\u0131t<\/h2>\n<p>Bio soluble fibre paper is made from alkaline earth silicate wool, biosoluble paper has an extremely uniform structure. Resistant to continuous operating temperatures up to 1,260 \u00b0C, this product has low thermal conductivity and high temperature stability as well as being light, smooth, flexible and easy to handle.<\/p>\n<div class='content-column one_fourth'><div style=\"padding-right:20px;padding-bottom:10px;\"><div class='content-column full_width'><div style=\"padding:25px 25px 25px 25px;\"><div class=\"tb1\">High fiber content and uniform distribution<\/div><\/div><\/div><\/div><\/div>\n<div class='content-column one_fourth'><div style=\"padding-right:20px;padding-bottom:10px;\"><div class='content-column full_width'><div style=\"padding:25px 25px 25px 25px;\"><div class=\"tb2\">Low thermal conductivity and soft feel<\/div><\/div><\/div><\/div><\/div>\n<div class='content-column one_fourth'><div style=\"padding-right:20px;padding-bottom:10px;\"><div class='content-column full_width'><div style=\"padding:25px 25px 25px 25px;\"><div class=\"tb3\">Hydrophobic and skin-friendly<\/div><\/div><\/div><\/div><\/div>\n<div class='content-column one_fourth last_column'><div style=\"padding-right:20px;padding-bottom:10px;\"><div class='content-column full_width'><div style=\"padding:25px 25px 25px 25px;\"><div class=\"tb4\">Increased fiber density and reduced non-fiber content<\/div><\/div><\/div><\/div><\/div><div class='clear_column'><\/div><\/div>\n<\/div>\n<div class=\"product_model_bg\">\n<div class=\"page_model\">\n<div class=\"pt-cv-wrapper\">Error: View <strong>dfedb221cr<\/strong> may not exist<\/div>\n<\/div>\n<div id=\"INQUIRY\" class=\"page_model\"><p class=\"wpcf7-contact-form-not-found\"><strong>Hata:<\/strong> \u0130leti\u015fim formu bulunamad\u0131.<\/p><\/div>\n<div class=\"page_model\">\n<div class=\"swiper related-products\">\n<div class=\"swiper-wrapper\">\n<div class=\"swiper-slide\"><\/div>\n<\/div>\n<\/div>\n<\/div>\n<\/div>","protected":false},"excerpt":{"rendered":"<p>Bio Soluble Fibre Paper Bio soluble fiber paper is made from alkaline earth silicate wool, &#8230; <a title=\"Biyo \u00c7\u00f6z\u00fcn\u00fcr Elyafl\u0131 Ka\u011f\u0131t\" class=\"read-more\" href=\"https:\/\/krceramicfiber.com\/tr\/bio-soluble-paper\/\" aria-label=\"More on Bio Soluble Fibre Paper\">Read more<\/a><\/p>","protected":false},"author":1,"featured_media":54206,"parent":0,"menu_order":0,"comment_status":"closed","ping_status":"closed","template":"","meta":{"footnotes":""},"class_list":{"0":"post-54275","1":"page","2":"type-page","3":"status-publish","4":"has-post-thumbnail","6":"no-featured-image-padding","7":"resize-featured-image"},"yoast_head":"<!-- This site is optimized with the Yoast SEO plugin v25.3 - https:\/\/yoast.com\/wordpress\/plugins\/seo\/ -->\n<title>Bio Soluble Fibre Paper - Your Thermal insulation material Manufactruer | Kerui Refractory\u00ae Official Website<\/title>\n<meta name=\"description\" content=\"Bio soluble fiber paper is made from alkaline earth silicate wool, with a uniform structure, with high temperature resistance up to 1,260\u00b0C.\" \/>\n<meta name=\"robots\" content=\"index, follow, max-snippet:-1, max-image-preview:large, max-video-preview:-1\" \/>\n<link rel=\"canonical\" href=\"https:\/\/krceramicfiber.com\/tr\/bio-soluble-paper\/\" \/>\n<meta property=\"og:locale\" content=\"tr_TR\" \/>\n<meta property=\"og:type\" content=\"article\" \/>\n<meta property=\"og:title\" content=\"Bio Soluble Fibre Paper - Your Thermal insulation material Manufactruer | Kerui Refractory\u00ae Official Website\" \/>\n<meta property=\"og:description\" content=\"Bio soluble fiber paper is made from alkaline earth silicate wool, with a uniform structure, with high temperature resistance up to 1,260\u00b0C.\" \/>\n<meta property=\"og:url\" content=\"https:\/\/krceramicfiber.com\/tr\/bio-soluble-paper\/\" \/>\n<meta property=\"og:site_name\" content=\"Your Thermal insulation material Manufactruer | Kerui Refractory\u00ae Official Website\" \/>\n<meta property=\"article:modified_time\" content=\"2025-06-16T02:48:21+00:00\" \/>\n<meta property=\"og:image\" content=\"https:\/\/krceramicfiber.com\/wp-content\/uploads\/2024\/09\/bio-soluble-fiber-paper.webp\" \/>\n\t<meta property=\"og:image:width\" content=\"660\" \/>\n\t<meta property=\"og:image:height\" content=\"528\" \/>\n\t<meta property=\"og:image:type\" content=\"image\/webp\" \/>\n<meta name=\"twitter:card\" content=\"summary_large_image\" \/>\n<meta name=\"twitter:label1\" content=\"Tahmini okuma s\u00fcresi\" \/>\n\t<meta name=\"twitter:data1\" content=\"2 dakika\" \/>\n<script type=\"application\/ld+json\" class=\"yoast-schema-graph\">{\"@context\":\"https:\/\/schema.org\",\"@graph\":[{\"@type\":\"WebPage\",\"@id\":\"https:\/\/krceramicfiber.com\/bio-soluble-paper\/\",\"url\":\"https:\/\/krceramicfiber.com\/bio-soluble-paper\/\",\"name\":\"Bio Soluble Fibre Paper - Your Thermal insulation material Manufactruer | Kerui Refractory\u00ae Official Website\",\"isPartOf\":{\"@id\":\"https:\/\/krceramicfiber.com\/#website\"},\"primaryImageOfPage\":{\"@id\":\"https:\/\/krceramicfiber.com\/bio-soluble-paper\/#primaryimage\"},\"image\":{\"@id\":\"https:\/\/krceramicfiber.com\/bio-soluble-paper\/#primaryimage\"},\"thumbnailUrl\":\"https:\/\/krceramicfiber.com\/wp-content\/uploads\/2024\/09\/bio-soluble-fiber-paper.webp\",\"datePublished\":\"2024-09-13T08:26:54+00:00\",\"dateModified\":\"2025-06-16T02:48:21+00:00\",\"description\":\"Bio soluble fiber paper is made from alkaline earth silicate wool, with a uniform structure, with high temperature resistance up to 1,260\u00b0C.\",\"breadcrumb\":{\"@id\":\"https:\/\/krceramicfiber.com\/bio-soluble-paper\/#breadcrumb\"},\"inLanguage\":\"tr\",\"potentialAction\":[{\"@type\":\"ReadAction\",\"target\":[\"https:\/\/krceramicfiber.com\/bio-soluble-paper\/\"]}]},{\"@type\":\"ImageObject\",\"inLanguage\":\"tr\",\"@id\":\"https:\/\/krceramicfiber.com\/bio-soluble-paper\/#primaryimage\",\"url\":\"https:\/\/krceramicfiber.com\/wp-content\/uploads\/2024\/09\/bio-soluble-fiber-paper.webp\",\"contentUrl\":\"https:\/\/krceramicfiber.com\/wp-content\/uploads\/2024\/09\/bio-soluble-fiber-paper.webp\",\"width\":660,\"height\":528,\"caption\":\"bio soluble fiber paper\"},{\"@type\":\"BreadcrumbList\",\"@id\":\"https:\/\/krceramicfiber.com\/bio-soluble-paper\/#breadcrumb\",\"itemListElement\":[{\"@type\":\"ListItem\",\"position\":1,\"name\":\"Home\",\"item\":\"https:\/\/krceramicfiber.com\/\"},{\"@type\":\"ListItem\",\"position\":2,\"name\":\"Bio Soluble Fibre Paper\"}]},{\"@type\":\"WebSite\",\"@id\":\"https:\/\/krceramicfiber.com\/#website\",\"url\":\"https:\/\/krceramicfiber.com\/\",\"name\":\"Your Thermal insulation material Manufactruer | Kerui Refractory\u00ae Official Website\",\"description\":\"\",\"publisher\":{\"@id\":\"https:\/\/krceramicfiber.com\/#organization\"},\"potentialAction\":[{\"@type\":\"SearchAction\",\"target\":{\"@type\":\"EntryPoint\",\"urlTemplate\":\"https:\/\/krceramicfiber.com\/?s={search_term_string}\"},\"query-input\":{\"@type\":\"PropertyValueSpecification\",\"valueRequired\":true,\"valueName\":\"search_term_string\"}}],\"inLanguage\":\"tr\"},{\"@type\":\"Organization\",\"@id\":\"https:\/\/krceramicfiber.com\/#organization\",\"name\":\"Your Thermal insulation material Manufactruer | Kerui Refractory\u00ae Official Website\",\"url\":\"https:\/\/krceramicfiber.com\/\",\"logo\":{\"@type\":\"ImageObject\",\"inLanguage\":\"tr\",\"@id\":\"https:\/\/krceramicfiber.com\/#\/schema\/logo\/image\/\",\"url\":\"https:\/\/krceramicfiber.com\/wp-content\/uploads\/2024\/01\/footer-Logo.png\",\"contentUrl\":\"https:\/\/krceramicfiber.com\/wp-content\/uploads\/2024\/01\/footer-Logo.png\",\"width\":282,\"height\":70,\"caption\":\"Your Thermal insulation material Manufactruer | Kerui Refractory\u00ae Official Website\"},\"image\":{\"@id\":\"https:\/\/krceramicfiber.com\/#\/schema\/logo\/image\/\"}}]}<\/script>\n<!-- \/ Yoast SEO plugin. -->","yoast_head_json":{"title":"Bio Soluble Fibre Paper - Your Thermal insulation material Manufactruer | Kerui Refractory\u00ae Official Website","description":"Bio soluble fiber paper is made from alkaline earth silicate wool, with a uniform structure, with high temperature resistance up to 1,260\u00b0C.","robots":{"index":"index","follow":"follow","max-snippet":"max-snippet:-1","max-image-preview":"max-image-preview:large","max-video-preview":"max-video-preview:-1"},"canonical":"https:\/\/krceramicfiber.com\/tr\/bio-soluble-paper\/","og_locale":"tr_TR","og_type":"article","og_title":"Bio Soluble Fibre Paper - Your Thermal insulation material Manufactruer | Kerui Refractory\u00ae Official Website","og_description":"Bio soluble fiber paper is made from alkaline earth silicate wool, with a uniform structure, with high temperature resistance up to 1,260\u00b0C.","og_url":"https:\/\/krceramicfiber.com\/tr\/bio-soluble-paper\/","og_site_name":"Your Thermal insulation material Manufactruer | Kerui Refractory\u00ae Official Website","article_modified_time":"2025-06-16T02:48:21+00:00","og_image":[{"width":660,"height":528,"url":"https:\/\/krceramicfiber.com\/wp-content\/uploads\/2024\/09\/bio-soluble-fiber-paper.webp","type":"image\/webp"}],"twitter_card":"summary_large_image","twitter_misc":{"Tahmini okuma s\u00fcresi":"2 dakika"},"schema":{"@context":"https:\/\/schema.org","@graph":[{"@type":"WebPage","@id":"https:\/\/krceramicfiber.com\/bio-soluble-paper\/","url":"https:\/\/krceramicfiber.com\/bio-soluble-paper\/","name":"Bio Soluble Fibre Paper - Your Thermal insulation material Manufactruer | Kerui Refractory\u00ae Official Website","isPartOf":{"@id":"https:\/\/krceramicfiber.com\/#website"},"primaryImageOfPage":{"@id":"https:\/\/krceramicfiber.com\/bio-soluble-paper\/#primaryimage"},"image":{"@id":"https:\/\/krceramicfiber.com\/bio-soluble-paper\/#primaryimage"},"thumbnailUrl":"https:\/\/krceramicfiber.com\/wp-content\/uploads\/2024\/09\/bio-soluble-fiber-paper.webp","datePublished":"2024-09-13T08:26:54+00:00","dateModified":"2025-06-16T02:48:21+00:00","description":"Bio soluble fiber paper is made from alkaline earth silicate wool, with a uniform structure, with high temperature resistance up to 1,260\u00b0C.","breadcrumb":{"@id":"https:\/\/krceramicfiber.com\/bio-soluble-paper\/#breadcrumb"},"inLanguage":"tr","potentialAction":[{"@type":"ReadAction","target":["https:\/\/krceramicfiber.com\/bio-soluble-paper\/"]}]},{"@type":"ImageObject","inLanguage":"tr","@id":"https:\/\/krceramicfiber.com\/bio-soluble-paper\/#primaryimage","url":"https:\/\/krceramicfiber.com\/wp-content\/uploads\/2024\/09\/bio-soluble-fiber-paper.webp","contentUrl":"https:\/\/krceramicfiber.com\/wp-content\/uploads\/2024\/09\/bio-soluble-fiber-paper.webp","width":660,"height":528,"caption":"bio soluble fiber paper"},{"@type":"BreadcrumbList","@id":"https:\/\/krceramicfiber.com\/bio-soluble-paper\/#breadcrumb","itemListElement":[{"@type":"ListItem","position":1,"name":"Home","item":"https:\/\/krceramicfiber.com\/"},{"@type":"ListItem","position":2,"name":"Bio Soluble Fibre Paper"}]},{"@type":"WebSite","@id":"https:\/\/krceramicfiber.com\/#website","url":"https:\/\/krceramicfiber.com\/","name":"Is\u0131 Yal\u0131t\u0131m Malzemesi \u00dcreticiniz | Kerui Refractory\u00ae Resmi Web Sitesi","description":"","publisher":{"@id":"https:\/\/krceramicfiber.com\/#organization"},"potentialAction":[{"@type":"SearchAction","target":{"@type":"EntryPoint","urlTemplate":"https:\/\/krceramicfiber.com\/?s={search_term_string}"},"query-input":{"@type":"PropertyValueSpecification","valueRequired":true,"valueName":"search_term_string"}}],"inLanguage":"tr"},{"@type":"Organization","@id":"https:\/\/krceramicfiber.com\/#organization","name":"Is\u0131 Yal\u0131t\u0131m Malzemesi \u00dcreticiniz | Kerui Refractory\u00ae Resmi Web Sitesi","url":"https:\/\/krceramicfiber.com\/","logo":{"@type":"ImageObject","inLanguage":"tr","@id":"https:\/\/krceramicfiber.com\/#\/schema\/logo\/image\/","url":"https:\/\/krceramicfiber.com\/wp-content\/uploads\/2024\/01\/footer-Logo.png","contentUrl":"https:\/\/krceramicfiber.com\/wp-content\/uploads\/2024\/01\/footer-Logo.png","width":282,"height":70,"caption":"Your Thermal insulation material Manufactruer | Kerui Refractory\u00ae Official Website"},"image":{"@id":"https:\/\/krceramicfiber.com\/#\/schema\/logo\/image\/"}}]}},"_links":{"self":[{"href":"https:\/\/krceramicfiber.com\/tr\/wp-json\/wp\/v2\/pages\/54275","targetHints":{"allow":["GET"]}}],"collection":[{"href":"https:\/\/krceramicfiber.com\/tr\/wp-json\/wp\/v2\/pages"}],"about":[{"href":"https:\/\/krceramicfiber.com\/tr\/wp-json\/wp\/v2\/types\/page"}],"author":[{"embeddable":true,"href":"https:\/\/krceramicfiber.com\/tr\/wp-json\/wp\/v2\/users\/1"}],"replies":[{"embeddable":true,"href":"https:\/\/krceramicfiber.com\/tr\/wp-json\/wp\/v2\/comments?post=54275"}],"version-history":[{"count":0,"href":"https:\/\/krceramicfiber.com\/tr\/wp-json\/wp\/v2\/pages\/54275\/revisions"}],"wp:featuredmedia":[{"embeddable":true,"href":"https:\/\/krceramicfiber.com\/tr\/wp-json\/wp\/v2\/media\/54206"}],"wp:attachment":[{"href":"https:\/\/krceramicfiber.com\/tr\/wp-json\/wp\/v2\/media?parent=54275"}],"curies":[{"name":"wp","href":"https:\/\/api.w.org\/{rel}","templated":true}]}}