{"id":37,"date":"2023-06-15T15:55:14","date_gmt":"2023-06-15T07:55:14","guid":{"rendered":"https:\/\/krceramicfiber.com\/?page_id=37"},"modified":"2025-06-16T16:03:27","modified_gmt":"2025-06-16T08:03:27","slug":"kerui-refractory","status":"publish","type":"page","link":"https:\/\/krceramicfiber.com\/tr\/","title":{"rendered":"Kerui Refrakter"},"content":{"rendered":"<div class=\"swiper home-banner\">\n<div class=\"swiper-wrapper\">\n<div class=\"swiper-slide\">\n<div class=\"banner-swiper\">\n<div class=\"grid-container\">\n<div class=\"banner-text\">\n<div class=\"banner-t1\">K\u00fcresel y\u00fcksek s\u0131cakl\u0131k end\u00fcstrisine hizmet<\/div>\n<div class=\"banner-t2\">\n<div>Seramik Elyaf Battaniye<\/div>\n<div>Seramik Elyaf Levha<\/div>\n<div>Seramik Elyaf Mod\u00fcl\u00fc<\/div>\n<\/div>\n<\/div>\n<\/div>\n<\/div>\n<\/div>\n<div class=\"swiper-slide\">\n<div class=\"banner-swiper\">\n<div class=\"grid-container\">\n<div class=\"banner-text\">\n<div class=\"banner-t1\">Mukavemet yal\u0131t\u0131m malzemesi \u00fcreticisi<\/div>\n<div class=\"banner-t2\">\n<div>\u00d6zelle\u015ftirilebilir \u00fcr\u00fcnler ve \u00e7\u00f6z\u00fcmler<\/div>\n<div>Numune testi mevcuttur<\/div>\n<div>Uygun Fiyat<\/div>\n<\/div>\n<\/div>\n<\/div>\n<\/div>\n<\/div>\n<div class=\"swiper-slide\">\n<div class=\"banner-swiper\">\n<div class=\"grid-container\">\n<div class=\"banner-text\">\n<div class=\"banner-t1\">Yayg\u0131n kullan\u0131m ve basit yap\u0131<\/div>\n<div class=\"banner-t2\">\n<div>Metalurji end\u00fcstrisi<\/div>\n<div>Demir d\u0131\u015f\u0131 metal end\u00fcstrisi<\/div>\n<div>Seramik end\u00fcstrisi<\/div>\n<div>Daha fazla<\/div>\n<\/div>\n<\/div>\n<\/div>\n<\/div>\n<\/div>\n<\/div>\n<\/div>\n<div class=\"home-banner-navigation\">\n<div class=\"button-prev\"><\/div>\n<div class=\"button-next\"><\/div>\n<\/div>\n<div class=\"home-aboutUS\">\n<div class=\"grid-container\">\n<div class=\"isright wow fadeInRight\" data-wow-delay=\"0.1s\">\n<div class=\"home-t1\">Kerui Refrakter<\/div>\n<div class=\"t1-1\">Fabrika Do\u011frudan Sat\u0131\u015f, Arac\u0131 Fiyat Fark\u0131 Yok.<\/div>\n<div class=\"t2\">Kerui Refrakter, \u00c7in'in en b\u00fcy\u00fck refrakter sanayi b\u00f6lgesinde yer almaktad\u0131r: Chaohua Kasabas\u0131, Xinmi \u015eehri, Henan Eyaleti Kerui Refrakter, birinci s\u0131n\u0131f \u00e7\u00f6z\u00fcmler sunmaya \u00e7al\u0131\u015fmaktad\u0131r.<br \/>\nve demir-\u00e7elik, al\u00fcminyum, enerji, cam, kazan, demir d\u0131\u015f\u0131, \u00e7imento end\u00fcstrisi vb. dahil olmak \u00fczere d\u00fcnya \u00e7ap\u0131nda y\u00fcksek s\u0131cakl\u0131k end\u00fcstrileri i\u00e7in hizmet vermektedir. \u00d6ncelikli hedefimiz<br \/>\ny\u00fcksek s\u0131cakl\u0131klarda g\u00fcvenli ve verimli bir \u015fekilde \u00e7al\u0131\u015fmalar\u0131 i\u00e7in gerekli malzeme ve deste\u011fi sa\u011flayarak bu end\u00fcstrilerin ba\u015far\u0131s\u0131n\u0131 ve refah\u0131n\u0131 m\u00fcmk\u00fcn k\u0131lmaktad\u0131r.<\/div>\n<div class=\"isleft wow fadeInLeft\"><img decoding=\"async\" src=\"https:\/\/krceramicfiber.com\/wp-content\/uploads\/2024\/09\/kerui-factory-view.webp\" alt=\"\" \/><\/div>\n<\/div>\n<\/div>\n<\/div>\n<div class=\"home-why\">\n<div class=\"iscontain\">\n<div class=\"home-t1 wow fadeInUp\">Kerui \u00dcr\u00fcn<\/div>\n<p class=\"isdes wow fadeInUp\" data-wow-delay=\"0.1s\">Seramik Elyaf Serisi, Al\u00fcminyum silikat Serisi, Kalsiyum silikat Serisi, Aerojel Serisi, Poli\u00fcretan Serisi, Magnezyum Serisi,<br \/>\nMineral Elyaf, Sandvi\u00e7 Paneller<\/p>\n<div class=\"swiper home-why-swiper\">\n<div class=\"swiper-wrapper\">\n<div class=\"swiper-slide wow fadeInUp\" data-wow-delay=\"0.2s\">\n<div class=\"cover\"><a href=\"https:\/\/krceramicfiber.com\/tr\/ceramic-fiber-products\/\" target=\"_blank\" rel=\"noopener\"><img loading=\"lazy\" decoding=\"async\" class=\"alignnone\" src=\"https:\/\/krceramicfiber.com\/wp-content\/uploads\/2024\/09\/Ceramic-Fiber-.jpg\" alt=\"Seramik Elyaf Serisi\" width=\"410\" height=\"210\" \/><\/a><\/div>\n<div class=\"t1\"><a href=\"https:\/\/krceramicfiber.com\/tr\/ceramic-fiber-products\/\" target=\"_blank\" rel=\"noopener\">Seramik Elyaf Serisi<\/a><\/div>\n<p>Seramik Elyaf Battaniye.<br \/>\nSeramik Elyaf Levha.<br \/>\nSeramik Elyaf Mod\u00fcl\u00fc.<br \/>\nSeramik Elyaf Halat...<\/p>\n<\/div>\n<div class=\"swiper-slide wow fadeInUp\" data-wow-delay=\"0.3s\">\n<div class=\"cover\"><a href=\"https:\/\/krceramicfiber.com\/tr\/products\/#Calcium%20Silicate%20Products\" target=\"_blank\" rel=\"noopener\"><img loading=\"lazy\" decoding=\"async\" class=\"alignnone\" src=\"https:\/\/krceramicfiber.com\/wp-content\/uploads\/2024\/09\/Calcium-silicate-Series.jpg\" alt=\"Kalsiyum Silikat Serisi\" width=\"410\" height=\"210\" \/><\/a><\/div>\n<div class=\"t1\"><a href=\"https:\/\/krceramicfiber.com\/tr\/products\/#Calcium%20Silicate%20Products\" target=\"_blank\" rel=\"noopener\">Kalsiyum Silikat Serisi<\/a><\/div>\n<p>Kalsiyum Silikat Levha.<br \/>\nKalsiyum silikat boru.<br \/>\n\u0130norganik \u00f6n kaplamal\u0131 levhalar...<\/p>\n<\/div>\n<div class=\"swiper-slide wow fadeInUp\" data-wow-delay=\"0.4s\">\n<div class=\"cover\"><a href=\"https:\/\/krceramicfiber.com\/tr\/products\/#Sandwich%20Panel%20Products\" target=\"_blank\" rel=\"noopener\"><img loading=\"lazy\" decoding=\"async\" class=\"alignnone\" src=\"https:\/\/krceramicfiber.com\/wp-content\/uploads\/2024\/09\/Sandwich-Panel.jpg\" alt=\"Sandvi\u00e7 Panel\" width=\"410\" height=\"210\" \/><\/a><\/div>\n<div class=\"t1\"><a href=\"https:\/\/krceramicfiber.com\/tr\/products\/#Sandwich%20Panel%20Products\" target=\"_blank\" rel=\"noopener\">Sandvi\u00e7 Panel Serisi<\/a><\/div>\n<p>Geni\u015fletilmi\u015f Polistiren Levha.<br \/>\nGPS Sandvi\u00e7 Panel.<br \/>\nKalsiyum Silikat Sandvi\u00e7 Panel...<\/p>\n<\/div>\n<div class=\"swiper-slide wow fadeInUp\" data-wow-delay=\"0.5s\">\n<div class=\"cover\"><a href=\"https:\/\/krceramicfiber.com\/tr\/products\/#Bio%20Soluble%20Fiber%20Products\" target=\"_blank\" rel=\"noopener\"><img loading=\"lazy\" decoding=\"async\" class=\"alignnone\" src=\"https:\/\/krceramicfiber.com\/wp-content\/uploads\/2024\/09\/Soluble-fibre.jpg\" alt=\"Biyo \u00c7\u00f6z\u00fcn\u00fcr Lif\" width=\"410\" height=\"210\" \/><\/a><\/div>\n<div class=\"t1\"><a href=\"https:\/\/krceramicfiber.com\/tr\/products\/#Bio%20Soluble%20Fiber%20Products\" target=\"_blank\" rel=\"noopener\">Biyo \u00c7\u00f6z\u00fcn\u00fcr Lif<\/a><\/div>\n<p>Bio \u00c7\u00f6z\u00fcn\u00fcr Lif Battaniyesi.<br \/>\nBiyolojik \u00c7\u00f6z\u00fcn\u00fcr Lif Levhas\u0131.<br \/>\nBiyolojik \u00c7\u00f6z\u00fcn\u00fcr Lif Mod\u00fcl\u00fc.<br \/>\nBiyolojik \u00e7\u00f6z\u00fcn\u00fcr lifli ka\u011f\u0131t...<\/p>\n<\/div>\n<div class=\"swiper-slide wow fadeInUp\" data-wow-delay=\"0.6s\">\n<div class=\"cover\"><a href=\"https:\/\/krceramicfiber.com\/tr\/products\/#Polyurethane%20Insulation%20Products\" target=\"_blank\" rel=\"noopener\"><img loading=\"lazy\" decoding=\"async\" class=\"alignnone\" src=\"https:\/\/krceramicfiber.com\/wp-content\/uploads\/2024\/09\/High-performance-polyurethane-foam.jpg\" alt=\"Y\u00fcksek performansl\u0131 Poli\u00fcretan K\u00f6p\u00fck\" width=\"410\" height=\"210\" \/><\/a><\/div>\n<div class=\"t1\"><a href=\"https:\/\/krceramicfiber.com\/tr\/products\/#Polyurethane%20Insulation%20Products\" target=\"_blank\" rel=\"noopener\">Poli\u00fcretan K\u00f6p\u00fck Serisi<\/a><\/div>\n<p>HPPU Y\u00fcksek Performansl\u0131 Poli\u00fcretan K\u00f6p\u00fck.<br \/>\nPIR Poliizosiyan\u00fcrat K\u00f6p\u00fck.<br \/>\nSprey Poli\u00fcretan K\u00f6p\u00fck.<br \/>\nPoli\u00fcretan Sandvi\u00e7 Panel...<\/p>\n<\/div>\n<div class=\"swiper-slide wow fadeInUp\" data-wow-delay=\"0.7s\">\n<div class=\"cover\"><a href=\"https:\/\/krceramicfiber.com\/tr\/products\/#Magnesium%20Insulation%20Products\" target=\"_blank\" rel=\"noopener\"><img loading=\"lazy\" decoding=\"async\" class=\"alignnone\" src=\"https:\/\/krceramicfiber.com\/wp-content\/uploads\/2024\/09\/magnesium-board.jpg\" alt=\"Magnezyum Levha\" width=\"410\" height=\"210\" \/><\/a><\/div>\n<div class=\"t1\"><a href=\"https:\/\/krceramicfiber.com\/tr\/products\/#Magnesium%20Insulation%20Products\" target=\"_blank\" rel=\"noopener\">Magnezyum Levha<\/a><\/div>\n<p>Cam Magnezyum Levha.<br \/>\nMagnezyum Yanmaz Levha.<br \/>\nMagnezyum Kompozit Sandvi\u00e7 Panel...<\/p>\n<\/div>\n<div class=\"swiper-slide wow fadeInUp\" data-wow-delay=\"0.8s\">\n<div class=\"cover\"><a href=\"https:\/\/krceramicfiber.com\/tr\/products\/#Aerogel%20Insulation%20Products\" target=\"_blank\" rel=\"noopener\"><img decoding=\"async\" src=\"https:\/\/krceramicfiber.com\/wp-content\/uploads\/2024\/09\/Aerogel-Sandwich-Panel.jpg\" alt=\"Magnezyum Levha\" \/><\/a><\/div>\n<div class=\"t1\"><a href=\"https:\/\/krceramicfiber.com\/tr\/products\/#Aerogel%20Insulation%20Products\" target=\"_blank\" rel=\"noopener\">Aerojel Yal\u0131t\u0131m Serisi<\/a><\/div>\n<p>Aerojel Sandvi\u00e7 Panel.<br \/>\nAerojel Yal\u0131t\u0131m Ke\u00e7esi.<br \/>\nAerojel Yal\u0131t\u0131m Levhas\u0131.<br \/>\nNano Is\u0131 Yal\u0131t\u0131m Ke\u00e7esi.<br \/>\nNano Is\u0131 Yal\u0131t\u0131m Levhas\u0131...<\/p>\n<\/div>\n<\/div>\n<div class=\"home-why-swiper-pagination swiper-pagination\"><\/div>\n<\/div>\n<\/div>\n<\/div>\n<div class=\"home-material\">\n<div class=\"title-box\">\n<div class=\"home-t1 wow fadeInUp\">Uygulama<\/div>\n<div class=\"t2 wow fadeInUp\" data-wow-delay=\"0.1s\">\u00c7e\u015fitli Sekt\u00f6rlerde Kullan\u0131lmaktad\u0131r<\/div>\n<\/div>\n<div class=\"iscontain\">\n<ul class=\"islist\">\n<li class=\"wow fadeInUp\" data-wow-delay=\"0.2s\">\u00c7elik End\u00fcstrisi<\/li>\n<li class=\"wow fadeInUp\" data-wow-delay=\"0.3s\">Cam End\u00fcstrisi<\/li>\n<li class=\"wow fadeInUp\" data-wow-delay=\"0.4s\">Seramik End\u00fcstrisi<\/li>\n<li class=\"wow fadeInUp\" data-wow-delay=\"0.5s\">\u00c7imento End\u00fcstrisi<\/li>\n<li class=\"wow fadeInUp\" data-wow-delay=\"0.6s\">Enerji End\u00fcstrisi<\/li>\n<li class=\"wow fadeInUp\" data-wow-delay=\"0.7s\">Metalurji End\u00fcstrisi<\/li>\n<\/ul>\n<\/div>\n<\/div>\n<div class=\"about-world\">\n<div class=\"iscontain\">\n<div class=\"isleft\">\n<div class=\"about-world-title\">KERUI'NIN T\u00dcM D\u00dcNYADAKI A\u011eI<\/div>\n<ul class=\"isdata\">\n<li>\n<div class=\"t1\">500<\/div>\n<p class=\"t2\">K\u0131talar<\/p>\n<\/li>\n<li>\n<div class=\"t1\">1700<sub>+<\/sub><\/div>\n<p class=\"t2\">Ba\u015far\u0131l\u0131 Vakalar<\/p>\n<\/li>\n<li>\n<div class=\"t1\">4500<sub>+<\/sub><\/div>\n<p class=\"t2\">M\u00fc\u015fteriler<\/p>\n<\/li>\n<\/ul>\n<p>Kerui Refrakter, \u00c7in anakaras\u0131n\u0131n yan\u0131 s\u0131ra Asya, Avrupa, Kuzey Amerika, G\u00fcney Amerika, Afrika ve Okyanusya dahil olmak \u00fczere d\u00fcnyan\u0131n 6 k\u0131tas\u0131nda 50'den fazla \u00fclke ve b\u00f6lgeye \u00fcr\u00fcn ihra\u00e7 etmi\u015ftir. D\u00fcnyan\u0131n her yerindeki m\u00fc\u015fterilerimizden takdir ve y\u00fcksek \u00f6vg\u00fc ald\u0131k ve s\u00fcrekli olarak m\u00fc\u015fterilerin iade sipari\u015flerini ve y\u00f6nlendirmelerini al\u0131yoruz.<\/p>\n<\/div>\n<div class=\"isright\"><img loading=\"lazy\" decoding=\"async\" class=\"alignnone size-full wp-image-15950\" src=\"https:\/\/krceramicfiber.com\/wp-content\/uploads\/2024\/09\/kerui-about-us-map.webp\" alt=\"kerui hakkimizda hari\u0307ta\" width=\"974\" height=\"494\" \/><\/div>\n<\/div>\n<\/div>\n<div class=\"home-customer-feedback\">\n<div class=\"home-t1\">M\u00dc\u015eTERI GERI BILDIRIMI<\/div>\n<div class=\"grid-container\">\n<div class=\"isleft\"><img decoding=\"async\" src=\"https:\/\/krceramicfiber.com\/wp-content\/uploads\/2024\/09\/customer.webp\" alt=\"\" \/><\/div>\n<div class=\"swiper home-feedback-swiper\">\n<div class=\"swiper-wrapper\">\n<div class=\"swiper-slide\">\n<div class=\"istext\">\"Kerui ile ilk kez i\u015fbirli\u011fi yap\u0131yorum. Sorgulamadan sat\u0131\u015f sonras\u0131 hizmete kadar Kerui bana m\u00fckemmel bir deneyim ya\u015fatt\u0131. Sat\u0131\u015f \u00f6ncesi dan\u0131\u015fmanl\u0131k i\u00e7in profesyonel m\u00fc\u015fteri hizmetleri vard\u0131; sat\u0131\u015f s\u0131ras\u0131nda takip etmek ve programlar\u0131 derhal sa\u011flamak i\u00e7in bir i\u015fletme m\u00fcd\u00fcr\u00fc vard\u0131. Sat\u0131\u015f sonras\u0131 teknik ekip, in\u015faat ve servis konusunda rehberlik edecek. Sonu\u00e7 olarak, \u00e7ok memnunum ve Kerui ile i\u015fbirli\u011fi yapmaya devam edece\u011fim.\"<\/div>\n<div class=\"isuser\">\n<div class=\"isname\">Jo\u00e3o<\/div>\n<div class=\"iscontry\">Brezilya'dan ilk kez m\u00fc\u015fteri<\/div>\n<\/div>\n<\/div>\n<div class=\"swiper-slide\">\n<div class=\"istext\">\"Bizimle bir\u00e7ok kez i\u015fbirli\u011fi yapm\u0131\u015f bir m\u00fc\u015fteri olarak Kerui'nin hizmet ve \u00fcr\u00fcn kalitesinden \u00e7ok memnunum. Profesyonel ve g\u00fcvenilirler, \u00fcr\u00fcnleri dayan\u0131kl\u0131 ve g\u00fcvenilir ve her zaman ihtiya\u00e7lar\u0131m\u0131z\u0131 kar\u015f\u0131l\u0131yor. Ekipleri g\u00fcler y\u00fczl\u00fc, profesyonel ve her zaman m\u00fc\u015fteri odakl\u0131. Teslimat zaman\u0131nda yap\u0131ld\u0131, ileti\u015fim zaman\u0131nda yap\u0131ld\u0131 ve i\u015fbirli\u011fi ho\u015ftu. Kerui bir ortak olarak \u015fiddetle tavsiye edilir. \"<\/div>\n<div class=\"isuser\">\n<div class=\"isname\">Georgy<\/div>\n<div class=\"iscontry\">Rusya'dan \u00e7elik end\u00fcstrisi m\u00fc\u015fterileri<\/div>\n<\/div>\n<\/div>\n<div class=\"swiper-slide\">\n<div class=\"istext\">\"Refrakter Malzemeler \u015eirketini bana tavsiye etti\u011fi i\u00e7in arkada\u015f\u0131m Wayan'a \u00e7ok te\u015fekk\u00fcr ederim. Beklentilerimi a\u015ft\u0131klar\u0131n\u0131 s\u00f6ylemeliyim. Kerui taraf\u0131ndan sa\u011flanan \u00fcr\u00fcn ve hizmetlerin kalitesi ola\u011fan\u00fcst\u00fc. Profesyonel ekipleri m\u00fc\u015fterilere ki\u015fiselle\u015ftirilmi\u015f \u00e7\u00f6z\u00fcmler sunuyor ve zaman\u0131nda teslimatta \u00fcst\u00fcnl\u00fck sa\u011fl\u0131yor. \u0130leti\u015fim ve koordinasyon becerileri birlikte \u00e7al\u0131\u015fmay\u0131 kolay ve keyifli hale getiriyor. Refrakter \u015eirketini herkese \u015fiddetle tavsiye ediyorum. \"<\/div>\n<div class=\"isuser\">\n<div class=\"isname\">Budi<\/div>\n<div class=\"iscontry\">Endonezya'dan 5 y\u0131ll\u0131k uzun vadeli m\u00fc\u015fteri<\/div>\n<\/div>\n<\/div>\n<div class=\"swiper-slide\">\n<div class=\"istext\">\"Kerui'yi tan\u0131d\u0131\u011f\u0131m i\u00e7in \u00e7ok \u015fansl\u0131y\u0131m. Kerui sadece rekabet\u00e7i fiyatlarla kalite garantili refrakter \u00fcr\u00fcnler sa\u011flamakla kalmaz, ayn\u0131 zamanda in\u015faat \u00e7\u00f6z\u00fcmleri sa\u011flamak i\u00e7in profesyonel m\u00fchendislere de sahiptir. Kerui'yi g\u00fcven nedeniyle tekrar tekrar se\u00e7tim, aksi takdirde Kerui Refrakter \u015eirketini arkada\u015flar\u0131ma da tavsiye edece\u011fim. Kerui refrakter sekt\u00f6r\u00fcnde en iyi se\u00e7imdir.\"<\/div>\n<div class=\"isuser\">\n<div class=\"isname\">Budiharto<\/div>\n<div class=\"iscontry\">10 y\u0131ll\u0131k uzun vadeli m\u00fc\u015fteriler Malezya'dan<\/div>\n<\/div>\n<\/div>\n<div class=\"swiper-slide\">\n<div class=\"istext\">\"Bize profesyonel \u00e7\u00f6z\u00fcmler sundu\u011fu i\u00e7in Kerui Refrakter'e minnettar\u0131z. Elektrikli f\u0131r\u0131nlarda kulland\u0131\u011f\u0131m\u0131z refrakter tu\u011flalar \u00e7ok kaliteli ve \u00e7ok dayan\u0131kl\u0131. Kerui bize sadece y\u00fcksek kaliteli \u00fcr\u00fcnler sunmakla kalm\u0131yor, ayn\u0131 zamanda makul in\u015faat planlar\u0131 sunarak in\u015faat s\u00fcremizden tasarruf etmemizi sa\u011fl\u0131yor. Gelecekte daha fazla i\u015fbirli\u011fi f\u0131rsat\u0131n\u0131 d\u00f6rt g\u00f6zle bekliyoruz.\"<\/div>\n<div class=\"isuser\">\n<div class=\"isname\">Anuman<\/div>\n<div class=\"iscontry\">Tayland'dan 4 kez yeniden sat\u0131n alan d\u00fczenli m\u00fc\u015fteriler<\/div>\n<\/div>\n<\/div>\n<div class=\"swiper-slide\">\n<div class=\"istext\">\"Ge\u00e7en sefer fabrikan\u0131z\u0131 ziyaret etti\u011fimde, fabrikan\u0131n \u00f6l\u00e7e\u011finin b\u00fcy\u00fck, \u00fcretim s\u00fcrecinin eksiksiz, \u00fcretim teknolojisinin m\u00fckemmel ve \u00fcr\u00fcn kalitesinin m\u00fckemmel oldu\u011funu hissettim. Teknik personele de in\u015faat rehberli\u011fi i\u00e7in te\u015fekk\u00fcr ederim. Sa\u011flad\u0131\u011f\u0131n\u0131z yal\u0131t\u0131m malzemeleri f\u0131r\u0131nlar\u0131m\u0131z i\u00e7in tamamen uygundur.\"<\/div>\n<div class=\"isuser\">\n<div class=\"isname\">\u0130talya - Romeo<\/div>\n<div class=\"iscontry\">D\u00fczenli olarak 3 kez yeniden sat\u0131n alan m\u00fc\u015fteriler<\/div>\n<\/div>\n<\/div>\n<\/div>\n<div class=\"swiper-button-prev home-feedback-button-prev\"><\/div>\n<div class=\"swiper-button-next home-feedback-button-next\"><\/div>\n<\/div>\n<\/div>\n<\/div>","protected":false},"excerpt":{"rendered":"<p>Serving the global high-temp industry Ceramic Fiber Blanket Ceramic Fiber Board Ceramic Fiber Module Strength &#8230; <a title=\"Kerui Refrakter\" class=\"read-more\" href=\"https:\/\/krceramicfiber.com\/tr\/\" aria-label=\"More on Kerui Refractory\">Read more<\/a><\/p>","protected":false},"author":1,"featured_media":0,"parent":0,"menu_order":0,"comment_status":"closed","ping_status":"closed","template":"","meta":{"footnotes":""},"class_list":{"0":"post-37","1":"page","2":"type-page","3":"status-publish","5":"no-featured-image-padding"},"yoast_head":"<!-- This site is optimized with the Yoast SEO plugin v25.3 - https:\/\/yoast.com\/wordpress\/plugins\/seo\/ -->\n<title>Kerui Refractory - Your Thermal insulation material Manufactruer | Kerui Refractory\u00ae Official Website<\/title>\n<meta name=\"description\" content=\"KERUI Refractory Supply Ceramic Fiber Blanket | Ceramic Fiber Products | Calcium Silicate Board | Sandwich Panel | Aerogel Insulation etc, any requirement please contact with us.\" \/>\n<meta name=\"robots\" content=\"index, follow, max-snippet:-1, max-image-preview:large, max-video-preview:-1\" \/>\n<link rel=\"canonical\" href=\"https:\/\/krceramicfiber.com\/tr\/\" \/>\n<meta property=\"og:locale\" content=\"tr_TR\" \/>\n<meta property=\"og:type\" content=\"article\" \/>\n<meta property=\"og:title\" content=\"Kerui Refractory - Your Thermal insulation material Manufactruer | Kerui Refractory\u00ae Official Website\" \/>\n<meta property=\"og:description\" content=\"KERUI Refractory Supply Ceramic Fiber Blanket | Ceramic Fiber Products | Calcium Silicate Board | Sandwich Panel | Aerogel Insulation etc, any requirement please contact with us.\" \/>\n<meta property=\"og:url\" content=\"https:\/\/krceramicfiber.com\/tr\/\" \/>\n<meta property=\"og:site_name\" content=\"Your Thermal insulation material Manufactruer | Kerui Refractory\u00ae Official Website\" \/>\n<meta property=\"article:modified_time\" content=\"2025-06-16T08:03:27+00:00\" \/>\n<meta property=\"og:image\" content=\"https:\/\/krceramicfiber.com\/wp-content\/uploads\/2024\/09\/kerui-factory-view.webp\" \/>\n<meta name=\"twitter:card\" content=\"summary_large_image\" \/>\n<meta name=\"twitter:label1\" content=\"Tahmini okuma s\u00fcresi\" \/>\n\t<meta name=\"twitter:data1\" content=\"6 dakika\" \/>\n<script type=\"application\/ld+json\" class=\"yoast-schema-graph\">{\"@context\":\"https:\/\/schema.org\",\"@graph\":[{\"@type\":\"WebPage\",\"@id\":\"https:\/\/krceramicfiber.com\/\",\"url\":\"https:\/\/krceramicfiber.com\/\",\"name\":\"Kerui Refractory - Your Thermal insulation material Manufactruer | Kerui Refractory\u00ae Official Website\",\"isPartOf\":{\"@id\":\"https:\/\/krceramicfiber.com\/#website\"},\"primaryImageOfPage\":{\"@id\":\"https:\/\/krceramicfiber.com\/#primaryimage\"},\"image\":{\"@id\":\"https:\/\/krceramicfiber.com\/#primaryimage\"},\"thumbnailUrl\":\"https:\/\/krceramicfiber.com\/wp-content\/uploads\/2024\/09\/kerui-factory-view.webp\",\"datePublished\":\"2023-06-15T07:55:14+00:00\",\"dateModified\":\"2025-06-16T08:03:27+00:00\",\"description\":\"KERUI Refractory Supply Ceramic Fiber Blanket | Ceramic Fiber Products | Calcium Silicate Board | Sandwich Panel | Aerogel Insulation etc, any requirement please contact with us.\",\"breadcrumb\":{\"@id\":\"https:\/\/krceramicfiber.com\/#breadcrumb\"},\"inLanguage\":\"tr\",\"potentialAction\":[{\"@type\":\"ReadAction\",\"target\":[\"https:\/\/krceramicfiber.com\/\"]}]},{\"@type\":\"ImageObject\",\"inLanguage\":\"tr\",\"@id\":\"https:\/\/krceramicfiber.com\/#primaryimage\",\"url\":\"https:\/\/krceramicfiber.com\/wp-content\/uploads\/2024\/09\/kerui-factory-view.webp\",\"contentUrl\":\"https:\/\/krceramicfiber.com\/wp-content\/uploads\/2024\/09\/kerui-factory-view.webp\"},{\"@type\":\"BreadcrumbList\",\"@id\":\"https:\/\/krceramicfiber.com\/#breadcrumb\",\"itemListElement\":[{\"@type\":\"ListItem\",\"position\":1,\"name\":\"Home\",\"item\":\"https:\/\/krceramicfiber.com\/\"},{\"@type\":\"ListItem\",\"position\":2,\"name\":\"Kerui Refractory\"}]},{\"@type\":\"WebSite\",\"@id\":\"https:\/\/krceramicfiber.com\/#website\",\"url\":\"https:\/\/krceramicfiber.com\/\",\"name\":\"Your Thermal insulation material Manufactruer | Kerui Refractory\u00ae Official Website\",\"description\":\"\",\"publisher\":{\"@id\":\"https:\/\/krceramicfiber.com\/#organization\"},\"potentialAction\":[{\"@type\":\"SearchAction\",\"target\":{\"@type\":\"EntryPoint\",\"urlTemplate\":\"https:\/\/krceramicfiber.com\/?s={search_term_string}\"},\"query-input\":{\"@type\":\"PropertyValueSpecification\",\"valueRequired\":true,\"valueName\":\"search_term_string\"}}],\"inLanguage\":\"tr\"},{\"@type\":\"Organization\",\"@id\":\"https:\/\/krceramicfiber.com\/#organization\",\"name\":\"Your Thermal insulation material Manufactruer | Kerui Refractory\u00ae Official Website\",\"url\":\"https:\/\/krceramicfiber.com\/\",\"logo\":{\"@type\":\"ImageObject\",\"inLanguage\":\"tr\",\"@id\":\"https:\/\/krceramicfiber.com\/#\/schema\/logo\/image\/\",\"url\":\"https:\/\/krceramicfiber.com\/wp-content\/uploads\/2024\/01\/footer-Logo.png\",\"contentUrl\":\"https:\/\/krceramicfiber.com\/wp-content\/uploads\/2024\/01\/footer-Logo.png\",\"width\":282,\"height\":70,\"caption\":\"Your Thermal insulation material Manufactruer | Kerui Refractory\u00ae Official Website\"},\"image\":{\"@id\":\"https:\/\/krceramicfiber.com\/#\/schema\/logo\/image\/\"}}]}<\/script>\n<!-- \/ Yoast SEO plugin. -->","yoast_head_json":{"title":"Kerui Refrakter - Is\u0131 Yal\u0131t\u0131m Malzemesi \u00dcreticiniz | Kerui Refrakter\u00ae Resmi Web Sitesi","description":"KERUI Refrakter Tedarik Seramik Elyaf Battaniye | Seramik Elyaf \u00dcr\u00fcnleri | Kalsiyum Silikat Levha | Sandvi\u00e7 Panel | Aerojel \u0130zolasyon vb, herhangi bir gereksinim l\u00fctfen bizimle ileti\u015fime ge\u00e7in.","robots":{"index":"index","follow":"follow","max-snippet":"max-snippet:-1","max-image-preview":"max-image-preview:large","max-video-preview":"max-video-preview:-1"},"canonical":"https:\/\/krceramicfiber.com\/tr\/","og_locale":"tr_TR","og_type":"article","og_title":"Kerui Refractory - Your Thermal insulation material Manufactruer | Kerui Refractory\u00ae Official Website","og_description":"KERUI Refractory Supply Ceramic Fiber Blanket | Ceramic Fiber Products | Calcium Silicate Board | Sandwich Panel | Aerogel Insulation etc, any requirement please contact with us.","og_url":"https:\/\/krceramicfiber.com\/tr\/","og_site_name":"Your Thermal insulation material Manufactruer | Kerui Refractory\u00ae Official Website","article_modified_time":"2025-06-16T08:03:27+00:00","og_image":[{"url":"https:\/\/krceramicfiber.com\/wp-content\/uploads\/2024\/09\/kerui-factory-view.webp","type":"","width":"","height":""}],"twitter_card":"summary_large_image","twitter_misc":{"Tahmini okuma s\u00fcresi":"6 dakika"},"schema":{"@context":"https:\/\/schema.org","@graph":[{"@type":"WebPage","@id":"https:\/\/krceramicfiber.com\/","url":"https:\/\/krceramicfiber.com\/","name":"Kerui Refrakter - Is\u0131 Yal\u0131t\u0131m Malzemesi \u00dcreticiniz | Kerui Refrakter\u00ae Resmi Web Sitesi","isPartOf":{"@id":"https:\/\/krceramicfiber.com\/#website"},"primaryImageOfPage":{"@id":"https:\/\/krceramicfiber.com\/#primaryimage"},"image":{"@id":"https:\/\/krceramicfiber.com\/#primaryimage"},"thumbnailUrl":"https:\/\/krceramicfiber.com\/wp-content\/uploads\/2024\/09\/kerui-factory-view.webp","datePublished":"2023-06-15T07:55:14+00:00","dateModified":"2025-06-16T08:03:27+00:00","description":"KERUI Refrakter Tedarik Seramik Elyaf Battaniye | Seramik Elyaf \u00dcr\u00fcnleri | Kalsiyum Silikat Levha | Sandvi\u00e7 Panel | Aerojel \u0130zolasyon vb, herhangi bir gereksinim l\u00fctfen bizimle ileti\u015fime ge\u00e7in.","breadcrumb":{"@id":"https:\/\/krceramicfiber.com\/#breadcrumb"},"inLanguage":"tr","potentialAction":[{"@type":"ReadAction","target":["https:\/\/krceramicfiber.com\/"]}]},{"@type":"ImageObject","inLanguage":"tr","@id":"https:\/\/krceramicfiber.com\/#primaryimage","url":"https:\/\/krceramicfiber.com\/wp-content\/uploads\/2024\/09\/kerui-factory-view.webp","contentUrl":"https:\/\/krceramicfiber.com\/wp-content\/uploads\/2024\/09\/kerui-factory-view.webp"},{"@type":"BreadcrumbList","@id":"https:\/\/krceramicfiber.com\/#breadcrumb","itemListElement":[{"@type":"ListItem","position":1,"name":"Home","item":"https:\/\/krceramicfiber.com\/"},{"@type":"ListItem","position":2,"name":"Kerui Refractory"}]},{"@type":"WebSite","@id":"https:\/\/krceramicfiber.com\/#website","url":"https:\/\/krceramicfiber.com\/","name":"Is\u0131 Yal\u0131t\u0131m Malzemesi \u00dcreticiniz | Kerui Refractory\u00ae Resmi Web Sitesi","description":"","publisher":{"@id":"https:\/\/krceramicfiber.com\/#organization"},"potentialAction":[{"@type":"SearchAction","target":{"@type":"EntryPoint","urlTemplate":"https:\/\/krceramicfiber.com\/?s={search_term_string}"},"query-input":{"@type":"PropertyValueSpecification","valueRequired":true,"valueName":"search_term_string"}}],"inLanguage":"tr"},{"@type":"Organization","@id":"https:\/\/krceramicfiber.com\/#organization","name":"Is\u0131 Yal\u0131t\u0131m Malzemesi \u00dcreticiniz | Kerui Refractory\u00ae Resmi Web Sitesi","url":"https:\/\/krceramicfiber.com\/","logo":{"@type":"ImageObject","inLanguage":"tr","@id":"https:\/\/krceramicfiber.com\/#\/schema\/logo\/image\/","url":"https:\/\/krceramicfiber.com\/wp-content\/uploads\/2024\/01\/footer-Logo.png","contentUrl":"https:\/\/krceramicfiber.com\/wp-content\/uploads\/2024\/01\/footer-Logo.png","width":282,"height":70,"caption":"Your Thermal insulation material Manufactruer | Kerui Refractory\u00ae Official Website"},"image":{"@id":"https:\/\/krceramicfiber.com\/#\/schema\/logo\/image\/"}}]}},"_links":{"self":[{"href":"https:\/\/krceramicfiber.com\/tr\/wp-json\/wp\/v2\/pages\/37","targetHints":{"allow":["GET"]}}],"collection":[{"href":"https:\/\/krceramicfiber.com\/tr\/wp-json\/wp\/v2\/pages"}],"about":[{"href":"https:\/\/krceramicfiber.com\/tr\/wp-json\/wp\/v2\/types\/page"}],"author":[{"embeddable":true,"href":"https:\/\/krceramicfiber.com\/tr\/wp-json\/wp\/v2\/users\/1"}],"replies":[{"embeddable":true,"href":"https:\/\/krceramicfiber.com\/tr\/wp-json\/wp\/v2\/comments?post=37"}],"version-history":[{"count":0,"href":"https:\/\/krceramicfiber.com\/tr\/wp-json\/wp\/v2\/pages\/37\/revisions"}],"wp:attachment":[{"href":"https:\/\/krceramicfiber.com\/tr\/wp-json\/wp\/v2\/media?parent=37"}],"curies":[{"name":"wp","href":"https:\/\/api.w.org\/{rel}","templated":true}]}}