{"id":54217,"date":"2024-09-12T15:29:02","date_gmt":"2024-09-12T07:29:02","guid":{"rendered":"https:\/\/krceramicfiber.com\/?page_id=925"},"modified":"2025-07-04T15:05:04","modified_gmt":"2025-07-04T07:05:04","slug":"gps-sandwich-panel","status":"publish","type":"page","link":"https:\/\/krceramicfiber.com\/sl\/gps-sandwich-panel\/","title":{"rendered":"GPS sendvi\u010d plo\u0161\u010da"},"content":{"rendered":"<div class=\"product_info_bg\">\n<div class=\"page_model product_info\">\n<div class=\"preview\"><img loading=\"lazy\" decoding=\"async\" class=\"aligncenter size-full wp-image-3596\" src=\"https:\/\/krceramicfiber.com\/wp-content\/uploads\/2025\/07\/GPS-Sandwich-Panel-for-Sale-KERUI.webp\" alt=\"GPS sendvi\u010d plo\u0161\u010da\" width=\"780\" height=\"639\" \/><\/div>\n<div class=\"info\">\n<h1>GPS Sandwich Panel for Sale<\/h1>\n<p class=\"profile\">Sandwich panels are typically made from lightweight materials, with the middle layer providing structural strength and rigidity, while the outer layer provides surface protection. EPS is a lightweight foam material with excellent thermal insulation and shock-absorbing properties. Adding graphite to EPS can significantly improve the material&#8217;s thermal and electrical conductivity. The addition of graphite gives EPS better thermal management properties while maintaining a lighter weight.<\/p>\n<ul>\n<li class=\"authentication\"><img loading=\"lazy\" decoding=\"async\" class=\"alignnone size-full wp-image-676\" src=\"https:\/\/krceramicfiber.com\/wp-content\/uploads\/2024\/09\/CE-min.webp\" alt=\"Preverjanje pristnosti Kerui\" width=\"200\" height=\"55\" \/><\/li>\n<\/ul>\n<p><a class=\"inruiry fancybox\" href=\"#contact_form_pop\">dobiti ceno<\/a><a class=\"email-btn\" href=\"mailto:market@krceramicfiber.com\">po\u0161ljite e-po\u0161to<\/a>\n<\/div>\n<\/div>\n<\/div>\n<div class=\"product_model_bg\">\n<div class=\"page_model\">\n<h2 id=\"PRODUCTDESCRIPTION\">Description of GPS Sandwich Panel<\/h2>\n<p>Sandwich panels can be cut, formed and processed as needed to adapt to different design requirements and application scenarios. Graphite as an excellent thermal conductive material, can effectively dissipate heat, reduce overheating, and improve the performance stability of the material in high-heat environments. This is particularly important for applications that require high thermal conductivity properties, such as thermal control systems for electronic equipment and spacecraft. GPS sandwich panels (EPS with graphite added) combine the lightweight properties of EPS with the thermal conductivity of graphite to provide a high-performance composite solution.<\/p>\n<div class='content-column one_fourth'><div style=\"padding-right:20px;padding-bottom:10px;\"><div class='content-column full_width'><div style=\"padding:25px 25px 25px 25px;\"><div class=\"tb17\">Excellent thermal conductivity.<\/div><\/div><\/div><\/div><\/div>\n<div class='content-column one_fourth'><div style=\"padding-right:20px;padding-bottom:10px;\"><div class='content-column full_width'><div style=\"padding:25px 25px 25px 25px;\"><div class=\"tb10\">High strength and rigidity.<\/div><\/div><\/div><\/div><\/div>\n<div class='content-column one_fourth'><div style=\"padding-right:20px;padding-bottom:10px;\"><div class='content-column full_width'><div style=\"padding:25px 25px 25px 25px;\"><div class=\"tb11\">Corrosion and chemical resistance.<\/div><\/div><\/div><\/div><\/div>\n<div class='content-column one_fourth last_column'><div style=\"padding-right:20px;padding-bottom:10px;\"><div class='content-column full_width'><div style=\"padding:25px 25px 25px 25px;\"><div class=\"tb21\">Processability.<\/div><\/div><\/div><\/div><\/div><div class='clear_column'><\/div><\/div>\n<\/div>\n<div class=\"product_model_bg\">\n<div class=\"page_model\">\n<div class=\"pt-cv-wrapper\">Error: View <strong>dee5e50gns<\/strong> may not exist<\/div>\n<\/div>\n<div id=\"INQUIRY\" class=\"page_model\"><p class=\"wpcf7-contact-form-not-found\"><strong>Error:<\/strong> Contact form not found.<\/p><\/div>\n<div class=\"page_model\">\n<div class=\"swiper related-products\">\n<div class=\"swiper-wrapper\">\n<div class=\"swiper-slide\"><\/div>\n<\/div>\n<\/div>\n<\/div>\n<\/div>","protected":false},"excerpt":{"rendered":"<p>GPS Sandwich Panel for Sale Sandwich panels are typically made from lightweight materials, with the &#8230; <a title=\"GPS sendvi\u010d plo\u0161\u010da\" class=\"read-more\" href=\"https:\/\/krceramicfiber.com\/sl\/gps-sandwich-panel\/\" aria-label=\"More on GPS Sandwich Panel\">Read more<\/a><\/p>","protected":false},"author":1,"featured_media":55475,"parent":0,"menu_order":0,"comment_status":"closed","ping_status":"closed","template":"","meta":{"footnotes":""},"class_list":{"0":"post-54217","1":"page","2":"type-page","3":"status-publish","4":"has-post-thumbnail","6":"no-featured-image-padding","7":"resize-featured-image"},"yoast_head":"<!-- This site is optimized with the Yoast SEO plugin v25.3 - https:\/\/yoast.com\/wordpress\/plugins\/seo\/ -->\n<title>GPS Sandwich Panel - Your Thermal insulation material Manufactruer | Kerui Refractory\u00ae Official Website<\/title>\n<meta name=\"description\" content=\"Sandwich panels are typically made from lightweight materials, with the middle layer providing structural strength and rigidity.\" \/>\n<meta name=\"robots\" content=\"index, follow, max-snippet:-1, max-image-preview:large, max-video-preview:-1\" \/>\n<link rel=\"canonical\" href=\"https:\/\/krceramicfiber.com\/sl\/gps-sandwich-panel\/\" \/>\n<meta property=\"og:locale\" content=\"sl_SI\" \/>\n<meta property=\"og:type\" content=\"article\" \/>\n<meta property=\"og:title\" content=\"GPS Sandwich Panel - Your Thermal insulation material Manufactruer | Kerui Refractory\u00ae Official Website\" \/>\n<meta property=\"og:description\" content=\"Sandwich panels are typically made from lightweight materials, with the middle layer providing structural strength and rigidity.\" \/>\n<meta property=\"og:url\" content=\"https:\/\/krceramicfiber.com\/sl\/gps-sandwich-panel\/\" \/>\n<meta property=\"og:site_name\" content=\"Your Thermal insulation material Manufactruer | Kerui Refractory\u00ae Official Website\" \/>\n<meta property=\"article:modified_time\" content=\"2025-07-04T07:05:04+00:00\" \/>\n<meta property=\"og:image\" content=\"https:\/\/krceramicfiber.com\/wp-content\/uploads\/2025\/07\/GPS-Sandwich-Panel-for-Sale-KERUI.webp\" \/>\n\t<meta property=\"og:image:width\" content=\"660\" \/>\n\t<meta property=\"og:image:height\" content=\"528\" \/>\n\t<meta property=\"og:image:type\" content=\"image\/webp\" \/>\n<meta name=\"twitter:card\" content=\"summary_large_image\" \/>\n<meta name=\"twitter:label1\" content=\"Est. reading time\" \/>\n\t<meta name=\"twitter:data1\" content=\"2 minuti\" \/>\n<script type=\"application\/ld+json\" class=\"yoast-schema-graph\">{\"@context\":\"https:\/\/schema.org\",\"@graph\":[{\"@type\":\"WebPage\",\"@id\":\"https:\/\/krceramicfiber.com\/gps-sandwich-panel\/\",\"url\":\"https:\/\/krceramicfiber.com\/gps-sandwich-panel\/\",\"name\":\"GPS Sandwich Panel - Your Thermal insulation material Manufactruer | Kerui Refractory\u00ae Official Website\",\"isPartOf\":{\"@id\":\"https:\/\/krceramicfiber.com\/#website\"},\"primaryImageOfPage\":{\"@id\":\"https:\/\/krceramicfiber.com\/gps-sandwich-panel\/#primaryimage\"},\"image\":{\"@id\":\"https:\/\/krceramicfiber.com\/gps-sandwich-panel\/#primaryimage\"},\"thumbnailUrl\":\"https:\/\/krceramicfiber.com\/wp-content\/uploads\/2025\/07\/GPS-Sandwich-Panel-for-Sale-KERUI.webp\",\"datePublished\":\"2024-09-12T07:29:02+00:00\",\"dateModified\":\"2025-07-04T07:05:04+00:00\",\"description\":\"Sandwich panels are typically made from lightweight materials, with the middle layer providing structural strength and rigidity.\",\"breadcrumb\":{\"@id\":\"https:\/\/krceramicfiber.com\/gps-sandwich-panel\/#breadcrumb\"},\"inLanguage\":\"sl-SI\",\"potentialAction\":[{\"@type\":\"ReadAction\",\"target\":[\"https:\/\/krceramicfiber.com\/gps-sandwich-panel\/\"]}]},{\"@type\":\"ImageObject\",\"inLanguage\":\"sl-SI\",\"@id\":\"https:\/\/krceramicfiber.com\/gps-sandwich-panel\/#primaryimage\",\"url\":\"https:\/\/krceramicfiber.com\/wp-content\/uploads\/2025\/07\/GPS-Sandwich-Panel-for-Sale-KERUI.webp\",\"contentUrl\":\"https:\/\/krceramicfiber.com\/wp-content\/uploads\/2025\/07\/GPS-Sandwich-Panel-for-Sale-KERUI.webp\",\"width\":660,\"height\":528},{\"@type\":\"BreadcrumbList\",\"@id\":\"https:\/\/krceramicfiber.com\/gps-sandwich-panel\/#breadcrumb\",\"itemListElement\":[{\"@type\":\"ListItem\",\"position\":1,\"name\":\"Home\",\"item\":\"https:\/\/krceramicfiber.com\/\"},{\"@type\":\"ListItem\",\"position\":2,\"name\":\"GPS Sandwich Panel\"}]},{\"@type\":\"WebSite\",\"@id\":\"https:\/\/krceramicfiber.com\/#website\",\"url\":\"https:\/\/krceramicfiber.com\/\",\"name\":\"Your Thermal insulation material Manufactruer | Kerui Refractory\u00ae Official Website\",\"description\":\"\",\"publisher\":{\"@id\":\"https:\/\/krceramicfiber.com\/#organization\"},\"potentialAction\":[{\"@type\":\"SearchAction\",\"target\":{\"@type\":\"EntryPoint\",\"urlTemplate\":\"https:\/\/krceramicfiber.com\/?s={search_term_string}\"},\"query-input\":{\"@type\":\"PropertyValueSpecification\",\"valueRequired\":true,\"valueName\":\"search_term_string\"}}],\"inLanguage\":\"sl-SI\"},{\"@type\":\"Organization\",\"@id\":\"https:\/\/krceramicfiber.com\/#organization\",\"name\":\"Your Thermal insulation material Manufactruer | Kerui Refractory\u00ae Official Website\",\"url\":\"https:\/\/krceramicfiber.com\/\",\"logo\":{\"@type\":\"ImageObject\",\"inLanguage\":\"sl-SI\",\"@id\":\"https:\/\/krceramicfiber.com\/#\/schema\/logo\/image\/\",\"url\":\"https:\/\/krceramicfiber.com\/wp-content\/uploads\/2024\/01\/footer-Logo.png\",\"contentUrl\":\"https:\/\/krceramicfiber.com\/wp-content\/uploads\/2024\/01\/footer-Logo.png\",\"width\":282,\"height\":70,\"caption\":\"Your Thermal insulation material Manufactruer | Kerui Refractory\u00ae Official Website\"},\"image\":{\"@id\":\"https:\/\/krceramicfiber.com\/#\/schema\/logo\/image\/\"}}]}<\/script>\n<!-- \/ Yoast SEO plugin. -->","yoast_head_json":{"title":"GPS Sandwich Panel - Your Thermal insulation material Manufactruer | Kerui Refractory\u00ae Official Website","description":"Sandwich panels are typically made from lightweight materials, with the middle layer providing structural strength and rigidity.","robots":{"index":"index","follow":"follow","max-snippet":"max-snippet:-1","max-image-preview":"max-image-preview:large","max-video-preview":"max-video-preview:-1"},"canonical":"https:\/\/krceramicfiber.com\/sl\/gps-sandwich-panel\/","og_locale":"sl_SI","og_type":"article","og_title":"GPS Sandwich Panel - Your Thermal insulation material Manufactruer | Kerui Refractory\u00ae Official Website","og_description":"Sandwich panels are typically made from lightweight materials, with the middle layer providing structural strength and rigidity.","og_url":"https:\/\/krceramicfiber.com\/sl\/gps-sandwich-panel\/","og_site_name":"Your Thermal insulation material Manufactruer | Kerui Refractory\u00ae Official Website","article_modified_time":"2025-07-04T07:05:04+00:00","og_image":[{"width":660,"height":528,"url":"https:\/\/krceramicfiber.com\/wp-content\/uploads\/2025\/07\/GPS-Sandwich-Panel-for-Sale-KERUI.webp","type":"image\/webp"}],"twitter_card":"summary_large_image","twitter_misc":{"Est. reading time":"2 minuti"},"schema":{"@context":"https:\/\/schema.org","@graph":[{"@type":"WebPage","@id":"https:\/\/krceramicfiber.com\/gps-sandwich-panel\/","url":"https:\/\/krceramicfiber.com\/gps-sandwich-panel\/","name":"GPS Sandwich Panel - Your Thermal insulation material Manufactruer | Kerui Refractory\u00ae Official Website","isPartOf":{"@id":"https:\/\/krceramicfiber.com\/#website"},"primaryImageOfPage":{"@id":"https:\/\/krceramicfiber.com\/gps-sandwich-panel\/#primaryimage"},"image":{"@id":"https:\/\/krceramicfiber.com\/gps-sandwich-panel\/#primaryimage"},"thumbnailUrl":"https:\/\/krceramicfiber.com\/wp-content\/uploads\/2025\/07\/GPS-Sandwich-Panel-for-Sale-KERUI.webp","datePublished":"2024-09-12T07:29:02+00:00","dateModified":"2025-07-04T07:05:04+00:00","description":"Sandwich panels are typically made from lightweight materials, with the middle layer providing structural strength and rigidity.","breadcrumb":{"@id":"https:\/\/krceramicfiber.com\/gps-sandwich-panel\/#breadcrumb"},"inLanguage":"sl-SI","potentialAction":[{"@type":"ReadAction","target":["https:\/\/krceramicfiber.com\/gps-sandwich-panel\/"]}]},{"@type":"ImageObject","inLanguage":"sl-SI","@id":"https:\/\/krceramicfiber.com\/gps-sandwich-panel\/#primaryimage","url":"https:\/\/krceramicfiber.com\/wp-content\/uploads\/2025\/07\/GPS-Sandwich-Panel-for-Sale-KERUI.webp","contentUrl":"https:\/\/krceramicfiber.com\/wp-content\/uploads\/2025\/07\/GPS-Sandwich-Panel-for-Sale-KERUI.webp","width":660,"height":528},{"@type":"BreadcrumbList","@id":"https:\/\/krceramicfiber.com\/gps-sandwich-panel\/#breadcrumb","itemListElement":[{"@type":"ListItem","position":1,"name":"Home","item":"https:\/\/krceramicfiber.com\/"},{"@type":"ListItem","position":2,"name":"GPS Sandwich Panel"}]},{"@type":"WebSite","@id":"https:\/\/krceramicfiber.com\/#website","url":"https:\/\/krceramicfiber.com\/","name":"Va\u0161 proizvajalec materialov za toplotno izolacijo | Kerui Refractory\u00ae Uradna spletna stran","description":"","publisher":{"@id":"https:\/\/krceramicfiber.com\/#organization"},"potentialAction":[{"@type":"SearchAction","target":{"@type":"EntryPoint","urlTemplate":"https:\/\/krceramicfiber.com\/?s={search_term_string}"},"query-input":{"@type":"PropertyValueSpecification","valueRequired":true,"valueName":"search_term_string"}}],"inLanguage":"sl-SI"},{"@type":"Organization","@id":"https:\/\/krceramicfiber.com\/#organization","name":"Va\u0161 proizvajalec materialov za toplotno izolacijo | Kerui Refractory\u00ae Uradna spletna stran","url":"https:\/\/krceramicfiber.com\/","logo":{"@type":"ImageObject","inLanguage":"sl-SI","@id":"https:\/\/krceramicfiber.com\/#\/schema\/logo\/image\/","url":"https:\/\/krceramicfiber.com\/wp-content\/uploads\/2024\/01\/footer-Logo.png","contentUrl":"https:\/\/krceramicfiber.com\/wp-content\/uploads\/2024\/01\/footer-Logo.png","width":282,"height":70,"caption":"Your Thermal insulation material Manufactruer | Kerui Refractory\u00ae Official Website"},"image":{"@id":"https:\/\/krceramicfiber.com\/#\/schema\/logo\/image\/"}}]}},"_links":{"self":[{"href":"https:\/\/krceramicfiber.com\/sl\/wp-json\/wp\/v2\/pages\/54217","targetHints":{"allow":["GET"]}}],"collection":[{"href":"https:\/\/krceramicfiber.com\/sl\/wp-json\/wp\/v2\/pages"}],"about":[{"href":"https:\/\/krceramicfiber.com\/sl\/wp-json\/wp\/v2\/types\/page"}],"author":[{"embeddable":true,"href":"https:\/\/krceramicfiber.com\/sl\/wp-json\/wp\/v2\/users\/1"}],"replies":[{"embeddable":true,"href":"https:\/\/krceramicfiber.com\/sl\/wp-json\/wp\/v2\/comments?post=54217"}],"version-history":[{"count":0,"href":"https:\/\/krceramicfiber.com\/sl\/wp-json\/wp\/v2\/pages\/54217\/revisions"}],"wp:featuredmedia":[{"embeddable":true,"href":"https:\/\/krceramicfiber.com\/sl\/wp-json\/wp\/v2\/media\/55475"}],"wp:attachment":[{"href":"https:\/\/krceramicfiber.com\/sl\/wp-json\/wp\/v2\/media?parent=54217"}],"curies":[{"name":"wp","href":"https:\/\/api.w.org\/{rel}","templated":true}]}}