{"id":37,"date":"2023-06-15T15:55:14","date_gmt":"2023-06-15T07:55:14","guid":{"rendered":"https:\/\/krceramicfiber.com\/?page_id=37"},"modified":"2025-06-16T16:03:27","modified_gmt":"2025-06-16T08:03:27","slug":"kerui-refractory","status":"publish","type":"page","link":"https:\/\/krceramicfiber.com\/sl\/","title":{"rendered":"Kerui Ognjevzdr\u017eni material"},"content":{"rendered":"<div class=\"swiper home-banner\">\n<div class=\"swiper-wrapper\">\n<div class=\"swiper-slide\">\n<div class=\"banner-swiper\">\n<div class=\"grid-container\">\n<div class=\"banner-text\">\n<div class=\"banner-t1\">Storitve za globalno industrijo z visokimi temperaturami<\/div>\n<div class=\"banner-t2\">\n<div>Odejo iz kerami\u010dnih vlaken<\/div>\n<div>Plo\u0161\u010da iz kerami\u010dnih vlaken<\/div>\n<div>Modul iz kerami\u010dnih vlaken<\/div>\n<\/div>\n<\/div>\n<\/div>\n<\/div>\n<\/div>\n<div class=\"swiper-slide\">\n<div class=\"banner-swiper\">\n<div class=\"grid-container\">\n<div class=\"banner-text\">\n<div class=\"banner-t1\">Proizvajalec izolacijskega materiala<\/div>\n<div class=\"banner-t2\">\n<div>Prilagodljivi izdelki in re\u0161itve<\/div>\n<div>Na voljo je testiranje vzorca<\/div>\n<div>Razumna cena<\/div>\n<\/div>\n<\/div>\n<\/div>\n<\/div>\n<\/div>\n<div class=\"swiper-slide\">\n<div class=\"banner-swiper\">\n<div class=\"grid-container\">\n<div class=\"banner-text\">\n<div class=\"banner-t1\">\u0160iroka uporaba in preprosta konstrukcija<\/div>\n<div class=\"banner-t2\">\n<div>Metalur\u0161ka industrija<\/div>\n<div>Industrija ne\u017eeleznih kovin<\/div>\n<div>Kerami\u010dna industrija<\/div>\n<div>Ve\u010d<\/div>\n<\/div>\n<\/div>\n<\/div>\n<\/div>\n<\/div>\n<\/div>\n<\/div>\n<div class=\"home-banner-navigation\">\n<div class=\"button-prev\"><\/div>\n<div class=\"button-next\"><\/div>\n<\/div>\n<div class=\"home-aboutUS\">\n<div class=\"grid-container\">\n<div class=\"isright wow fadeInRight\" data-wow-delay=\"0.1s\">\n<div class=\"home-t1\">Kerui Ognjevzdr\u017eni material<\/div>\n<div class=\"t1-1\">Tovarni\u0161ka suha prodaja, brez razlike v ceni.<\/div>\n<div class=\"t2\">Podjetje Kerui Refractory se nahaja na najve\u010djem kitajskem obmo\u010dju ognjevzdr\u017ene industrije: Kerui Refractory si prizadeva zagotavljati vrhunske re\u0161itve za proizvodnjo ognjevzdr\u017enih materialov: mesto Chaohua, mesto Xinmi, provinca Henan.<br \/>\nin storitve za visokotemperaturne industrije po vsem svetu, vklju\u010dno z \u017eelezarsko, jeklarsko, aluminijasto, energetsko, steklarsko, kotlovsko, ne\u017eelezno, cementno industrijo itd. Na\u0161 glavni cilj je<br \/>\nomogo\u010dajo uspeh in blaginjo teh industrijskih panog z zagotavljanjem potrebnih materialov in podpore za varno in u\u010dinkovito delovanje pri visokih temperaturah.<\/div>\n<div class=\"isleft wow fadeInLeft\"><img decoding=\"async\" src=\"https:\/\/krceramicfiber.com\/wp-content\/uploads\/2024\/09\/kerui-factory-view.webp\" alt=\"\" \/><\/div>\n<\/div>\n<\/div>\n<\/div>\n<div class=\"home-why\">\n<div class=\"iscontain\">\n<div class=\"home-t1 wow fadeInUp\">Izdelek Kerui<\/div>\n<p class=\"isdes wow fadeInUp\" data-wow-delay=\"0.1s\">Serija kerami\u010dnih vlaken, serija aluminijevega silikata, serija kalcijevega silikata, serija aerogela, serija poliuretana, serija magnezija,<br \/>\nMineralna vlakna, sendvi\u010d plo\u0161\u010de<\/p>\n<div class=\"swiper home-why-swiper\">\n<div class=\"swiper-wrapper\">\n<div class=\"swiper-slide wow fadeInUp\" data-wow-delay=\"0.2s\">\n<div class=\"cover\"><a href=\"https:\/\/krceramicfiber.com\/sl\/ceramic-fiber-products\/\" target=\"_blank\" rel=\"noopener\"><img loading=\"lazy\" decoding=\"async\" class=\"alignnone\" src=\"https:\/\/krceramicfiber.com\/wp-content\/uploads\/2024\/09\/Ceramic-Fiber-.jpg\" alt=\"Serija kerami\u010dnih vlaken\" width=\"410\" height=\"210\" \/><\/a><\/div>\n<div class=\"t1\"><a href=\"https:\/\/krceramicfiber.com\/sl\/ceramic-fiber-products\/\" target=\"_blank\" rel=\"noopener\">Serija kerami\u010dnih vlaken<\/a><\/div>\n<p>Odejo iz kerami\u010dnih vlaken.<br \/>\nPlo\u0161\u010da iz kerami\u010dnih vlaken.<br \/>\nModul iz kerami\u010dnih vlaken.<br \/>\nVrv iz kerami\u010dnih vlaken...<\/p>\n<\/div>\n<div class=\"swiper-slide wow fadeInUp\" data-wow-delay=\"0.3s\">\n<div class=\"cover\"><a href=\"https:\/\/krceramicfiber.com\/sl\/products\/#Calcium%20Silicate%20Products\" target=\"_blank\" rel=\"noopener\"><img loading=\"lazy\" decoding=\"async\" class=\"alignnone\" src=\"https:\/\/krceramicfiber.com\/wp-content\/uploads\/2024\/09\/Calcium-silicate-Series.jpg\" alt=\"Serija kalcijevega silikata\" width=\"410\" height=\"210\" \/><\/a><\/div>\n<div class=\"t1\"><a href=\"https:\/\/krceramicfiber.com\/sl\/products\/#Calcium%20Silicate%20Products\" target=\"_blank\" rel=\"noopener\">Serija kalcijevega silikata<\/a><\/div>\n<p>Kalcijev silikatni odbor.<br \/>\nCev iz kalcijevega silikata.<br \/>\nAnorganske predhodno premazane plo\u0161\u010de...<\/p>\n<\/div>\n<div class=\"swiper-slide wow fadeInUp\" data-wow-delay=\"0.4s\">\n<div class=\"cover\"><a href=\"https:\/\/krceramicfiber.com\/sl\/products\/#Sandwich%20Panel%20Products\" target=\"_blank\" rel=\"noopener\"><img loading=\"lazy\" decoding=\"async\" class=\"alignnone\" src=\"https:\/\/krceramicfiber.com\/wp-content\/uploads\/2024\/09\/Sandwich-Panel.jpg\" alt=\"Ve\u010dplastna plo\u0161\u010da\" width=\"410\" height=\"210\" \/><\/a><\/div>\n<div class=\"t1\"><a href=\"https:\/\/krceramicfiber.com\/sl\/products\/#Sandwich%20Panel%20Products\" target=\"_blank\" rel=\"noopener\">Serija sendvi\u010d plo\u0161\u010d<\/a><\/div>\n<p>Plo\u0161\u010da iz ekspandiranega polistirena.<br \/>\nPlo\u0161\u010da GPS Sendvi\u010d.<br \/>\nKalcijev silikatni sendvi\u010d panel...<\/p>\n<\/div>\n<div class=\"swiper-slide wow fadeInUp\" data-wow-delay=\"0.5s\">\n<div class=\"cover\"><a href=\"https:\/\/krceramicfiber.com\/sl\/products\/#Bio%20Soluble%20Fiber%20Products\" target=\"_blank\" rel=\"noopener\"><img loading=\"lazy\" decoding=\"async\" class=\"alignnone\" src=\"https:\/\/krceramicfiber.com\/wp-content\/uploads\/2024\/09\/Soluble-fibre.jpg\" alt=\"Bio topne vlaknine\" width=\"410\" height=\"210\" \/><\/a><\/div>\n<div class=\"t1\"><a href=\"https:\/\/krceramicfiber.com\/sl\/products\/#Bio%20Soluble%20Fiber%20Products\" target=\"_blank\" rel=\"noopener\">Bio topne vlaknine<\/a><\/div>\n<p>Bio Soluble Fiber Blanket.<br \/>\nBio topna vlakna Board.<br \/>\nModul bio topnih vlaken.<br \/>\nPapir iz bio topnih vlaken...<\/p>\n<\/div>\n<div class=\"swiper-slide wow fadeInUp\" data-wow-delay=\"0.6s\">\n<div class=\"cover\"><a href=\"https:\/\/krceramicfiber.com\/sl\/products\/#Polyurethane%20Insulation%20Products\" target=\"_blank\" rel=\"noopener\"><img loading=\"lazy\" decoding=\"async\" class=\"alignnone\" src=\"https:\/\/krceramicfiber.com\/wp-content\/uploads\/2024\/09\/High-performance-polyurethane-foam.jpg\" alt=\"Visoko zmogljiva poliuretanska pena\" width=\"410\" height=\"210\" \/><\/a><\/div>\n<div class=\"t1\"><a href=\"https:\/\/krceramicfiber.com\/sl\/products\/#Polyurethane%20Insulation%20Products\" target=\"_blank\" rel=\"noopener\">Serija poliuretanske pene<\/a><\/div>\n<p>Visoko zmogljiva poliuretanska pena HPPU.<br \/>\nPIR Poliizocianuratna pena.<br \/>\nRazpr\u0161ena poliuretanska pena.<br \/>\nPoliuretanska sendvi\u010dna plo\u0161\u010da...<\/p>\n<\/div>\n<div class=\"swiper-slide wow fadeInUp\" data-wow-delay=\"0.7s\">\n<div class=\"cover\"><a href=\"https:\/\/krceramicfiber.com\/sl\/products\/#Magnesium%20Insulation%20Products\" target=\"_blank\" rel=\"noopener\"><img loading=\"lazy\" decoding=\"async\" class=\"alignnone\" src=\"https:\/\/krceramicfiber.com\/wp-content\/uploads\/2024\/09\/magnesium-board.jpg\" alt=\"Magnezijeva plo\u0161\u010da\" width=\"410\" height=\"210\" \/><\/a><\/div>\n<div class=\"t1\"><a href=\"https:\/\/krceramicfiber.com\/sl\/products\/#Magnesium%20Insulation%20Products\" target=\"_blank\" rel=\"noopener\">Magnezijeva plo\u0161\u010da<\/a><\/div>\n<p>Stekleno magnezijeva plo\u0161\u010da.<br \/>\nMagnezijeva ognjevarna plo\u0161\u010da.<br \/>\nMagnezijev kompozitni sendvi\u010d panel...<\/p>\n<\/div>\n<div class=\"swiper-slide wow fadeInUp\" data-wow-delay=\"0.8s\">\n<div class=\"cover\"><a href=\"https:\/\/krceramicfiber.com\/sl\/products\/#Aerogel%20Insulation%20Products\" target=\"_blank\" rel=\"noopener\"><img decoding=\"async\" src=\"https:\/\/krceramicfiber.com\/wp-content\/uploads\/2024\/09\/Aerogel-Sandwich-Panel.jpg\" alt=\"Magnezijeva plo\u0161\u010da\" \/><\/a><\/div>\n<div class=\"t1\"><a href=\"https:\/\/krceramicfiber.com\/sl\/products\/#Aerogel%20Insulation%20Products\" target=\"_blank\" rel=\"noopener\">Serija izolacijskih izdelkov iz aerogela<\/a><\/div>\n<p>Aerogel sendvi\u010d plo\u0161\u010da.<br \/>\nIzolacijski filc iz aerogela.<br \/>\nAerogelna izolacijska plo\u0161\u010da.<br \/>\nNano toplotna izolacija Felt.<br \/>\nNano toplotna izolacijska plo\u0161\u010da...<\/p>\n<\/div>\n<\/div>\n<div class=\"home-why-swiper-pagination swiper-pagination\"><\/div>\n<\/div>\n<\/div>\n<\/div>\n<div class=\"home-material\">\n<div class=\"title-box\">\n<div class=\"home-t1 wow fadeInUp\">Aplikacija<\/div>\n<div class=\"t2 wow fadeInUp\" data-wow-delay=\"0.1s\">se uporabljajo v razli\u010dnih panogah<\/div>\n<\/div>\n<div class=\"iscontain\">\n<ul class=\"islist\">\n<li class=\"wow fadeInUp\" data-wow-delay=\"0.2s\">Jeklarska industrija<\/li>\n<li class=\"wow fadeInUp\" data-wow-delay=\"0.3s\">Steklarska industrija<\/li>\n<li class=\"wow fadeInUp\" data-wow-delay=\"0.4s\">Kerami\u010dna industrija<\/li>\n<li class=\"wow fadeInUp\" data-wow-delay=\"0.5s\">industrija cementa<\/li>\n<li class=\"wow fadeInUp\" data-wow-delay=\"0.6s\">Energetska industrija<\/li>\n<li class=\"wow fadeInUp\" data-wow-delay=\"0.7s\">Metalur\u0161ka industrija<\/li>\n<\/ul>\n<\/div>\n<\/div>\n<div class=\"about-world\">\n<div class=\"iscontain\">\n<div class=\"isleft\">\n<div class=\"about-world-title\">KERUIJEVA MRE\u017dA PO VSEM SVETU<\/div>\n<ul class=\"isdata\">\n<li>\n<div class=\"t1\">500<\/div>\n<p class=\"t2\">Kontinenti<\/p>\n<\/li>\n<li>\n<div class=\"t1\">1700<sub>+<\/sub><\/div>\n<p class=\"t2\">Uspe\u0161ni primeri<\/p>\n<\/li>\n<li>\n<div class=\"t1\">4500<sub>+<\/sub><\/div>\n<p class=\"t2\">Stranke<\/p>\n<\/li>\n<\/ul>\n<p>Poleg celinske Kitajske je dru\u017eba Kerui Refractory izva\u017eala izdelke v ve\u010d kot 50 dr\u017eav in regij na \u0161estih celinah po vsem svetu, vklju\u010dno z Azijo, Evropo, Severno Ameriko, Ju\u017eno Ameriko, Afriko in Oceanijo. Od strank po vsem svetu smo prejeli priznanje in visoke pohvale ter nenehno prejemamo povratna naro\u010dila in priporo\u010dila strank.<\/p>\n<\/div>\n<div class=\"isright\"><img loading=\"lazy\" decoding=\"async\" class=\"alignnone size-full wp-image-15950\" src=\"https:\/\/krceramicfiber.com\/wp-content\/uploads\/2024\/09\/kerui-about-us-map.webp\" alt=\"kerui o nas zemljevid\" width=\"974\" height=\"494\" \/><\/div>\n<\/div>\n<\/div>\n<div class=\"home-customer-feedback\">\n<div class=\"home-t1\">POVRATNE INFORMACIJE STRANK<\/div>\n<div class=\"grid-container\">\n<div class=\"isleft\"><img decoding=\"async\" src=\"https:\/\/krceramicfiber.com\/wp-content\/uploads\/2024\/09\/customer.webp\" alt=\"\" \/><\/div>\n<div class=\"swiper home-feedback-swiper\">\n<div class=\"swiper-wrapper\">\n<div class=\"swiper-slide\">\n<div class=\"istext\">\"To je bilo moje prvo sodelovanje s Keruijem. Od poizvedbe do poprodajnih storitev mi je Kerui zagotovil popolno izku\u0161njo. Za posvetovanje pred prodajo je bila na voljo strokovna slu\u017eba za stranke; med prodajo je bil na voljo poslovni vodja, ki je spremljal potek prodaje in sproti zagotavljal urnike. Poprodajna tehni\u010dna ekipa bo vodila gradnjo in servis. Na splo\u0161no sem zelo zadovoljen in bom \u0161e naprej sodeloval s podjetjem Kerui.\"<\/div>\n<div class=\"isuser\">\n<div class=\"isname\">Jo\u00e3o<\/div>\n<div class=\"iscontry\">prva stranka iz Brazilije<\/div>\n<\/div>\n<\/div>\n<div class=\"swiper-slide\">\n<div class=\"istext\">\"Kot stranka, ki je \u017ee ve\u010dkrat sodelovala z nami, sem zelo zadovoljna s storitvami in kakovostjo izdelkov podjetja Kerui. So strokovni in zanesljivi, njihovi izdelki so trajni in zanesljivi ter vedno ustrezajo na\u0161im potrebam. Njihova ekipa je prijazna, strokovna in vedno osredoto\u010dena na stranke. Dostava je bila pravo\u010dasna, komunikacija pravo\u010dasna, sodelovanje pa prijetno. Podjetje Kerui kot partnerja zelo priporo\u010damo. \"<\/div>\n<div class=\"isuser\">\n<div class=\"isname\">Georgy<\/div>\n<div class=\"iscontry\">stranke jeklarske industrije iz Rusije<\/div>\n<\/div>\n<\/div>\n<div class=\"swiper-slide\">\n<div class=\"istext\">\"Najlep\u0161a hvala mojemu prijatelju Wayanu, ker mi je priporo\u010dil podjetje Refractory Materials Company. Moram re\u010di, da so presegli moja pri\u010dakovanja. Kakovost izdelkov in storitev podjetja Kerui je izjemna. Njihova strokovna ekipa strankam zagotavlja prilagojene re\u0161itve in se odlikuje po pravo\u010dasni dobavi. Zaradi njihovih komunikacijskih in usklajevalnih sposobnosti je sodelovanje enostavno in prijetno. Vsem toplo priporo\u010dam podjetje Refractory Company. \"<\/div>\n<div class=\"isuser\">\n<div class=\"isname\">Budi<\/div>\n<div class=\"iscontry\">5 let dolgoro\u010dna stranka iz Indonezije<\/div>\n<\/div>\n<\/div>\n<div class=\"swiper-slide\">\n<div class=\"istext\">\"Imel sem veliko sre\u010do, da sem poznal Keruja. Kerui ne zagotavlja le ognjevzdr\u017enih izdelkov z zagotovljeno kakovostjo po konkuren\u010dnih cenah, temve\u010d ima tudi strokovne in\u017eenirje, ki zagotavljajo konstrukcijske re\u0161itve. Zaradi zaupanja sem se vedno znova odlo\u010dil za podjetje Kerui.\" Poleg tega bom podjetje Kerui Refractory Company priporo\u010dil tudi svojim prijateljem. Kerui je najbolj\u0161a izbira v industriji ognjevzdr\u017enih materialov.\"<\/div>\n<div class=\"isuser\">\n<div class=\"isname\">Budiharto<\/div>\n<div class=\"iscontry\">10 let dolgoro\u010dnih strank iz Malezije<\/div>\n<\/div>\n<\/div>\n<div class=\"swiper-slide\">\n<div class=\"istext\">\"Zelo smo hvale\u017eni podjetju Kerui Refractory, da nam je ponudilo profesionalne re\u0161itve. Ognjevzdr\u017ene opeke, ki jih uporabljamo na elektri\u010dnih pe\u010deh, so zelo dobre kakovosti in zelo vzdr\u017eljive. Kerui nam ne zagotavlja le visokokakovostnih izdelkov, temve\u010d tudi razumne gradbene na\u010drte, s \u010dimer nam prihrani \u010das gradnje. Veselimo se ve\u010d prilo\u017enosti za sodelovanje v prihodnosti.\"<\/div>\n<div class=\"isuser\">\n<div class=\"isname\">Anuman<\/div>\n<div class=\"iscontry\">Redne stranke, ki so ponovno kupile 4 krat iz Tajske<\/div>\n<\/div>\n<\/div>\n<div class=\"swiper-slide\">\n<div class=\"istext\">\"Ko sem nazadnje obiskal va\u0161o tovarno, sem imel ob\u010dutek, da je obseg tovarne velik, proizvodni proces popoln, proizvodna tehnologija odli\u010dna, kakovost izdelkov pa odli\u010dna. Prav tako se zahvaljujem tehni\u010dnemu osebju za usmerjanje pri gradnji. Izolacijski materiali, ki ste jih zagotovili, so popolnoma primerni za na\u0161e pe\u010di.\"<\/div>\n<div class=\"isuser\">\n<div class=\"isname\">Italija - Romeo<\/div>\n<div class=\"iscontry\">Stalne stranke, ki so trikrat ponovno kupile<\/div>\n<\/div>\n<\/div>\n<\/div>\n<div class=\"swiper-button-prev home-feedback-button-prev\"><\/div>\n<div class=\"swiper-button-next home-feedback-button-next\"><\/div>\n<\/div>\n<\/div>\n<\/div>","protected":false},"excerpt":{"rendered":"<p>Serving the global high-temp industry Ceramic Fiber Blanket Ceramic Fiber Board Ceramic Fiber Module Strength &#8230; <a title=\"Kerui Ognjevzdr\u017eni material\" class=\"read-more\" href=\"https:\/\/krceramicfiber.com\/sl\/\" aria-label=\"More on Kerui Refractory\">Read more<\/a><\/p>","protected":false},"author":1,"featured_media":0,"parent":0,"menu_order":0,"comment_status":"closed","ping_status":"closed","template":"","meta":{"footnotes":""},"class_list":{"0":"post-37","1":"page","2":"type-page","3":"status-publish","5":"no-featured-image-padding"},"yoast_head":"<!-- This site is optimized with the Yoast SEO plugin v25.3 - https:\/\/yoast.com\/wordpress\/plugins\/seo\/ -->\n<title>Kerui Refractory - Your Thermal insulation material Manufactruer | Kerui Refractory\u00ae Official Website<\/title>\n<meta name=\"description\" content=\"KERUI Refractory Supply Ceramic Fiber Blanket | Ceramic Fiber Products | Calcium Silicate Board | Sandwich Panel | Aerogel Insulation etc, any requirement please contact with us.\" \/>\n<meta name=\"robots\" content=\"index, follow, max-snippet:-1, max-image-preview:large, max-video-preview:-1\" \/>\n<link rel=\"canonical\" href=\"https:\/\/krceramicfiber.com\/sl\/\" \/>\n<meta property=\"og:locale\" content=\"sl_SI\" \/>\n<meta property=\"og:type\" content=\"article\" \/>\n<meta property=\"og:title\" content=\"Kerui Refractory - Your Thermal insulation material Manufactruer | Kerui Refractory\u00ae Official Website\" \/>\n<meta property=\"og:description\" content=\"KERUI Refractory Supply Ceramic Fiber Blanket | Ceramic Fiber Products | Calcium Silicate Board | Sandwich Panel | Aerogel Insulation etc, any requirement please contact with us.\" \/>\n<meta property=\"og:url\" content=\"https:\/\/krceramicfiber.com\/sl\/\" \/>\n<meta property=\"og:site_name\" content=\"Your Thermal insulation material Manufactruer | Kerui Refractory\u00ae Official Website\" \/>\n<meta property=\"article:modified_time\" content=\"2025-06-16T08:03:27+00:00\" \/>\n<meta property=\"og:image\" content=\"https:\/\/krceramicfiber.com\/wp-content\/uploads\/2024\/09\/kerui-factory-view.webp\" \/>\n<meta name=\"twitter:card\" content=\"summary_large_image\" \/>\n<meta name=\"twitter:label1\" content=\"Est. reading time\" \/>\n\t<meta name=\"twitter:data1\" content=\"6 minut\" \/>\n<script type=\"application\/ld+json\" class=\"yoast-schema-graph\">{\"@context\":\"https:\/\/schema.org\",\"@graph\":[{\"@type\":\"WebPage\",\"@id\":\"https:\/\/krceramicfiber.com\/\",\"url\":\"https:\/\/krceramicfiber.com\/\",\"name\":\"Kerui Refractory - Your Thermal insulation material Manufactruer | Kerui Refractory\u00ae Official Website\",\"isPartOf\":{\"@id\":\"https:\/\/krceramicfiber.com\/#website\"},\"primaryImageOfPage\":{\"@id\":\"https:\/\/krceramicfiber.com\/#primaryimage\"},\"image\":{\"@id\":\"https:\/\/krceramicfiber.com\/#primaryimage\"},\"thumbnailUrl\":\"https:\/\/krceramicfiber.com\/wp-content\/uploads\/2024\/09\/kerui-factory-view.webp\",\"datePublished\":\"2023-06-15T07:55:14+00:00\",\"dateModified\":\"2025-06-16T08:03:27+00:00\",\"description\":\"KERUI Refractory Supply Ceramic Fiber Blanket | Ceramic Fiber Products | Calcium Silicate Board | Sandwich Panel | Aerogel Insulation etc, any requirement please contact with us.\",\"breadcrumb\":{\"@id\":\"https:\/\/krceramicfiber.com\/#breadcrumb\"},\"inLanguage\":\"sl-SI\",\"potentialAction\":[{\"@type\":\"ReadAction\",\"target\":[\"https:\/\/krceramicfiber.com\/\"]}]},{\"@type\":\"ImageObject\",\"inLanguage\":\"sl-SI\",\"@id\":\"https:\/\/krceramicfiber.com\/#primaryimage\",\"url\":\"https:\/\/krceramicfiber.com\/wp-content\/uploads\/2024\/09\/kerui-factory-view.webp\",\"contentUrl\":\"https:\/\/krceramicfiber.com\/wp-content\/uploads\/2024\/09\/kerui-factory-view.webp\"},{\"@type\":\"BreadcrumbList\",\"@id\":\"https:\/\/krceramicfiber.com\/#breadcrumb\",\"itemListElement\":[{\"@type\":\"ListItem\",\"position\":1,\"name\":\"Home\",\"item\":\"https:\/\/krceramicfiber.com\/\"},{\"@type\":\"ListItem\",\"position\":2,\"name\":\"Kerui Refractory\"}]},{\"@type\":\"WebSite\",\"@id\":\"https:\/\/krceramicfiber.com\/#website\",\"url\":\"https:\/\/krceramicfiber.com\/\",\"name\":\"Your Thermal insulation material Manufactruer | Kerui Refractory\u00ae Official Website\",\"description\":\"\",\"publisher\":{\"@id\":\"https:\/\/krceramicfiber.com\/#organization\"},\"potentialAction\":[{\"@type\":\"SearchAction\",\"target\":{\"@type\":\"EntryPoint\",\"urlTemplate\":\"https:\/\/krceramicfiber.com\/?s={search_term_string}\"},\"query-input\":{\"@type\":\"PropertyValueSpecification\",\"valueRequired\":true,\"valueName\":\"search_term_string\"}}],\"inLanguage\":\"sl-SI\"},{\"@type\":\"Organization\",\"@id\":\"https:\/\/krceramicfiber.com\/#organization\",\"name\":\"Your Thermal insulation material Manufactruer | Kerui Refractory\u00ae Official Website\",\"url\":\"https:\/\/krceramicfiber.com\/\",\"logo\":{\"@type\":\"ImageObject\",\"inLanguage\":\"sl-SI\",\"@id\":\"https:\/\/krceramicfiber.com\/#\/schema\/logo\/image\/\",\"url\":\"https:\/\/krceramicfiber.com\/wp-content\/uploads\/2024\/01\/footer-Logo.png\",\"contentUrl\":\"https:\/\/krceramicfiber.com\/wp-content\/uploads\/2024\/01\/footer-Logo.png\",\"width\":282,\"height\":70,\"caption\":\"Your Thermal insulation material Manufactruer | Kerui Refractory\u00ae Official Website\"},\"image\":{\"@id\":\"https:\/\/krceramicfiber.com\/#\/schema\/logo\/image\/\"}}]}<\/script>\n<!-- \/ Yoast SEO plugin. -->","yoast_head_json":{"title":"Kerui Refractory - va\u0161 proizvajalec toplotnoizolacijskih materialov | Uradna spletna stran Kerui Refractory\u00ae","description":"KERUI ognjevzdr\u017eni Supply kerami\u010dnih vlaken Blanket | kerami\u010dnih vlaken izdelki | kalcijev silikat plo\u0161\u010de | sendvi\u010d plo\u0161\u010de | Aerogel izolacija itd, kakr\u0161ne koli zahteve, se obrnite na nas.","robots":{"index":"index","follow":"follow","max-snippet":"max-snippet:-1","max-image-preview":"max-image-preview:large","max-video-preview":"max-video-preview:-1"},"canonical":"https:\/\/krceramicfiber.com\/sl\/","og_locale":"sl_SI","og_type":"article","og_title":"Kerui Refractory - Your Thermal insulation material Manufactruer | Kerui Refractory\u00ae Official Website","og_description":"KERUI Refractory Supply Ceramic Fiber Blanket | Ceramic Fiber Products | Calcium Silicate Board | Sandwich Panel | Aerogel Insulation etc, any requirement please contact with us.","og_url":"https:\/\/krceramicfiber.com\/sl\/","og_site_name":"Your Thermal insulation material Manufactruer | Kerui Refractory\u00ae Official Website","article_modified_time":"2025-06-16T08:03:27+00:00","og_image":[{"url":"https:\/\/krceramicfiber.com\/wp-content\/uploads\/2024\/09\/kerui-factory-view.webp","type":"","width":"","height":""}],"twitter_card":"summary_large_image","twitter_misc":{"Est. reading time":"6 minut"},"schema":{"@context":"https:\/\/schema.org","@graph":[{"@type":"WebPage","@id":"https:\/\/krceramicfiber.com\/","url":"https:\/\/krceramicfiber.com\/","name":"Kerui Refractory - va\u0161 proizvajalec toplotnoizolacijskih materialov | Uradna spletna stran Kerui Refractory\u00ae","isPartOf":{"@id":"https:\/\/krceramicfiber.com\/#website"},"primaryImageOfPage":{"@id":"https:\/\/krceramicfiber.com\/#primaryimage"},"image":{"@id":"https:\/\/krceramicfiber.com\/#primaryimage"},"thumbnailUrl":"https:\/\/krceramicfiber.com\/wp-content\/uploads\/2024\/09\/kerui-factory-view.webp","datePublished":"2023-06-15T07:55:14+00:00","dateModified":"2025-06-16T08:03:27+00:00","description":"KERUI ognjevzdr\u017eni Supply kerami\u010dnih vlaken Blanket | kerami\u010dnih vlaken izdelki | kalcijev silikat plo\u0161\u010de | sendvi\u010d plo\u0161\u010de | Aerogel izolacija itd, kakr\u0161ne koli zahteve, se obrnite na nas.","breadcrumb":{"@id":"https:\/\/krceramicfiber.com\/#breadcrumb"},"inLanguage":"sl-SI","potentialAction":[{"@type":"ReadAction","target":["https:\/\/krceramicfiber.com\/"]}]},{"@type":"ImageObject","inLanguage":"sl-SI","@id":"https:\/\/krceramicfiber.com\/#primaryimage","url":"https:\/\/krceramicfiber.com\/wp-content\/uploads\/2024\/09\/kerui-factory-view.webp","contentUrl":"https:\/\/krceramicfiber.com\/wp-content\/uploads\/2024\/09\/kerui-factory-view.webp"},{"@type":"BreadcrumbList","@id":"https:\/\/krceramicfiber.com\/#breadcrumb","itemListElement":[{"@type":"ListItem","position":1,"name":"Home","item":"https:\/\/krceramicfiber.com\/"},{"@type":"ListItem","position":2,"name":"Kerui Refractory"}]},{"@type":"WebSite","@id":"https:\/\/krceramicfiber.com\/#website","url":"https:\/\/krceramicfiber.com\/","name":"Va\u0161 proizvajalec materialov za toplotno izolacijo | Kerui Refractory\u00ae Uradna spletna stran","description":"","publisher":{"@id":"https:\/\/krceramicfiber.com\/#organization"},"potentialAction":[{"@type":"SearchAction","target":{"@type":"EntryPoint","urlTemplate":"https:\/\/krceramicfiber.com\/?s={search_term_string}"},"query-input":{"@type":"PropertyValueSpecification","valueRequired":true,"valueName":"search_term_string"}}],"inLanguage":"sl-SI"},{"@type":"Organization","@id":"https:\/\/krceramicfiber.com\/#organization","name":"Va\u0161 proizvajalec materialov za toplotno izolacijo | Kerui Refractory\u00ae Uradna spletna stran","url":"https:\/\/krceramicfiber.com\/","logo":{"@type":"ImageObject","inLanguage":"sl-SI","@id":"https:\/\/krceramicfiber.com\/#\/schema\/logo\/image\/","url":"https:\/\/krceramicfiber.com\/wp-content\/uploads\/2024\/01\/footer-Logo.png","contentUrl":"https:\/\/krceramicfiber.com\/wp-content\/uploads\/2024\/01\/footer-Logo.png","width":282,"height":70,"caption":"Your Thermal insulation material Manufactruer | Kerui Refractory\u00ae Official Website"},"image":{"@id":"https:\/\/krceramicfiber.com\/#\/schema\/logo\/image\/"}}]}},"_links":{"self":[{"href":"https:\/\/krceramicfiber.com\/sl\/wp-json\/wp\/v2\/pages\/37","targetHints":{"allow":["GET"]}}],"collection":[{"href":"https:\/\/krceramicfiber.com\/sl\/wp-json\/wp\/v2\/pages"}],"about":[{"href":"https:\/\/krceramicfiber.com\/sl\/wp-json\/wp\/v2\/types\/page"}],"author":[{"embeddable":true,"href":"https:\/\/krceramicfiber.com\/sl\/wp-json\/wp\/v2\/users\/1"}],"replies":[{"embeddable":true,"href":"https:\/\/krceramicfiber.com\/sl\/wp-json\/wp\/v2\/comments?post=37"}],"version-history":[{"count":0,"href":"https:\/\/krceramicfiber.com\/sl\/wp-json\/wp\/v2\/pages\/37\/revisions"}],"wp:attachment":[{"href":"https:\/\/krceramicfiber.com\/sl\/wp-json\/wp\/v2\/media?parent=37"}],"curies":[{"name":"wp","href":"https:\/\/api.w.org\/{rel}","templated":true}]}}