{"id":20,"date":"2023-05-26T15:12:18","date_gmt":"2023-05-26T07:12:18","guid":{"rendered":"https:\/\/krceramicfiber.com\/?page_id=20"},"modified":"2025-06-26T16:22:38","modified_gmt":"2025-06-26T08:22:38","slug":"contact-us","status":"publish","type":"page","link":"https:\/\/krceramicfiber.com\/sl\/contact-us\/","title":{"rendered":"Pi\u0161ite nam"},"content":{"rendered":"<p class=\"wpcf7-contact-form-not-found\"><strong>Error:<\/strong> Contact form not found.<\/p>","protected":false},"excerpt":{"rendered":"","protected":false},"author":1,"featured_media":0,"parent":0,"menu_order":0,"comment_status":"closed","ping_status":"closed","template":"","meta":{"footnotes":""},"class_list":{"0":"post-20","1":"page","2":"type-page","3":"status-publish","5":"no-featured-image-padding"},"yoast_head":"<!-- This site is optimized with the Yoast SEO plugin v25.3 - https:\/\/yoast.com\/wordpress\/plugins\/seo\/ -->\n<title>Contact Us - Your Thermal insulation material Manufactruer | Kerui Refractory\u00ae Official Website<\/title>\n<meta name=\"description\" content=\"KERUI Refractory Supply Ceramic Fiber Blanket | Ceramic Fiber Products | Calcium Silicate Board | Sandwich Panel | Aerogel Insulation etc, any requirement please contact with us.\" \/>\n<meta name=\"robots\" content=\"index, follow, max-snippet:-1, max-image-preview:large, max-video-preview:-1\" \/>\n<link rel=\"canonical\" href=\"https:\/\/krceramicfiber.com\/sl\/contact-us\/\" \/>\n<meta property=\"og:locale\" content=\"sl_SI\" \/>\n<meta property=\"og:type\" content=\"article\" \/>\n<meta property=\"og:title\" content=\"Contact Us - Your Thermal insulation material Manufactruer | Kerui Refractory\u00ae Official Website\" \/>\n<meta property=\"og:description\" content=\"KERUI Refractory Supply Ceramic Fiber Blanket | Ceramic Fiber Products | Calcium Silicate Board | Sandwich Panel | Aerogel Insulation etc, any requirement please contact with us.\" \/>\n<meta property=\"og:url\" content=\"https:\/\/krceramicfiber.com\/sl\/contact-us\/\" \/>\n<meta property=\"og:site_name\" content=\"Your Thermal insulation material Manufactruer | Kerui Refractory\u00ae Official Website\" \/>\n<meta property=\"article:modified_time\" content=\"2025-06-26T08:22:38+00:00\" \/>\n<meta name=\"twitter:card\" content=\"summary_large_image\" \/>\n<meta name=\"twitter:label1\" content=\"Est. reading time\" \/>\n\t<meta name=\"twitter:data1\" content=\"1 minuta\" \/>\n<script type=\"application\/ld+json\" class=\"yoast-schema-graph\">{\"@context\":\"https:\/\/schema.org\",\"@graph\":[{\"@type\":\"WebPage\",\"@id\":\"https:\/\/krceramicfiber.com\/contact-us\/\",\"url\":\"https:\/\/krceramicfiber.com\/contact-us\/\",\"name\":\"Contact Us - Your Thermal insulation material Manufactruer | Kerui Refractory\u00ae Official Website\",\"isPartOf\":{\"@id\":\"https:\/\/krceramicfiber.com\/#website\"},\"datePublished\":\"2023-05-26T07:12:18+00:00\",\"dateModified\":\"2025-06-26T08:22:38+00:00\",\"description\":\"KERUI Refractory Supply Ceramic Fiber Blanket | Ceramic Fiber Products | Calcium Silicate Board | Sandwich Panel | Aerogel Insulation etc, any requirement please contact with us.\",\"breadcrumb\":{\"@id\":\"https:\/\/krceramicfiber.com\/contact-us\/#breadcrumb\"},\"inLanguage\":\"sl-SI\",\"potentialAction\":[{\"@type\":\"ReadAction\",\"target\":[\"https:\/\/krceramicfiber.com\/contact-us\/\"]}]},{\"@type\":\"BreadcrumbList\",\"@id\":\"https:\/\/krceramicfiber.com\/contact-us\/#breadcrumb\",\"itemListElement\":[{\"@type\":\"ListItem\",\"position\":1,\"name\":\"Home\",\"item\":\"https:\/\/krceramicfiber.com\/\"},{\"@type\":\"ListItem\",\"position\":2,\"name\":\"Contact Us\"}]},{\"@type\":\"WebSite\",\"@id\":\"https:\/\/krceramicfiber.com\/#website\",\"url\":\"https:\/\/krceramicfiber.com\/\",\"name\":\"Your Thermal insulation material Manufactruer | Kerui Refractory\u00ae Official Website\",\"description\":\"\",\"publisher\":{\"@id\":\"https:\/\/krceramicfiber.com\/#organization\"},\"potentialAction\":[{\"@type\":\"SearchAction\",\"target\":{\"@type\":\"EntryPoint\",\"urlTemplate\":\"https:\/\/krceramicfiber.com\/?s={search_term_string}\"},\"query-input\":{\"@type\":\"PropertyValueSpecification\",\"valueRequired\":true,\"valueName\":\"search_term_string\"}}],\"inLanguage\":\"sl-SI\"},{\"@type\":\"Organization\",\"@id\":\"https:\/\/krceramicfiber.com\/#organization\",\"name\":\"Your Thermal insulation material Manufactruer | Kerui Refractory\u00ae Official Website\",\"url\":\"https:\/\/krceramicfiber.com\/\",\"logo\":{\"@type\":\"ImageObject\",\"inLanguage\":\"sl-SI\",\"@id\":\"https:\/\/krceramicfiber.com\/#\/schema\/logo\/image\/\",\"url\":\"https:\/\/krceramicfiber.com\/wp-content\/uploads\/2024\/01\/footer-Logo.png\",\"contentUrl\":\"https:\/\/krceramicfiber.com\/wp-content\/uploads\/2024\/01\/footer-Logo.png\",\"width\":282,\"height\":70,\"caption\":\"Your Thermal insulation material Manufactruer | Kerui Refractory\u00ae Official Website\"},\"image\":{\"@id\":\"https:\/\/krceramicfiber.com\/#\/schema\/logo\/image\/\"}}]}<\/script>\n<!-- \/ Yoast SEO plugin. -->","yoast_head_json":{"title":"Contact Us - Your Thermal insulation material Manufactruer | Kerui Refractory\u00ae Official Website","description":"KERUI ognjevzdr\u017eni Supply kerami\u010dnih vlaken Blanket | kerami\u010dnih vlaken izdelki | kalcijev silikat plo\u0161\u010de | sendvi\u010d plo\u0161\u010de | Aerogel izolacija itd, kakr\u0161ne koli zahteve, se obrnite na nas.","robots":{"index":"index","follow":"follow","max-snippet":"max-snippet:-1","max-image-preview":"max-image-preview:large","max-video-preview":"max-video-preview:-1"},"canonical":"https:\/\/krceramicfiber.com\/sl\/contact-us\/","og_locale":"sl_SI","og_type":"article","og_title":"Contact Us - Your Thermal insulation material Manufactruer | Kerui Refractory\u00ae Official Website","og_description":"KERUI Refractory Supply Ceramic Fiber Blanket | Ceramic Fiber Products | Calcium Silicate Board | Sandwich Panel | Aerogel Insulation etc, any requirement please contact with us.","og_url":"https:\/\/krceramicfiber.com\/sl\/contact-us\/","og_site_name":"Your Thermal insulation material Manufactruer | Kerui Refractory\u00ae Official Website","article_modified_time":"2025-06-26T08:22:38+00:00","twitter_card":"summary_large_image","twitter_misc":{"Est. reading time":"1 minuta"},"schema":{"@context":"https:\/\/schema.org","@graph":[{"@type":"WebPage","@id":"https:\/\/krceramicfiber.com\/contact-us\/","url":"https:\/\/krceramicfiber.com\/contact-us\/","name":"Contact Us - Your Thermal insulation material Manufactruer | Kerui Refractory\u00ae Official Website","isPartOf":{"@id":"https:\/\/krceramicfiber.com\/#website"},"datePublished":"2023-05-26T07:12:18+00:00","dateModified":"2025-06-26T08:22:38+00:00","description":"KERUI ognjevzdr\u017eni Supply kerami\u010dnih vlaken Blanket | kerami\u010dnih vlaken izdelki | kalcijev silikat plo\u0161\u010de | sendvi\u010d plo\u0161\u010de | Aerogel izolacija itd, kakr\u0161ne koli zahteve, se obrnite na nas.","breadcrumb":{"@id":"https:\/\/krceramicfiber.com\/contact-us\/#breadcrumb"},"inLanguage":"sl-SI","potentialAction":[{"@type":"ReadAction","target":["https:\/\/krceramicfiber.com\/contact-us\/"]}]},{"@type":"BreadcrumbList","@id":"https:\/\/krceramicfiber.com\/contact-us\/#breadcrumb","itemListElement":[{"@type":"ListItem","position":1,"name":"Home","item":"https:\/\/krceramicfiber.com\/"},{"@type":"ListItem","position":2,"name":"Contact Us"}]},{"@type":"WebSite","@id":"https:\/\/krceramicfiber.com\/#website","url":"https:\/\/krceramicfiber.com\/","name":"Va\u0161 proizvajalec materialov za toplotno izolacijo | Kerui Refractory\u00ae Uradna spletna stran","description":"","publisher":{"@id":"https:\/\/krceramicfiber.com\/#organization"},"potentialAction":[{"@type":"SearchAction","target":{"@type":"EntryPoint","urlTemplate":"https:\/\/krceramicfiber.com\/?s={search_term_string}"},"query-input":{"@type":"PropertyValueSpecification","valueRequired":true,"valueName":"search_term_string"}}],"inLanguage":"sl-SI"},{"@type":"Organization","@id":"https:\/\/krceramicfiber.com\/#organization","name":"Va\u0161 proizvajalec materialov za toplotno izolacijo | Kerui Refractory\u00ae Uradna spletna stran","url":"https:\/\/krceramicfiber.com\/","logo":{"@type":"ImageObject","inLanguage":"sl-SI","@id":"https:\/\/krceramicfiber.com\/#\/schema\/logo\/image\/","url":"https:\/\/krceramicfiber.com\/wp-content\/uploads\/2024\/01\/footer-Logo.png","contentUrl":"https:\/\/krceramicfiber.com\/wp-content\/uploads\/2024\/01\/footer-Logo.png","width":282,"height":70,"caption":"Your Thermal insulation material Manufactruer | Kerui Refractory\u00ae Official Website"},"image":{"@id":"https:\/\/krceramicfiber.com\/#\/schema\/logo\/image\/"}}]}},"_links":{"self":[{"href":"https:\/\/krceramicfiber.com\/sl\/wp-json\/wp\/v2\/pages\/20","targetHints":{"allow":["GET"]}}],"collection":[{"href":"https:\/\/krceramicfiber.com\/sl\/wp-json\/wp\/v2\/pages"}],"about":[{"href":"https:\/\/krceramicfiber.com\/sl\/wp-json\/wp\/v2\/types\/page"}],"author":[{"embeddable":true,"href":"https:\/\/krceramicfiber.com\/sl\/wp-json\/wp\/v2\/users\/1"}],"replies":[{"embeddable":true,"href":"https:\/\/krceramicfiber.com\/sl\/wp-json\/wp\/v2\/comments?post=20"}],"version-history":[{"count":0,"href":"https:\/\/krceramicfiber.com\/sl\/wp-json\/wp\/v2\/pages\/20\/revisions"}],"wp:attachment":[{"href":"https:\/\/krceramicfiber.com\/sl\/wp-json\/wp\/v2\/media?parent=20"}],"curies":[{"name":"wp","href":"https:\/\/api.w.org\/{rel}","templated":true}]}}