{"id":54186,"date":"2024-09-12T10:56:20","date_gmt":"2024-09-12T02:56:20","guid":{"rendered":"https:\/\/krceramicfiber.com\/?page_id=925"},"modified":"2025-11-25T17:03:03","modified_gmt":"2025-11-25T09:03:03","slug":"ceramic-fiber-board","status":"publish","type":"page","link":"https:\/\/krceramicfiber.com\/pt\/ceramic-fiber-board\/","title":{"rendered":"Placa de fibra cer\u00e2mica"},"content":{"rendered":"<div class=\"product_info_bg\">\n<div class=\"page_model product_info\">\n<div class=\"preview\"><img loading=\"lazy\" decoding=\"async\" class=\"aligncenter size-full wp-image-3596\" src=\"https:\/\/krceramicfiber.com\/wp-content\/uploads\/2024\/09\/ceramic-fiber-borad.webp\" alt=\"Placa de fibra cer\u00e2mica\" width=\"780\" height=\"639\" \/><\/div>\n<div class=\"info\">\n<h1>Ceramic Fiber Board for Sale<\/h1>\n<p class=\"profile\">In high temperature applications, Kerui ceramic fiber board for sale is crucial. Customers in high temp industry need this product to realize an excellent insulation effect. This product has a wide range of applications in various industries.<\/p>\n<ul>\n<li>\n<div>1260-1430<\/div>\n<p><small>Classification Temperature (\u2103)<\/small><\/li>\n<li>\n<div>250-360<\/div>\n<p><small>Bulk Density (kg\/m\u00b3)<\/small><\/li>\n<li>\n<div>10, 20-50<\/div>\n<p><small>Thickness (mm)<\/small><\/li>\n<li>\n<div>Spun ceramic fiber bulk<\/div>\n<p><small>Raw materials<\/small><\/li>\n<li class=\"authentication\"><img loading=\"lazy\" decoding=\"async\" class=\"alignnone size-full wp-image-676\" src=\"https:\/\/krceramicfiber.com\/wp-content\/uploads\/2024\/09\/CE-min.webp\" alt=\"Autentica\u00e7\u00e3o Kerui\" width=\"200\" height=\"55\" \/><\/li>\n<\/ul>\n<p><a class=\"inruiry fancybox\" href=\"#contact_form_pop\">obter pre\u00e7o<\/a><a class=\"email-btn\" href=\"mailto:market@krceramicfiber.com\">enviar correio eletr\u00f3nico<\/a><\/p>\n<\/div>\n<\/div>\n<\/div>\n<div class=\"product_model_bg\">\n<div class=\"page_model\">\n<h2 id=\"TechniqueData\">Kerui Ceramic Fiber Board Technical Data Sheet<\/h2>\n\n<table id=\"tablepress-20\" class=\"tablepress tablepress-id-20 tbody-has-connected-cells\">\n<thead>\n<tr class=\"row-1\">\n\t<th colspan=\"2\" class=\"column-1\">Item\/Grade<\/th><th class=\"column-3\">STD Board<\/th><th class=\"column-4\">HP Board<\/th><th class=\"column-5\">HA Board<\/th><th class=\"column-6\">HZ Board<\/th>\n<\/tr>\n<\/thead>\n<tbody class=\"row-striping row-hover\">\n<tr class=\"row-2\">\n\t<td colspan=\"2\" class=\"column-1\">Classification Temperature\/\u2103<\/td><td class=\"column-3\">1260<\/td><td class=\"column-4\">1260<\/td><td class=\"column-5\">1350<\/td><td class=\"column-6\">1430<\/td>\n<\/tr>\n<tr class=\"row-3\">\n\t<td colspan=\"2\" class=\"column-1\">Color<\/td><td class=\"column-3\">White<\/td><td class=\"column-4\">White<\/td><td class=\"column-5\">White<\/td><td class=\"column-6\">White<\/td>\n<\/tr>\n<tr class=\"row-4\">\n\t<td colspan=\"2\" class=\"column-1\">Bulk Density (kg\/m\u00b3)<\/td><td class=\"column-3\">250\/300\/360<\/td><td class=\"column-4\">250\/300\/360<\/td><td class=\"column-5\">300\/360<\/td><td class=\"column-6\">300\/360<\/td>\n<\/tr>\n<tr class=\"row-5\">\n\t<td colspan=\"2\" class=\"column-1\">Modules of Rupture \u2265\/MPa<\/td><td class=\"column-3\">0.3<\/td><td class=\"column-4\">0.3<\/td><td class=\"column-5\">0.3<\/td><td class=\"column-6\">0.3<\/td>\n<\/tr>\n<tr class=\"row-6\">\n\t<td colspan=\"2\" class=\"column-1\">Compressive Strength\/MPa (10% relative deformation)<\/td><td class=\"column-3\">0.15\/0.25\/0.3<\/td><td class=\"column-4\">0.25\/0.3<\/td><td class=\"column-5\">0.25\/0.3<\/td><td class=\"column-6\">0.25\/0.3<\/td>\n<\/tr>\n<tr class=\"row-7\">\n\t<td colspan=\"2\" class=\"column-1\">Loss of Ignition \u2264\/%<\/td><td class=\"column-3\">6<\/td><td class=\"column-4\">6<\/td><td class=\"column-5\">6<\/td><td class=\"column-6\">6<\/td>\n<\/tr>\n<tr class=\"row-8\">\n\t<td colspan=\"2\" class=\"column-1\">Permanent Linear Change \u2264\/%<\/td><td class=\"column-3\">1000\u2103 x 24h<br \/>\n3.0<\/td><td class=\"column-4\">1100\u2103 x 24h<br \/>\n3.0<\/td><td class=\"column-5\">1200\u2103 x 24h<br \/>\n3.0<\/td><td class=\"column-6\">1350\u2103 x 24h<br \/>\n3.0<\/td>\n<\/tr>\n<tr class=\"row-9\">\n\t<td rowspan=\"4\" class=\"column-1\">Thermal Conductivity Coefficient \/[W\/(m\u00b7K)]<\/td><td class=\"column-2\">400\u2103<\/td><td class=\"column-3\">0.08<\/td><td class=\"column-4\">0.07<\/td><td class=\"column-5\">0.07<\/td><td class=\"column-6\">0.07<\/td>\n<\/tr>\n<tr class=\"row-10\">\n\t<td class=\"column-2\">600\u2103<\/td><td class=\"column-3\">0.11<\/td><td class=\"column-4\">0.1<\/td><td class=\"column-5\">0.1<\/td><td class=\"column-6\">0.09<\/td>\n<\/tr>\n<tr class=\"row-11\">\n\t<td class=\"column-2\">800\u2103<\/td><td class=\"column-3\">0.14<\/td><td class=\"column-4\">0.14<\/td><td class=\"column-5\">0.13<\/td><td class=\"column-6\">0.13<\/td>\n<\/tr>\n<tr class=\"row-12\">\n\t<td class=\"column-2\">1000\u2103<\/td><td class=\"column-3\">0.19<\/td><td class=\"column-4\">0.19<\/td><td class=\"column-5\">0.19<\/td><td class=\"column-6\">0.18<\/td>\n<\/tr>\n<\/tbody>\n<\/table>\n\n<p><center><a class=\"fancybox price\" href=\"#contact_form_pop\">OBTER PRE\u00c7O<\/a><\/center><\/p>\n<div class=\"fancybox-hidden\" style=\"display: none;\">\n<div id=\"contact_form_pop\">\n<div class=\"wpcf7 no-js\" id=\"wpcf7-f328-o1\" lang=\"en-US\" dir=\"ltr\" data-wpcf7-id=\"328\">\n<div class=\"screen-reader-response\"><p role=\"status\" aria-live=\"polite\" aria-atomic=\"true\"><\/p> <ul><\/ul><\/div>\n<form action=\"\/pt\/wp-json\/wp\/v2\/pages\/54186#wpcf7-f328-o1\" method=\"post\" class=\"wpcf7-form init\" aria-label=\"Formul\u00e1rio de contacto\" novalidate=\"novalidate\" data-status=\"init\" data-trp-original-action=\"\/pt\/wp-json\/wp\/v2\/pages\/54186#wpcf7-f328-o1\">\n<fieldset class=\"hidden-fields-container\"><input type=\"hidden\" name=\"_wpcf7\" value=\"328\" \/><input type=\"hidden\" name=\"_wpcf7_version\" value=\"6.1\" \/><input type=\"hidden\" name=\"_wpcf7_locale\" value=\"en_US\" \/><input type=\"hidden\" name=\"_wpcf7_unit_tag\" value=\"wpcf7-f328-o1\" \/><input type=\"hidden\" name=\"_wpcf7_container_post\" value=\"0\" \/><input type=\"hidden\" name=\"_wpcf7_posted_data_hash\" value=\"\" \/><input type=\"hidden\" name=\"_wpcf7_recaptcha_response\" value=\"\" \/>\n<\/fieldset>\n<div class=\"form-box\" id=\"Contact-Us\">\n\t<div class=\"isleft\">\n\t\t<div class=\"contact-title\">\n\t\t\t<p>Contactar-nos\n\t\t\t<\/p>\n\t\t<\/div>\n\t\t<div class=\"contactp\">\n\t\t\t<p>Por favor, n\u00e3o hesite em enviar-nos a sua informa\u00e7\u00e3o de inqu\u00e9rito. Entraremos em contacto consigo o mais rapidamente poss\u00edvel.\n\t\t\t<\/p>\n\t\t<\/div>\n\t\t<ul class=\"contact\">\n\t\t\t<li class=\"email\">\n\t\t\t\t<p><img decoding=\"async\" src=\"https:\/\/krceramicfiber.com\/wp-content\/uploads\/2023\/12\/email.png\" alt=\"\" \/>Correio eletr\u00f3nico:\n\t\t\t\t<\/p>\n\t\t\t\t<p><a href=\"mailto:market@krceramicfiber.com\">market@krceramicfiber.com<\/a>\n\t\t\t\t<\/p>\n\t\t\t<\/li>\n\t\t\t<li class=\"phone\">\n\t\t\t\t<p><img decoding=\"async\" src=\"https:\/\/krceramicfiber.com\/wp-content\/uploads\/2023\/12\/tel.png\" alt=\"\" \/>Telefone\/whatsapp:\n\t\t\t\t<\/p>\n\t\t\t\t<p><a href=\"https:\/\/wa.me\/8619138178880\">+86 19138178880<\/a>\n\t\t\t\t<\/p>\n\t\t\t<\/li>\n\t\t\t<li class=\"location\">\n\t\t\t\t<p><img decoding=\"async\" src=\"https:\/\/krceramicfiber.com\/wp-content\/uploads\/2023\/12\/Location.png\" alt=\"\" \/>Base de fabrico:\n\t\t\t\t<\/p>\n\t\t\t\t<p>Zona da Ind\u00fastria Refract\u00e1ria de Chaohua,<br \/>\nCidade de Xinmi, prov\u00edncia de Henan, China\n\t\t\t\t<\/p>\n\t\t\t<\/li>\n\t\t<\/ul>\n\t<\/div>\n\t<div class=\"isright\">\n\t\t<ul class=\"contact-input\">\n\t\t\t<li>\n\t\t\t\t<div class=\"islabel\">\n\t\t\t\t\t<p>* Nome:\n\t\t\t\t\t<\/p>\n\t\t\t\t<\/div>\n\t\t\t\t<p><span class=\"wpcf7-form-control-wrap\" data-name=\"your-name\"><input size=\"40\" maxlength=\"400\" class=\"wpcf7-form-control wpcf7-text wpcf7-validates-as-required\" aria-required=\"true\" aria-invalid=\"false\" placeholder=\"\" value=\"\" type=\"text\" name=\"your-name\" \/><\/span>\n\t\t\t\t<\/p>\n\t\t\t<\/li>\n\t\t\t<li>\n\t\t\t\t<div class=\"islabel\">\n\t\t\t\t\t<p>* Correio eletr\u00f3nico:\n\t\t\t\t\t<\/p>\n\t\t\t\t<\/div>\n\t\t\t\t<p><span class=\"wpcf7-form-control-wrap\" data-name=\"your-email\"><input size=\"40\" maxlength=\"400\" class=\"wpcf7-form-control wpcf7-email wpcf7-validates-as-required wpcf7-text wpcf7-validates-as-email\" aria-required=\"true\" aria-invalid=\"false\" placeholder=\"\" value=\"\" type=\"email\" name=\"your-email\" \/><\/span>\n\t\t\t\t<\/p>\n\t\t\t<\/li>\n\t\t\t<li>\n\t\t\t\t<div class=\"islabel\">\n\t\t\t\t\t<p>* Telefone\/Whatsapp:\n\t\t\t\t\t<\/p>\n\t\t\t\t<\/div>\n\t\t\t\t<p><span class=\"wpcf7-form-control-wrap\" data-name=\"your-phone\"><input size=\"40\" maxlength=\"400\" class=\"wpcf7-form-control wpcf7-tel wpcf7-validates-as-required wpcf7-text wpcf7-validates-as-tel\" aria-required=\"true\" aria-invalid=\"false\" placeholder=\"\" value=\"\" type=\"tel\" name=\"your-phone\" \/><\/span>\n\t\t\t\t<\/p>\n\t\t\t<\/li>\n\t\t\t<li>\n\t\t\t\t<div class=\"islabel\">\n\t\t\t\t\t<p>Pa\u00eds:\n\t\t\t\t\t<\/p>\n\t\t\t\t<\/div>\n\t\t\t\t<p><span class=\"wpcf7-form-control-wrap\" data-name=\"your-country\"><input size=\"40\" maxlength=\"400\" class=\"wpcf7-form-control wpcf7-text\" aria-invalid=\"false\" placeholder=\"\" value=\"\" type=\"text\" name=\"your-country\" \/><\/span>\n\t\t\t\t<\/p>\n\t\t\t<\/li>\n\t\t\t<li class=\"ismassage\">\n\t\t\t\t<div class=\"islabel\">\n\t\t\t\t\t<p>* Mensagem:\n\t\t\t\t\t<\/p>\n\t\t\t\t<\/div>\n\t\t\t\t<p><span class=\"wpcf7-form-control-wrap\" data-name=\"your-msg\"><textarea cols=\"40\" rows=\"10\" maxlength=\"2000\" class=\"wpcf7-form-control wpcf7-textarea wpcf7-validates-as-required\" aria-required=\"true\" aria-invalid=\"false\" name=\"your-msg\"><\/textarea><\/span>\n\t\t\t\t<\/p>\n\t\t\t<\/li>\n\t\t\t<li class=\"wpcf7-btns-box\">\n\t\t\t\t<div class=\"isFileName\">\n\t\t\t\t<\/div>\n\t\t\t\t<div class=\"wpcf7-btns\">\n\t\t\t\t\t<p><input class=\"wpcf7-form-control wpcf7-submit has-spinner\" type=\"submit\" value=\"ENVIAR\" \/>\n\t\t\t\t\t<\/p>\n\t\t\t\t<\/div>\n\t\t\t<\/li>\n\t\t<\/ul>\n\t<\/div>\n<\/div><div class=\"wpcf7-response-output\" aria-hidden=\"true\"><\/div>\n<input type=\"hidden\" name=\"trp-form-language\" value=\"pt\"\/><\/form>\n<\/div>\n<\/div>\n<\/div>\n<\/div>\n<div class=\"product_info_bg\">\n<div class=\"page_model\">\n<h2 id=\"PRODUCTDESCRIPTION\">Description of Ceramic Fiber Board<\/h2>\n<p>Ceramic fiber board is a kind of refractory material, usually composed of alumina and silicate, and it is also called an aluminum silicate board. Ceramic fiber board is made of ceramic fiber cotton, natural refractory raw materials, and a small amount of organic binder as the main raw materials, and is processed by a fully automated control continuous production line. After heating, it has very good mechanical properties and has a certain hardness support, which provides a strong guarantee for the kiln to save energy and reduce consumption, high quality, and high output.<\/p>\n<div class='content-column one_fourth'><div style=\"padding-right:20px;padding-bottom:10px;\"><div class='content-column full_width'><div style=\"padding:25px 25px 25px 25px;\"><div class=\"tb1\">Excellent chemical stabillty, nonflammable.<\/div><\/div><\/div><\/div><\/div>\n<div class='content-column one_fourth'><div style=\"padding-right:20px;padding-bottom:10px;\"><div class='content-column full_width'><div style=\"padding:25px 25px 25px 25px;\"><div class=\"tb2\">Excellent chemical stabillty, nonflammable.<\/div><\/div><\/div><\/div><\/div>\n<div class='content-column one_fourth'><div style=\"padding-right:20px;padding-bottom:10px;\"><div class='content-column full_width'><div style=\"padding:25px 25px 25px 25px;\"><div class=\"tb3\">Excellent chemical stabillty, nonflammable.<\/div><\/div><\/div><\/div><\/div>\n<div class='content-column one_fourth last_column'><div style=\"padding-right:20px;padding-bottom:10px;\"><div class='content-column full_width'><div style=\"padding:25px 25px 25px 25px;\"><div class=\"tb4\">Excellent chemical stabillty, nonflammable.<\/div><\/div><\/div><\/div><\/div><div class='clear_column'><\/div>\n<\/div>\n<\/div>\n<div class=\"product_model_bg\">\n<div class=\"page_model\"><div class=\"pt-cv-wrapper\">Error: View <strong>9da21bcsik<\/strong> may not exist<\/div><\/div>\n<div id=\"INQUIRY\" class=\"page_model\"><p class=\"wpcf7-contact-form-not-found\"><strong>Erro:<\/strong> Formul\u00e1rio de contacto n\u00e3o encontrado.<\/p><\/div>\n<div class=\"page_model\">\n<div class=\"swiper related-products\">\n<div class=\"swiper-wrapper\">\n<div class=\"swiper-slide\"><\/div>\n<\/div>\n<\/div>\n<\/div>\n<\/div>\n<\/div>","protected":false},"excerpt":{"rendered":"<p>Ceramic Fiber Board for Sale In high temperature applications, Kerui ceramic fiber board for sale &#8230; <a title=\"Placa de fibra cer\u00e2mica\" class=\"read-more\" href=\"https:\/\/krceramicfiber.com\/pt\/ceramic-fiber-board\/\" aria-label=\"Mais em Ceramic Fiber Board\">Ler mais<\/a><\/p>","protected":false},"author":1,"featured_media":54192,"parent":0,"menu_order":0,"comment_status":"closed","ping_status":"closed","template":"","meta":{"footnotes":""},"class_list":{"0":"post-54186","1":"page","2":"type-page","3":"status-publish","4":"has-post-thumbnail","6":"no-featured-image-padding","7":"resize-featured-image"},"yoast_head":"<!-- This site is optimized with the Yoast SEO plugin v25.3 - https:\/\/yoast.com\/wordpress\/plugins\/seo\/ -->\n<title>Ceramic Fiber Board - Your Thermal insulation material Manufactruer | Kerui Refractory\u00ae Official Website<\/title>\n<meta name=\"description\" content=\"Ceramic fiber board is a kind of refractory material, usually composed of alumina and silicate, and it is also called an aluminum silicate board.\" \/>\n<meta name=\"robots\" content=\"index, follow, max-snippet:-1, max-image-preview:large, max-video-preview:-1\" \/>\n<link rel=\"canonical\" href=\"https:\/\/krceramicfiber.com\/pt\/ceramic-fiber-board\/\" \/>\n<meta property=\"og:locale\" content=\"pt_PT\" \/>\n<meta property=\"og:type\" content=\"article\" \/>\n<meta property=\"og:title\" content=\"Ceramic Fiber Board - Your Thermal insulation material Manufactruer | Kerui Refractory\u00ae Official Website\" \/>\n<meta property=\"og:description\" content=\"Ceramic fiber board is a kind of refractory material, usually composed of alumina and silicate, and it is also called an aluminum silicate board.\" \/>\n<meta property=\"og:url\" content=\"https:\/\/krceramicfiber.com\/pt\/ceramic-fiber-board\/\" \/>\n<meta property=\"og:site_name\" content=\"Your Thermal insulation material Manufactruer | Kerui Refractory\u00ae Official Website\" \/>\n<meta property=\"article:modified_time\" content=\"2025-11-25T09:03:03+00:00\" \/>\n<meta property=\"og:image\" content=\"https:\/\/krceramicfiber.com\/wp-content\/uploads\/2024\/09\/ceramic-fiber-borad.webp\" \/>\n\t<meta property=\"og:image:width\" content=\"660\" \/>\n\t<meta property=\"og:image:height\" content=\"528\" \/>\n\t<meta property=\"og:image:type\" content=\"image\/webp\" \/>\n<meta name=\"twitter:card\" content=\"summary_large_image\" \/>\n<meta name=\"twitter:label1\" content=\"Tempo estimado de leitura\" \/>\n\t<meta name=\"twitter:data1\" content=\"2 minutos\" \/>\n<script type=\"application\/ld+json\" class=\"yoast-schema-graph\">{\"@context\":\"https:\/\/schema.org\",\"@graph\":[{\"@type\":\"WebPage\",\"@id\":\"https:\/\/krceramicfiber.com\/ceramic-fiber-board\/\",\"url\":\"https:\/\/krceramicfiber.com\/ceramic-fiber-board\/\",\"name\":\"Ceramic Fiber Board - Your Thermal insulation material Manufactruer | Kerui Refractory\u00ae Official Website\",\"isPartOf\":{\"@id\":\"https:\/\/krceramicfiber.com\/#website\"},\"primaryImageOfPage\":{\"@id\":\"https:\/\/krceramicfiber.com\/ceramic-fiber-board\/#primaryimage\"},\"image\":{\"@id\":\"https:\/\/krceramicfiber.com\/ceramic-fiber-board\/#primaryimage\"},\"thumbnailUrl\":\"https:\/\/krceramicfiber.com\/wp-content\/uploads\/2024\/09\/ceramic-fiber-borad.webp\",\"datePublished\":\"2024-09-12T02:56:20+00:00\",\"dateModified\":\"2025-11-25T09:03:03+00:00\",\"description\":\"Ceramic fiber board is a kind of refractory material, usually composed of alumina and silicate, and it is also called an aluminum silicate board.\",\"breadcrumb\":{\"@id\":\"https:\/\/krceramicfiber.com\/ceramic-fiber-board\/#breadcrumb\"},\"inLanguage\":\"pt-PT\",\"potentialAction\":[{\"@type\":\"ReadAction\",\"target\":[\"https:\/\/krceramicfiber.com\/ceramic-fiber-board\/\"]}]},{\"@type\":\"ImageObject\",\"inLanguage\":\"pt-PT\",\"@id\":\"https:\/\/krceramicfiber.com\/ceramic-fiber-board\/#primaryimage\",\"url\":\"https:\/\/krceramicfiber.com\/wp-content\/uploads\/2024\/09\/ceramic-fiber-borad.webp\",\"contentUrl\":\"https:\/\/krceramicfiber.com\/wp-content\/uploads\/2024\/09\/ceramic-fiber-borad.webp\",\"width\":660,\"height\":528,\"caption\":\"ceramic fiber borad\"},{\"@type\":\"BreadcrumbList\",\"@id\":\"https:\/\/krceramicfiber.com\/ceramic-fiber-board\/#breadcrumb\",\"itemListElement\":[{\"@type\":\"ListItem\",\"position\":1,\"name\":\"Home\",\"item\":\"https:\/\/krceramicfiber.com\/\"},{\"@type\":\"ListItem\",\"position\":2,\"name\":\"Ceramic Fiber Board\"}]},{\"@type\":\"WebSite\",\"@id\":\"https:\/\/krceramicfiber.com\/#website\",\"url\":\"https:\/\/krceramicfiber.com\/\",\"name\":\"Your Thermal insulation material Manufactruer | Kerui Refractory\u00ae Official Website\",\"description\":\"\",\"publisher\":{\"@id\":\"https:\/\/krceramicfiber.com\/#organization\"},\"potentialAction\":[{\"@type\":\"SearchAction\",\"target\":{\"@type\":\"EntryPoint\",\"urlTemplate\":\"https:\/\/krceramicfiber.com\/?s={search_term_string}\"},\"query-input\":{\"@type\":\"PropertyValueSpecification\",\"valueRequired\":true,\"valueName\":\"search_term_string\"}}],\"inLanguage\":\"pt-PT\"},{\"@type\":\"Organization\",\"@id\":\"https:\/\/krceramicfiber.com\/#organization\",\"name\":\"Your Thermal insulation material Manufactruer | Kerui Refractory\u00ae Official Website\",\"url\":\"https:\/\/krceramicfiber.com\/\",\"logo\":{\"@type\":\"ImageObject\",\"inLanguage\":\"pt-PT\",\"@id\":\"https:\/\/krceramicfiber.com\/#\/schema\/logo\/image\/\",\"url\":\"https:\/\/krceramicfiber.com\/wp-content\/uploads\/2024\/01\/footer-Logo.png\",\"contentUrl\":\"https:\/\/krceramicfiber.com\/wp-content\/uploads\/2024\/01\/footer-Logo.png\",\"width\":282,\"height\":70,\"caption\":\"Your Thermal insulation material Manufactruer | Kerui Refractory\u00ae Official Website\"},\"image\":{\"@id\":\"https:\/\/krceramicfiber.com\/#\/schema\/logo\/image\/\"}}]}<\/script>\n<!-- \/ Yoast SEO plugin. -->","yoast_head_json":{"title":"Ceramic Fiber Board - Your Thermal insulation material Manufactruer | Kerui Refractory\u00ae Official Website","description":"Ceramic fiber board is a kind of refractory material, usually composed of alumina and silicate, and it is also called an aluminum silicate board.","robots":{"index":"index","follow":"follow","max-snippet":"max-snippet:-1","max-image-preview":"max-image-preview:large","max-video-preview":"max-video-preview:-1"},"canonical":"https:\/\/krceramicfiber.com\/pt\/ceramic-fiber-board\/","og_locale":"pt_PT","og_type":"article","og_title":"Ceramic Fiber Board - Your Thermal insulation material Manufactruer | Kerui Refractory\u00ae Official Website","og_description":"Ceramic fiber board is a kind of refractory material, usually composed of alumina and silicate, and it is also called an aluminum silicate board.","og_url":"https:\/\/krceramicfiber.com\/pt\/ceramic-fiber-board\/","og_site_name":"Your Thermal insulation material Manufactruer | Kerui Refractory\u00ae Official Website","article_modified_time":"2025-11-25T09:03:03+00:00","og_image":[{"width":660,"height":528,"url":"https:\/\/krceramicfiber.com\/wp-content\/uploads\/2024\/09\/ceramic-fiber-borad.webp","type":"image\/webp"}],"twitter_card":"summary_large_image","twitter_misc":{"Tempo estimado de leitura":"2 minutos"},"schema":{"@context":"https:\/\/schema.org","@graph":[{"@type":"WebPage","@id":"https:\/\/krceramicfiber.com\/ceramic-fiber-board\/","url":"https:\/\/krceramicfiber.com\/ceramic-fiber-board\/","name":"Ceramic Fiber Board - Your Thermal insulation material Manufactruer | Kerui Refractory\u00ae Official Website","isPartOf":{"@id":"https:\/\/krceramicfiber.com\/#website"},"primaryImageOfPage":{"@id":"https:\/\/krceramicfiber.com\/ceramic-fiber-board\/#primaryimage"},"image":{"@id":"https:\/\/krceramicfiber.com\/ceramic-fiber-board\/#primaryimage"},"thumbnailUrl":"https:\/\/krceramicfiber.com\/wp-content\/uploads\/2024\/09\/ceramic-fiber-borad.webp","datePublished":"2024-09-12T02:56:20+00:00","dateModified":"2025-11-25T09:03:03+00:00","description":"Ceramic fiber board is a kind of refractory material, usually composed of alumina and silicate, and it is also called an aluminum silicate board.","breadcrumb":{"@id":"https:\/\/krceramicfiber.com\/ceramic-fiber-board\/#breadcrumb"},"inLanguage":"pt-PT","potentialAction":[{"@type":"ReadAction","target":["https:\/\/krceramicfiber.com\/ceramic-fiber-board\/"]}]},{"@type":"ImageObject","inLanguage":"pt-PT","@id":"https:\/\/krceramicfiber.com\/ceramic-fiber-board\/#primaryimage","url":"https:\/\/krceramicfiber.com\/wp-content\/uploads\/2024\/09\/ceramic-fiber-borad.webp","contentUrl":"https:\/\/krceramicfiber.com\/wp-content\/uploads\/2024\/09\/ceramic-fiber-borad.webp","width":660,"height":528,"caption":"ceramic fiber borad"},{"@type":"BreadcrumbList","@id":"https:\/\/krceramicfiber.com\/ceramic-fiber-board\/#breadcrumb","itemListElement":[{"@type":"ListItem","position":1,"name":"Home","item":"https:\/\/krceramicfiber.com\/"},{"@type":"ListItem","position":2,"name":"Ceramic Fiber Board"}]},{"@type":"WebSite","@id":"https:\/\/krceramicfiber.com\/#website","url":"https:\/\/krceramicfiber.com\/","name":"O seu fabricante de material de isolamento t\u00e9rmico | Kerui Refractory\u00ae Official Website","description":"","publisher":{"@id":"https:\/\/krceramicfiber.com\/#organization"},"potentialAction":[{"@type":"SearchAction","target":{"@type":"EntryPoint","urlTemplate":"https:\/\/krceramicfiber.com\/?s={search_term_string}"},"query-input":{"@type":"PropertyValueSpecification","valueRequired":true,"valueName":"search_term_string"}}],"inLanguage":"pt-PT"},{"@type":"Organization","@id":"https:\/\/krceramicfiber.com\/#organization","name":"O seu fabricante de material de isolamento t\u00e9rmico | Kerui Refractory\u00ae Official Website","url":"https:\/\/krceramicfiber.com\/","logo":{"@type":"ImageObject","inLanguage":"pt-PT","@id":"https:\/\/krceramicfiber.com\/#\/schema\/logo\/image\/","url":"https:\/\/krceramicfiber.com\/wp-content\/uploads\/2024\/01\/footer-Logo.png","contentUrl":"https:\/\/krceramicfiber.com\/wp-content\/uploads\/2024\/01\/footer-Logo.png","width":282,"height":70,"caption":"Your Thermal insulation material Manufactruer | Kerui Refractory\u00ae Official Website"},"image":{"@id":"https:\/\/krceramicfiber.com\/#\/schema\/logo\/image\/"}}]}},"_links":{"self":[{"href":"https:\/\/krceramicfiber.com\/pt\/wp-json\/wp\/v2\/pages\/54186","targetHints":{"allow":["GET"]}}],"collection":[{"href":"https:\/\/krceramicfiber.com\/pt\/wp-json\/wp\/v2\/pages"}],"about":[{"href":"https:\/\/krceramicfiber.com\/pt\/wp-json\/wp\/v2\/types\/page"}],"author":[{"embeddable":true,"href":"https:\/\/krceramicfiber.com\/pt\/wp-json\/wp\/v2\/users\/1"}],"replies":[{"embeddable":true,"href":"https:\/\/krceramicfiber.com\/pt\/wp-json\/wp\/v2\/comments?post=54186"}],"version-history":[{"count":0,"href":"https:\/\/krceramicfiber.com\/pt\/wp-json\/wp\/v2\/pages\/54186\/revisions"}],"wp:featuredmedia":[{"embeddable":true,"href":"https:\/\/krceramicfiber.com\/pt\/wp-json\/wp\/v2\/media\/54192"}],"wp:attachment":[{"href":"https:\/\/krceramicfiber.com\/pt\/wp-json\/wp\/v2\/media?parent=54186"}],"curies":[{"name":"wp","href":"https:\/\/api.w.org\/{rel}","templated":true}]}}