{"id":37,"date":"2023-06-15T15:55:14","date_gmt":"2023-06-15T07:55:14","guid":{"rendered":"https:\/\/krceramicfiber.com\/?page_id=37"},"modified":"2025-06-16T16:03:27","modified_gmt":"2025-06-16T08:03:27","slug":"kerui-refractory","status":"publish","type":"page","link":"https:\/\/krceramicfiber.com\/pt\/","title":{"rendered":"Refrat\u00e1rio de Kerui"},"content":{"rendered":"<div class=\"swiper home-banner\">\n<div class=\"swiper-wrapper\">\n<div class=\"swiper-slide\">\n<div class=\"banner-swiper\">\n<div class=\"grid-container\">\n<div class=\"banner-text\">\n<div class=\"banner-t1\">Servir a ind\u00fastria global de alta temperatura<\/div>\n<div class=\"banner-t2\">\n<div>Manta de fibra cer\u00e2mica<\/div>\n<div>Placa de fibra cer\u00e2mica<\/div>\n<div>M\u00f3dulo de fibra cer\u00e2mica<\/div>\n<\/div>\n<\/div>\n<\/div>\n<\/div>\n<\/div>\n<div class=\"swiper-slide\">\n<div class=\"banner-swiper\">\n<div class=\"grid-container\">\n<div class=\"banner-text\">\n<div class=\"banner-t1\">Fabricante de material de isolamento de resist\u00eancia<\/div>\n<div class=\"banner-t2\">\n<div>Produtos e solu\u00e7\u00f5es personaliz\u00e1veis<\/div>\n<div>\u00c9 poss\u00edvel efetuar ensaios de amostras<\/div>\n<div>Pre\u00e7o razo\u00e1vel<\/div>\n<\/div>\n<\/div>\n<\/div>\n<\/div>\n<\/div>\n<div class=\"swiper-slide\">\n<div class=\"banner-swiper\">\n<div class=\"grid-container\">\n<div class=\"banner-text\">\n<div class=\"banner-t1\">Amplamente utilizado e de constru\u00e7\u00e3o simples<\/div>\n<div class=\"banner-t2\">\n<div>Ind\u00fastria metal\u00fargica<\/div>\n<div>Ind\u00fastria de metais n\u00e3o ferrosos<\/div>\n<div>Ind\u00fastria cer\u00e2mica<\/div>\n<div>Mais<\/div>\n<\/div>\n<\/div>\n<\/div>\n<\/div>\n<\/div>\n<\/div>\n<\/div>\n<div class=\"home-banner-navigation\">\n<div class=\"button-prev\"><\/div>\n<div class=\"button-next\"><\/div>\n<\/div>\n<div class=\"home-aboutUS\">\n<div class=\"grid-container\">\n<div class=\"isright wow fadeInRight\" data-wow-delay=\"0.1s\">\n<div class=\"home-t1\">Refrat\u00e1rio de Kerui<\/div>\n<div class=\"t1-1\">Vendas diretas da f\u00e1brica, sem diferen\u00e7a de pre\u00e7o de intermedi\u00e1rios.<\/div>\n<div class=\"t2\">Kerui Refractory est\u00e1 localizado na maior zona de ind\u00fastria refract\u00e1ria da China: A Kerui Refractory esfor\u00e7a-se por fornecer solu\u00e7\u00f5es de topo de gama<br \/>\ne servi\u00e7os para ind\u00fastrias de alta temperatura em todo o mundo, incluindo ferro-a\u00e7o, alum\u00ednio, energia, vidro, caldeira, n\u00e3o-ferrosos, ind\u00fastria de cimento, etc. O nosso principal objetivo \u00e9<br \/>\npermitem o sucesso e a prosperidade destas ind\u00fastrias, fornecendo-lhes os materiais e o apoio necess\u00e1rios para operarem de forma segura e eficiente a altas temperaturas.<\/div>\n<div class=\"isleft wow fadeInLeft\"><img decoding=\"async\" src=\"https:\/\/krceramicfiber.com\/wp-content\/uploads\/2024\/09\/kerui-factory-view.webp\" alt=\"\" \/><\/div>\n<\/div>\n<\/div>\n<\/div>\n<div class=\"home-why\">\n<div class=\"iscontain\">\n<div class=\"home-t1 wow fadeInUp\">Produto Kerui<\/div>\n<p class=\"isdes wow fadeInUp\" data-wow-delay=\"0.1s\">S\u00e9rie de fibras cer\u00e2micas, s\u00e9rie de silicato de alum\u00ednio, s\u00e9rie de silicato de c\u00e1lcio, s\u00e9rie de aerogel, s\u00e9rie de poliuretano, s\u00e9rie de magn\u00e9sio,<br \/>\nFibra Mineral, Pain\u00e9is Sandu\u00edche<\/p>\n<div class=\"swiper home-why-swiper\">\n<div class=\"swiper-wrapper\">\n<div class=\"swiper-slide wow fadeInUp\" data-wow-delay=\"0.2s\">\n<div class=\"cover\"><a href=\"https:\/\/krceramicfiber.com\/pt\/ceramic-fiber-products\/\" target=\"_blank\" rel=\"noopener\"><img loading=\"lazy\" decoding=\"async\" class=\"alignnone\" src=\"https:\/\/krceramicfiber.com\/wp-content\/uploads\/2024\/09\/Ceramic-Fiber-.jpg\" alt=\"S\u00e9rie de fibra cer\u00e2mica\" width=\"410\" height=\"210\" \/><\/a><\/div>\n<div class=\"t1\"><a href=\"https:\/\/krceramicfiber.com\/pt\/ceramic-fiber-products\/\" target=\"_blank\" rel=\"noopener\">S\u00e9rie de fibra cer\u00e2mica<\/a><\/div>\n<p>Manta de fibra cer\u00e2mica.<br \/>\nPlaca de fibra cer\u00e2mica.<br \/>\nM\u00f3dulo de fibra cer\u00e2mica.<br \/>\nCorda de fibra cer\u00e2mica...<\/p>\n<\/div>\n<div class=\"swiper-slide wow fadeInUp\" data-wow-delay=\"0.3s\">\n<div class=\"cover\"><a href=\"https:\/\/krceramicfiber.com\/pt\/products\/#Calcium%20Silicate%20Products\" target=\"_blank\" rel=\"noopener\"><img loading=\"lazy\" decoding=\"async\" class=\"alignnone\" src=\"https:\/\/krceramicfiber.com\/wp-content\/uploads\/2024\/09\/Calcium-silicate-Series.jpg\" alt=\"S\u00e9rie de silicato de c\u00e1lcio\" width=\"410\" height=\"210\" \/><\/a><\/div>\n<div class=\"t1\"><a href=\"https:\/\/krceramicfiber.com\/pt\/products\/#Calcium%20Silicate%20Products\" target=\"_blank\" rel=\"noopener\">S\u00e9rie de silicato de c\u00e1lcio<\/a><\/div>\n<p>Placa de silicato de c\u00e1lcio.<br \/>\nTubo de silicato de c\u00e1lcio.<br \/>\nPlacas inorg\u00e2nicas pr\u00e9-revestidas...<\/p>\n<\/div>\n<div class=\"swiper-slide wow fadeInUp\" data-wow-delay=\"0.4s\">\n<div class=\"cover\"><a href=\"https:\/\/krceramicfiber.com\/pt\/products\/#Sandwich%20Panel%20Products\" target=\"_blank\" rel=\"noopener\"><img loading=\"lazy\" decoding=\"async\" class=\"alignnone\" src=\"https:\/\/krceramicfiber.com\/wp-content\/uploads\/2024\/09\/Sandwich-Panel.jpg\" alt=\"Painel Sandu\u00edche\" width=\"410\" height=\"210\" \/><\/a><\/div>\n<div class=\"t1\"><a href=\"https:\/\/krceramicfiber.com\/pt\/products\/#Sandwich%20Panel%20Products\" target=\"_blank\" rel=\"noopener\">S\u00e9rie de pain\u00e9is sandu\u00edche<\/a><\/div>\n<p>Placa de poliestireno expandido.<br \/>\nPainel Sandwich GPS.<br \/>\nPainel Sandu\u00edche de Silicato de C\u00e1lcio...<\/p>\n<\/div>\n<div class=\"swiper-slide wow fadeInUp\" data-wow-delay=\"0.5s\">\n<div class=\"cover\"><a href=\"https:\/\/krceramicfiber.com\/pt\/products\/#Bio%20Soluble%20Fiber%20Products\" target=\"_blank\" rel=\"noopener\"><img loading=\"lazy\" decoding=\"async\" class=\"alignnone\" src=\"https:\/\/krceramicfiber.com\/wp-content\/uploads\/2024\/09\/Soluble-fibre.jpg\" alt=\"Fibra Bio-sol\u00favel\" width=\"410\" height=\"210\" \/><\/a><\/div>\n<div class=\"t1\"><a href=\"https:\/\/krceramicfiber.com\/pt\/products\/#Bio%20Soluble%20Fiber%20Products\" target=\"_blank\" rel=\"noopener\">Fibra Bio-sol\u00favel<\/a><\/div>\n<p>Manta de fibras bio-sol\u00faveis.<br \/>\nPlaca de fibras bio-sol\u00faveis.<br \/>\nM\u00f3dulo de fibras bio-sol\u00faveis.<br \/>\nPapel de fibra biossol\u00favel...<\/p>\n<\/div>\n<div class=\"swiper-slide wow fadeInUp\" data-wow-delay=\"0.6s\">\n<div class=\"cover\"><a href=\"https:\/\/krceramicfiber.com\/pt\/products\/#Polyurethane%20Insulation%20Products\" target=\"_blank\" rel=\"noopener\"><img loading=\"lazy\" decoding=\"async\" class=\"alignnone\" src=\"https:\/\/krceramicfiber.com\/wp-content\/uploads\/2024\/09\/High-performance-polyurethane-foam.jpg\" alt=\"Espuma de poliuretano de alto desempenho\" width=\"410\" height=\"210\" \/><\/a><\/div>\n<div class=\"t1\"><a href=\"https:\/\/krceramicfiber.com\/pt\/products\/#Polyurethane%20Insulation%20Products\" target=\"_blank\" rel=\"noopener\">S\u00e9rie de espuma de poliuretano<\/a><\/div>\n<p>Espuma de poliuretano de alto desempenho HPPU.<br \/>\nEspuma de poliisocianurato PIR.<br \/>\nEspuma de poliuretano em spray.<br \/>\nPainel Sandu\u00edche de Poliuretano...<\/p>\n<\/div>\n<div class=\"swiper-slide wow fadeInUp\" data-wow-delay=\"0.7s\">\n<div class=\"cover\"><a href=\"https:\/\/krceramicfiber.com\/pt\/products\/#Magnesium%20Insulation%20Products\" target=\"_blank\" rel=\"noopener\"><img loading=\"lazy\" decoding=\"async\" class=\"alignnone\" src=\"https:\/\/krceramicfiber.com\/wp-content\/uploads\/2024\/09\/magnesium-board.jpg\" alt=\"Placa de magn\u00e9sio\" width=\"410\" height=\"210\" \/><\/a><\/div>\n<div class=\"t1\"><a href=\"https:\/\/krceramicfiber.com\/pt\/products\/#Magnesium%20Insulation%20Products\" target=\"_blank\" rel=\"noopener\">Placa de magn\u00e9sio<\/a><\/div>\n<p>Placa de vidro e magn\u00e9sio.<br \/>\nPlaca de magn\u00e9sio \u00e0 prova de fogo.<br \/>\nPainel Sandu\u00edche Composto de Magn\u00e9sio...<\/p>\n<\/div>\n<div class=\"swiper-slide wow fadeInUp\" data-wow-delay=\"0.8s\">\n<div class=\"cover\"><a href=\"https:\/\/krceramicfiber.com\/pt\/products\/#Aerogel%20Insulation%20Products\" target=\"_blank\" rel=\"noopener\"><img decoding=\"async\" src=\"https:\/\/krceramicfiber.com\/wp-content\/uploads\/2024\/09\/Aerogel-Sandwich-Panel.jpg\" alt=\"Placa de magn\u00e9sio\" \/><\/a><\/div>\n<div class=\"t1\"><a href=\"https:\/\/krceramicfiber.com\/pt\/products\/#Aerogel%20Insulation%20Products\" target=\"_blank\" rel=\"noopener\">S\u00e9rie de isolamento de aerogel<\/a><\/div>\n<p>Painel Sandu\u00edche de Aerogel.<br \/>\nFeltro de isolamento Aerogel.<br \/>\nPlaca de isolamento de aerogel.<br \/>\nFeltro de isolamento nano t\u00e9rmico.<br \/>\nPlaca de isolamento t\u00e9rmico Nano...<\/p>\n<\/div>\n<\/div>\n<div class=\"home-why-swiper-pagination swiper-pagination\"><\/div>\n<\/div>\n<\/div>\n<\/div>\n<div class=\"home-material\">\n<div class=\"title-box\">\n<div class=\"home-t1 wow fadeInUp\">Aplica\u00e7\u00e3o<\/div>\n<div class=\"t2 wow fadeInUp\" data-wow-delay=\"0.1s\">s\u00e3o utilizados em v\u00e1rios sectores<\/div>\n<\/div>\n<div class=\"iscontain\">\n<ul class=\"islist\">\n<li class=\"wow fadeInUp\" data-wow-delay=\"0.2s\">Ind\u00fastria do a\u00e7o<\/li>\n<li class=\"wow fadeInUp\" data-wow-delay=\"0.3s\">Ind\u00fastria do vidro<\/li>\n<li class=\"wow fadeInUp\" data-wow-delay=\"0.4s\">Ind\u00fastria cer\u00e2mica<\/li>\n<li class=\"wow fadeInUp\" data-wow-delay=\"0.5s\">Ind\u00fastria do cimento<\/li>\n<li class=\"wow fadeInUp\" data-wow-delay=\"0.6s\">Ind\u00fastria da energia<\/li>\n<li class=\"wow fadeInUp\" data-wow-delay=\"0.7s\">Ind\u00fastria metal\u00fargica<\/li>\n<\/ul>\n<\/div>\n<\/div>\n<div class=\"about-world\">\n<div class=\"iscontain\">\n<div class=\"isleft\">\n<div class=\"about-world-title\">A REDE KERUI EM TODO O MUNDO<\/div>\n<ul class=\"isdata\">\n<li>\n<div class=\"t1\">500<\/div>\n<p class=\"t2\">Continentes<\/p>\n<\/li>\n<li>\n<div class=\"t1\">1700<sub>+<\/sub><\/div>\n<p class=\"t2\">Casos de sucesso<\/p>\n<\/li>\n<li>\n<div class=\"t1\">4500<sub>+<\/sub><\/div>\n<p class=\"t2\">Clientes<\/p>\n<\/li>\n<\/ul>\n<p>Al\u00e9m da China continental, Kerui Refractory exportou produtos para mais de 50 pa\u00edses e regi\u00f5es em 6 continentes em todo o mundo, incluindo \u00c1sia, Europa, Am\u00e9rica do Norte, Am\u00e9rica do Sul, \u00c1frica e Oceania. Recebemos reconhecimento e elogios de clientes em todo o mundo, e estamos constantemente a receber pedidos de retorno e refer\u00eancias de clientes.<\/p>\n<\/div>\n<div class=\"isright\"><img loading=\"lazy\" decoding=\"async\" class=\"alignnone size-full wp-image-15950\" src=\"https:\/\/krceramicfiber.com\/wp-content\/uploads\/2024\/09\/kerui-about-us-map.webp\" alt=\"kerui sobre n\u00f3s mapa\" width=\"974\" height=\"494\" \/><\/div>\n<\/div>\n<\/div>\n<div class=\"home-customer-feedback\">\n<div class=\"home-t1\">FEEDBACK DOS CLIENTES<\/div>\n<div class=\"grid-container\">\n<div class=\"isleft\"><img decoding=\"async\" src=\"https:\/\/krceramicfiber.com\/wp-content\/uploads\/2024\/09\/customer.webp\" alt=\"\" \/><\/div>\n<div class=\"swiper home-feedback-swiper\">\n<div class=\"swiper-wrapper\">\n<div class=\"swiper-slide\">\n<div class=\"istext\">\"Foi a primeira vez que colaborei com Kerui. Desde a consulta at\u00e9 ao servi\u00e7o p\u00f3s-venda, Kerui proporcionou-me uma experi\u00eancia perfeita. Havia um servi\u00e7o profissional de atendimento ao cliente para consulta pr\u00e9-venda; havia um gerente de neg\u00f3cios para acompanhar durante a venda e fornecer hor\u00e1rios prontamente. A equipa t\u00e9cnica p\u00f3s-venda orienta a constru\u00e7\u00e3o e o servi\u00e7o. Em suma, estou muito satisfeito e continuarei a colaborar com a Kerui.\"<\/div>\n<div class=\"isuser\">\n<div class=\"isname\">Jo\u00e3o<\/div>\n<div class=\"iscontry\">cliente do Brasil pela primeira vez<\/div>\n<\/div>\n<\/div>\n<div class=\"swiper-slide\">\n<div class=\"istext\">\"Como cliente que j\u00e1 colaborou connosco v\u00e1rias vezes, estou muito satisfeito com o servi\u00e7o e a qualidade dos produtos da Kerui. S\u00e3o profissionais e fi\u00e1veis, os seus produtos s\u00e3o duradouros e fi\u00e1veis e satisfazem sempre as nossas necessidades. A sua equipa \u00e9 simp\u00e1tica, profissional e est\u00e1 sempre focada no cliente. A entrega foi feita a tempo, a comunica\u00e7\u00e3o foi atempada e a coopera\u00e7\u00e3o foi agrad\u00e1vel. A Kerui \u00e9 um parceiro altamente recomendado. \"<\/div>\n<div class=\"isuser\">\n<div class=\"isname\">Georgy<\/div>\n<div class=\"iscontry\">clientes do sector sider\u00fargico da R\u00fassia<\/div>\n<\/div>\n<\/div>\n<div class=\"swiper-slide\">\n<div class=\"istext\">\"Muito obrigado ao meu amigo Wayan por me ter recomendado a Refractory Materials Company. Devo dizer que excederam as minhas expectativas. A qualidade dos produtos e servi\u00e7os fornecidos pela Kerui \u00e9 excelente. A sua equipa de profissionais oferece aos clientes solu\u00e7\u00f5es personalizadas e prima pela pontualidade na entrega. As suas capacidades de comunica\u00e7\u00e3o e coordena\u00e7\u00e3o tornam o trabalho em conjunto f\u00e1cil e agrad\u00e1vel. Recomendo vivamente a Refractory Company a todos. \"<\/div>\n<div class=\"isuser\">\n<div class=\"isname\">Budi<\/div>\n<div class=\"iscontry\">5 anos, cliente de longa data da Indon\u00e9sia<\/div>\n<\/div>\n<\/div>\n<div class=\"swiper-slide\">\n<div class=\"istext\">\"Tive muita sorte em conhecer a Kerui. Kerui n\u00e3o s\u00f3 pode fornecer produtos refract\u00e1rios de qualidade garantida a pre\u00e7os competitivos, mas tamb\u00e9m tem engenheiros profissionais para fornecer solu\u00e7\u00f5es de constru\u00e7\u00e3o. Eu escolhi Kerui novamente e novamente por causa da confian\u00e7a. Al\u00e9m disso, eu tamb\u00e9m recomendarei Kerui Refractory Company aos meus amigos. Kerui \u00e9 a melhor escolha na ind\u00fastria de refract\u00e1rios.\"<\/div>\n<div class=\"isuser\">\n<div class=\"isname\">Budiharto<\/div>\n<div class=\"iscontry\">10 anos de clientes a longo prazo Da Mal\u00e1sia<\/div>\n<\/div>\n<\/div>\n<div class=\"swiper-slide\">\n<div class=\"istext\">\"Estamos muito gratos \u00e0 Kerui Refractory por nos ter fornecido solu\u00e7\u00f5es profissionais. Os tijolos refract\u00e1rios que utilizamos nos fornos el\u00e9ctricos s\u00e3o de muito boa qualidade e muito dur\u00e1veis. A Kerui n\u00e3o s\u00f3 nos fornece produtos de alta qualidade, como tamb\u00e9m nos fornece planos de constru\u00e7\u00e3o razo\u00e1veis, poupando o nosso tempo de constru\u00e7\u00e3o. Estamos ansiosos por mais oportunidades de coopera\u00e7\u00e3o no futuro.\"<\/div>\n<div class=\"isuser\">\n<div class=\"isname\">Anumano<\/div>\n<div class=\"iscontry\">Clientes habituais que j\u00e1 compraram 4 vezes Da Tail\u00e2ndia<\/div>\n<\/div>\n<\/div>\n<div class=\"swiper-slide\">\n<div class=\"istext\">\"Quando visitei a vossa f\u00e1brica da \u00faltima vez, senti que a escala da f\u00e1brica era grande, o processo de produ\u00e7\u00e3o era completo, a tecnologia de produ\u00e7\u00e3o era requintada e a qualidade do produto era excelente. Agrade\u00e7o tamb\u00e9m \u00e0 equipa t\u00e9cnica pela sua orienta\u00e7\u00e3o na constru\u00e7\u00e3o. Os materiais de isolamento que forneceram s\u00e3o completamente adequados para os nossos fornos.\"<\/div>\n<div class=\"isuser\">\n<div class=\"isname\">It\u00e1lia - Romeu<\/div>\n<div class=\"iscontry\">Clientes regulares que recompraram 3 vezes<\/div>\n<\/div>\n<\/div>\n<\/div>\n<div class=\"swiper-button-prev home-feedback-button-prev\"><\/div>\n<div class=\"swiper-button-next home-feedback-button-next\"><\/div>\n<\/div>\n<\/div>\n<\/div>","protected":false},"excerpt":{"rendered":"<p>Serving the global high-temp industry Ceramic Fiber Blanket Ceramic Fiber Board Ceramic Fiber Module Strength &#8230; <a title=\"Refrat\u00e1rio de Kerui\" class=\"read-more\" href=\"https:\/\/krceramicfiber.com\/pt\/\" aria-label=\"Mais em Kerui Refractory\">Ler mais<\/a><\/p>","protected":false},"author":1,"featured_media":0,"parent":0,"menu_order":0,"comment_status":"closed","ping_status":"closed","template":"","meta":{"footnotes":""},"class_list":{"0":"post-37","1":"page","2":"type-page","3":"status-publish","5":"no-featured-image-padding"},"yoast_head":"<!-- This site is optimized with the Yoast SEO plugin v25.3 - https:\/\/yoast.com\/wordpress\/plugins\/seo\/ -->\n<title>Kerui Refractory - Your Thermal insulation material Manufactruer | Kerui Refractory\u00ae Official Website<\/title>\n<meta name=\"description\" content=\"KERUI Refractory Supply Ceramic Fiber Blanket | Ceramic Fiber Products | Calcium Silicate Board | Sandwich Panel | Aerogel Insulation etc, any requirement please contact with us.\" \/>\n<meta name=\"robots\" content=\"index, follow, max-snippet:-1, max-image-preview:large, max-video-preview:-1\" \/>\n<link rel=\"canonical\" href=\"https:\/\/krceramicfiber.com\/pt\/\" \/>\n<meta property=\"og:locale\" content=\"pt_PT\" \/>\n<meta property=\"og:type\" content=\"article\" \/>\n<meta property=\"og:title\" content=\"Kerui Refractory - Your Thermal insulation material Manufactruer | Kerui Refractory\u00ae Official Website\" \/>\n<meta property=\"og:description\" content=\"KERUI Refractory Supply Ceramic Fiber Blanket | Ceramic Fiber Products | Calcium Silicate Board | Sandwich Panel | Aerogel Insulation etc, any requirement please contact with us.\" \/>\n<meta property=\"og:url\" content=\"https:\/\/krceramicfiber.com\/pt\/\" \/>\n<meta property=\"og:site_name\" content=\"Your Thermal insulation material Manufactruer | Kerui Refractory\u00ae Official Website\" \/>\n<meta property=\"article:modified_time\" content=\"2025-06-16T08:03:27+00:00\" \/>\n<meta property=\"og:image\" content=\"https:\/\/krceramicfiber.com\/wp-content\/uploads\/2024\/09\/kerui-factory-view.webp\" \/>\n<meta name=\"twitter:card\" content=\"summary_large_image\" \/>\n<meta name=\"twitter:label1\" content=\"Tempo estimado de leitura\" \/>\n\t<meta name=\"twitter:data1\" content=\"6 minutos\" \/>\n<script type=\"application\/ld+json\" class=\"yoast-schema-graph\">{\"@context\":\"https:\/\/schema.org\",\"@graph\":[{\"@type\":\"WebPage\",\"@id\":\"https:\/\/krceramicfiber.com\/\",\"url\":\"https:\/\/krceramicfiber.com\/\",\"name\":\"Kerui Refractory - Your Thermal insulation material Manufactruer | Kerui Refractory\u00ae Official Website\",\"isPartOf\":{\"@id\":\"https:\/\/krceramicfiber.com\/#website\"},\"primaryImageOfPage\":{\"@id\":\"https:\/\/krceramicfiber.com\/#primaryimage\"},\"image\":{\"@id\":\"https:\/\/krceramicfiber.com\/#primaryimage\"},\"thumbnailUrl\":\"https:\/\/krceramicfiber.com\/wp-content\/uploads\/2024\/09\/kerui-factory-view.webp\",\"datePublished\":\"2023-06-15T07:55:14+00:00\",\"dateModified\":\"2025-06-16T08:03:27+00:00\",\"description\":\"KERUI Refractory Supply Ceramic Fiber Blanket | Ceramic Fiber Products | Calcium Silicate Board | Sandwich Panel | Aerogel Insulation etc, any requirement please contact with us.\",\"breadcrumb\":{\"@id\":\"https:\/\/krceramicfiber.com\/#breadcrumb\"},\"inLanguage\":\"pt-PT\",\"potentialAction\":[{\"@type\":\"ReadAction\",\"target\":[\"https:\/\/krceramicfiber.com\/\"]}]},{\"@type\":\"ImageObject\",\"inLanguage\":\"pt-PT\",\"@id\":\"https:\/\/krceramicfiber.com\/#primaryimage\",\"url\":\"https:\/\/krceramicfiber.com\/wp-content\/uploads\/2024\/09\/kerui-factory-view.webp\",\"contentUrl\":\"https:\/\/krceramicfiber.com\/wp-content\/uploads\/2024\/09\/kerui-factory-view.webp\"},{\"@type\":\"BreadcrumbList\",\"@id\":\"https:\/\/krceramicfiber.com\/#breadcrumb\",\"itemListElement\":[{\"@type\":\"ListItem\",\"position\":1,\"name\":\"Home\",\"item\":\"https:\/\/krceramicfiber.com\/\"},{\"@type\":\"ListItem\",\"position\":2,\"name\":\"Kerui Refractory\"}]},{\"@type\":\"WebSite\",\"@id\":\"https:\/\/krceramicfiber.com\/#website\",\"url\":\"https:\/\/krceramicfiber.com\/\",\"name\":\"Your Thermal insulation material Manufactruer | Kerui Refractory\u00ae Official Website\",\"description\":\"\",\"publisher\":{\"@id\":\"https:\/\/krceramicfiber.com\/#organization\"},\"potentialAction\":[{\"@type\":\"SearchAction\",\"target\":{\"@type\":\"EntryPoint\",\"urlTemplate\":\"https:\/\/krceramicfiber.com\/?s={search_term_string}\"},\"query-input\":{\"@type\":\"PropertyValueSpecification\",\"valueRequired\":true,\"valueName\":\"search_term_string\"}}],\"inLanguage\":\"pt-PT\"},{\"@type\":\"Organization\",\"@id\":\"https:\/\/krceramicfiber.com\/#organization\",\"name\":\"Your Thermal insulation material Manufactruer | Kerui Refractory\u00ae Official Website\",\"url\":\"https:\/\/krceramicfiber.com\/\",\"logo\":{\"@type\":\"ImageObject\",\"inLanguage\":\"pt-PT\",\"@id\":\"https:\/\/krceramicfiber.com\/#\/schema\/logo\/image\/\",\"url\":\"https:\/\/krceramicfiber.com\/wp-content\/uploads\/2024\/01\/footer-Logo.png\",\"contentUrl\":\"https:\/\/krceramicfiber.com\/wp-content\/uploads\/2024\/01\/footer-Logo.png\",\"width\":282,\"height\":70,\"caption\":\"Your Thermal insulation material Manufactruer | Kerui Refractory\u00ae Official Website\"},\"image\":{\"@id\":\"https:\/\/krceramicfiber.com\/#\/schema\/logo\/image\/\"}}]}<\/script>\n<!-- \/ Yoast SEO plugin. -->","yoast_head_json":{"title":"Kerui Refractory - O seu fabricante de materiais de isolamento t\u00e9rmico | Kerui Refractory\u00ae Official Website","description":"KERUI Refractory Supply Manta de Fibra Cer\u00e2mica | Produtos de Fibra Cer\u00e2mica | Placa de Silicato de C\u00e1lcio | Painel Sandu\u00edche | Isolamento Aerogel etc, qualquer requisito entre em contato conosco.","robots":{"index":"index","follow":"follow","max-snippet":"max-snippet:-1","max-image-preview":"max-image-preview:large","max-video-preview":"max-video-preview:-1"},"canonical":"https:\/\/krceramicfiber.com\/pt\/","og_locale":"pt_PT","og_type":"article","og_title":"Kerui Refractory - Your Thermal insulation material Manufactruer | Kerui Refractory\u00ae Official Website","og_description":"KERUI Refractory Supply Ceramic Fiber Blanket | Ceramic Fiber Products | Calcium Silicate Board | Sandwich Panel | Aerogel Insulation etc, any requirement please contact with us.","og_url":"https:\/\/krceramicfiber.com\/pt\/","og_site_name":"Your Thermal insulation material Manufactruer | Kerui Refractory\u00ae Official Website","article_modified_time":"2025-06-16T08:03:27+00:00","og_image":[{"url":"https:\/\/krceramicfiber.com\/wp-content\/uploads\/2024\/09\/kerui-factory-view.webp","type":"","width":"","height":""}],"twitter_card":"summary_large_image","twitter_misc":{"Tempo estimado de leitura":"6 minutos"},"schema":{"@context":"https:\/\/schema.org","@graph":[{"@type":"WebPage","@id":"https:\/\/krceramicfiber.com\/","url":"https:\/\/krceramicfiber.com\/","name":"Kerui Refractory - O seu fabricante de materiais de isolamento t\u00e9rmico | Kerui Refractory\u00ae Official Website","isPartOf":{"@id":"https:\/\/krceramicfiber.com\/#website"},"primaryImageOfPage":{"@id":"https:\/\/krceramicfiber.com\/#primaryimage"},"image":{"@id":"https:\/\/krceramicfiber.com\/#primaryimage"},"thumbnailUrl":"https:\/\/krceramicfiber.com\/wp-content\/uploads\/2024\/09\/kerui-factory-view.webp","datePublished":"2023-06-15T07:55:14+00:00","dateModified":"2025-06-16T08:03:27+00:00","description":"KERUI Refractory Supply Manta de Fibra Cer\u00e2mica | Produtos de Fibra Cer\u00e2mica | Placa de Silicato de C\u00e1lcio | Painel Sandu\u00edche | Isolamento Aerogel etc, qualquer requisito entre em contato conosco.","breadcrumb":{"@id":"https:\/\/krceramicfiber.com\/#breadcrumb"},"inLanguage":"pt-PT","potentialAction":[{"@type":"ReadAction","target":["https:\/\/krceramicfiber.com\/"]}]},{"@type":"ImageObject","inLanguage":"pt-PT","@id":"https:\/\/krceramicfiber.com\/#primaryimage","url":"https:\/\/krceramicfiber.com\/wp-content\/uploads\/2024\/09\/kerui-factory-view.webp","contentUrl":"https:\/\/krceramicfiber.com\/wp-content\/uploads\/2024\/09\/kerui-factory-view.webp"},{"@type":"BreadcrumbList","@id":"https:\/\/krceramicfiber.com\/#breadcrumb","itemListElement":[{"@type":"ListItem","position":1,"name":"Home","item":"https:\/\/krceramicfiber.com\/"},{"@type":"ListItem","position":2,"name":"Kerui Refractory"}]},{"@type":"WebSite","@id":"https:\/\/krceramicfiber.com\/#website","url":"https:\/\/krceramicfiber.com\/","name":"O seu fabricante de material de isolamento t\u00e9rmico | Kerui Refractory\u00ae Official Website","description":"","publisher":{"@id":"https:\/\/krceramicfiber.com\/#organization"},"potentialAction":[{"@type":"SearchAction","target":{"@type":"EntryPoint","urlTemplate":"https:\/\/krceramicfiber.com\/?s={search_term_string}"},"query-input":{"@type":"PropertyValueSpecification","valueRequired":true,"valueName":"search_term_string"}}],"inLanguage":"pt-PT"},{"@type":"Organization","@id":"https:\/\/krceramicfiber.com\/#organization","name":"O seu fabricante de material de isolamento t\u00e9rmico | Kerui Refractory\u00ae Official Website","url":"https:\/\/krceramicfiber.com\/","logo":{"@type":"ImageObject","inLanguage":"pt-PT","@id":"https:\/\/krceramicfiber.com\/#\/schema\/logo\/image\/","url":"https:\/\/krceramicfiber.com\/wp-content\/uploads\/2024\/01\/footer-Logo.png","contentUrl":"https:\/\/krceramicfiber.com\/wp-content\/uploads\/2024\/01\/footer-Logo.png","width":282,"height":70,"caption":"Your Thermal insulation material Manufactruer | Kerui Refractory\u00ae Official Website"},"image":{"@id":"https:\/\/krceramicfiber.com\/#\/schema\/logo\/image\/"}}]}},"_links":{"self":[{"href":"https:\/\/krceramicfiber.com\/pt\/wp-json\/wp\/v2\/pages\/37","targetHints":{"allow":["GET"]}}],"collection":[{"href":"https:\/\/krceramicfiber.com\/pt\/wp-json\/wp\/v2\/pages"}],"about":[{"href":"https:\/\/krceramicfiber.com\/pt\/wp-json\/wp\/v2\/types\/page"}],"author":[{"embeddable":true,"href":"https:\/\/krceramicfiber.com\/pt\/wp-json\/wp\/v2\/users\/1"}],"replies":[{"embeddable":true,"href":"https:\/\/krceramicfiber.com\/pt\/wp-json\/wp\/v2\/comments?post=37"}],"version-history":[{"count":0,"href":"https:\/\/krceramicfiber.com\/pt\/wp-json\/wp\/v2\/pages\/37\/revisions"}],"wp:attachment":[{"href":"https:\/\/krceramicfiber.com\/pt\/wp-json\/wp\/v2\/media?parent=37"}],"curies":[{"name":"wp","href":"https:\/\/api.w.org\/{rel}","templated":true}]}}