{"id":54229,"date":"2024-09-12T16:11:40","date_gmt":"2024-09-12T08:11:40","guid":{"rendered":"https:\/\/krceramicfiber.com\/?page_id=925"},"modified":"2025-07-04T15:06:28","modified_gmt":"2025-07-04T07:06:28","slug":"schiuma-poliuretanica-ad-alte-prestazioni-hppu","status":"publish","type":"page","link":"https:\/\/krceramicfiber.com\/it\/schiuma-poliuretanica-ad-alte-prestazioni-hppu\/","title":{"rendered":"Schiuma poliuretanica ad alte prestazioni HPPU"},"content":{"rendered":"<div class=\"product_info_bg\">\n<div class=\"page_model product_info\">\n<div class=\"preview\"><img loading=\"lazy\" decoding=\"async\" class=\"aligncenter size-full wp-image-3596\" src=\"https:\/\/krceramicfiber.com\/wp-content\/uploads\/2025\/07\/HPPU-High-Performance-Polyurethane-Foam-for-Sale-kerui.webp\" alt=\"Schiuma poliuretanica ad alte prestazioni HPPU\" width=\"780\" height=\"639\" \/><\/div>\n<div class=\"info\">\n<h1>Schiuma poliuretanica ad alte prestazioni HPPU in vendita<\/h1>\n<p class=\"profile\">La schiuma poliuretanica ad alte prestazioni \u00e8 un materiale in poliuretano espanso dalle prestazioni eccellenti. La schiuma poliuretanica ad alte prestazioni (HPPU) \u00e8 ampiamente utilizzata nell'edilizia, nell'automobile, nell'industria e in altri settori grazie alle sue eccellenti propriet\u00e0 di isolamento termico, leggerezza, elevata resistenza, impermeabilit\u00e0 e ritardante di fiamma.<\/p>\n<ul>\n<li class=\"authentication\"><img loading=\"lazy\" decoding=\"async\" class=\"alignnone size-full wp-image-676\" src=\"https:\/\/krceramicfiber.com\/wp-content\/uploads\/2024\/09\/CE-min.webp\" alt=\"Autenticazione Kerui\" width=\"200\" height=\"55\" \/><\/li>\n<\/ul>\n<p><a class=\"inruiry fancybox\" href=\"#contact_form_pop\">ottenere il prezzo<\/a><a class=\"email-btn\" href=\"mailto:market@krceramicfiber.com\">inviare l'e-mail<\/a>\n<\/div>\n<\/div>\n<\/div>\n<div class=\"product_model_bg\">\n<div class=\"page_model\">\n<h2 id=\"PRODUCTDESCRIPTION\">Descrizione della schiuma poliuretanica ad alte prestazioni HPPU<\/h2>\n<p>La schiuma HPPU \u00e8 composta da resina poliuretanica e agente schiumogeno e la struttura della schiuma viene generata attraverso una reazione chimica. Questa schiuma pu\u00f2 avere densit\u00e0 e durezza diverse, che possono essere regolate in base alle prestazioni richieste. La schiuma HPPU ha una conducibilit\u00e0 termica molto bassa, in grado di isolare efficacemente il trasferimento di calore, migliorare l'efficienza energetica e ridurre il consumo di energia. Come materiale termoisolante, viene utilizzato nei sistemi di pareti, tetti e pavimenti per migliorare l'efficienza energetica degli edifici. Utilizzato per riempire e sigillare le cavit\u00e0 degli edifici per migliorare la stabilit\u00e0 e l'isolamento acustico delle strutture.<\/p>\n<div class='content-column one_fourth'><div style=\"padding-right:20px;padding-bottom:10px;\"><div class='content-column full_width'><div style=\"padding:25px 25px 25px 25px;\"><div class=\"tb17\">Eccellente isolamento termico.<\/div><\/div><\/div><\/div><\/div>\n<div class='content-column one_fourth'><div style=\"padding-right:20px;padding-bottom:10px;\"><div class='content-column full_width'><div style=\"padding:25px 25px 25px 25px;\"><div class=\"tb11\">Buona resistenza chimica.<\/div><\/div><\/div><\/div><\/div>\n<div class='content-column one_fourth'><div style=\"padding-right:20px;padding-bottom:10px;\"><div class='content-column full_width'><div style=\"padding:25px 25px 25px 25px;\"><div class=\"tb1\">Prestazioni ignifughe.<\/div><\/div><\/div><\/div><\/div>\n<div class='content-column one_fourth last_column'><div style=\"padding-right:20px;padding-bottom:10px;\"><div class='content-column full_width'><div style=\"padding:25px 25px 25px 25px;\"><div class=\"tb21\">Eccellenti propriet\u00e0 meccaniche.<\/div><\/div><\/div><\/div><\/div><div class='clear_column'><\/div><\/div>\n<\/div>\n<div class=\"product_model_bg\">\n<div class=\"page_model\">\n<div class=\"pt-cv-wrapper\">Error: View <strong>3c082e7tzv<\/strong> may not exist<\/div>\n<\/div>\n<div id=\"INQUIRY\" class=\"page_model\"><p class=\"wpcf7-contact-form-not-found\"><strong>Errore:<\/strong> Modulo di contatto non trovato.<\/p><\/div>\n<div class=\"page_model\">\n<div class=\"swiper related-products\">\n<div class=\"swiper-wrapper\">\n<div class=\"swiper-slide\"><\/div>\n<\/div>\n<\/div>\n<\/div>\n<\/div>","protected":false},"excerpt":{"rendered":"<p>HPPU High Performance Polyurethane Foam for Sale High-performance polyurethane foam is a polyurethane foam material &#8230; <a title=\"Schiuma poliuretanica ad alte prestazioni HPPU\" class=\"read-more\" href=\"https:\/\/krceramicfiber.com\/it\/schiuma-poliuretanica-ad-alte-prestazioni-hppu\/\" aria-label=\"More on HPPU High Performance Polyurethane Foam\">Leggi tutto<\/a><\/p>","protected":false},"author":1,"featured_media":55477,"parent":0,"menu_order":0,"comment_status":"closed","ping_status":"closed","template":"","meta":{"footnotes":""},"class_list":{"0":"post-54229","1":"page","2":"type-page","3":"status-publish","4":"has-post-thumbnail","6":"no-featured-image-padding","7":"resize-featured-image"},"yoast_head":"<!-- This site is optimized with the Yoast SEO plugin v25.3 - https:\/\/yoast.com\/wordpress\/plugins\/seo\/ -->\n<title>HPPU High Performance Polyurethane Foam - Your Thermal insulation material Manufactruer | Kerui Refractory\u00ae Official Website<\/title>\n<meta name=\"description\" content=\"High-performance polyurethane foam is a polyurethane foam material with excellent performance.\" \/>\n<meta name=\"robots\" content=\"index, follow, max-snippet:-1, max-image-preview:large, max-video-preview:-1\" \/>\n<link rel=\"canonical\" href=\"https:\/\/krceramicfiber.com\/it\/schiuma-poliuretanica-ad-alte-prestazioni-hppu\/\" \/>\n<meta property=\"og:locale\" content=\"it_IT\" \/>\n<meta property=\"og:type\" content=\"article\" \/>\n<meta property=\"og:title\" content=\"HPPU High Performance Polyurethane Foam - Your Thermal insulation material Manufactruer | Kerui Refractory\u00ae Official Website\" \/>\n<meta property=\"og:description\" content=\"High-performance polyurethane foam is a polyurethane foam material with excellent performance.\" \/>\n<meta property=\"og:url\" content=\"https:\/\/krceramicfiber.com\/it\/schiuma-poliuretanica-ad-alte-prestazioni-hppu\/\" \/>\n<meta property=\"og:site_name\" content=\"Your Thermal insulation material Manufactruer | Kerui Refractory\u00ae Official Website\" \/>\n<meta property=\"article:modified_time\" content=\"2025-07-04T07:06:28+00:00\" \/>\n<meta property=\"og:image\" content=\"https:\/\/krceramicfiber.com\/wp-content\/uploads\/2025\/07\/HPPU-High-Performance-Polyurethane-Foam-for-Sale-kerui.webp\" \/>\n\t<meta property=\"og:image:width\" content=\"660\" \/>\n\t<meta property=\"og:image:height\" content=\"528\" \/>\n\t<meta property=\"og:image:type\" content=\"image\/webp\" \/>\n<meta name=\"twitter:card\" content=\"summary_large_image\" \/>\n<meta name=\"twitter:label1\" content=\"Tempo di lettura stimato\" \/>\n\t<meta name=\"twitter:data1\" content=\"2 minuti\" \/>\n<script type=\"application\/ld+json\" class=\"yoast-schema-graph\">{\"@context\":\"https:\/\/schema.org\",\"@graph\":[{\"@type\":\"WebPage\",\"@id\":\"https:\/\/krceramicfiber.com\/hppu-high-performance-polyurethane-foam\/\",\"url\":\"https:\/\/krceramicfiber.com\/hppu-high-performance-polyurethane-foam\/\",\"name\":\"HPPU High Performance Polyurethane Foam - Your Thermal insulation material Manufactruer | Kerui Refractory\u00ae Official Website\",\"isPartOf\":{\"@id\":\"https:\/\/krceramicfiber.com\/#website\"},\"primaryImageOfPage\":{\"@id\":\"https:\/\/krceramicfiber.com\/hppu-high-performance-polyurethane-foam\/#primaryimage\"},\"image\":{\"@id\":\"https:\/\/krceramicfiber.com\/hppu-high-performance-polyurethane-foam\/#primaryimage\"},\"thumbnailUrl\":\"https:\/\/krceramicfiber.com\/wp-content\/uploads\/2025\/07\/HPPU-High-Performance-Polyurethane-Foam-for-Sale-kerui.webp\",\"datePublished\":\"2024-09-12T08:11:40+00:00\",\"dateModified\":\"2025-07-04T07:06:28+00:00\",\"description\":\"High-performance polyurethane foam is a polyurethane foam material with excellent performance.\",\"breadcrumb\":{\"@id\":\"https:\/\/krceramicfiber.com\/hppu-high-performance-polyurethane-foam\/#breadcrumb\"},\"inLanguage\":\"it-IT\",\"potentialAction\":[{\"@type\":\"ReadAction\",\"target\":[\"https:\/\/krceramicfiber.com\/hppu-high-performance-polyurethane-foam\/\"]}]},{\"@type\":\"ImageObject\",\"inLanguage\":\"it-IT\",\"@id\":\"https:\/\/krceramicfiber.com\/hppu-high-performance-polyurethane-foam\/#primaryimage\",\"url\":\"https:\/\/krceramicfiber.com\/wp-content\/uploads\/2025\/07\/HPPU-High-Performance-Polyurethane-Foam-for-Sale-kerui.webp\",\"contentUrl\":\"https:\/\/krceramicfiber.com\/wp-content\/uploads\/2025\/07\/HPPU-High-Performance-Polyurethane-Foam-for-Sale-kerui.webp\",\"width\":660,\"height\":528},{\"@type\":\"BreadcrumbList\",\"@id\":\"https:\/\/krceramicfiber.com\/hppu-high-performance-polyurethane-foam\/#breadcrumb\",\"itemListElement\":[{\"@type\":\"ListItem\",\"position\":1,\"name\":\"Home\",\"item\":\"https:\/\/krceramicfiber.com\/\"},{\"@type\":\"ListItem\",\"position\":2,\"name\":\"HPPU High Performance Polyurethane Foam\"}]},{\"@type\":\"WebSite\",\"@id\":\"https:\/\/krceramicfiber.com\/#website\",\"url\":\"https:\/\/krceramicfiber.com\/\",\"name\":\"Your Thermal insulation material Manufactruer | Kerui Refractory\u00ae Official Website\",\"description\":\"\",\"publisher\":{\"@id\":\"https:\/\/krceramicfiber.com\/#organization\"},\"potentialAction\":[{\"@type\":\"SearchAction\",\"target\":{\"@type\":\"EntryPoint\",\"urlTemplate\":\"https:\/\/krceramicfiber.com\/?s={search_term_string}\"},\"query-input\":{\"@type\":\"PropertyValueSpecification\",\"valueRequired\":true,\"valueName\":\"search_term_string\"}}],\"inLanguage\":\"it-IT\"},{\"@type\":\"Organization\",\"@id\":\"https:\/\/krceramicfiber.com\/#organization\",\"name\":\"Your Thermal insulation material Manufactruer | Kerui Refractory\u00ae Official Website\",\"url\":\"https:\/\/krceramicfiber.com\/\",\"logo\":{\"@type\":\"ImageObject\",\"inLanguage\":\"it-IT\",\"@id\":\"https:\/\/krceramicfiber.com\/#\/schema\/logo\/image\/\",\"url\":\"https:\/\/krceramicfiber.com\/wp-content\/uploads\/2024\/01\/footer-Logo.png\",\"contentUrl\":\"https:\/\/krceramicfiber.com\/wp-content\/uploads\/2024\/01\/footer-Logo.png\",\"width\":282,\"height\":70,\"caption\":\"Your Thermal insulation material Manufactruer | Kerui Refractory\u00ae Official Website\"},\"image\":{\"@id\":\"https:\/\/krceramicfiber.com\/#\/schema\/logo\/image\/\"}}]}<\/script>\n<!-- \/ Yoast SEO plugin. -->","yoast_head_json":{"title":"Schiuma poliuretanica ad alte prestazioni HPPU - Il vostro produttore di materiale termoisolante | Sito ufficiale di Kerui Refractory","description":"La schiuma poliuretanica ad alte prestazioni \u00e8 un materiale in poliuretano espanso dalle prestazioni eccellenti.","robots":{"index":"index","follow":"follow","max-snippet":"max-snippet:-1","max-image-preview":"max-image-preview:large","max-video-preview":"max-video-preview:-1"},"canonical":"https:\/\/krceramicfiber.com\/it\/schiuma-poliuretanica-ad-alte-prestazioni-hppu\/","og_locale":"it_IT","og_type":"article","og_title":"HPPU High Performance Polyurethane Foam - Your Thermal insulation material Manufactruer | Kerui Refractory\u00ae Official Website","og_description":"High-performance polyurethane foam is a polyurethane foam material with excellent performance.","og_url":"https:\/\/krceramicfiber.com\/it\/schiuma-poliuretanica-ad-alte-prestazioni-hppu\/","og_site_name":"Your Thermal insulation material Manufactruer | Kerui Refractory\u00ae Official Website","article_modified_time":"2025-07-04T07:06:28+00:00","og_image":[{"width":660,"height":528,"url":"https:\/\/krceramicfiber.com\/wp-content\/uploads\/2025\/07\/HPPU-High-Performance-Polyurethane-Foam-for-Sale-kerui.webp","type":"image\/webp"}],"twitter_card":"summary_large_image","twitter_misc":{"Tempo di lettura stimato":"2 minuti"},"schema":{"@context":"https:\/\/schema.org","@graph":[{"@type":"WebPage","@id":"https:\/\/krceramicfiber.com\/hppu-high-performance-polyurethane-foam\/","url":"https:\/\/krceramicfiber.com\/hppu-high-performance-polyurethane-foam\/","name":"Schiuma poliuretanica ad alte prestazioni HPPU - Il vostro produttore di materiale termoisolante | Sito ufficiale di Kerui Refractory","isPartOf":{"@id":"https:\/\/krceramicfiber.com\/#website"},"primaryImageOfPage":{"@id":"https:\/\/krceramicfiber.com\/hppu-high-performance-polyurethane-foam\/#primaryimage"},"image":{"@id":"https:\/\/krceramicfiber.com\/hppu-high-performance-polyurethane-foam\/#primaryimage"},"thumbnailUrl":"https:\/\/krceramicfiber.com\/wp-content\/uploads\/2025\/07\/HPPU-High-Performance-Polyurethane-Foam-for-Sale-kerui.webp","datePublished":"2024-09-12T08:11:40+00:00","dateModified":"2025-07-04T07:06:28+00:00","description":"La schiuma poliuretanica ad alte prestazioni \u00e8 un materiale in poliuretano espanso dalle prestazioni eccellenti.","breadcrumb":{"@id":"https:\/\/krceramicfiber.com\/hppu-high-performance-polyurethane-foam\/#breadcrumb"},"inLanguage":"it-IT","potentialAction":[{"@type":"ReadAction","target":["https:\/\/krceramicfiber.com\/hppu-high-performance-polyurethane-foam\/"]}]},{"@type":"ImageObject","inLanguage":"it-IT","@id":"https:\/\/krceramicfiber.com\/hppu-high-performance-polyurethane-foam\/#primaryimage","url":"https:\/\/krceramicfiber.com\/wp-content\/uploads\/2025\/07\/HPPU-High-Performance-Polyurethane-Foam-for-Sale-kerui.webp","contentUrl":"https:\/\/krceramicfiber.com\/wp-content\/uploads\/2025\/07\/HPPU-High-Performance-Polyurethane-Foam-for-Sale-kerui.webp","width":660,"height":528},{"@type":"BreadcrumbList","@id":"https:\/\/krceramicfiber.com\/hppu-high-performance-polyurethane-foam\/#breadcrumb","itemListElement":[{"@type":"ListItem","position":1,"name":"Home","item":"https:\/\/krceramicfiber.com\/"},{"@type":"ListItem","position":2,"name":"HPPU High Performance Polyurethane Foam"}]},{"@type":"WebSite","@id":"https:\/\/krceramicfiber.com\/#website","url":"https:\/\/krceramicfiber.com\/","name":"Il vostro produttore di materiale termoisolante | Kerui Refractory\u00ae Sito ufficiale","description":"","publisher":{"@id":"https:\/\/krceramicfiber.com\/#organization"},"potentialAction":[{"@type":"SearchAction","target":{"@type":"EntryPoint","urlTemplate":"https:\/\/krceramicfiber.com\/?s={search_term_string}"},"query-input":{"@type":"PropertyValueSpecification","valueRequired":true,"valueName":"search_term_string"}}],"inLanguage":"it-IT"},{"@type":"Organization","@id":"https:\/\/krceramicfiber.com\/#organization","name":"Il vostro produttore di materiale termoisolante | Kerui Refractory\u00ae Sito ufficiale","url":"https:\/\/krceramicfiber.com\/","logo":{"@type":"ImageObject","inLanguage":"it-IT","@id":"https:\/\/krceramicfiber.com\/#\/schema\/logo\/image\/","url":"https:\/\/krceramicfiber.com\/wp-content\/uploads\/2024\/01\/footer-Logo.png","contentUrl":"https:\/\/krceramicfiber.com\/wp-content\/uploads\/2024\/01\/footer-Logo.png","width":282,"height":70,"caption":"Your Thermal insulation material Manufactruer | Kerui Refractory\u00ae Official Website"},"image":{"@id":"https:\/\/krceramicfiber.com\/#\/schema\/logo\/image\/"}}]}},"_links":{"self":[{"href":"https:\/\/krceramicfiber.com\/it\/wp-json\/wp\/v2\/pages\/54229","targetHints":{"allow":["GET"]}}],"collection":[{"href":"https:\/\/krceramicfiber.com\/it\/wp-json\/wp\/v2\/pages"}],"about":[{"href":"https:\/\/krceramicfiber.com\/it\/wp-json\/wp\/v2\/types\/page"}],"author":[{"embeddable":true,"href":"https:\/\/krceramicfiber.com\/it\/wp-json\/wp\/v2\/users\/1"}],"replies":[{"embeddable":true,"href":"https:\/\/krceramicfiber.com\/it\/wp-json\/wp\/v2\/comments?post=54229"}],"version-history":[{"count":0,"href":"https:\/\/krceramicfiber.com\/it\/wp-json\/wp\/v2\/pages\/54229\/revisions"}],"wp:featuredmedia":[{"embeddable":true,"href":"https:\/\/krceramicfiber.com\/it\/wp-json\/wp\/v2\/media\/55477"}],"wp:attachment":[{"href":"https:\/\/krceramicfiber.com\/it\/wp-json\/wp\/v2\/media?parent=54229"}],"curies":[{"name":"wp","href":"https:\/\/api.w.org\/{rel}","templated":true}]}}