{"id":37,"date":"2023-06-15T15:55:14","date_gmt":"2023-06-15T07:55:14","guid":{"rendered":"https:\/\/krceramicfiber.com\/?page_id=37"},"modified":"2025-06-16T16:03:27","modified_gmt":"2025-06-16T08:03:27","slug":"kerui-refractory","status":"publish","type":"page","link":"https:\/\/krceramicfiber.com\/it\/","title":{"rendered":"Refrattario Kerui"},"content":{"rendered":"<div class=\"swiper home-banner\">\n<div class=\"swiper-wrapper\">\n<div class=\"swiper-slide\">\n<div class=\"banner-swiper\">\n<div class=\"grid-container\">\n<div class=\"banner-text\">\n<div class=\"banner-t1\">Al servizio dell'industria globale delle alte temperature<\/div>\n<div class=\"banner-t2\">\n<div>Coperta in fibra di ceramica<\/div>\n<div>Pannello in fibra di ceramica<\/div>\n<div>Modulo in fibra ceramica<\/div>\n<\/div>\n<\/div>\n<\/div>\n<\/div>\n<\/div>\n<div class=\"swiper-slide\">\n<div class=\"banner-swiper\">\n<div class=\"grid-container\">\n<div class=\"banner-text\">\n<div class=\"banner-t1\">Produttore di materiale isolante di forza<\/div>\n<div class=\"banner-t2\">\n<div>Prodotti e soluzioni personalizzabili<\/div>\n<div>\u00c8 disponibile il test del campione<\/div>\n<div>Prezzo ragionevole<\/div>\n<\/div>\n<\/div>\n<\/div>\n<\/div>\n<\/div>\n<div class=\"swiper-slide\">\n<div class=\"banner-swiper\">\n<div class=\"grid-container\">\n<div class=\"banner-text\">\n<div class=\"banner-t1\">Ampiamente utilizzato e di semplice costruzione<\/div>\n<div class=\"banner-t2\">\n<div>Industria metallurgica<\/div>\n<div>Industria dei metalli non ferrosi<\/div>\n<div>Industria ceramica<\/div>\n<div>Di pi\u00f9<\/div>\n<\/div>\n<\/div>\n<\/div>\n<\/div>\n<\/div>\n<\/div>\n<\/div>\n<div class=\"home-banner-navigation\">\n<div class=\"button-prev\"><\/div>\n<div class=\"button-next\"><\/div>\n<\/div>\n<div class=\"home-aboutUS\">\n<div class=\"grid-container\">\n<div class=\"isright wow fadeInRight\" data-wow-delay=\"0.1s\">\n<div class=\"home-t1\">Refrattario Kerui<\/div>\n<div class=\"t1-1\">Vendite di fabbrica Driect, nessuna differenza di prezzo tra gli intermediari.<\/div>\n<div class=\"t2\">Kerui Refractory si trova nella pi\u00f9 grande zona industriale refrattaria della Cina: Kerui Refractory si impegna a fornire soluzioni di altissimo livello.<br \/>\ne servizi per le industrie ad alta temperatura in tutto il mondo, tra cui ferro-acciaio, alluminio, energia, vetro, caldaie, non ferrosi, industria del cemento, ecc. Il nostro obiettivo primario \u00e8<br \/>\nconsentire il successo e la prosperit\u00e0 di queste industrie fornendo loro i materiali e il supporto necessari per operare in modo sicuro ed efficiente alle alte temperature.<\/div>\n<div class=\"isleft wow fadeInLeft\"><img decoding=\"async\" src=\"https:\/\/krceramicfiber.com\/wp-content\/uploads\/2024\/09\/kerui-factory-view.webp\" alt=\"\" \/><\/div>\n<\/div>\n<\/div>\n<\/div>\n<div class=\"home-why\">\n<div class=\"iscontain\">\n<div class=\"home-t1 wow fadeInUp\">Prodotto Kerui<\/div>\n<p class=\"isdes wow fadeInUp\" data-wow-delay=\"0.1s\">Serie in fibra ceramica, serie in silicato di alluminio, serie in silicato di calcio, serie in aerogel, serie in poliuretano, serie in magnesio,<br \/>\nFibra minerale, pannelli sandwich<\/p>\n<div class=\"swiper home-why-swiper\">\n<div class=\"swiper-wrapper\">\n<div class=\"swiper-slide wow fadeInUp\" data-wow-delay=\"0.2s\">\n<div class=\"cover\"><a href=\"https:\/\/krceramicfiber.com\/it\/ceramic-fiber-products\/\" target=\"_blank\" rel=\"noopener\"><img loading=\"lazy\" decoding=\"async\" class=\"alignnone\" src=\"https:\/\/krceramicfiber.com\/wp-content\/uploads\/2024\/09\/Ceramic-Fiber-.jpg\" alt=\"Serie in fibra ceramica\" width=\"410\" height=\"210\" \/><\/a><\/div>\n<div class=\"t1\"><a href=\"https:\/\/krceramicfiber.com\/it\/ceramic-fiber-products\/\" target=\"_blank\" rel=\"noopener\">Serie in fibra ceramica<\/a><\/div>\n<p>Coperta in fibra di ceramica.<br \/>\nPannello in fibra di ceramica.<br \/>\nModulo in fibra ceramica.<br \/>\nCorda in fibra di ceramica...<\/p>\n<\/div>\n<div class=\"swiper-slide wow fadeInUp\" data-wow-delay=\"0.3s\">\n<div class=\"cover\"><a href=\"https:\/\/krceramicfiber.com\/it\/products\/#Calcium%20Silicate%20Products\" target=\"_blank\" rel=\"noopener\"><img loading=\"lazy\" decoding=\"async\" class=\"alignnone\" src=\"https:\/\/krceramicfiber.com\/wp-content\/uploads\/2024\/09\/Calcium-silicate-Series.jpg\" alt=\"Serie di silicato di calcio\" width=\"410\" height=\"210\" \/><\/a><\/div>\n<div class=\"t1\"><a href=\"https:\/\/krceramicfiber.com\/it\/products\/#Calcium%20Silicate%20Products\" target=\"_blank\" rel=\"noopener\">Serie di silicato di calcio<\/a><\/div>\n<p>Pannello in silicato di calcio.<br \/>\nTubo in silicato di calcio.<br \/>\nPannelli preverniciati inorganici...<\/p>\n<\/div>\n<div class=\"swiper-slide wow fadeInUp\" data-wow-delay=\"0.4s\">\n<div class=\"cover\"><a href=\"https:\/\/krceramicfiber.com\/it\/products\/#Sandwich%20Panel%20Products\" target=\"_blank\" rel=\"noopener\"><img loading=\"lazy\" decoding=\"async\" class=\"alignnone\" src=\"https:\/\/krceramicfiber.com\/wp-content\/uploads\/2024\/09\/Sandwich-Panel.jpg\" alt=\"Pannello sandwich\" width=\"410\" height=\"210\" \/><\/a><\/div>\n<div class=\"t1\"><a href=\"https:\/\/krceramicfiber.com\/it\/products\/#Sandwich%20Panel%20Products\" target=\"_blank\" rel=\"noopener\">Serie di pannelli sandwich<\/a><\/div>\n<p>Pannello di polistirene espanso.<br \/>\nPannello sandwich GPS.<br \/>\nPannello sandwich in silicato di calcio...<\/p>\n<\/div>\n<div class=\"swiper-slide wow fadeInUp\" data-wow-delay=\"0.5s\">\n<div class=\"cover\"><a href=\"https:\/\/krceramicfiber.com\/it\/products\/#Bio%20Soluble%20Fiber%20Products\" target=\"_blank\" rel=\"noopener\"><img loading=\"lazy\" decoding=\"async\" class=\"alignnone\" src=\"https:\/\/krceramicfiber.com\/wp-content\/uploads\/2024\/09\/Soluble-fibre.jpg\" alt=\"Fibra solubile biologica\" width=\"410\" height=\"210\" \/><\/a><\/div>\n<div class=\"t1\"><a href=\"https:\/\/krceramicfiber.com\/it\/products\/#Bio%20Soluble%20Fiber%20Products\" target=\"_blank\" rel=\"noopener\">Fibra solubile biologica<\/a><\/div>\n<p>Coperta in fibra solubile bio.<br \/>\nPannello di fibra bio-solubile.<br \/>\nModulo di fibra bio-solubile.<br \/>\nCarta in fibra bio solubile...<\/p>\n<\/div>\n<div class=\"swiper-slide wow fadeInUp\" data-wow-delay=\"0.6s\">\n<div class=\"cover\"><a href=\"https:\/\/krceramicfiber.com\/it\/products\/#Polyurethane%20Insulation%20Products\" target=\"_blank\" rel=\"noopener\"><img loading=\"lazy\" decoding=\"async\" class=\"alignnone\" src=\"https:\/\/krceramicfiber.com\/wp-content\/uploads\/2024\/09\/High-performance-polyurethane-foam.jpg\" alt=\"Schiuma poliuretanica ad alte prestazioni\" width=\"410\" height=\"210\" \/><\/a><\/div>\n<div class=\"t1\"><a href=\"https:\/\/krceramicfiber.com\/it\/products\/#Polyurethane%20Insulation%20Products\" target=\"_blank\" rel=\"noopener\">Serie di schiume poliuretaniche<\/a><\/div>\n<p>Schiuma poliuretanica ad alte prestazioni HPPU.<br \/>\nSchiuma di poliisocianurato PIR.<br \/>\nSchiuma poliuretanica spray.<br \/>\nPannello sandwich in poliuretano...<\/p>\n<\/div>\n<div class=\"swiper-slide wow fadeInUp\" data-wow-delay=\"0.7s\">\n<div class=\"cover\"><a href=\"https:\/\/krceramicfiber.com\/it\/products\/#Magnesium%20Insulation%20Products\" target=\"_blank\" rel=\"noopener\"><img loading=\"lazy\" decoding=\"async\" class=\"alignnone\" src=\"https:\/\/krceramicfiber.com\/wp-content\/uploads\/2024\/09\/magnesium-board.jpg\" alt=\"Pannello in magnesio\" width=\"410\" height=\"210\" \/><\/a><\/div>\n<div class=\"t1\"><a href=\"https:\/\/krceramicfiber.com\/it\/products\/#Magnesium%20Insulation%20Products\" target=\"_blank\" rel=\"noopener\">Pannello in magnesio<\/a><\/div>\n<p>Pannello di vetro e magnesio.<br \/>\nPannello ignifugo in magnesio.<br \/>\nPannello sandwich composito di magnesio...<\/p>\n<\/div>\n<div class=\"swiper-slide wow fadeInUp\" data-wow-delay=\"0.8s\">\n<div class=\"cover\"><a href=\"https:\/\/krceramicfiber.com\/it\/products\/#Aerogel%20Insulation%20Products\" target=\"_blank\" rel=\"noopener\"><img decoding=\"async\" src=\"https:\/\/krceramicfiber.com\/wp-content\/uploads\/2024\/09\/Aerogel-Sandwich-Panel.jpg\" alt=\"Pannello in magnesio\" \/><\/a><\/div>\n<div class=\"t1\"><a href=\"https:\/\/krceramicfiber.com\/it\/products\/#Aerogel%20Insulation%20Products\" target=\"_blank\" rel=\"noopener\">Serie di isolanti in aerogel<\/a><\/div>\n<p>Pannello sandwich in aerogel.<br \/>\nFeltro isolante in Aerogel.<br \/>\nPannello isolante in aerogel.<br \/>\nFeltro a nano isolamento termico.<br \/>\nPannello di isolamento nano termico...<\/p>\n<\/div>\n<\/div>\n<div class=\"home-why-swiper-pagination swiper-pagination\"><\/div>\n<\/div>\n<\/div>\n<\/div>\n<div class=\"home-material\">\n<div class=\"title-box\">\n<div class=\"home-t1 wow fadeInUp\">Applicazione<\/div>\n<div class=\"t2 wow fadeInUp\" data-wow-delay=\"0.1s\">sono utilizzati in diversi settori industriali<\/div>\n<\/div>\n<div class=\"iscontain\">\n<ul class=\"islist\">\n<li class=\"wow fadeInUp\" data-wow-delay=\"0.2s\">Industria siderurgica<\/li>\n<li class=\"wow fadeInUp\" data-wow-delay=\"0.3s\">Industria del vetro<\/li>\n<li class=\"wow fadeInUp\" data-wow-delay=\"0.4s\">Industria ceramica<\/li>\n<li class=\"wow fadeInUp\" data-wow-delay=\"0.5s\">Industria del cemento<\/li>\n<li class=\"wow fadeInUp\" data-wow-delay=\"0.6s\">Industria dell'energia<\/li>\n<li class=\"wow fadeInUp\" data-wow-delay=\"0.7s\">Industria metallurgica<\/li>\n<\/ul>\n<\/div>\n<\/div>\n<div class=\"about-world\">\n<div class=\"iscontain\">\n<div class=\"isleft\">\n<div class=\"about-world-title\">LA RETE DI KERUI IN TUTTO IL MONDO<\/div>\n<ul class=\"isdata\">\n<li>\n<div class=\"t1\">500<\/div>\n<p class=\"t2\">Continenti<\/p>\n<\/li>\n<li>\n<div class=\"t1\">1700<sub>+<\/sub><\/div>\n<p class=\"t2\">Casi di successo<\/p>\n<\/li>\n<li>\n<div class=\"t1\">4500<sub>+<\/sub><\/div>\n<p class=\"t2\">Clienti<\/p>\n<\/li>\n<\/ul>\n<p>Oltre alla Cina continentale, Kerui Refractory ha esportato prodotti in pi\u00f9 di 50 Paesi e regioni in 6 continenti del mondo, tra cui Asia, Europa, Nord America, Sud America, Africa e Oceania. Abbiamo ricevuto riconoscimenti ed elogi dai clienti di tutto il mondo e riceviamo costantemente ordini di ritorno e segnalazioni da parte dei clienti.<\/p>\n<\/div>\n<div class=\"isright\"><img loading=\"lazy\" decoding=\"async\" class=\"alignnone size-full wp-image-15950\" src=\"https:\/\/krceramicfiber.com\/wp-content\/uploads\/2024\/09\/kerui-about-us-map.webp\" alt=\"mappa kerui about us\" width=\"974\" height=\"494\" \/><\/div>\n<\/div>\n<\/div>\n<div class=\"home-customer-feedback\">\n<div class=\"home-t1\">FEEDBACK DEI CLIENTI<\/div>\n<div class=\"grid-container\">\n<div class=\"isleft\"><img decoding=\"async\" src=\"https:\/\/krceramicfiber.com\/wp-content\/uploads\/2024\/09\/customer.webp\" alt=\"\" \/><\/div>\n<div class=\"swiper home-feedback-swiper\">\n<div class=\"swiper-wrapper\">\n<div class=\"swiper-slide\">\n<div class=\"istext\">\"\u00c8 stata la prima volta che ho collaborato con Kerui. Dalla richiesta all'assistenza post-vendita, Kerui mi ha fornito un'esperienza perfetta. C'era un servizio clienti professionale per la consultazione pre-vendita; c'era un responsabile commerciale per seguire la vendita e fornire tempestivamente i programmi. Il team tecnico post-vendita guida la costruzione e l'assistenza. Nel complesso, sono molto soddisfatto e continuer\u00f2 a collaborare con Kerui\".<\/div>\n<div class=\"isuser\">\n<div class=\"isname\">Jo\u00e3o<\/div>\n<div class=\"iscontry\">primo cliente dal Brasile<\/div>\n<\/div>\n<\/div>\n<div class=\"swiper-slide\">\n<div class=\"istext\">\"Come cliente che ha collaborato con noi molte volte, sono molto soddisfatto del servizio e della qualit\u00e0 dei prodotti di Kerui. Sono professionali e affidabili, i loro prodotti sono durevoli e affidabili e soddisfano sempre le nostre esigenze. Il loro team \u00e8 amichevole, professionale e sempre orientato al cliente. La consegna \u00e8 stata puntuale, la comunicazione tempestiva e la collaborazione piacevole. Kerui \u00e8 altamente raccomandato come partner. \"<\/div>\n<div class=\"isuser\">\n<div class=\"isname\">Georgy<\/div>\n<div class=\"iscontry\">clienti dell'industria siderurgica dalla Russia<\/div>\n<\/div>\n<\/div>\n<div class=\"swiper-slide\">\n<div class=\"istext\">\"Ringrazio molto il mio amico Wayan per avermi consigliato la Refractory Materials Company. Devo dire che hanno superato le mie aspettative. La qualit\u00e0 dei prodotti e dei servizi forniti da Kerui \u00e8 eccezionale. Il loro team di professionisti offre ai clienti soluzioni personalizzate ed eccelle nella puntualit\u00e0 delle consegne. Le loro capacit\u00e0 di comunicazione e di coordinamento rendono la collaborazione facile e piacevole. Consiglio vivamente la Refractory Company a tutti. \"<\/div>\n<div class=\"isuser\">\n<div class=\"isname\">Budi<\/div>\n<div class=\"iscontry\">5 anni di clienti a lungo termine dall'Indonesia<\/div>\n<\/div>\n<\/div>\n<div class=\"swiper-slide\">\n<div class=\"istext\">\"Sono stato molto fortunato a conoscere Kerui. Kerui non solo \u00e8 in grado di fornire prodotti refrattari di qualit\u00e0 garantita a prezzi competitivi, ma dispone anche di ingegneri professionisti per fornire soluzioni di costruzione. Ho scelto Kerui ancora e ancora grazie alla fiducia, altrimenti raccomander\u00f2 Kerui Refractory Company anche ai miei amici. Kerui \u00e8 la scelta migliore nel settore dei refrattari\".<\/div>\n<div class=\"isuser\">\n<div class=\"isname\">Budiharto<\/div>\n<div class=\"iscontry\">10 anni di clienti a lungo termine Dalla Malesia<\/div>\n<\/div>\n<\/div>\n<div class=\"swiper-slide\">\n<div class=\"istext\">\"Siamo molto grati a Kerui Refractory per averci fornito soluzioni professionali. I mattoni refrattari che utilizziamo nei forni elettrici sono di ottima qualit\u00e0 e molto resistenti. Kerui non solo ci fornisce prodotti di alta qualit\u00e0, ma ci fornisce anche piani di costruzione ragionevoli, risparmiando sui tempi di costruzione. Ci auguriamo di avere maggiori opportunit\u00e0 di collaborazione in futuro\".<\/div>\n<div class=\"isuser\">\n<div class=\"isname\">Anuman<\/div>\n<div class=\"iscontry\">Clienti abituali che hanno riacquistato 4 volte Dalla Thailandia<\/div>\n<\/div>\n<\/div>\n<div class=\"swiper-slide\">\n<div class=\"istext\">\"Quando ho visitato la vostra fabbrica l'ultima volta, ho percepito che la scala della fabbrica era grande, il processo di produzione era completo, la tecnologia di produzione era squisita e la qualit\u00e0 del prodotto era eccellente. Ringrazio anche il personale tecnico per la guida alla costruzione. I materiali isolanti da voi forniti sono assolutamente adatti ai nostri forni\".<\/div>\n<div class=\"isuser\">\n<div class=\"isname\">Italia - Romeo<\/div>\n<div class=\"iscontry\">Clienti abituali che hanno riacquistato 3 volte<\/div>\n<\/div>\n<\/div>\n<\/div>\n<div class=\"swiper-button-prev home-feedback-button-prev\"><\/div>\n<div class=\"swiper-button-next home-feedback-button-next\"><\/div>\n<\/div>\n<\/div>\n<\/div>","protected":false},"excerpt":{"rendered":"<p>Serving the global high-temp industry Ceramic Fiber Blanket Ceramic Fiber Board Ceramic Fiber Module Strength &#8230; <a title=\"Refrattario Kerui\" class=\"read-more\" href=\"https:\/\/krceramicfiber.com\/it\/\" aria-label=\"More on Kerui Refractory\">Leggi tutto<\/a><\/p>","protected":false},"author":1,"featured_media":0,"parent":0,"menu_order":0,"comment_status":"closed","ping_status":"closed","template":"","meta":{"footnotes":""},"class_list":{"0":"post-37","1":"page","2":"type-page","3":"status-publish","5":"no-featured-image-padding"},"yoast_head":"<!-- This site is optimized with the Yoast SEO plugin v25.3 - https:\/\/yoast.com\/wordpress\/plugins\/seo\/ -->\n<title>Kerui Refractory - Your Thermal insulation material Manufactruer | Kerui Refractory\u00ae Official Website<\/title>\n<meta name=\"description\" content=\"KERUI Refractory Supply Ceramic Fiber Blanket | Ceramic Fiber Products | Calcium Silicate Board | Sandwich Panel | Aerogel Insulation etc, any requirement please contact with us.\" \/>\n<meta name=\"robots\" content=\"index, follow, max-snippet:-1, max-image-preview:large, max-video-preview:-1\" \/>\n<link rel=\"canonical\" href=\"https:\/\/krceramicfiber.com\/it\/\" \/>\n<meta property=\"og:locale\" content=\"it_IT\" \/>\n<meta property=\"og:type\" content=\"article\" \/>\n<meta property=\"og:title\" content=\"Kerui Refractory - Your Thermal insulation material Manufactruer | Kerui Refractory\u00ae Official Website\" \/>\n<meta property=\"og:description\" content=\"KERUI Refractory Supply Ceramic Fiber Blanket | Ceramic Fiber Products | Calcium Silicate Board | Sandwich Panel | Aerogel Insulation etc, any requirement please contact with us.\" \/>\n<meta property=\"og:url\" content=\"https:\/\/krceramicfiber.com\/it\/\" \/>\n<meta property=\"og:site_name\" content=\"Your Thermal insulation material Manufactruer | Kerui Refractory\u00ae Official Website\" \/>\n<meta property=\"article:modified_time\" content=\"2025-06-16T08:03:27+00:00\" \/>\n<meta property=\"og:image\" content=\"https:\/\/krceramicfiber.com\/wp-content\/uploads\/2024\/09\/kerui-factory-view.webp\" \/>\n<meta name=\"twitter:card\" content=\"summary_large_image\" \/>\n<meta name=\"twitter:label1\" content=\"Tempo di lettura stimato\" \/>\n\t<meta name=\"twitter:data1\" content=\"6 minuti\" \/>\n<script type=\"application\/ld+json\" class=\"yoast-schema-graph\">{\"@context\":\"https:\/\/schema.org\",\"@graph\":[{\"@type\":\"WebPage\",\"@id\":\"https:\/\/krceramicfiber.com\/\",\"url\":\"https:\/\/krceramicfiber.com\/\",\"name\":\"Kerui Refractory - Your Thermal insulation material Manufactruer | Kerui Refractory\u00ae Official Website\",\"isPartOf\":{\"@id\":\"https:\/\/krceramicfiber.com\/#website\"},\"primaryImageOfPage\":{\"@id\":\"https:\/\/krceramicfiber.com\/#primaryimage\"},\"image\":{\"@id\":\"https:\/\/krceramicfiber.com\/#primaryimage\"},\"thumbnailUrl\":\"https:\/\/krceramicfiber.com\/wp-content\/uploads\/2024\/09\/kerui-factory-view.webp\",\"datePublished\":\"2023-06-15T07:55:14+00:00\",\"dateModified\":\"2025-06-16T08:03:27+00:00\",\"description\":\"KERUI Refractory Supply Ceramic Fiber Blanket | Ceramic Fiber Products | Calcium Silicate Board | Sandwich Panel | Aerogel Insulation etc, any requirement please contact with us.\",\"breadcrumb\":{\"@id\":\"https:\/\/krceramicfiber.com\/#breadcrumb\"},\"inLanguage\":\"it-IT\",\"potentialAction\":[{\"@type\":\"ReadAction\",\"target\":[\"https:\/\/krceramicfiber.com\/\"]}]},{\"@type\":\"ImageObject\",\"inLanguage\":\"it-IT\",\"@id\":\"https:\/\/krceramicfiber.com\/#primaryimage\",\"url\":\"https:\/\/krceramicfiber.com\/wp-content\/uploads\/2024\/09\/kerui-factory-view.webp\",\"contentUrl\":\"https:\/\/krceramicfiber.com\/wp-content\/uploads\/2024\/09\/kerui-factory-view.webp\"},{\"@type\":\"BreadcrumbList\",\"@id\":\"https:\/\/krceramicfiber.com\/#breadcrumb\",\"itemListElement\":[{\"@type\":\"ListItem\",\"position\":1,\"name\":\"Home\",\"item\":\"https:\/\/krceramicfiber.com\/\"},{\"@type\":\"ListItem\",\"position\":2,\"name\":\"Kerui Refractory\"}]},{\"@type\":\"WebSite\",\"@id\":\"https:\/\/krceramicfiber.com\/#website\",\"url\":\"https:\/\/krceramicfiber.com\/\",\"name\":\"Your Thermal insulation material Manufactruer | Kerui Refractory\u00ae Official Website\",\"description\":\"\",\"publisher\":{\"@id\":\"https:\/\/krceramicfiber.com\/#organization\"},\"potentialAction\":[{\"@type\":\"SearchAction\",\"target\":{\"@type\":\"EntryPoint\",\"urlTemplate\":\"https:\/\/krceramicfiber.com\/?s={search_term_string}\"},\"query-input\":{\"@type\":\"PropertyValueSpecification\",\"valueRequired\":true,\"valueName\":\"search_term_string\"}}],\"inLanguage\":\"it-IT\"},{\"@type\":\"Organization\",\"@id\":\"https:\/\/krceramicfiber.com\/#organization\",\"name\":\"Your Thermal insulation material Manufactruer | Kerui Refractory\u00ae Official Website\",\"url\":\"https:\/\/krceramicfiber.com\/\",\"logo\":{\"@type\":\"ImageObject\",\"inLanguage\":\"it-IT\",\"@id\":\"https:\/\/krceramicfiber.com\/#\/schema\/logo\/image\/\",\"url\":\"https:\/\/krceramicfiber.com\/wp-content\/uploads\/2024\/01\/footer-Logo.png\",\"contentUrl\":\"https:\/\/krceramicfiber.com\/wp-content\/uploads\/2024\/01\/footer-Logo.png\",\"width\":282,\"height\":70,\"caption\":\"Your Thermal insulation material Manufactruer | Kerui Refractory\u00ae Official Website\"},\"image\":{\"@id\":\"https:\/\/krceramicfiber.com\/#\/schema\/logo\/image\/\"}}]}<\/script>\n<!-- \/ Yoast SEO plugin. -->","yoast_head_json":{"title":"Kerui Refractory - Il vostro produttore di materiali termoisolanti | Kerui Refractory\u00ae Sito ufficiale","description":"KERUI Refractory Supply Coperta in fibra ceramica | Prodotti in fibra ceramica | Bordo di silicato di calcio | Pannello a sandwich | Isolamento in aerogel ecc, qualsiasi requisito si prega di contattare con noi.","robots":{"index":"index","follow":"follow","max-snippet":"max-snippet:-1","max-image-preview":"max-image-preview:large","max-video-preview":"max-video-preview:-1"},"canonical":"https:\/\/krceramicfiber.com\/it\/","og_locale":"it_IT","og_type":"article","og_title":"Kerui Refractory - Your Thermal insulation material Manufactruer | Kerui Refractory\u00ae Official Website","og_description":"KERUI Refractory Supply Ceramic Fiber Blanket | Ceramic Fiber Products | Calcium Silicate Board | Sandwich Panel | Aerogel Insulation etc, any requirement please contact with us.","og_url":"https:\/\/krceramicfiber.com\/it\/","og_site_name":"Your Thermal insulation material Manufactruer | Kerui Refractory\u00ae Official Website","article_modified_time":"2025-06-16T08:03:27+00:00","og_image":[{"url":"https:\/\/krceramicfiber.com\/wp-content\/uploads\/2024\/09\/kerui-factory-view.webp","type":"","width":"","height":""}],"twitter_card":"summary_large_image","twitter_misc":{"Tempo di lettura stimato":"6 minuti"},"schema":{"@context":"https:\/\/schema.org","@graph":[{"@type":"WebPage","@id":"https:\/\/krceramicfiber.com\/","url":"https:\/\/krceramicfiber.com\/","name":"Kerui Refractory - Il vostro produttore di materiali termoisolanti | Kerui Refractory\u00ae Sito ufficiale","isPartOf":{"@id":"https:\/\/krceramicfiber.com\/#website"},"primaryImageOfPage":{"@id":"https:\/\/krceramicfiber.com\/#primaryimage"},"image":{"@id":"https:\/\/krceramicfiber.com\/#primaryimage"},"thumbnailUrl":"https:\/\/krceramicfiber.com\/wp-content\/uploads\/2024\/09\/kerui-factory-view.webp","datePublished":"2023-06-15T07:55:14+00:00","dateModified":"2025-06-16T08:03:27+00:00","description":"KERUI Refractory Supply Coperta in fibra ceramica | Prodotti in fibra ceramica | Bordo di silicato di calcio | Pannello a sandwich | Isolamento in aerogel ecc, qualsiasi requisito si prega di contattare con noi.","breadcrumb":{"@id":"https:\/\/krceramicfiber.com\/#breadcrumb"},"inLanguage":"it-IT","potentialAction":[{"@type":"ReadAction","target":["https:\/\/krceramicfiber.com\/"]}]},{"@type":"ImageObject","inLanguage":"it-IT","@id":"https:\/\/krceramicfiber.com\/#primaryimage","url":"https:\/\/krceramicfiber.com\/wp-content\/uploads\/2024\/09\/kerui-factory-view.webp","contentUrl":"https:\/\/krceramicfiber.com\/wp-content\/uploads\/2024\/09\/kerui-factory-view.webp"},{"@type":"BreadcrumbList","@id":"https:\/\/krceramicfiber.com\/#breadcrumb","itemListElement":[{"@type":"ListItem","position":1,"name":"Home","item":"https:\/\/krceramicfiber.com\/"},{"@type":"ListItem","position":2,"name":"Kerui Refractory"}]},{"@type":"WebSite","@id":"https:\/\/krceramicfiber.com\/#website","url":"https:\/\/krceramicfiber.com\/","name":"Il vostro produttore di materiale termoisolante | Kerui Refractory\u00ae Sito ufficiale","description":"","publisher":{"@id":"https:\/\/krceramicfiber.com\/#organization"},"potentialAction":[{"@type":"SearchAction","target":{"@type":"EntryPoint","urlTemplate":"https:\/\/krceramicfiber.com\/?s={search_term_string}"},"query-input":{"@type":"PropertyValueSpecification","valueRequired":true,"valueName":"search_term_string"}}],"inLanguage":"it-IT"},{"@type":"Organization","@id":"https:\/\/krceramicfiber.com\/#organization","name":"Il vostro produttore di materiale termoisolante | Kerui Refractory\u00ae Sito ufficiale","url":"https:\/\/krceramicfiber.com\/","logo":{"@type":"ImageObject","inLanguage":"it-IT","@id":"https:\/\/krceramicfiber.com\/#\/schema\/logo\/image\/","url":"https:\/\/krceramicfiber.com\/wp-content\/uploads\/2024\/01\/footer-Logo.png","contentUrl":"https:\/\/krceramicfiber.com\/wp-content\/uploads\/2024\/01\/footer-Logo.png","width":282,"height":70,"caption":"Your Thermal insulation material Manufactruer | Kerui Refractory\u00ae Official Website"},"image":{"@id":"https:\/\/krceramicfiber.com\/#\/schema\/logo\/image\/"}}]}},"_links":{"self":[{"href":"https:\/\/krceramicfiber.com\/it\/wp-json\/wp\/v2\/pages\/37","targetHints":{"allow":["GET"]}}],"collection":[{"href":"https:\/\/krceramicfiber.com\/it\/wp-json\/wp\/v2\/pages"}],"about":[{"href":"https:\/\/krceramicfiber.com\/it\/wp-json\/wp\/v2\/types\/page"}],"author":[{"embeddable":true,"href":"https:\/\/krceramicfiber.com\/it\/wp-json\/wp\/v2\/users\/1"}],"replies":[{"embeddable":true,"href":"https:\/\/krceramicfiber.com\/it\/wp-json\/wp\/v2\/comments?post=37"}],"version-history":[{"count":0,"href":"https:\/\/krceramicfiber.com\/it\/wp-json\/wp\/v2\/pages\/37\/revisions"}],"wp:attachment":[{"href":"https:\/\/krceramicfiber.com\/it\/wp-json\/wp\/v2\/media?parent=37"}],"curies":[{"name":"wp","href":"https:\/\/api.w.org\/{rel}","templated":true}]}}