{"id":54365,"date":"2024-09-14T11:46:37","date_gmt":"2024-09-14T03:46:37","guid":{"rendered":"https:\/\/krceramicfiber.com\/?page_id=20"},"modified":"2025-06-16T16:09:34","modified_gmt":"2025-06-16T08:09:34","slug":"news","status":"publish","type":"page","link":"https:\/\/krceramicfiber.com\/fr\/news\/","title":{"rendered":"Actualit\u00e9s"},"content":{"rendered":"<p><div class=\"pt-cv-wrapper\">Erreur\u00a0: la vue <strong>8cc9a7bev3<\/strong> n\u2019existe pas<\/div><br \/>\n<p class=\"wpcf7-contact-form-not-found\"><strong>Erreur\u00a0:<\/strong> Formulaire de contact non trouv\u00e9\u00a0!<\/p><\/p>","protected":false},"excerpt":{"rendered":"","protected":false},"author":1,"featured_media":0,"parent":0,"menu_order":0,"comment_status":"closed","ping_status":"closed","template":"","meta":{"footnotes":""},"class_list":{"0":"post-54365","1":"page","2":"type-page","3":"status-publish","5":"no-featured-image-padding"},"yoast_head":"<!-- This site is optimized with the Yoast SEO plugin v25.3 - https:\/\/yoast.com\/wordpress\/plugins\/seo\/ -->\n<title>News - Your Thermal insulation material Manufactruer | Kerui Refractory\u00ae Official Website<\/title>\n<meta name=\"description\" content=\"KERUI Refractory Supply Ceramic Fiber Blanket | Ceramic Fiber Products | Calcium Silicate Board | Sandwich Panel | Aerogel Insulation etc, any requirement please contact with us.\" \/>\n<meta name=\"robots\" content=\"index, follow, max-snippet:-1, max-image-preview:large, max-video-preview:-1\" \/>\n<link rel=\"canonical\" href=\"https:\/\/krceramicfiber.com\/fr\/news\/\" \/>\n<meta property=\"og:locale\" content=\"fr_FR\" \/>\n<meta property=\"og:type\" content=\"article\" \/>\n<meta property=\"og:title\" content=\"News - Your Thermal insulation material Manufactruer | Kerui Refractory\u00ae Official Website\" \/>\n<meta property=\"og:description\" content=\"KERUI Refractory Supply Ceramic Fiber Blanket | Ceramic Fiber Products | Calcium Silicate Board | Sandwich Panel | Aerogel Insulation etc, any requirement please contact with us.\" \/>\n<meta property=\"og:url\" content=\"https:\/\/krceramicfiber.com\/fr\/news\/\" \/>\n<meta property=\"og:site_name\" content=\"Your Thermal insulation material Manufactruer | Kerui Refractory\u00ae Official Website\" \/>\n<meta property=\"article:modified_time\" content=\"2025-06-16T08:09:34+00:00\" \/>\n<meta name=\"twitter:card\" content=\"summary_large_image\" \/>\n<meta name=\"twitter:label1\" content=\"Dur\u00e9e de lecture estim\u00e9e\" \/>\n\t<meta name=\"twitter:data1\" content=\"1 minute\" \/>\n<script type=\"application\/ld+json\" class=\"yoast-schema-graph\">{\"@context\":\"https:\/\/schema.org\",\"@graph\":[{\"@type\":\"WebPage\",\"@id\":\"https:\/\/krceramicfiber.com\/news\/\",\"url\":\"https:\/\/krceramicfiber.com\/news\/\",\"name\":\"News - Your Thermal insulation material Manufactruer | Kerui Refractory\u00ae Official Website\",\"isPartOf\":{\"@id\":\"https:\/\/krceramicfiber.com\/#website\"},\"datePublished\":\"2024-09-14T03:46:37+00:00\",\"dateModified\":\"2025-06-16T08:09:34+00:00\",\"description\":\"KERUI Refractory Supply Ceramic Fiber Blanket | Ceramic Fiber Products | Calcium Silicate Board | Sandwich Panel | Aerogel Insulation etc, any requirement please contact with us.\",\"breadcrumb\":{\"@id\":\"https:\/\/krceramicfiber.com\/news\/#breadcrumb\"},\"inLanguage\":\"fr-FR\",\"potentialAction\":[{\"@type\":\"ReadAction\",\"target\":[\"https:\/\/krceramicfiber.com\/news\/\"]}]},{\"@type\":\"BreadcrumbList\",\"@id\":\"https:\/\/krceramicfiber.com\/news\/#breadcrumb\",\"itemListElement\":[{\"@type\":\"ListItem\",\"position\":1,\"name\":\"Home\",\"item\":\"https:\/\/krceramicfiber.com\/\"},{\"@type\":\"ListItem\",\"position\":2,\"name\":\"News\"}]},{\"@type\":\"WebSite\",\"@id\":\"https:\/\/krceramicfiber.com\/#website\",\"url\":\"https:\/\/krceramicfiber.com\/\",\"name\":\"Your Thermal insulation material Manufactruer | Kerui Refractory\u00ae Official Website\",\"description\":\"\",\"publisher\":{\"@id\":\"https:\/\/krceramicfiber.com\/#organization\"},\"potentialAction\":[{\"@type\":\"SearchAction\",\"target\":{\"@type\":\"EntryPoint\",\"urlTemplate\":\"https:\/\/krceramicfiber.com\/?s={search_term_string}\"},\"query-input\":{\"@type\":\"PropertyValueSpecification\",\"valueRequired\":true,\"valueName\":\"search_term_string\"}}],\"inLanguage\":\"fr-FR\"},{\"@type\":\"Organization\",\"@id\":\"https:\/\/krceramicfiber.com\/#organization\",\"name\":\"Your Thermal insulation material Manufactruer | Kerui Refractory\u00ae Official Website\",\"url\":\"https:\/\/krceramicfiber.com\/\",\"logo\":{\"@type\":\"ImageObject\",\"inLanguage\":\"fr-FR\",\"@id\":\"https:\/\/krceramicfiber.com\/#\/schema\/logo\/image\/\",\"url\":\"https:\/\/krceramicfiber.com\/wp-content\/uploads\/2024\/01\/footer-Logo.png\",\"contentUrl\":\"https:\/\/krceramicfiber.com\/wp-content\/uploads\/2024\/01\/footer-Logo.png\",\"width\":282,\"height\":70,\"caption\":\"Your Thermal insulation material Manufactruer | Kerui Refractory\u00ae Official Website\"},\"image\":{\"@id\":\"https:\/\/krceramicfiber.com\/#\/schema\/logo\/image\/\"}}]}<\/script>\n<!-- \/ Yoast SEO plugin. -->","yoast_head_json":{"title":"News - Your Thermal insulation material Manufactruer | Kerui Refractory\u00ae Official Website","description":"KERUI Refractory fournit des couvertures en fibres c\u00e9ramiques, des produits en fibres c\u00e9ramiques, des panneaux en silicate de calcium, des panneaux sandwich, des isolants en a\u00e9rogel, etc. Pour toute demande, veuillez nous contacter.","robots":{"index":"index","follow":"follow","max-snippet":"max-snippet:-1","max-image-preview":"max-image-preview:large","max-video-preview":"max-video-preview:-1"},"canonical":"https:\/\/krceramicfiber.com\/fr\/news\/","og_locale":"fr_FR","og_type":"article","og_title":"News - Your Thermal insulation material Manufactruer | Kerui Refractory\u00ae Official Website","og_description":"KERUI Refractory Supply Ceramic Fiber Blanket | Ceramic Fiber Products | Calcium Silicate Board | Sandwich Panel | Aerogel Insulation etc, any requirement please contact with us.","og_url":"https:\/\/krceramicfiber.com\/fr\/news\/","og_site_name":"Your Thermal insulation material Manufactruer | Kerui Refractory\u00ae Official Website","article_modified_time":"2025-06-16T08:09:34+00:00","twitter_card":"summary_large_image","twitter_misc":{"Dur\u00e9e de lecture estim\u00e9e":"1 minute"},"schema":{"@context":"https:\/\/schema.org","@graph":[{"@type":"WebPage","@id":"https:\/\/krceramicfiber.com\/news\/","url":"https:\/\/krceramicfiber.com\/news\/","name":"News - Your Thermal insulation material Manufactruer | Kerui Refractory\u00ae Official Website","isPartOf":{"@id":"https:\/\/krceramicfiber.com\/#website"},"datePublished":"2024-09-14T03:46:37+00:00","dateModified":"2025-06-16T08:09:34+00:00","description":"KERUI Refractory fournit des couvertures en fibres c\u00e9ramiques, des produits en fibres c\u00e9ramiques, des panneaux en silicate de calcium, des panneaux sandwich, des isolants en a\u00e9rogel, etc. Pour toute demande, veuillez nous contacter.","breadcrumb":{"@id":"https:\/\/krceramicfiber.com\/news\/#breadcrumb"},"inLanguage":"fr-FR","potentialAction":[{"@type":"ReadAction","target":["https:\/\/krceramicfiber.com\/news\/"]}]},{"@type":"BreadcrumbList","@id":"https:\/\/krceramicfiber.com\/news\/#breadcrumb","itemListElement":[{"@type":"ListItem","position":1,"name":"Home","item":"https:\/\/krceramicfiber.com\/"},{"@type":"ListItem","position":2,"name":"News"}]},{"@type":"WebSite","@id":"https:\/\/krceramicfiber.com\/#website","url":"https:\/\/krceramicfiber.com\/","name":"Votre fabricant de mat\u00e9riaux d'isolation thermique | Kerui Refractory\u00ae Site officiel","description":"","publisher":{"@id":"https:\/\/krceramicfiber.com\/#organization"},"potentialAction":[{"@type":"SearchAction","target":{"@type":"EntryPoint","urlTemplate":"https:\/\/krceramicfiber.com\/?s={search_term_string}"},"query-input":{"@type":"PropertyValueSpecification","valueRequired":true,"valueName":"search_term_string"}}],"inLanguage":"fr-FR"},{"@type":"Organization","@id":"https:\/\/krceramicfiber.com\/#organization","name":"Votre fabricant de mat\u00e9riaux d'isolation thermique | Kerui Refractory\u00ae Site officiel","url":"https:\/\/krceramicfiber.com\/","logo":{"@type":"ImageObject","inLanguage":"fr-FR","@id":"https:\/\/krceramicfiber.com\/#\/schema\/logo\/image\/","url":"https:\/\/krceramicfiber.com\/wp-content\/uploads\/2024\/01\/footer-Logo.png","contentUrl":"https:\/\/krceramicfiber.com\/wp-content\/uploads\/2024\/01\/footer-Logo.png","width":282,"height":70,"caption":"Your Thermal insulation material Manufactruer | Kerui Refractory\u00ae Official Website"},"image":{"@id":"https:\/\/krceramicfiber.com\/#\/schema\/logo\/image\/"}}]}},"_links":{"self":[{"href":"https:\/\/krceramicfiber.com\/fr\/wp-json\/wp\/v2\/pages\/54365","targetHints":{"allow":["GET"]}}],"collection":[{"href":"https:\/\/krceramicfiber.com\/fr\/wp-json\/wp\/v2\/pages"}],"about":[{"href":"https:\/\/krceramicfiber.com\/fr\/wp-json\/wp\/v2\/types\/page"}],"author":[{"embeddable":true,"href":"https:\/\/krceramicfiber.com\/fr\/wp-json\/wp\/v2\/users\/1"}],"replies":[{"embeddable":true,"href":"https:\/\/krceramicfiber.com\/fr\/wp-json\/wp\/v2\/comments?post=54365"}],"version-history":[{"count":0,"href":"https:\/\/krceramicfiber.com\/fr\/wp-json\/wp\/v2\/pages\/54365\/revisions"}],"wp:attachment":[{"href":"https:\/\/krceramicfiber.com\/fr\/wp-json\/wp\/v2\/media?parent=54365"}],"curies":[{"name":"wp","href":"https:\/\/api.w.org\/{rel}","templated":true}]}}