{"id":54295,"date":"2024-09-13T17:57:03","date_gmt":"2024-09-13T09:57:03","guid":{"rendered":"https:\/\/krceramicfiber.com\/?page_id=925"},"modified":"2025-07-04T15:21:11","modified_gmt":"2025-07-04T07:21:11","slug":"inorganic-pre-coated-boards","status":"publish","type":"page","link":"https:\/\/krceramicfiber.com\/fr\/inorganic-pre-coated-boards\/","title":{"rendered":"Panneaux pr\u00e9-couch\u00e9s inorganiques"},"content":{"rendered":"<div class=\"product_info_bg\">\n<div class=\"page_model product_info\">\n<div class=\"preview\"><img loading=\"lazy\" decoding=\"async\" class=\"aligncenter size-full wp-image-3596\" src=\"https:\/\/krceramicfiber.com\/wp-content\/uploads\/2025\/07\/Inorganic-pre-coated-boards.webp\" alt=\"Panneaux pr\u00e9-couch\u00e9s inorganiques\" width=\"780\" height=\"639\" \/><\/div>\n<div class=\"info\">\n<h1>Panneaux pr\u00e9-couch\u00e9s inorganiques<\/h1>\n<p class=\"profile\">Inorganic pre-coated boards use asbestos-free calcium silicate as the base, with a special polyester coating for fire, aging, and water resistance. They offer a clean, durable finish and are eco-friendly, fireproof, and easy to install. These boards are widely used for indoor\/outdoor walls, ceilings, furniture, and exhibition displays.<\/p>\n<ul>\n<li>\n<div>Customisable<\/div>\n<p><small>Colour<\/small><\/li>\n<li>\n<div>1.2-1.7<\/div>\n<p><small>Bulk Density (g\/cm\u00b3)<\/small><\/li>\n<li class=\"authentication\"><img loading=\"lazy\" decoding=\"async\" class=\"alignnone size-full wp-image-676\" src=\"https:\/\/krceramicfiber.com\/wp-content\/uploads\/2024\/09\/CE-min.webp\" alt=\"Kerui authentication\" width=\"200\" height=\"55\" \/><\/li>\n<\/ul>\n<p><a class=\"inruiry fancybox\" href=\"#contact_form_pop\">obtenir le prix<\/a><a class=\"email-btn\" href=\"mailto:market@krceramicfiber.com\">send email<\/a><\/p>\n<\/div>\n<\/div>\n<\/div>\n<div class=\"product_model_bg\">\n<div class=\"page_model\">\n<h2 id=\"PRODUCTDESCRIPTION\">Description of Inorganic pre-coated boards<\/h2>\n<p>Inorganic pre-coated boards, with 100% asbestos-free calcium silicate boards as the substrate, technically crawled coated with special polyester for surface treatment, so that it has an effective fire resistance, aging resistance, water resistance, maintains a bright appearance and gives a sense of cleanliness. As a new type of building decoration material, inorganic pre-coated board, with the characteristics of environmental protection and non-toxicity, excellent fireproof performance, easy installation, good decorative effect, good durability, etc., it is widely used in indoor and outdoor wall decorations, ceiling decorations, furniture manufacturing and exhibition display and other fields.<\/p>\n<p><center><a class=\"fancybox price\" href=\"#contact_form_pop\">OBTENIR LE PRIX<\/a><\/center><\/p>\n<div class=\"fancybox-hidden\" style=\"display: none;\">\n<div id=\"contact_form_pop\">\n<div class=\"wpcf7 no-js\" id=\"wpcf7-f328-o1\" lang=\"en-US\" dir=\"ltr\" data-wpcf7-id=\"328\">\n<div class=\"screen-reader-response\"><p role=\"status\" aria-live=\"polite\" aria-atomic=\"true\"><\/p> <ul><\/ul><\/div>\n<form action=\"\/fr\/wp-json\/wp\/v2\/pages\/54295#wpcf7-f328-o1\" method=\"post\" class=\"wpcf7-form init\" aria-label=\"Formulaire de contact\" novalidate=\"novalidate\" data-status=\"init\" data-trp-original-action=\"\/fr\/wp-json\/wp\/v2\/pages\/54295#wpcf7-f328-o1\">\n<fieldset class=\"hidden-fields-container\"><input type=\"hidden\" name=\"_wpcf7\" value=\"328\" \/><input type=\"hidden\" name=\"_wpcf7_version\" value=\"6.1\" \/><input type=\"hidden\" name=\"_wpcf7_locale\" value=\"en_US\" \/><input type=\"hidden\" name=\"_wpcf7_unit_tag\" value=\"wpcf7-f328-o1\" \/><input type=\"hidden\" name=\"_wpcf7_container_post\" value=\"0\" \/><input type=\"hidden\" name=\"_wpcf7_posted_data_hash\" value=\"\" \/><input type=\"hidden\" name=\"_wpcf7_recaptcha_response\" value=\"\" \/>\n<\/fieldset>\n<div class=\"form-box\" id=\"Contact-Us\">\n\t<div class=\"isleft\">\n\t\t<div class=\"contact-title\">\n\t\t\t<p>Nous contacter\n\t\t\t<\/p>\n\t\t<\/div>\n\t\t<div class=\"contactp\">\n\t\t\t<p>N'h\u00e9sitez pas \u00e0 nous envoyer vos demandes de renseignements. Nous vous contacterons d\u00e8s que possible.\n\t\t\t<\/p>\n\t\t<\/div>\n\t\t<ul class=\"contact\">\n\t\t\t<li class=\"email\">\n\t\t\t\t<p><img decoding=\"async\" src=\"https:\/\/krceramicfiber.com\/wp-content\/uploads\/2023\/12\/email.png\" alt=\"\" \/>Courriel :\n\t\t\t\t<\/p>\n\t\t\t\t<p><a href=\"mailto:market@krceramicfiber.com\">market@krceramicfiber.com<\/a>\n\t\t\t\t<\/p>\n\t\t\t<\/li>\n\t\t\t<li class=\"phone\">\n\t\t\t\t<p><img decoding=\"async\" src=\"https:\/\/krceramicfiber.com\/wp-content\/uploads\/2023\/12\/tel.png\" alt=\"\" \/>T\u00e9l\u00e9phone\/whatsapp :\n\t\t\t\t<\/p>\n\t\t\t\t<p><a href=\"https:\/\/wa.me\/8619138178880\">+86 19138178880<\/a>\n\t\t\t\t<\/p>\n\t\t\t<\/li>\n\t\t\t<li class=\"location\">\n\t\t\t\t<p><img decoding=\"async\" src=\"https:\/\/krceramicfiber.com\/wp-content\/uploads\/2023\/12\/Location.png\" alt=\"\" \/>Base de fabrication :\n\t\t\t\t<\/p>\n\t\t\t\t<p>Zone d'industrie r\u00e9fractaire de Chaohua,<br \/>\nVille de Xinmi, province du Henan, Chine\n\t\t\t\t<\/p>\n\t\t\t<\/li>\n\t\t<\/ul>\n\t<\/div>\n\t<div class=\"isright\">\n\t\t<ul class=\"contact-input\">\n\t\t\t<li>\n\t\t\t\t<div class=\"islabel\">\n\t\t\t\t\t<p>* Nom :\n\t\t\t\t\t<\/p>\n\t\t\t\t<\/div>\n\t\t\t\t<p><span class=\"wpcf7-form-control-wrap\" data-name=\"your-name\"><input size=\"40\" maxlength=\"400\" class=\"wpcf7-form-control wpcf7-text wpcf7-validates-as-required\" aria-required=\"true\" aria-invalid=\"false\" placeholder=\"\" value=\"\" type=\"text\" name=\"your-name\" \/><\/span>\n\t\t\t\t<\/p>\n\t\t\t<\/li>\n\t\t\t<li>\n\t\t\t\t<div class=\"islabel\">\n\t\t\t\t\t<p>* Email :\n\t\t\t\t\t<\/p>\n\t\t\t\t<\/div>\n\t\t\t\t<p><span class=\"wpcf7-form-control-wrap\" data-name=\"your-email\"><input size=\"40\" maxlength=\"400\" class=\"wpcf7-form-control wpcf7-email wpcf7-validates-as-required wpcf7-text wpcf7-validates-as-email\" aria-required=\"true\" aria-invalid=\"false\" placeholder=\"\" value=\"\" type=\"email\" name=\"your-email\" \/><\/span>\n\t\t\t\t<\/p>\n\t\t\t<\/li>\n\t\t\t<li>\n\t\t\t\t<div class=\"islabel\">\n\t\t\t\t\t<p>* T\u00e9l\u00e9phone\/Appel :\n\t\t\t\t\t<\/p>\n\t\t\t\t<\/div>\n\t\t\t\t<p><span class=\"wpcf7-form-control-wrap\" data-name=\"your-phone\"><input size=\"40\" maxlength=\"400\" class=\"wpcf7-form-control wpcf7-tel wpcf7-validates-as-required wpcf7-text wpcf7-validates-as-tel\" aria-required=\"true\" aria-invalid=\"false\" placeholder=\"\" value=\"\" type=\"tel\" name=\"your-phone\" \/><\/span>\n\t\t\t\t<\/p>\n\t\t\t<\/li>\n\t\t\t<li>\n\t\t\t\t<div class=\"islabel\">\n\t\t\t\t\t<p>Pays :\n\t\t\t\t\t<\/p>\n\t\t\t\t<\/div>\n\t\t\t\t<p><span class=\"wpcf7-form-control-wrap\" data-name=\"your-country\"><input size=\"40\" maxlength=\"400\" class=\"wpcf7-form-control wpcf7-text\" aria-invalid=\"false\" placeholder=\"\" value=\"\" type=\"text\" name=\"your-country\" \/><\/span>\n\t\t\t\t<\/p>\n\t\t\t<\/li>\n\t\t\t<li class=\"ismassage\">\n\t\t\t\t<div class=\"islabel\">\n\t\t\t\t\t<p>* Message :\n\t\t\t\t\t<\/p>\n\t\t\t\t<\/div>\n\t\t\t\t<p><span class=\"wpcf7-form-control-wrap\" data-name=\"your-msg\"><textarea cols=\"40\" rows=\"10\" maxlength=\"2000\" class=\"wpcf7-form-control wpcf7-textarea wpcf7-validates-as-required\" aria-required=\"true\" aria-invalid=\"false\" name=\"your-msg\"><\/textarea><\/span>\n\t\t\t\t<\/p>\n\t\t\t<\/li>\n\t\t\t<li class=\"wpcf7-btns-box\">\n\t\t\t\t<div class=\"isFileName\">\n\t\t\t\t<\/div>\n\t\t\t\t<div class=\"wpcf7-btns\">\n\t\t\t\t\t<p><input class=\"wpcf7-form-control wpcf7-submit has-spinner\" type=\"submit\" value=\"ENVOYER\" \/>\n\t\t\t\t\t<\/p>\n\t\t\t\t<\/div>\n\t\t\t<\/li>\n\t\t<\/ul>\n\t<\/div>\n<\/div><div class=\"wpcf7-response-output\" aria-hidden=\"true\"><\/div>\n<input type=\"hidden\" name=\"trp-form-language\" value=\"fr\"\/><\/form>\n<\/div>\n<\/div>\n<\/div>\n<\/div>\n<div class=\"product_info_bg\">\n<div class=\"page_model\">\n<div class='content-column one_fourth'><div style=\"padding-right:20px;padding-bottom:10px;\"><div class='content-column full_width'><div style=\"padding:25px 25px 25px 25px;\"><div class=\"tb1\">Environmentally friendly, no harmful substances<\/div><\/div><\/div><\/div><\/div>\n<div class='content-column one_fourth'><div style=\"padding-right:20px;padding-bottom:10px;\"><div class='content-column full_width'><div style=\"padding:25px 25px 25px 25px;\"><div class=\"tb2\">Good water resistance<\/div><\/div><\/div><\/div><\/div>\n<div class='content-column one_fourth'><div style=\"padding-right:20px;padding-bottom:10px;\"><div class='content-column full_width'><div style=\"padding:25px 25px 25px 25px;\"><div class=\"tb3\">Lightweight: specific gravity of 1.2 ~ 1.7g\/cm3<\/div><\/div><\/div><\/div><\/div>\n<div class='content-column one_fourth last_column'><div style=\"padding-right:20px;padding-bottom:10px;\"><div class='content-column full_width'><div style=\"padding:25px 25px 25px 25px;\"><div class=\"tb4\">No dust, antibacterial<\/div><\/div><\/div><\/div><\/div><div class='clear_column'><\/div>\n<\/div>\n<\/div>\n<div class=\"product_model_bg\">\n<div class=\"page_model\"><div class=\"pt-cv-wrapper\">Erreur\u00a0: la vue <strong>5a3cb144nz<\/strong> n\u2019existe pas<\/div><\/div>\n<div id=\"INQUIRY\" class=\"page_model\"><p class=\"wpcf7-contact-form-not-found\"><strong>Erreur\u00a0:<\/strong> Formulaire de contact non trouv\u00e9\u00a0!<\/p><\/div>\n<div class=\"page_model\">\n<div class=\"swiper related-products\">\n<div class=\"swiper-wrapper\">\n<div class=\"swiper-slide\"><\/div>\n<\/div>\n<\/div>\n<\/div>\n<\/div>\n<\/div>","protected":false},"excerpt":{"rendered":"<p>Inorganic pre-coated boards Inorganic pre-coated boards use asbestos-free calcium silicate as the base, with a &#8230; <a title=\"Panneaux pr\u00e9-couch\u00e9s inorganiques\" class=\"read-more\" href=\"https:\/\/krceramicfiber.com\/fr\/inorganic-pre-coated-boards\/\" aria-label=\"More on Inorganic pre-coated boards\">Lire plus<\/a><\/p>","protected":false},"author":1,"featured_media":55501,"parent":0,"menu_order":0,"comment_status":"closed","ping_status":"closed","template":"","meta":{"footnotes":""},"class_list":{"0":"post-54295","1":"page","2":"type-page","3":"status-publish","4":"has-post-thumbnail","6":"no-featured-image-padding","7":"resize-featured-image"},"yoast_head":"<!-- This site is optimized with the Yoast SEO plugin v25.3 - https:\/\/yoast.com\/wordpress\/plugins\/seo\/ -->\n<title>Inorganic pre-coated boards - Your Thermal insulation material Manufactruer | Kerui Refractory\u00ae Official Website<\/title>\n<meta name=\"description\" content=\"Inorganic pre-coated boards use asbestos-free calcium silicate as the base, with a special polyester coating for fire, aging, and water resistance.\" \/>\n<meta name=\"robots\" content=\"index, follow, max-snippet:-1, max-image-preview:large, max-video-preview:-1\" \/>\n<link rel=\"canonical\" href=\"https:\/\/krceramicfiber.com\/fr\/inorganic-pre-coated-boards\/\" \/>\n<meta property=\"og:locale\" content=\"fr_FR\" \/>\n<meta property=\"og:type\" content=\"article\" \/>\n<meta property=\"og:title\" content=\"Inorganic pre-coated boards - Your Thermal insulation material Manufactruer | Kerui Refractory\u00ae Official Website\" \/>\n<meta property=\"og:description\" content=\"Inorganic pre-coated boards use asbestos-free calcium silicate as the base, with a special polyester coating for fire, aging, and water resistance.\" \/>\n<meta property=\"og:url\" content=\"https:\/\/krceramicfiber.com\/fr\/inorganic-pre-coated-boards\/\" \/>\n<meta property=\"og:site_name\" content=\"Your Thermal insulation material Manufactruer | Kerui Refractory\u00ae Official Website\" \/>\n<meta property=\"article:modified_time\" content=\"2025-07-04T07:21:11+00:00\" \/>\n<meta property=\"og:image\" content=\"https:\/\/krceramicfiber.com\/wp-content\/uploads\/2025\/07\/Inorganic-pre-coated-boards.webp\" \/>\n\t<meta property=\"og:image:width\" content=\"660\" \/>\n\t<meta property=\"og:image:height\" content=\"528\" \/>\n\t<meta property=\"og:image:type\" content=\"image\/webp\" \/>\n<meta name=\"twitter:card\" content=\"summary_large_image\" \/>\n<meta name=\"twitter:label1\" content=\"Dur\u00e9e de lecture estim\u00e9e\" \/>\n\t<meta name=\"twitter:data1\" content=\"2 minutes\" \/>\n<script type=\"application\/ld+json\" class=\"yoast-schema-graph\">{\"@context\":\"https:\/\/schema.org\",\"@graph\":[{\"@type\":\"WebPage\",\"@id\":\"https:\/\/krceramicfiber.com\/inorganic-pre-coated-boards\/\",\"url\":\"https:\/\/krceramicfiber.com\/inorganic-pre-coated-boards\/\",\"name\":\"Inorganic pre-coated boards - Your Thermal insulation material Manufactruer | Kerui Refractory\u00ae Official Website\",\"isPartOf\":{\"@id\":\"https:\/\/krceramicfiber.com\/#website\"},\"primaryImageOfPage\":{\"@id\":\"https:\/\/krceramicfiber.com\/inorganic-pre-coated-boards\/#primaryimage\"},\"image\":{\"@id\":\"https:\/\/krceramicfiber.com\/inorganic-pre-coated-boards\/#primaryimage\"},\"thumbnailUrl\":\"https:\/\/krceramicfiber.com\/wp-content\/uploads\/2025\/07\/Inorganic-pre-coated-boards.webp\",\"datePublished\":\"2024-09-13T09:57:03+00:00\",\"dateModified\":\"2025-07-04T07:21:11+00:00\",\"description\":\"Inorganic pre-coated boards use asbestos-free calcium silicate as the base, with a special polyester coating for fire, aging, and water resistance.\",\"breadcrumb\":{\"@id\":\"https:\/\/krceramicfiber.com\/inorganic-pre-coated-boards\/#breadcrumb\"},\"inLanguage\":\"fr-FR\",\"potentialAction\":[{\"@type\":\"ReadAction\",\"target\":[\"https:\/\/krceramicfiber.com\/inorganic-pre-coated-boards\/\"]}]},{\"@type\":\"ImageObject\",\"inLanguage\":\"fr-FR\",\"@id\":\"https:\/\/krceramicfiber.com\/inorganic-pre-coated-boards\/#primaryimage\",\"url\":\"https:\/\/krceramicfiber.com\/wp-content\/uploads\/2025\/07\/Inorganic-pre-coated-boards.webp\",\"contentUrl\":\"https:\/\/krceramicfiber.com\/wp-content\/uploads\/2025\/07\/Inorganic-pre-coated-boards.webp\",\"width\":660,\"height\":528},{\"@type\":\"BreadcrumbList\",\"@id\":\"https:\/\/krceramicfiber.com\/inorganic-pre-coated-boards\/#breadcrumb\",\"itemListElement\":[{\"@type\":\"ListItem\",\"position\":1,\"name\":\"Home\",\"item\":\"https:\/\/krceramicfiber.com\/\"},{\"@type\":\"ListItem\",\"position\":2,\"name\":\"Inorganic pre-coated boards\"}]},{\"@type\":\"WebSite\",\"@id\":\"https:\/\/krceramicfiber.com\/#website\",\"url\":\"https:\/\/krceramicfiber.com\/\",\"name\":\"Your Thermal insulation material Manufactruer | Kerui Refractory\u00ae Official Website\",\"description\":\"\",\"publisher\":{\"@id\":\"https:\/\/krceramicfiber.com\/#organization\"},\"potentialAction\":[{\"@type\":\"SearchAction\",\"target\":{\"@type\":\"EntryPoint\",\"urlTemplate\":\"https:\/\/krceramicfiber.com\/?s={search_term_string}\"},\"query-input\":{\"@type\":\"PropertyValueSpecification\",\"valueRequired\":true,\"valueName\":\"search_term_string\"}}],\"inLanguage\":\"fr-FR\"},{\"@type\":\"Organization\",\"@id\":\"https:\/\/krceramicfiber.com\/#organization\",\"name\":\"Your Thermal insulation material Manufactruer | Kerui Refractory\u00ae Official Website\",\"url\":\"https:\/\/krceramicfiber.com\/\",\"logo\":{\"@type\":\"ImageObject\",\"inLanguage\":\"fr-FR\",\"@id\":\"https:\/\/krceramicfiber.com\/#\/schema\/logo\/image\/\",\"url\":\"https:\/\/krceramicfiber.com\/wp-content\/uploads\/2024\/01\/footer-Logo.png\",\"contentUrl\":\"https:\/\/krceramicfiber.com\/wp-content\/uploads\/2024\/01\/footer-Logo.png\",\"width\":282,\"height\":70,\"caption\":\"Your Thermal insulation material Manufactruer | Kerui Refractory\u00ae Official Website\"},\"image\":{\"@id\":\"https:\/\/krceramicfiber.com\/#\/schema\/logo\/image\/\"}}]}<\/script>\n<!-- \/ Yoast SEO plugin. -->","yoast_head_json":{"title":"Inorganic pre-coated boards - Your Thermal insulation material Manufactruer | Kerui Refractory\u00ae Official Website","description":"Inorganic pre-coated boards use asbestos-free calcium silicate as the base, with a special polyester coating for fire, aging, and water resistance.","robots":{"index":"index","follow":"follow","max-snippet":"max-snippet:-1","max-image-preview":"max-image-preview:large","max-video-preview":"max-video-preview:-1"},"canonical":"https:\/\/krceramicfiber.com\/fr\/inorganic-pre-coated-boards\/","og_locale":"fr_FR","og_type":"article","og_title":"Inorganic pre-coated boards - Your Thermal insulation material Manufactruer | Kerui Refractory\u00ae Official Website","og_description":"Inorganic pre-coated boards use asbestos-free calcium silicate as the base, with a special polyester coating for fire, aging, and water resistance.","og_url":"https:\/\/krceramicfiber.com\/fr\/inorganic-pre-coated-boards\/","og_site_name":"Your Thermal insulation material Manufactruer | Kerui Refractory\u00ae Official Website","article_modified_time":"2025-07-04T07:21:11+00:00","og_image":[{"width":660,"height":528,"url":"https:\/\/krceramicfiber.com\/wp-content\/uploads\/2025\/07\/Inorganic-pre-coated-boards.webp","type":"image\/webp"}],"twitter_card":"summary_large_image","twitter_misc":{"Dur\u00e9e de lecture estim\u00e9e":"2 minutes"},"schema":{"@context":"https:\/\/schema.org","@graph":[{"@type":"WebPage","@id":"https:\/\/krceramicfiber.com\/inorganic-pre-coated-boards\/","url":"https:\/\/krceramicfiber.com\/inorganic-pre-coated-boards\/","name":"Inorganic pre-coated boards - Your Thermal insulation material Manufactruer | Kerui Refractory\u00ae Official Website","isPartOf":{"@id":"https:\/\/krceramicfiber.com\/#website"},"primaryImageOfPage":{"@id":"https:\/\/krceramicfiber.com\/inorganic-pre-coated-boards\/#primaryimage"},"image":{"@id":"https:\/\/krceramicfiber.com\/inorganic-pre-coated-boards\/#primaryimage"},"thumbnailUrl":"https:\/\/krceramicfiber.com\/wp-content\/uploads\/2025\/07\/Inorganic-pre-coated-boards.webp","datePublished":"2024-09-13T09:57:03+00:00","dateModified":"2025-07-04T07:21:11+00:00","description":"Inorganic pre-coated boards use asbestos-free calcium silicate as the base, with a special polyester coating for fire, aging, and water resistance.","breadcrumb":{"@id":"https:\/\/krceramicfiber.com\/inorganic-pre-coated-boards\/#breadcrumb"},"inLanguage":"fr-FR","potentialAction":[{"@type":"ReadAction","target":["https:\/\/krceramicfiber.com\/inorganic-pre-coated-boards\/"]}]},{"@type":"ImageObject","inLanguage":"fr-FR","@id":"https:\/\/krceramicfiber.com\/inorganic-pre-coated-boards\/#primaryimage","url":"https:\/\/krceramicfiber.com\/wp-content\/uploads\/2025\/07\/Inorganic-pre-coated-boards.webp","contentUrl":"https:\/\/krceramicfiber.com\/wp-content\/uploads\/2025\/07\/Inorganic-pre-coated-boards.webp","width":660,"height":528},{"@type":"BreadcrumbList","@id":"https:\/\/krceramicfiber.com\/inorganic-pre-coated-boards\/#breadcrumb","itemListElement":[{"@type":"ListItem","position":1,"name":"Home","item":"https:\/\/krceramicfiber.com\/"},{"@type":"ListItem","position":2,"name":"Inorganic pre-coated boards"}]},{"@type":"WebSite","@id":"https:\/\/krceramicfiber.com\/#website","url":"https:\/\/krceramicfiber.com\/","name":"Votre fabricant de mat\u00e9riaux d'isolation thermique | Kerui Refractory\u00ae Site officiel","description":"","publisher":{"@id":"https:\/\/krceramicfiber.com\/#organization"},"potentialAction":[{"@type":"SearchAction","target":{"@type":"EntryPoint","urlTemplate":"https:\/\/krceramicfiber.com\/?s={search_term_string}"},"query-input":{"@type":"PropertyValueSpecification","valueRequired":true,"valueName":"search_term_string"}}],"inLanguage":"fr-FR"},{"@type":"Organization","@id":"https:\/\/krceramicfiber.com\/#organization","name":"Votre fabricant de mat\u00e9riaux d'isolation thermique | Kerui Refractory\u00ae Site officiel","url":"https:\/\/krceramicfiber.com\/","logo":{"@type":"ImageObject","inLanguage":"fr-FR","@id":"https:\/\/krceramicfiber.com\/#\/schema\/logo\/image\/","url":"https:\/\/krceramicfiber.com\/wp-content\/uploads\/2024\/01\/footer-Logo.png","contentUrl":"https:\/\/krceramicfiber.com\/wp-content\/uploads\/2024\/01\/footer-Logo.png","width":282,"height":70,"caption":"Your Thermal insulation material Manufactruer | Kerui Refractory\u00ae Official Website"},"image":{"@id":"https:\/\/krceramicfiber.com\/#\/schema\/logo\/image\/"}}]}},"_links":{"self":[{"href":"https:\/\/krceramicfiber.com\/fr\/wp-json\/wp\/v2\/pages\/54295","targetHints":{"allow":["GET"]}}],"collection":[{"href":"https:\/\/krceramicfiber.com\/fr\/wp-json\/wp\/v2\/pages"}],"about":[{"href":"https:\/\/krceramicfiber.com\/fr\/wp-json\/wp\/v2\/types\/page"}],"author":[{"embeddable":true,"href":"https:\/\/krceramicfiber.com\/fr\/wp-json\/wp\/v2\/users\/1"}],"replies":[{"embeddable":true,"href":"https:\/\/krceramicfiber.com\/fr\/wp-json\/wp\/v2\/comments?post=54295"}],"version-history":[{"count":0,"href":"https:\/\/krceramicfiber.com\/fr\/wp-json\/wp\/v2\/pages\/54295\/revisions"}],"wp:featuredmedia":[{"embeddable":true,"href":"https:\/\/krceramicfiber.com\/fr\/wp-json\/wp\/v2\/media\/55501"}],"wp:attachment":[{"href":"https:\/\/krceramicfiber.com\/fr\/wp-json\/wp\/v2\/media?parent=54295"}],"curies":[{"name":"wp","href":"https:\/\/api.w.org\/{rel}","templated":true}]}}