{"id":37,"date":"2023-06-15T15:55:14","date_gmt":"2023-06-15T07:55:14","guid":{"rendered":"https:\/\/krceramicfiber.com\/?page_id=37"},"modified":"2025-06-16T16:03:27","modified_gmt":"2025-06-16T08:03:27","slug":"kerui-refractory","status":"publish","type":"page","link":"https:\/\/krceramicfiber.com\/fr\/","title":{"rendered":"Kerui R\u00e9fractaire"},"content":{"rendered":"<div class=\"swiper home-banner\">\n<div class=\"swiper-wrapper\">\n<div class=\"swiper-slide\">\n<div class=\"banner-swiper\">\n<div class=\"grid-container\">\n<div class=\"banner-text\">\n<div class=\"banner-t1\">Au service de l'industrie mondiale des hautes temp\u00e9ratures<\/div>\n<div class=\"banner-t2\">\n<div>Couverture en fibre c\u00e9ramique<\/div>\n<div>Panneau de fibres c\u00e9ramiques<\/div>\n<div>Module de fibre c\u00e9ramique<\/div>\n<\/div>\n<\/div>\n<\/div>\n<\/div>\n<\/div>\n<div class=\"swiper-slide\">\n<div class=\"banner-swiper\">\n<div class=\"grid-container\">\n<div class=\"banner-text\">\n<div class=\"banner-t1\">Fabricant de mat\u00e9riaux d'isolation de la r\u00e9sistance<\/div>\n<div class=\"banner-t2\">\n<div>Produits et solutions personnalisables<\/div>\n<div>Possibilit\u00e9 de tester l'\u00e9chantillon<\/div>\n<div>Prix raisonnable<\/div>\n<\/div>\n<\/div>\n<\/div>\n<\/div>\n<\/div>\n<div class=\"swiper-slide\">\n<div class=\"banner-swiper\">\n<div class=\"grid-container\">\n<div class=\"banner-text\">\n<div class=\"banner-t1\">Largement utilis\u00e9 et construction simple<\/div>\n<div class=\"banner-t2\">\n<div>Industrie m\u00e9tallurgique<\/div>\n<div>Industrie des m\u00e9taux non ferreux<\/div>\n<div>Industrie c\u00e9ramique<\/div>\n<div>Plus d'informations<\/div>\n<\/div>\n<\/div>\n<\/div>\n<\/div>\n<\/div>\n<\/div>\n<\/div>\n<div class=\"home-banner-navigation\">\n<div class=\"button-prev\"><\/div>\n<div class=\"button-next\"><\/div>\n<\/div>\n<div class=\"home-aboutUS\">\n<div class=\"grid-container\">\n<div class=\"isright wow fadeInRight\" data-wow-delay=\"0.1s\">\n<div class=\"home-t1\">Kerui R\u00e9fractaire<\/div>\n<div class=\"t1-1\">Ventes directes \u00e0 l'usine, sans interm\u00e9diaire Diff\u00e9rence de prix.<\/div>\n<div class=\"t2\">Kerui Refractory est situ\u00e9 dans la plus grande zone industrielle r\u00e9fractaire de Chine, \u00e0 Chaohua Town, Xinmi City, Henan Province : Kerui Refractory s'efforce de fournir des solutions de premier ordre.<br \/>\net de services pour les industries \u00e0 haute temp\u00e9rature dans le monde entier, y compris le fer et l'acier, l'aluminium, l'\u00e9nergie, le verre, les chaudi\u00e8res, les m\u00e9taux non ferreux, l'industrie du ciment, etc. Notre objectif principal est de<br \/>\nfavoriser la r\u00e9ussite et la prosp\u00e9rit\u00e9 de ces industries en leur fournissant les mat\u00e9riaux et le soutien n\u00e9cessaires pour fonctionner de mani\u00e8re s\u00fbre et efficace \u00e0 des temp\u00e9ratures \u00e9lev\u00e9es.<\/div>\n<div class=\"isleft wow fadeInLeft\"><img decoding=\"async\" src=\"https:\/\/krceramicfiber.com\/wp-content\/uploads\/2024\/09\/kerui-factory-view.webp\" alt=\"\" \/><\/div>\n<\/div>\n<\/div>\n<\/div>\n<div class=\"home-why\">\n<div class=\"iscontain\">\n<div class=\"home-t1 wow fadeInUp\">Produit Kerui<\/div>\n<p class=\"isdes wow fadeInUp\" data-wow-delay=\"0.1s\">S\u00e9rie fibres c\u00e9ramiques, s\u00e9rie silicate d'aluminium, s\u00e9rie silicate de calcium, s\u00e9rie a\u00e9rogel, s\u00e9rie polyur\u00e9thane, s\u00e9rie magn\u00e9sium,<br \/>\nFibre min\u00e9rale, panneaux sandwich<\/p>\n<div class=\"swiper home-why-swiper\">\n<div class=\"swiper-wrapper\">\n<div class=\"swiper-slide wow fadeInUp\" data-wow-delay=\"0.2s\">\n<div class=\"cover\"><a href=\"https:\/\/krceramicfiber.com\/fr\/ceramic-fiber-products\/\" target=\"_blank\" rel=\"noopener\"><img loading=\"lazy\" decoding=\"async\" class=\"alignnone\" src=\"https:\/\/krceramicfiber.com\/wp-content\/uploads\/2024\/09\/Ceramic-Fiber-.jpg\" alt=\"S\u00e9rie fibres c\u00e9ramiques\" width=\"410\" height=\"210\" \/><\/a><\/div>\n<div class=\"t1\"><a href=\"https:\/\/krceramicfiber.com\/fr\/ceramic-fiber-products\/\" target=\"_blank\" rel=\"noopener\">S\u00e9rie fibres c\u00e9ramiques<\/a><\/div>\n<p>Couverture en fibre c\u00e9ramique.<br \/>\nPanneau de fibres c\u00e9ramiques.<br \/>\nModule de fibres c\u00e9ramiques.<br \/>\nCorde en fibre c\u00e9ramique...<\/p>\n<\/div>\n<div class=\"swiper-slide wow fadeInUp\" data-wow-delay=\"0.3s\">\n<div class=\"cover\"><a href=\"https:\/\/krceramicfiber.com\/fr\/products\/#Calcium%20Silicate%20Products\" target=\"_blank\" rel=\"noopener\"><img loading=\"lazy\" decoding=\"async\" class=\"alignnone\" src=\"https:\/\/krceramicfiber.com\/wp-content\/uploads\/2024\/09\/Calcium-silicate-Series.jpg\" alt=\"S\u00e9rie silicate de calcium\" width=\"410\" height=\"210\" \/><\/a><\/div>\n<div class=\"t1\"><a href=\"https:\/\/krceramicfiber.com\/fr\/products\/#Calcium%20Silicate%20Products\" target=\"_blank\" rel=\"noopener\">S\u00e9rie silicate de calcium<\/a><\/div>\n<p>Panneau de silicate de calcium.<br \/>\nTuyau en silicate de calcium.<br \/>\nPanneaux pr\u00e9-couch\u00e9s inorganiques...<\/p>\n<\/div>\n<div class=\"swiper-slide wow fadeInUp\" data-wow-delay=\"0.4s\">\n<div class=\"cover\"><a href=\"https:\/\/krceramicfiber.com\/fr\/products\/#Sandwich%20Panel%20Products\" target=\"_blank\" rel=\"noopener\"><img loading=\"lazy\" decoding=\"async\" class=\"alignnone\" src=\"https:\/\/krceramicfiber.com\/wp-content\/uploads\/2024\/09\/Sandwich-Panel.jpg\" alt=\"Panneau sandwich\" width=\"410\" height=\"210\" \/><\/a><\/div>\n<div class=\"t1\"><a href=\"https:\/\/krceramicfiber.com\/fr\/products\/#Sandwich%20Panel%20Products\" target=\"_blank\" rel=\"noopener\">S\u00e9rie de panneaux sandwich<\/a><\/div>\n<p>Panneau de polystyr\u00e8ne expans\u00e9.<br \/>\nGPS Panneau sandwich.<br \/>\nPanneau sandwich en silicate de calcium...<\/p>\n<\/div>\n<div class=\"swiper-slide wow fadeInUp\" data-wow-delay=\"0.5s\">\n<div class=\"cover\"><a href=\"https:\/\/krceramicfiber.com\/fr\/products\/#Bio%20Soluble%20Fiber%20Products\" target=\"_blank\" rel=\"noopener\"><img loading=\"lazy\" decoding=\"async\" class=\"alignnone\" src=\"https:\/\/krceramicfiber.com\/wp-content\/uploads\/2024\/09\/Soluble-fibre.jpg\" alt=\"Fibre soluble bio\" width=\"410\" height=\"210\" \/><\/a><\/div>\n<div class=\"t1\"><a href=\"https:\/\/krceramicfiber.com\/fr\/products\/#Bio%20Soluble%20Fiber%20Products\" target=\"_blank\" rel=\"noopener\">Fibre soluble bio<\/a><\/div>\n<p>Couverture en fibres bio-solubles.<br \/>\nPanneau de fibres bio solubles.<br \/>\nModule de fibres bio solubles.<br \/>\nPapier fibre bio soluble...<\/p>\n<\/div>\n<div class=\"swiper-slide wow fadeInUp\" data-wow-delay=\"0.6s\">\n<div class=\"cover\"><a href=\"https:\/\/krceramicfiber.com\/fr\/products\/#Polyurethane%20Insulation%20Products\" target=\"_blank\" rel=\"noopener\"><img loading=\"lazy\" decoding=\"async\" class=\"alignnone\" src=\"https:\/\/krceramicfiber.com\/wp-content\/uploads\/2024\/09\/High-performance-polyurethane-foam.jpg\" alt=\"Mousse de polyur\u00e9thane haute performance\" width=\"410\" height=\"210\" \/><\/a><\/div>\n<div class=\"t1\"><a href=\"https:\/\/krceramicfiber.com\/fr\/products\/#Polyurethane%20Insulation%20Products\" target=\"_blank\" rel=\"noopener\">S\u00e9rie mousse de polyur\u00e9thane<\/a><\/div>\n<p>Mousse de polyur\u00e9thane haute performance HPPU.<br \/>\nMousse de polyisocyanurate PIR.<br \/>\nMousse de polyur\u00e9thane pulv\u00e9ris\u00e9e.<br \/>\nPanneau sandwich en polyur\u00e9thane...<\/p>\n<\/div>\n<div class=\"swiper-slide wow fadeInUp\" data-wow-delay=\"0.7s\">\n<div class=\"cover\"><a href=\"https:\/\/krceramicfiber.com\/fr\/products\/#Magnesium%20Insulation%20Products\" target=\"_blank\" rel=\"noopener\"><img loading=\"lazy\" decoding=\"async\" class=\"alignnone\" src=\"https:\/\/krceramicfiber.com\/wp-content\/uploads\/2024\/09\/magnesium-board.jpg\" alt=\"Panneau de magn\u00e9sium\" width=\"410\" height=\"210\" \/><\/a><\/div>\n<div class=\"t1\"><a href=\"https:\/\/krceramicfiber.com\/fr\/products\/#Magnesium%20Insulation%20Products\" target=\"_blank\" rel=\"noopener\">Panneau de magn\u00e9sium<\/a><\/div>\n<p>Panneau de verre et de magn\u00e9sium.<br \/>\nPanneau ignifuge en magn\u00e9sium.<br \/>\nPanneau sandwich composite en magn\u00e9sium...<\/p>\n<\/div>\n<div class=\"swiper-slide wow fadeInUp\" data-wow-delay=\"0.8s\">\n<div class=\"cover\"><a href=\"https:\/\/krceramicfiber.com\/fr\/products\/#Aerogel%20Insulation%20Products\" target=\"_blank\" rel=\"noopener\"><img decoding=\"async\" src=\"https:\/\/krceramicfiber.com\/wp-content\/uploads\/2024\/09\/Aerogel-Sandwich-Panel.jpg\" alt=\"Panneau de magn\u00e9sium\" \/><\/a><\/div>\n<div class=\"t1\"><a href=\"https:\/\/krceramicfiber.com\/fr\/products\/#Aerogel%20Insulation%20Products\" target=\"_blank\" rel=\"noopener\">S\u00e9rie d'isolants a\u00e9rogels<\/a><\/div>\n<p>Panneau sandwich en a\u00e9rogel.<br \/>\nFeutre d'isolation Aerogel.<br \/>\nPanneau isolant en a\u00e9rogel.<br \/>\nFeutre d'isolation thermique nanom\u00e9trique.<br \/>\nPanneau d'isolation thermique nano...<\/p>\n<\/div>\n<\/div>\n<div class=\"home-why-swiper-pagination swiper-pagination\"><\/div>\n<\/div>\n<\/div>\n<\/div>\n<div class=\"home-material\">\n<div class=\"title-box\">\n<div class=\"home-t1 wow fadeInUp\">Application<\/div>\n<div class=\"t2 wow fadeInUp\" data-wow-delay=\"0.1s\">sont utilis\u00e9s dans diverses industries<\/div>\n<\/div>\n<div class=\"iscontain\">\n<ul class=\"islist\">\n<li class=\"wow fadeInUp\" data-wow-delay=\"0.2s\">Industrie sid\u00e9rurgique<\/li>\n<li class=\"wow fadeInUp\" data-wow-delay=\"0.3s\">Industrie du verre<\/li>\n<li class=\"wow fadeInUp\" data-wow-delay=\"0.4s\">Industrie de la c\u00e9ramique<\/li>\n<li class=\"wow fadeInUp\" data-wow-delay=\"0.5s\">Industrie du ciment<\/li>\n<li class=\"wow fadeInUp\" data-wow-delay=\"0.6s\">Industrie de l'\u00e9nergie<\/li>\n<li class=\"wow fadeInUp\" data-wow-delay=\"0.7s\">Industrie m\u00e9tallurgique<\/li>\n<\/ul>\n<\/div>\n<\/div>\n<div class=\"about-world\">\n<div class=\"iscontain\">\n<div class=\"isleft\">\n<div class=\"about-world-title\">LE R\u00c9SEAU DE KERUI DANS LE MONDE ENTIER<\/div>\n<ul class=\"isdata\">\n<li>\n<div class=\"t1\">500<\/div>\n<p class=\"t2\">Continents<\/p>\n<\/li>\n<li>\n<div class=\"t1\">1700<sub>+<\/sub><\/div>\n<p class=\"t2\">Cas r\u00e9ussis<\/p>\n<\/li>\n<li>\n<div class=\"t1\">4500<sub>+<\/sub><\/div>\n<p class=\"t2\">Clients<\/p>\n<\/li>\n<\/ul>\n<p>Outre la Chine continentale, Kerui Refractory a export\u00e9 des produits dans plus de 50 pays et r\u00e9gions sur 6 continents, notamment en Asie, en Europe, en Am\u00e9rique du Nord, en Am\u00e9rique du Sud, en Afrique et en Oc\u00e9anie. Nous avons re\u00e7u la reconnaissance et les \u00e9loges de nos clients du monde entier, et nous recevons constamment des commandes de retour et des recommandations de nos clients.<\/p>\n<\/div>\n<div class=\"isright\"><img loading=\"lazy\" decoding=\"async\" class=\"alignnone size-full wp-image-15950\" src=\"https:\/\/krceramicfiber.com\/wp-content\/uploads\/2024\/09\/kerui-about-us-map.webp\" alt=\"kerui \u00e0 propos de nous carte\" width=\"974\" height=\"494\" \/><\/div>\n<\/div>\n<\/div>\n<div class=\"home-customer-feedback\">\n<div class=\"home-t1\">COMMENTAIRES DES CLIENTS<\/div>\n<div class=\"grid-container\">\n<div class=\"isleft\"><img decoding=\"async\" src=\"https:\/\/krceramicfiber.com\/wp-content\/uploads\/2024\/09\/customer.webp\" alt=\"\" \/><\/div>\n<div class=\"swiper home-feedback-swiper\">\n<div class=\"swiper-wrapper\">\n<div class=\"swiper-slide\">\n<div class=\"istext\">\"C'\u00e9tait la premi\u00e8re fois que je collaborais avec Kerui. De la demande au service apr\u00e8s-vente, Kerui m'a offert une exp\u00e9rience parfaite. Il y avait un service client\u00e8le professionnel pour les consultations avant la vente ; il y avait un directeur commercial pour assurer le suivi pendant la vente et fournir rapidement les calendriers. L'\u00e9quipe technique du service apr\u00e8s-vente guidera la construction et le service. Dans l'ensemble, je suis tr\u00e8s satisfait et je continuerai \u00e0 coop\u00e9rer avec Kerui.\"<\/div>\n<div class=\"isuser\">\n<div class=\"isname\">Jo\u00e3o<\/div>\n<div class=\"iscontry\">premier client du Br\u00e9sil<\/div>\n<\/div>\n<\/div>\n<div class=\"swiper-slide\">\n<div class=\"istext\">\"En tant que client ayant coop\u00e9r\u00e9 avec nous \u00e0 de nombreuses reprises, je suis tr\u00e8s satisfait du service et de la qualit\u00e9 des produits de Kerui. Ils sont professionnels et fiables, leurs produits sont durables et fiables et r\u00e9pondent toujours \u00e0 nos besoins. Leur \u00e9quipe est amicale, professionnelle et toujours \u00e0 l'\u00e9coute du client. La livraison a \u00e9t\u00e9 effectu\u00e9e \u00e0 temps, la communication a \u00e9t\u00e9 opportune et la coop\u00e9ration a \u00e9t\u00e9 agr\u00e9able. Kerui est un partenaire hautement recommand\u00e9. \"<\/div>\n<div class=\"isuser\">\n<div class=\"isname\">Georgy<\/div>\n<div class=\"iscontry\">Clients de l'industrie sid\u00e9rurgique en Russie<\/div>\n<\/div>\n<\/div>\n<div class=\"swiper-slide\">\n<div class=\"istext\">\"Merci beaucoup \u00e0 mon ami Wayan de m'avoir recommand\u00e9 Refractory Materials Company. Je dois dire qu'ils ont d\u00e9pass\u00e9 mes attentes. La qualit\u00e9 des produits et des services fournis par Kerui est exceptionnelle. Leur \u00e9quipe de professionnels offre aux clients des solutions personnalis\u00e9es et excelle dans le respect des d\u00e9lais de livraison. Leurs comp\u00e9tences en mati\u00e8re de communication et de coordination rendent le travail en commun facile et agr\u00e9able. Je recommande vivement Refractory Company \u00e0 tout le monde. \"<\/div>\n<div class=\"isuser\">\n<div class=\"isname\">Budi<\/div>\n<div class=\"iscontry\">Client de longue date depuis 5 ans en Indon\u00e9sie<\/div>\n<\/div>\n<\/div>\n<div class=\"swiper-slide\">\n<div class=\"istext\">\"J'ai eu beaucoup de chance de conna\u00eetre Kerui. Kerui peut non seulement fournir des produits r\u00e9fractaires de qualit\u00e9 garantie \u00e0 des prix comp\u00e9titifs, mais aussi disposer d'ing\u00e9nieurs professionnels pour fournir des solutions de construction. J'ai choisi Kerui encore et encore en raison de la confiance qu'elle m'inspire. En outre, je recommanderai \u00e9galement Kerui Refractory Company \u00e0 mes amis. Kerui est le meilleur choix dans l'industrie du r\u00e9fractaire\".<\/div>\n<div class=\"isuser\">\n<div class=\"isname\">Budiharto<\/div>\n<div class=\"iscontry\">10 ans de client\u00e8le \u00e0 long terme De Malaisie<\/div>\n<\/div>\n<\/div>\n<div class=\"swiper-slide\">\n<div class=\"istext\">\"Nous sommes tr\u00e8s reconnaissants \u00e0 Kerui Refractory de nous avoir fourni des solutions professionnelles. Les briques r\u00e9fractaires que nous utilisons sur les fours \u00e9lectriques sont de tr\u00e8s bonne qualit\u00e9 et tr\u00e8s durables. Kerui nous fournit non seulement des produits de haute qualit\u00e9, mais aussi des plans de construction raisonnables, ce qui nous permet de gagner du temps. Nous attendons avec impatience d'autres opportunit\u00e9s de coop\u00e9ration \u00e0 l'avenir\".<\/div>\n<div class=\"isuser\">\n<div class=\"isname\">Anuman<\/div>\n<div class=\"iscontry\">Des clients r\u00e9guliers qui ont rachet\u00e9 4 fois De Tha\u00eflande<\/div>\n<\/div>\n<\/div>\n<div class=\"swiper-slide\">\n<div class=\"istext\">\"Lorsque j'ai visit\u00e9 votre usine la derni\u00e8re fois, j'ai eu l'impression que la taille de l'usine \u00e9tait importante, que le processus de production \u00e9tait complet, que la technologie de production \u00e9tait exquise et que la qualit\u00e9 du produit \u00e9tait excellente. Je remercie \u00e9galement le personnel technique pour ses conseils en mati\u00e8re de construction. Les mat\u00e9riaux d'isolation que vous avez fournis conviennent parfaitement \u00e0 nos fours\".<\/div>\n<div class=\"isuser\">\n<div class=\"isname\">Italie - Romeo<\/div>\n<div class=\"iscontry\">Clients r\u00e9guliers qui ont achet\u00e9 3 fois<\/div>\n<\/div>\n<\/div>\n<\/div>\n<div class=\"swiper-button-prev home-feedback-button-prev\"><\/div>\n<div class=\"swiper-button-next home-feedback-button-next\"><\/div>\n<\/div>\n<\/div>\n<\/div>","protected":false},"excerpt":{"rendered":"<p>Serving the global high-temp industry Ceramic Fiber Blanket Ceramic Fiber Board Ceramic Fiber Module Strength &#8230; <a title=\"Kerui R\u00e9fractaire\" class=\"read-more\" href=\"https:\/\/krceramicfiber.com\/fr\/\" aria-label=\"More on Kerui Refractory\">Lire plus<\/a><\/p>","protected":false},"author":1,"featured_media":0,"parent":0,"menu_order":0,"comment_status":"closed","ping_status":"closed","template":"","meta":{"footnotes":""},"class_list":{"0":"post-37","1":"page","2":"type-page","3":"status-publish","5":"no-featured-image-padding"},"yoast_head":"<!-- This site is optimized with the Yoast SEO plugin v25.3 - https:\/\/yoast.com\/wordpress\/plugins\/seo\/ -->\n<title>Kerui Refractory - Your Thermal insulation material Manufactruer | Kerui Refractory\u00ae Official Website<\/title>\n<meta name=\"description\" content=\"KERUI Refractory Supply Ceramic Fiber Blanket | Ceramic Fiber Products | Calcium Silicate Board | Sandwich Panel | Aerogel Insulation etc, any requirement please contact with us.\" \/>\n<meta name=\"robots\" content=\"index, follow, max-snippet:-1, max-image-preview:large, max-video-preview:-1\" \/>\n<link rel=\"canonical\" href=\"https:\/\/krceramicfiber.com\/fr\/\" \/>\n<meta property=\"og:locale\" content=\"fr_FR\" \/>\n<meta property=\"og:type\" content=\"article\" \/>\n<meta property=\"og:title\" content=\"Kerui Refractory - Your Thermal insulation material Manufactruer | Kerui Refractory\u00ae Official Website\" \/>\n<meta property=\"og:description\" content=\"KERUI Refractory Supply Ceramic Fiber Blanket | Ceramic Fiber Products | Calcium Silicate Board | Sandwich Panel | Aerogel Insulation etc, any requirement please contact with us.\" \/>\n<meta property=\"og:url\" content=\"https:\/\/krceramicfiber.com\/fr\/\" \/>\n<meta property=\"og:site_name\" content=\"Your Thermal insulation material Manufactruer | Kerui Refractory\u00ae Official Website\" \/>\n<meta property=\"article:modified_time\" content=\"2025-06-16T08:03:27+00:00\" \/>\n<meta property=\"og:image\" content=\"https:\/\/krceramicfiber.com\/wp-content\/uploads\/2024\/09\/kerui-factory-view.webp\" \/>\n<meta name=\"twitter:card\" content=\"summary_large_image\" \/>\n<meta name=\"twitter:label1\" content=\"Dur\u00e9e de lecture estim\u00e9e\" \/>\n\t<meta name=\"twitter:data1\" content=\"6 minutes\" \/>\n<script type=\"application\/ld+json\" class=\"yoast-schema-graph\">{\"@context\":\"https:\/\/schema.org\",\"@graph\":[{\"@type\":\"WebPage\",\"@id\":\"https:\/\/krceramicfiber.com\/\",\"url\":\"https:\/\/krceramicfiber.com\/\",\"name\":\"Kerui Refractory - Your Thermal insulation material Manufactruer | Kerui Refractory\u00ae Official Website\",\"isPartOf\":{\"@id\":\"https:\/\/krceramicfiber.com\/#website\"},\"primaryImageOfPage\":{\"@id\":\"https:\/\/krceramicfiber.com\/#primaryimage\"},\"image\":{\"@id\":\"https:\/\/krceramicfiber.com\/#primaryimage\"},\"thumbnailUrl\":\"https:\/\/krceramicfiber.com\/wp-content\/uploads\/2024\/09\/kerui-factory-view.webp\",\"datePublished\":\"2023-06-15T07:55:14+00:00\",\"dateModified\":\"2025-06-16T08:03:27+00:00\",\"description\":\"KERUI Refractory Supply Ceramic Fiber Blanket | Ceramic Fiber Products | Calcium Silicate Board | Sandwich Panel | Aerogel Insulation etc, any requirement please contact with us.\",\"breadcrumb\":{\"@id\":\"https:\/\/krceramicfiber.com\/#breadcrumb\"},\"inLanguage\":\"fr-FR\",\"potentialAction\":[{\"@type\":\"ReadAction\",\"target\":[\"https:\/\/krceramicfiber.com\/\"]}]},{\"@type\":\"ImageObject\",\"inLanguage\":\"fr-FR\",\"@id\":\"https:\/\/krceramicfiber.com\/#primaryimage\",\"url\":\"https:\/\/krceramicfiber.com\/wp-content\/uploads\/2024\/09\/kerui-factory-view.webp\",\"contentUrl\":\"https:\/\/krceramicfiber.com\/wp-content\/uploads\/2024\/09\/kerui-factory-view.webp\"},{\"@type\":\"BreadcrumbList\",\"@id\":\"https:\/\/krceramicfiber.com\/#breadcrumb\",\"itemListElement\":[{\"@type\":\"ListItem\",\"position\":1,\"name\":\"Home\",\"item\":\"https:\/\/krceramicfiber.com\/\"},{\"@type\":\"ListItem\",\"position\":2,\"name\":\"Kerui Refractory\"}]},{\"@type\":\"WebSite\",\"@id\":\"https:\/\/krceramicfiber.com\/#website\",\"url\":\"https:\/\/krceramicfiber.com\/\",\"name\":\"Your Thermal insulation material Manufactruer | Kerui Refractory\u00ae Official Website\",\"description\":\"\",\"publisher\":{\"@id\":\"https:\/\/krceramicfiber.com\/#organization\"},\"potentialAction\":[{\"@type\":\"SearchAction\",\"target\":{\"@type\":\"EntryPoint\",\"urlTemplate\":\"https:\/\/krceramicfiber.com\/?s={search_term_string}\"},\"query-input\":{\"@type\":\"PropertyValueSpecification\",\"valueRequired\":true,\"valueName\":\"search_term_string\"}}],\"inLanguage\":\"fr-FR\"},{\"@type\":\"Organization\",\"@id\":\"https:\/\/krceramicfiber.com\/#organization\",\"name\":\"Your Thermal insulation material Manufactruer | Kerui Refractory\u00ae Official Website\",\"url\":\"https:\/\/krceramicfiber.com\/\",\"logo\":{\"@type\":\"ImageObject\",\"inLanguage\":\"fr-FR\",\"@id\":\"https:\/\/krceramicfiber.com\/#\/schema\/logo\/image\/\",\"url\":\"https:\/\/krceramicfiber.com\/wp-content\/uploads\/2024\/01\/footer-Logo.png\",\"contentUrl\":\"https:\/\/krceramicfiber.com\/wp-content\/uploads\/2024\/01\/footer-Logo.png\",\"width\":282,\"height\":70,\"caption\":\"Your Thermal insulation material Manufactruer | Kerui Refractory\u00ae Official Website\"},\"image\":{\"@id\":\"https:\/\/krceramicfiber.com\/#\/schema\/logo\/image\/\"}}]}<\/script>\n<!-- \/ Yoast SEO plugin. -->","yoast_head_json":{"title":"Kerui Refractory - Votre fabricant de mat\u00e9riaux d'isolation thermique | Kerui Refractory\u00ae Official Website","description":"KERUI Refractory fournit des couvertures en fibres c\u00e9ramiques, des produits en fibres c\u00e9ramiques, des panneaux en silicate de calcium, des panneaux sandwich, des isolants en a\u00e9rogel, etc. Pour toute demande, veuillez nous contacter.","robots":{"index":"index","follow":"follow","max-snippet":"max-snippet:-1","max-image-preview":"max-image-preview:large","max-video-preview":"max-video-preview:-1"},"canonical":"https:\/\/krceramicfiber.com\/fr\/","og_locale":"fr_FR","og_type":"article","og_title":"Kerui Refractory - Your Thermal insulation material Manufactruer | Kerui Refractory\u00ae Official Website","og_description":"KERUI Refractory Supply Ceramic Fiber Blanket | Ceramic Fiber Products | Calcium Silicate Board | Sandwich Panel | Aerogel Insulation etc, any requirement please contact with us.","og_url":"https:\/\/krceramicfiber.com\/fr\/","og_site_name":"Your Thermal insulation material Manufactruer | Kerui Refractory\u00ae Official Website","article_modified_time":"2025-06-16T08:03:27+00:00","og_image":[{"url":"https:\/\/krceramicfiber.com\/wp-content\/uploads\/2024\/09\/kerui-factory-view.webp","type":"","width":"","height":""}],"twitter_card":"summary_large_image","twitter_misc":{"Dur\u00e9e de lecture estim\u00e9e":"6 minutes"},"schema":{"@context":"https:\/\/schema.org","@graph":[{"@type":"WebPage","@id":"https:\/\/krceramicfiber.com\/","url":"https:\/\/krceramicfiber.com\/","name":"Kerui Refractory - Votre fabricant de mat\u00e9riaux d'isolation thermique | Kerui Refractory\u00ae Official Website","isPartOf":{"@id":"https:\/\/krceramicfiber.com\/#website"},"primaryImageOfPage":{"@id":"https:\/\/krceramicfiber.com\/#primaryimage"},"image":{"@id":"https:\/\/krceramicfiber.com\/#primaryimage"},"thumbnailUrl":"https:\/\/krceramicfiber.com\/wp-content\/uploads\/2024\/09\/kerui-factory-view.webp","datePublished":"2023-06-15T07:55:14+00:00","dateModified":"2025-06-16T08:03:27+00:00","description":"KERUI Refractory fournit des couvertures en fibres c\u00e9ramiques, des produits en fibres c\u00e9ramiques, des panneaux en silicate de calcium, des panneaux sandwich, des isolants en a\u00e9rogel, etc. Pour toute demande, veuillez nous contacter.","breadcrumb":{"@id":"https:\/\/krceramicfiber.com\/#breadcrumb"},"inLanguage":"fr-FR","potentialAction":[{"@type":"ReadAction","target":["https:\/\/krceramicfiber.com\/"]}]},{"@type":"ImageObject","inLanguage":"fr-FR","@id":"https:\/\/krceramicfiber.com\/#primaryimage","url":"https:\/\/krceramicfiber.com\/wp-content\/uploads\/2024\/09\/kerui-factory-view.webp","contentUrl":"https:\/\/krceramicfiber.com\/wp-content\/uploads\/2024\/09\/kerui-factory-view.webp"},{"@type":"BreadcrumbList","@id":"https:\/\/krceramicfiber.com\/#breadcrumb","itemListElement":[{"@type":"ListItem","position":1,"name":"Home","item":"https:\/\/krceramicfiber.com\/"},{"@type":"ListItem","position":2,"name":"Kerui Refractory"}]},{"@type":"WebSite","@id":"https:\/\/krceramicfiber.com\/#website","url":"https:\/\/krceramicfiber.com\/","name":"Votre fabricant de mat\u00e9riaux d'isolation thermique | Kerui Refractory\u00ae Site officiel","description":"","publisher":{"@id":"https:\/\/krceramicfiber.com\/#organization"},"potentialAction":[{"@type":"SearchAction","target":{"@type":"EntryPoint","urlTemplate":"https:\/\/krceramicfiber.com\/?s={search_term_string}"},"query-input":{"@type":"PropertyValueSpecification","valueRequired":true,"valueName":"search_term_string"}}],"inLanguage":"fr-FR"},{"@type":"Organization","@id":"https:\/\/krceramicfiber.com\/#organization","name":"Votre fabricant de mat\u00e9riaux d'isolation thermique | Kerui Refractory\u00ae Site officiel","url":"https:\/\/krceramicfiber.com\/","logo":{"@type":"ImageObject","inLanguage":"fr-FR","@id":"https:\/\/krceramicfiber.com\/#\/schema\/logo\/image\/","url":"https:\/\/krceramicfiber.com\/wp-content\/uploads\/2024\/01\/footer-Logo.png","contentUrl":"https:\/\/krceramicfiber.com\/wp-content\/uploads\/2024\/01\/footer-Logo.png","width":282,"height":70,"caption":"Your Thermal insulation material Manufactruer | Kerui Refractory\u00ae Official Website"},"image":{"@id":"https:\/\/krceramicfiber.com\/#\/schema\/logo\/image\/"}}]}},"_links":{"self":[{"href":"https:\/\/krceramicfiber.com\/fr\/wp-json\/wp\/v2\/pages\/37","targetHints":{"allow":["GET"]}}],"collection":[{"href":"https:\/\/krceramicfiber.com\/fr\/wp-json\/wp\/v2\/pages"}],"about":[{"href":"https:\/\/krceramicfiber.com\/fr\/wp-json\/wp\/v2\/types\/page"}],"author":[{"embeddable":true,"href":"https:\/\/krceramicfiber.com\/fr\/wp-json\/wp\/v2\/users\/1"}],"replies":[{"embeddable":true,"href":"https:\/\/krceramicfiber.com\/fr\/wp-json\/wp\/v2\/comments?post=37"}],"version-history":[{"count":0,"href":"https:\/\/krceramicfiber.com\/fr\/wp-json\/wp\/v2\/pages\/37\/revisions"}],"wp:attachment":[{"href":"https:\/\/krceramicfiber.com\/fr\/wp-json\/wp\/v2\/media?parent=37"}],"curies":[{"name":"wp","href":"https:\/\/api.w.org\/{rel}","templated":true}]}}