{"id":20167,"date":"2023-11-09T19:07:15","date_gmt":"2023-11-09T11:07:15","guid":{"rendered":"https:\/\/krceramicfiber.com\/?page_id=20167"},"modified":"2025-06-16T11:34:59","modified_gmt":"2025-06-16T03:34:59","slug":"certificates-15","status":"publish","type":"page","link":"https:\/\/krceramicfiber.com\/fr\/certificates-15\/","title":{"rendered":"Certificats"},"content":{"rendered":"<h1>Certificats<\/h1>\n<div class=\"call\">\n<div class=\"ch2\">KERUI Products Qualified by Certificates<\/div>\n<p><div class='content-column one_fourth'><div style=\"padding-right:40px;\"><img loading=\"lazy\" decoding=\"async\" src=\"https:\/\/krceramicfiber.com\/wp-content\/uploads\/2023\/11\/CE-Certificate.jpg\" alt=\"CE-Certificate\" width=\"500\" height=\"714\" class=\"aligncenter size-full wp-image-4076\" \/><\/p>\n<div class=\"fmcaption\">CE<\/div><\/div><\/div><div class='content-column one_fourth'><div style=\"padding-right:40px;\"><img loading=\"lazy\" decoding=\"async\" src=\"https:\/\/krceramicfiber.com\/wp-content\/uploads\/2023\/11\/EMS.jpg\" alt=\"EMS\" width=\"500\" height=\"714\" class=\"aligncenter size-full wp-image-4077\" \/><\/p>\n<div class=\"fmcaption\">ISO14001 Environmental Management System Certificate<\/div><\/div><\/div><div class='content-column one_fourth'><div style=\"padding-right:40px;\"><img loading=\"lazy\" decoding=\"async\" src=\"https:\/\/krceramicfiber.com\/wp-content\/uploads\/2023\/11\/QMS.jpg\" alt=\"ISO\" width=\"500\" height=\"714\" class=\"aligncenter size-full wp-image-4079\" \/><\/p>\n<div class=\"fmcaption\">ISO9001 Quality Management System Certificates<\/div><\/div><\/div><div class='content-column one_fourth last_column'><div style=\"padding-right:40px;\"><img loading=\"lazy\" decoding=\"async\" src=\"https:\/\/krceramicfiber.com\/wp-content\/uploads\/2023\/11\/QHSM.jpg\" alt=\"QHSM\" width=\"500\" height=\"714\" class=\"aligncenter size-full wp-image-4078\" \/><\/p>\n<div class=\"fmcaption\">Occupational Health and Safety Management System Certificate<\/div><\/div><\/div><div class='clear_column'><\/div><\/p><\/div>\n<div class=\"call\">\n<div class=\"ch2\">Invention Patent<\/div>\n<p><div class='content-column one_fourth'><div style=\"padding-right:40px;\"><img loading=\"lazy\" decoding=\"async\" src=\"https:\/\/krceramicfiber.com\/wp-content\/uploads\/2023\/11\/A-special-refractory-brick-and-manufacturing-method-for-flue-wall-of-anode-baking-furnace-ABF.jpg\" alt=\"A special refractory brick and manufacturing method for flue wall of anode baking furnace (ABF) \" width=\"500\" height=\"714\" class=\"aligncenter size-full wp-image-4107\" \/><\/p>\n<div class=\"fmcaption\">A special refractory brick and manufacturing method for flue wall of anode baking furnace (ABF)<\/div><\/div><\/div><div class='content-column one_fourth'><div style=\"padding-right:40px;\"><\/div><\/div><div class='content-column one_fourth'><div style=\"padding-right:40px;\"><\/div><\/div><div class='content-column one_fourth last_column'><div style=\"padding-right:40px;\"><\/div><\/div><div class='clear_column'><\/div>\n<\/p><\/div>\n<div class=\"call\">\n<div class=\"ch2\">Utility Model Patents<\/div>\n<p><div class='content-column one_fourth'><div style=\"padding-right:40px;\"><img loading=\"lazy\" decoding=\"async\" src=\"https:\/\/krceramicfiber.com\/wp-content\/uploads\/2023\/11\/Utility-Model-Relates-to-Safety-Crushing-Device.jpg\" alt=\"Utility Model Relates to Safety Crushing Device\" width=\"500\" height=\"714\" class=\"aligncenter size-full wp-image-4093\" \/><\/p>\n<div class=\"fmcaption\">Utility Model Relates to Safety Crushing Device<\/div><\/div><\/div><div class='content-column one_fourth'><div style=\"padding-right:40px;\"><img loading=\"lazy\" decoding=\"async\" src=\"https:\/\/krceramicfiber.com\/wp-content\/uploads\/2023\/11\/Utility-Model-Relates-to-Forming-Mold.jpg\" alt=\"Utility Model Relates to Forming Mold\" width=\"500\" height=\"714\" class=\"aligncenter size-full wp-image-4083\" \/><\/p>\n<div class=\"fmcaption\">Utility Model Relates to Forming Mold<\/div><\/div><\/div><div class='content-column one_fourth'><div style=\"padding-right:40px;\"><img loading=\"lazy\" decoding=\"async\" src=\"https:\/\/krceramicfiber.com\/wp-content\/uploads\/2023\/11\/Utility-Model-Relates-to-Brick-Discharge-Device.jpg\" alt=\"Utility Model Relates to Brick Discharge Device\" width=\"500\" height=\"714\" class=\"aligncenter size-full wp-image-4081\" \/><\/p>\n<div class=\"fmcaption\">Utility Model Relates to Brick Discharge Device<\/div><\/div><\/div><div class='content-column one_fourth last_column'><div style=\"padding-right:40px;\"><img loading=\"lazy\" decoding=\"async\" src=\"https:\/\/krceramicfiber.com\/wp-content\/uploads\/2023\/11\/Utility-Model-Relates-to-Automatic-Weighing-Device-on-Conveyor-Belt.jpg\" alt=\"Utility Model Relates to Automatic Weighing Device on Conveyor Belt\" width=\"500\" height=\"714\" class=\"aligncenter size-full wp-image-4080\" \/><\/p>\n<div class=\"fmcaption\">Utility Model Relates to Automatic Weighing Device on Conveyor Belt<\/div><\/div><\/div><div class='clear_column'><\/div><br \/>\n<div class='content-column one_fourth'><div style=\"padding-right:40px;\"><img loading=\"lazy\" decoding=\"async\" src=\"https:\/\/krceramicfiber.com\/wp-content\/uploads\/2023\/11\/Utility-Model-Relates-to-Magnetic-Separator.jpg\" alt=\"Utility Model Relates to Magnetic Separator\" width=\"500\" height=\"714\" class=\"aligncenter size-full wp-image-4084\" \/><\/p>\n<div class=\"fmcaption\">Utility Model Relates to Magnetic Separator<\/div><\/div><\/div><div class='content-column one_fourth'><div style=\"padding-right:40px;\"><img loading=\"lazy\" decoding=\"async\" src=\"https:\/\/krceramicfiber.com\/wp-content\/uploads\/2023\/11\/Utility-Model-Relates-to-Roller-Alignment-Machine.jpg\" alt=\"Utility Model Relates to Roller Alignment Machine\" width=\"500\" height=\"714\" class=\"aligncenter size-full wp-image-4092\" \/><\/p>\n<div class=\"fmcaption\">Utility Model Relates to Roller Alignment Machine<\/div><\/div><\/div><div class='content-column one_fourth'><div style=\"padding-right:40px;\"><img loading=\"lazy\" decoding=\"async\" src=\"https:\/\/krceramicfiber.com\/wp-content\/uploads\/2023\/11\/Utility-Model-Relates-to-Safety-Crushing-Device.jpg\" alt=\"Utility Model Relates to Safety Crushing Device\" width=\"500\" height=\"714\" class=\"aligncenter size-full wp-image-4093\" \/><\/p>\n<div class=\"fmcaption\">Utility Model Relates to Crushing Device<\/div><\/div><\/div><div class='content-column one_fourth last_column'><div style=\"padding-right:40px;\"><img loading=\"lazy\" decoding=\"async\" src=\"https:\/\/krceramicfiber.com\/wp-content\/uploads\/2023\/11\/Utility-Model-Relates-to-Raw-Material-Mixing-and-Stirring-Device.jpg\" alt=\"Utility Model Relates to Raw Material Mixing and Stirring Device\" width=\"500\" height=\"714\" class=\"aligncenter size-full wp-image-4090\" \/><\/p>\n<div class=\"fmcaption\">Utility Model Relates to Mixing Device<\/div><\/div><\/div><div class='clear_column'><\/div><br \/>\n<div class='content-column one_fourth'><div style=\"padding-right:40px;\"><img loading=\"lazy\" decoding=\"async\" src=\"https:\/\/krceramicfiber.com\/wp-content\/uploads\/2023\/11\/Utility-Model-Relates-to-Production-Mold.jpg\" alt=\"Utility Model Relates to Production Mold\" width=\"500\" height=\"714\" class=\"aligncenter size-full wp-image-4086\" \/><\/p>\n<div class=\"fmcaption\">Utility Model Relates to Production Mold<\/div><\/div><\/div><div class='content-column one_fourth'><div style=\"padding-right:40px;\"><img loading=\"lazy\" decoding=\"async\" src=\"https:\/\/krceramicfiber.com\/wp-content\/uploads\/2023\/11\/Utility-Model-Relates-to-Production-Pressing-Machine.jpg\" alt=\"Utility Model Relates to Production Pressing Machine\" width=\"500\" height=\"714\" class=\"aligncenter size-full wp-image-4087\" \/><\/p>\n<div class=\"fmcaption\">Utility Model Relates to Production Pressing Machine<\/div><\/div><\/div><div class='content-column one_fourth'><div style=\"padding-right:40px;\"><img loading=\"lazy\" decoding=\"async\" src=\"https:\/\/krceramicfiber.com\/wp-content\/uploads\/2023\/11\/Utility-Model-Relates-to-Raw-Material-Mixing-and-Stirring-Device.jpg\" alt=\"Utility Model Relates to Raw Material Mixing and Stirring Device\" width=\"500\" height=\"714\" class=\"aligncenter size-full wp-image-4090\" \/><\/p>\n<div class=\"fmcaption\">Utility Model Relates to Raw Material Mixing and Stirring Device<\/div><\/div><\/div><div class='content-column one_fourth last_column'><div style=\"padding-right:40px;\"><img loading=\"lazy\" decoding=\"async\" src=\"https:\/\/krceramicfiber.com\/wp-content\/uploads\/2023\/11\/Utility-Model-Relates-to-Raw-Material-Mixer.jpg\" alt=\"Utility Model Relates to Raw Material Mixer\" width=\"500\" height=\"714\" class=\"aligncenter size-full wp-image-4089\" \/><\/p>\n<div class=\"fmcaption\">Utility Model Relates to Raw Material Mixer<\/div><\/div><\/div><div class='clear_column'><\/div><br \/>\n<div class='content-column one_fourth'><div style=\"padding-right:40px;\"><img loading=\"lazy\" decoding=\"async\" src=\"https:\/\/krceramicfiber.com\/wp-content\/uploads\/2023\/11\/Utility-Model-Relates-to-Raw-Material-Screening-Device.jpg\" alt=\"Utility Model Relates to Raw Material Screening Device\" width=\"500\" height=\"714\" class=\"aligncenter size-full wp-image-4091\" \/><\/p>\n<div class=\"fmcaption\">Utility Model Relates to Raw Material Screening Device<\/div><\/div><\/div><div class='content-column one_fourth'><div style=\"padding-right:40px;\"><img loading=\"lazy\" decoding=\"async\" src=\"https:\/\/krceramicfiber.com\/wp-content\/uploads\/2023\/11\/Utility-Model-Relates-to-Raw-Material-Elevator.jpg\" alt=\"Utility Model Relates to Raw Material Elevator\" width=\"500\" height=\"714\" class=\"aligncenter size-full wp-image-4088\" \/><\/p>\n<div class=\"fmcaption\">Utility Model Relates to Raw Material Elevator<\/div><\/div><\/div><div class='content-column one_fourth'><div style=\"padding-right:40px;\"><img loading=\"lazy\" decoding=\"async\" src=\"https:\/\/krceramicfiber.com\/wp-content\/uploads\/2023\/11\/Utility-Model-Relates-to-Vibration-Forming-Machine.jpg\" alt=\"Utility Model Relates to Vibration Forming Machine\" width=\"500\" height=\"714\" class=\"aligncenter size-full wp-image-4094\" \/><\/p>\n<div class=\"fmcaption\">Utility Model Relates to Vibration Forming Machine<\/div><\/div><\/div><div class='content-column one_fourth last_column'><div style=\"padding-right:40px;\"><\/div><\/div><div class='clear_column'><\/div>\n<\/p><\/div>\n<div class=\"call\">\n<div class=\"ch2\">Government Certificates<\/div>\n<div class=\"zsss\">\n<div class='content-column one_fifth'><img loading=\"lazy\" decoding=\"async\" src=\"https:\/\/krceramicfiber.com\/wp-content\/uploads\/2023\/11\/Certificates-2.jpg\" alt=\"Certificats\" width=\"237\" height=\"190\" class=\"aligncenter size-full wp-image-4096\" \/><\/div><div class='content-column one_fifth'><img loading=\"lazy\" decoding=\"async\" src=\"https:\/\/krceramicfiber.com\/wp-content\/uploads\/2023\/11\/Certificates-3.jpg\" alt=\"Certificats\" width=\"237\" height=\"190\" class=\"aligncenter size-full wp-image-4097\" \/><\/div><div class='content-column one_fifth'><img loading=\"lazy\" decoding=\"async\" src=\"https:\/\/krceramicfiber.com\/wp-content\/uploads\/2023\/11\/Certificates-4.jpg\" alt=\"Certificats\" width=\"284\" height=\"190\" class=\"aligncenter size-full wp-image-4098\" \/><\/div><div class='content-column one_fifth'><img loading=\"lazy\" decoding=\"async\" src=\"https:\/\/krceramicfiber.com\/wp-content\/uploads\/2023\/11\/Certificates-5.jpg\" alt=\"Certificats\" width=\"237\" height=\"190\" class=\"aligncenter size-full wp-image-4099\" \/><\/div><div class='content-column one_fifth last_column'><img loading=\"lazy\" decoding=\"async\" src=\"https:\/\/krceramicfiber.com\/wp-content\/uploads\/2023\/11\/Certificates-6.jpg\" alt=\"Certificats\" width=\"237\" height=\"190\" class=\"aligncenter size-full wp-image-4100\" \/><\/div><div class='clear_column'><\/div><br \/>\n<div class='content-column one_fifth'><img loading=\"lazy\" decoding=\"async\" src=\"https:\/\/krceramicfiber.com\/wp-content\/uploads\/2023\/11\/Certificates-7.jpg\" alt=\"Certificats\" width=\"237\" height=\"161\" class=\"aligncenter size-full wp-image-4101\" \/><\/div><div class='content-column one_fifth'><img loading=\"lazy\" decoding=\"async\" src=\"https:\/\/krceramicfiber.com\/wp-content\/uploads\/2023\/11\/Certificates-8.jpg\" alt=\"Certificats\" width=\"237\" height=\"161\" class=\"aligncenter size-full wp-image-4102\" \/><\/div><div class='content-column one_fifth'><img loading=\"lazy\" decoding=\"async\" src=\"https:\/\/krceramicfiber.com\/wp-content\/uploads\/2023\/11\/Certificates-9.jpg\" alt=\"Certificats\" width=\"284\" height=\"161\" class=\"aligncenter size-full wp-image-4103\" \/><\/div><div class='content-column one_fifth'><img loading=\"lazy\" decoding=\"async\" src=\"https:\/\/krceramicfiber.com\/wp-content\/uploads\/2023\/11\/Certificates-10.jpg\" alt=\"Certificats\" width=\"237\" height=\"161\" class=\"aligncenter size-full wp-image-4104\" \/><\/div><div class='content-column one_fifth last_column'><img loading=\"lazy\" decoding=\"async\" src=\"https:\/\/krceramicfiber.com\/wp-content\/uploads\/2023\/11\/Certificates-1.jpg\" alt=\"Certificats\" width=\"237\" height=\"161\" class=\"aligncenter size-full wp-image-4095\" \/><\/div><div class='clear_column'><\/div>\n<\/div>\n<\/div>","protected":false},"excerpt":{"rendered":"<p>Certificates KERUI Products Qualified by Certificates Invention Patent Utility Model Patents Government Certificates<\/p>","protected":false},"author":1,"featured_media":0,"parent":0,"menu_order":0,"comment_status":"closed","ping_status":"closed","template":"","meta":{"footnotes":""},"class_list":{"0":"post-20167","1":"page","2":"type-page","3":"status-publish","5":"no-featured-image-padding"},"yoast_head":"<!-- This site is optimized with the Yoast SEO plugin v25.3 - https:\/\/yoast.com\/wordpress\/plugins\/seo\/ -->\n<title>Certificates - Your Thermal insulation material Manufactruer | Kerui Refractory\u00ae Official Website<\/title>\n<meta name=\"description\" content=\"KERUI Refractory Supply Ceramic Fiber Blanket | Ceramic Fiber Products | Calcium Silicate Board | Sandwich Panel | Aerogel Insulation etc, any requirement please contact with us.\" \/>\n<meta name=\"robots\" content=\"index, follow, max-snippet:-1, max-image-preview:large, max-video-preview:-1\" \/>\n<link rel=\"canonical\" href=\"https:\/\/krceramicfiber.com\/fr\/certificates-15\/\" \/>\n<meta property=\"og:locale\" content=\"fr_FR\" \/>\n<meta property=\"og:type\" content=\"article\" \/>\n<meta property=\"og:title\" content=\"Certificates - Your Thermal insulation material Manufactruer | Kerui Refractory\u00ae Official Website\" \/>\n<meta property=\"og:description\" content=\"KERUI Refractory Supply Ceramic Fiber Blanket | Ceramic Fiber Products | Calcium Silicate Board | Sandwich Panel | Aerogel Insulation etc, any requirement please contact with us.\" \/>\n<meta property=\"og:url\" content=\"https:\/\/krceramicfiber.com\/fr\/certificates-15\/\" \/>\n<meta property=\"og:site_name\" content=\"Your Thermal insulation material Manufactruer | Kerui Refractory\u00ae Official Website\" \/>\n<meta property=\"article:modified_time\" content=\"2025-06-16T03:34:59+00:00\" \/>\n<meta name=\"twitter:card\" content=\"summary_large_image\" \/>\n<meta name=\"twitter:label1\" content=\"Dur\u00e9e de lecture estim\u00e9e\" \/>\n\t<meta name=\"twitter:data1\" content=\"8 minutes\" \/>\n<script type=\"application\/ld+json\" class=\"yoast-schema-graph\">{\"@context\":\"https:\/\/schema.org\",\"@graph\":[{\"@type\":\"WebPage\",\"@id\":\"https:\/\/krceramicfiber.com\/certificates-15\/\",\"url\":\"https:\/\/krceramicfiber.com\/certificates-15\/\",\"name\":\"Certificates - Your Thermal insulation material Manufactruer | Kerui Refractory\u00ae Official Website\",\"isPartOf\":{\"@id\":\"https:\/\/krceramicfiber.com\/#website\"},\"primaryImageOfPage\":{\"@id\":\"https:\/\/krceramicfiber.com\/certificates-15\/#primaryimage\"},\"image\":{\"@id\":\"https:\/\/krceramicfiber.com\/certificates-15\/#primaryimage\"},\"thumbnailUrl\":\"https:\/\/krceramicfiber.com\/wp-content\/uploads\/2023\/11\/CE-Certificate.jpg\",\"datePublished\":\"2023-11-09T11:07:15+00:00\",\"dateModified\":\"2025-06-16T03:34:59+00:00\",\"description\":\"KERUI Refractory Supply Ceramic Fiber Blanket | Ceramic Fiber Products | Calcium Silicate Board | Sandwich Panel | Aerogel Insulation etc, any requirement please contact with us.\",\"breadcrumb\":{\"@id\":\"https:\/\/krceramicfiber.com\/certificates-15\/#breadcrumb\"},\"inLanguage\":\"fr-FR\",\"potentialAction\":[{\"@type\":\"ReadAction\",\"target\":[\"https:\/\/krceramicfiber.com\/certificates-15\/\"]}]},{\"@type\":\"ImageObject\",\"inLanguage\":\"fr-FR\",\"@id\":\"https:\/\/krceramicfiber.com\/certificates-15\/#primaryimage\",\"url\":\"https:\/\/krceramicfiber.com\/wp-content\/uploads\/2023\/11\/CE-Certificate.jpg\",\"contentUrl\":\"https:\/\/krceramicfiber.com\/wp-content\/uploads\/2023\/11\/CE-Certificate.jpg\"},{\"@type\":\"BreadcrumbList\",\"@id\":\"https:\/\/krceramicfiber.com\/certificates-15\/#breadcrumb\",\"itemListElement\":[{\"@type\":\"ListItem\",\"position\":1,\"name\":\"Home\",\"item\":\"https:\/\/krceramicfiber.com\/\"},{\"@type\":\"ListItem\",\"position\":2,\"name\":\"Certificates\"}]},{\"@type\":\"WebSite\",\"@id\":\"https:\/\/krceramicfiber.com\/#website\",\"url\":\"https:\/\/krceramicfiber.com\/\",\"name\":\"Your Thermal insulation material Manufactruer | Kerui Refractory\u00ae Official Website\",\"description\":\"\",\"publisher\":{\"@id\":\"https:\/\/krceramicfiber.com\/#organization\"},\"potentialAction\":[{\"@type\":\"SearchAction\",\"target\":{\"@type\":\"EntryPoint\",\"urlTemplate\":\"https:\/\/krceramicfiber.com\/?s={search_term_string}\"},\"query-input\":{\"@type\":\"PropertyValueSpecification\",\"valueRequired\":true,\"valueName\":\"search_term_string\"}}],\"inLanguage\":\"fr-FR\"},{\"@type\":\"Organization\",\"@id\":\"https:\/\/krceramicfiber.com\/#organization\",\"name\":\"Your Thermal insulation material Manufactruer | Kerui Refractory\u00ae Official Website\",\"url\":\"https:\/\/krceramicfiber.com\/\",\"logo\":{\"@type\":\"ImageObject\",\"inLanguage\":\"fr-FR\",\"@id\":\"https:\/\/krceramicfiber.com\/#\/schema\/logo\/image\/\",\"url\":\"https:\/\/krceramicfiber.com\/wp-content\/uploads\/2024\/01\/footer-Logo.png\",\"contentUrl\":\"https:\/\/krceramicfiber.com\/wp-content\/uploads\/2024\/01\/footer-Logo.png\",\"width\":282,\"height\":70,\"caption\":\"Your Thermal insulation material Manufactruer | Kerui Refractory\u00ae Official Website\"},\"image\":{\"@id\":\"https:\/\/krceramicfiber.com\/#\/schema\/logo\/image\/\"}}]}<\/script>\n<!-- \/ Yoast SEO plugin. -->","yoast_head_json":{"title":"Certificates - Your Thermal insulation material Manufactruer | Kerui Refractory\u00ae Official Website","description":"KERUI Refractory fournit des couvertures en fibres c\u00e9ramiques, des produits en fibres c\u00e9ramiques, des panneaux en silicate de calcium, des panneaux sandwich, des isolants en a\u00e9rogel, etc. Pour toute demande, veuillez nous contacter.","robots":{"index":"index","follow":"follow","max-snippet":"max-snippet:-1","max-image-preview":"max-image-preview:large","max-video-preview":"max-video-preview:-1"},"canonical":"https:\/\/krceramicfiber.com\/fr\/certificates-15\/","og_locale":"fr_FR","og_type":"article","og_title":"Certificates - Your Thermal insulation material Manufactruer | Kerui Refractory\u00ae Official Website","og_description":"KERUI Refractory Supply Ceramic Fiber Blanket | Ceramic Fiber Products | Calcium Silicate Board | Sandwich Panel | Aerogel Insulation etc, any requirement please contact with us.","og_url":"https:\/\/krceramicfiber.com\/fr\/certificates-15\/","og_site_name":"Your Thermal insulation material Manufactruer | Kerui Refractory\u00ae Official Website","article_modified_time":"2025-06-16T03:34:59+00:00","twitter_card":"summary_large_image","twitter_misc":{"Dur\u00e9e de lecture estim\u00e9e":"8 minutes"},"schema":{"@context":"https:\/\/schema.org","@graph":[{"@type":"WebPage","@id":"https:\/\/krceramicfiber.com\/certificates-15\/","url":"https:\/\/krceramicfiber.com\/certificates-15\/","name":"Certificates - Your Thermal insulation material Manufactruer | Kerui Refractory\u00ae Official Website","isPartOf":{"@id":"https:\/\/krceramicfiber.com\/#website"},"primaryImageOfPage":{"@id":"https:\/\/krceramicfiber.com\/certificates-15\/#primaryimage"},"image":{"@id":"https:\/\/krceramicfiber.com\/certificates-15\/#primaryimage"},"thumbnailUrl":"https:\/\/krceramicfiber.com\/wp-content\/uploads\/2023\/11\/CE-Certificate.jpg","datePublished":"2023-11-09T11:07:15+00:00","dateModified":"2025-06-16T03:34:59+00:00","description":"KERUI Refractory fournit des couvertures en fibres c\u00e9ramiques, des produits en fibres c\u00e9ramiques, des panneaux en silicate de calcium, des panneaux sandwich, des isolants en a\u00e9rogel, etc. Pour toute demande, veuillez nous contacter.","breadcrumb":{"@id":"https:\/\/krceramicfiber.com\/certificates-15\/#breadcrumb"},"inLanguage":"fr-FR","potentialAction":[{"@type":"ReadAction","target":["https:\/\/krceramicfiber.com\/certificates-15\/"]}]},{"@type":"ImageObject","inLanguage":"fr-FR","@id":"https:\/\/krceramicfiber.com\/certificates-15\/#primaryimage","url":"https:\/\/krceramicfiber.com\/wp-content\/uploads\/2023\/11\/CE-Certificate.jpg","contentUrl":"https:\/\/krceramicfiber.com\/wp-content\/uploads\/2023\/11\/CE-Certificate.jpg"},{"@type":"BreadcrumbList","@id":"https:\/\/krceramicfiber.com\/certificates-15\/#breadcrumb","itemListElement":[{"@type":"ListItem","position":1,"name":"Home","item":"https:\/\/krceramicfiber.com\/"},{"@type":"ListItem","position":2,"name":"Certificates"}]},{"@type":"WebSite","@id":"https:\/\/krceramicfiber.com\/#website","url":"https:\/\/krceramicfiber.com\/","name":"Votre fabricant de mat\u00e9riaux d'isolation thermique | Kerui Refractory\u00ae Site officiel","description":"","publisher":{"@id":"https:\/\/krceramicfiber.com\/#organization"},"potentialAction":[{"@type":"SearchAction","target":{"@type":"EntryPoint","urlTemplate":"https:\/\/krceramicfiber.com\/?s={search_term_string}"},"query-input":{"@type":"PropertyValueSpecification","valueRequired":true,"valueName":"search_term_string"}}],"inLanguage":"fr-FR"},{"@type":"Organization","@id":"https:\/\/krceramicfiber.com\/#organization","name":"Votre fabricant de mat\u00e9riaux d'isolation thermique | Kerui Refractory\u00ae Site officiel","url":"https:\/\/krceramicfiber.com\/","logo":{"@type":"ImageObject","inLanguage":"fr-FR","@id":"https:\/\/krceramicfiber.com\/#\/schema\/logo\/image\/","url":"https:\/\/krceramicfiber.com\/wp-content\/uploads\/2024\/01\/footer-Logo.png","contentUrl":"https:\/\/krceramicfiber.com\/wp-content\/uploads\/2024\/01\/footer-Logo.png","width":282,"height":70,"caption":"Your Thermal insulation material Manufactruer | Kerui Refractory\u00ae Official Website"},"image":{"@id":"https:\/\/krceramicfiber.com\/#\/schema\/logo\/image\/"}}]}},"_links":{"self":[{"href":"https:\/\/krceramicfiber.com\/fr\/wp-json\/wp\/v2\/pages\/20167","targetHints":{"allow":["GET"]}}],"collection":[{"href":"https:\/\/krceramicfiber.com\/fr\/wp-json\/wp\/v2\/pages"}],"about":[{"href":"https:\/\/krceramicfiber.com\/fr\/wp-json\/wp\/v2\/types\/page"}],"author":[{"embeddable":true,"href":"https:\/\/krceramicfiber.com\/fr\/wp-json\/wp\/v2\/users\/1"}],"replies":[{"embeddable":true,"href":"https:\/\/krceramicfiber.com\/fr\/wp-json\/wp\/v2\/comments?post=20167"}],"version-history":[{"count":0,"href":"https:\/\/krceramicfiber.com\/fr\/wp-json\/wp\/v2\/pages\/20167\/revisions"}],"wp:attachment":[{"href":"https:\/\/krceramicfiber.com\/fr\/wp-json\/wp\/v2\/media?parent=20167"}],"curies":[{"name":"wp","href":"https:\/\/api.w.org\/{rel}","templated":true}]}}