{"id":54264,"date":"2024-09-13T11:16:19","date_gmt":"2024-09-13T03:16:19","guid":{"rendered":"https:\/\/krceramicfiber.com\/?page_id=925"},"modified":"2025-07-04T15:12:43","modified_gmt":"2025-07-04T07:12:43","slug":"tablero-ignifugo-de-magnesio","status":"publish","type":"page","link":"https:\/\/krceramicfiber.com\/es\/tablero-ignifugo-de-magnesio\/","title":{"rendered":"Tablero ign\u00edfugo de magnesio"},"content":{"rendered":"<div class=\"product_info_bg\">\n<div class=\"page_model product_info\">\n<div class=\"preview\"><img loading=\"lazy\" decoding=\"async\" class=\"aligncenter size-full wp-image-3596\" src=\"https:\/\/krceramicfiber.com\/wp-content\/uploads\/2025\/07\/Kerui-Magnesium-Fireproof-Board.webp\" alt=\"Tablero ign\u00edfugo de magnesio\" width=\"780\" height=\"639\" \/><\/div>\n<div class=\"info\">\n<h1>Tablero ign\u00edfugo de magnesio<\/h1>\n<p class=\"profile\">El tablero ign\u00edfugo de magnesio es un material de construcci\u00f3n con excelentes prestaciones ign\u00edfugas, compuesto principalmente por minerales de magnesio (como el \u00f3xido de magnesio) y otros aditivos. Se utiliza ampliamente en el campo de la construcci\u00f3n debido a sus propiedades \u00fanicas, especialmente en ocasiones en las que es necesario mejorar la seguridad contra incendios y la durabilidad.<\/p>\n<ul>\n<li>\n<div>0.5\/1.0\/1.5\/2.0<\/div>\n<p><small>Tiempo de resistencia al fuego (h)<\/small><\/li>\n<li>\n<div>10-15<\/div>\n<p><small>Peso por metro cuadrado (kg)<\/small><\/li>\n<li class=\"authentication\"><img loading=\"lazy\" decoding=\"async\" class=\"alignnone size-full wp-image-676\" src=\"https:\/\/krceramicfiber.com\/wp-content\/uploads\/2024\/09\/CE-min.webp\" alt=\"Autenticaci\u00f3n Kerui\" width=\"200\" height=\"55\" \/><\/li>\n<\/ul>\n<p><a class=\"inruiry fancybox\" href=\"#contact_form_pop\">obtener precio<\/a><a class=\"email-btn\" href=\"mailto:market@krceramicfiber.com\">enviar correo electr\u00f3nico<\/a>\n<\/div>\n<\/div>\n<\/div>\n<div class=\"product_model_bg\">\n<div class=\"page_model\">\n<h2 id=\"TechniqueData\">Ficha t\u00e9cnica de la placa ign\u00edfuga de magnesio Kerui<\/h2>\n<p>\n<table id=\"tablepress-59\" class=\"tablepress tablepress-id-59\">\n<thead>\n<tr class=\"row-1\">\n\t<th class=\"column-1\">Art\u00edculo<\/th><th class=\"column-2\">Tablero ign\u00edfugo de magnesio<\/th>\n<\/tr>\n<\/thead>\n<tbody class=\"row-hover\">\n<tr class=\"row-2\">\n\t<td class=\"column-1\">Tiempo de resistencia al fuego<\/td><td class=\"column-2\">0,5h\/1,0h\/1,5h\/2,0h<\/td>\n<\/tr>\n<tr class=\"row-3\">\n\t<td class=\"column-1\">Especificaci\u00f3n del grosor<\/td><td class=\"column-2\">10\/14\/20 mm<\/td>\n<\/tr>\n<tr class=\"row-4\">\n\t<td class=\"column-1\">Material de la capa ign\u00edfuga<\/td><td class=\"column-2\">Placa ign\u00edfuga de magnesio (cemento de oxisulfuro de magnesio)<\/td>\n<\/tr>\n<tr class=\"row-5\">\n\t<td class=\"column-1\">Material de superficie<\/td><td class=\"column-2\">Placa met\u00e1lica resistente a la corrosi\u00f3n<\/td>\n<\/tr>\n<tr class=\"row-6\">\n\t<td class=\"column-1\">Material de la brida<\/td><td class=\"column-2\">Brida angular de acero<\/td>\n<\/tr>\n<tr class=\"row-7\">\n\t<td class=\"column-1\">Grado ign\u00edfugo<\/td><td class=\"column-2\">No inflamable Grado A1<\/td>\n<\/tr>\n<tr class=\"row-8\">\n\t<td class=\"column-1\">Peso por metro cuadrado<\/td><td class=\"column-2\">10kg-15kg<\/td>\n<\/tr>\n<tr class=\"row-9\">\n\t<td class=\"column-1\">Resistencia a la compresi\u00f3n<\/td><td class=\"column-2\">\u22653000PA<\/td>\n<\/tr>\n<\/tbody>\n<\/table>\n<!-- #tablepress-59 from cache --><br \/>\n<center><a class=\"fancybox price\" href=\"#contact_form_pop\">OBTENER PRECIO<\/a><\/center><\/p>\n<div class=\"fancybox-hidden\" style=\"display: none;\">\n<div id=\"contact_form_pop\">\n<div class=\"wpcf7 no-js\" id=\"wpcf7-f328-o1\" lang=\"en-US\" dir=\"ltr\" data-wpcf7-id=\"328\">\n<div class=\"screen-reader-response\"><p role=\"status\" aria-live=\"polite\" aria-atomic=\"true\"><\/p> <ul><\/ul><\/div>\n<form action=\"\/es\/wp-json\/wp\/v2\/pages\/54264#wpcf7-f328-o1\" method=\"post\" class=\"wpcf7-form init\" aria-label=\"Formulario de contacto\" novalidate=\"novalidate\" data-status=\"init\" data-trp-original-action=\"\/es\/wp-json\/wp\/v2\/pages\/54264#wpcf7-f328-o1\">\n<fieldset class=\"hidden-fields-container\"><input type=\"hidden\" name=\"_wpcf7\" value=\"328\" \/><input type=\"hidden\" name=\"_wpcf7_version\" value=\"6.1\" \/><input type=\"hidden\" name=\"_wpcf7_locale\" value=\"en_US\" \/><input type=\"hidden\" name=\"_wpcf7_unit_tag\" value=\"wpcf7-f328-o1\" \/><input type=\"hidden\" name=\"_wpcf7_container_post\" value=\"0\" \/><input type=\"hidden\" name=\"_wpcf7_posted_data_hash\" value=\"\" \/><input type=\"hidden\" name=\"_wpcf7_recaptcha_response\" value=\"\" \/>\n<\/fieldset>\n<div class=\"form-box\" id=\"Contact-Us\">\n\t<div class=\"isleft\">\n\t\t<div class=\"contact-title\">\n\t\t\t<p>Contacte con nosotros\n\t\t\t<\/p>\n\t\t<\/div>\n\t\t<div class=\"contactp\">\n\t\t\t<p>No dude en enviarnos la informaci\u00f3n de su consulta. Nos pondremos en contacto con usted lo antes posible.\n\t\t\t<\/p>\n\t\t<\/div>\n\t\t<ul class=\"contact\">\n\t\t\t<li class=\"email\">\n\t\t\t\t<p><img decoding=\"async\" src=\"https:\/\/krceramicfiber.com\/wp-content\/uploads\/2023\/12\/email.png\" alt=\"\" \/>Correo electr\u00f3nico:\n\t\t\t\t<\/p>\n\t\t\t\t<p><a href=\"mailto:market@krceramicfiber.com\">market@krceramicfiber.com<\/a>\n\t\t\t\t<\/p>\n\t\t\t<\/li>\n\t\t\t<li class=\"phone\">\n\t\t\t\t<p><img decoding=\"async\" src=\"https:\/\/krceramicfiber.com\/wp-content\/uploads\/2023\/12\/tel.png\" alt=\"\" \/>Tel\u00e9fono\/whatsapp:\n\t\t\t\t<\/p>\n\t\t\t\t<p><a href=\"https:\/\/wa.me\/8619138178880\">+86 19138178880<\/a>\n\t\t\t\t<\/p>\n\t\t\t<\/li>\n\t\t\t<li class=\"location\">\n\t\t\t\t<p><img decoding=\"async\" src=\"https:\/\/krceramicfiber.com\/wp-content\/uploads\/2023\/12\/Location.png\" alt=\"\" \/>Base de fabricaci\u00f3n:\n\t\t\t\t<\/p>\n\t\t\t\t<p>Zona de Industria Refractaria de Chaohua,<br \/>\nCiudad de Xinmi, provincia de Henan, China\n\t\t\t\t<\/p>\n\t\t\t<\/li>\n\t\t<\/ul>\n\t<\/div>\n\t<div class=\"isright\">\n\t\t<ul class=\"contact-input\">\n\t\t\t<li>\n\t\t\t\t<div class=\"islabel\">\n\t\t\t\t\t<p>* Nombre:\n\t\t\t\t\t<\/p>\n\t\t\t\t<\/div>\n\t\t\t\t<p><span class=\"wpcf7-form-control-wrap\" data-name=\"your-name\"><input size=\"40\" maxlength=\"400\" class=\"wpcf7-form-control wpcf7-text wpcf7-validates-as-required\" aria-required=\"true\" aria-invalid=\"false\" placeholder=\"\" value=\"\" type=\"text\" name=\"your-name\" \/><\/span>\n\t\t\t\t<\/p>\n\t\t\t<\/li>\n\t\t\t<li>\n\t\t\t\t<div class=\"islabel\">\n\t\t\t\t\t<p>* Email:\n\t\t\t\t\t<\/p>\n\t\t\t\t<\/div>\n\t\t\t\t<p><span class=\"wpcf7-form-control-wrap\" data-name=\"your-email\"><input size=\"40\" maxlength=\"400\" class=\"wpcf7-form-control wpcf7-email wpcf7-validates-as-required wpcf7-text wpcf7-validates-as-email\" aria-required=\"true\" aria-invalid=\"false\" placeholder=\"\" value=\"\" type=\"email\" name=\"your-email\" \/><\/span>\n\t\t\t\t<\/p>\n\t\t\t<\/li>\n\t\t\t<li>\n\t\t\t\t<div class=\"islabel\">\n\t\t\t\t\t<p>* Tel\u00e9fono\/Whatsapp:\n\t\t\t\t\t<\/p>\n\t\t\t\t<\/div>\n\t\t\t\t<p><span class=\"wpcf7-form-control-wrap\" data-name=\"your-phone\"><input size=\"40\" maxlength=\"400\" class=\"wpcf7-form-control wpcf7-tel wpcf7-validates-as-required wpcf7-text wpcf7-validates-as-tel\" aria-required=\"true\" aria-invalid=\"false\" placeholder=\"\" value=\"\" type=\"tel\" name=\"your-phone\" \/><\/span>\n\t\t\t\t<\/p>\n\t\t\t<\/li>\n\t\t\t<li>\n\t\t\t\t<div class=\"islabel\">\n\t\t\t\t\t<p>Pa\u00eds:\n\t\t\t\t\t<\/p>\n\t\t\t\t<\/div>\n\t\t\t\t<p><span class=\"wpcf7-form-control-wrap\" data-name=\"your-country\"><input size=\"40\" maxlength=\"400\" class=\"wpcf7-form-control wpcf7-text\" aria-invalid=\"false\" placeholder=\"\" value=\"\" type=\"text\" name=\"your-country\" \/><\/span>\n\t\t\t\t<\/p>\n\t\t\t<\/li>\n\t\t\t<li class=\"ismassage\">\n\t\t\t\t<div class=\"islabel\">\n\t\t\t\t\t<p>* Mensaje:\n\t\t\t\t\t<\/p>\n\t\t\t\t<\/div>\n\t\t\t\t<p><span class=\"wpcf7-form-control-wrap\" data-name=\"your-msg\"><textarea cols=\"40\" rows=\"10\" maxlength=\"2000\" class=\"wpcf7-form-control wpcf7-textarea wpcf7-validates-as-required\" aria-required=\"true\" aria-invalid=\"false\" name=\"your-msg\"><\/textarea><\/span>\n\t\t\t\t<\/p>\n\t\t\t<\/li>\n\t\t\t<li class=\"wpcf7-btns-box\">\n\t\t\t\t<div class=\"isFileName\">\n\t\t\t\t<\/div>\n\t\t\t\t<div class=\"wpcf7-btns\">\n\t\t\t\t\t<p><input class=\"wpcf7-form-control wpcf7-submit has-spinner\" type=\"submit\" value=\"ENVIAR\" \/>\n\t\t\t\t\t<\/p>\n\t\t\t\t<\/div>\n\t\t\t<\/li>\n\t\t<\/ul>\n\t<\/div>\n<\/div><div class=\"wpcf7-response-output\" aria-hidden=\"true\"><\/div>\n<input type=\"hidden\" name=\"trp-form-language\" value=\"es\"\/><\/form>\n<\/div>\n<\/div>\n<\/div>\n<\/div>\n<div class=\"product_info_bg\">\n<div class=\"page_model\">\n<h2 id=\"PRODUCTDESCRIPTION\">Tablero ign\u00edfugo de magnesio<\/h2>\n<p>El tablero ign\u00edfugo de magnesio es un material de construcci\u00f3n con un excelente rendimiento ign\u00edfugo, compuesto principalmente de minerales de magnesio (como el \u00f3xido de magnesio) y otros aditivos. El tablero ign\u00edfugo de magnesio es resistente a altas temperaturas, ign\u00edfugo, insonorizante, a prueba de golpes, a prueba de insectos, anticorrosivo, no t\u00f3xico, ins\u00edpido y no contaminante. Se utiliza mucho en el campo de la construcci\u00f3n debido a sus propiedades \u00fanicas, especialmente en ocasiones en las que es necesario mejorar la seguridad contra incendios y la durabilidad.<\/p>\n<div class='content-column one_fourth'><div style=\"padding-right:20px;padding-bottom:10px;\"><div class='content-column full_width'><div style=\"padding:25px 25px 25px 25px;\"><div class=\"tb1\">Excelente comportamiento ign\u00edfugo<\/div><\/div><\/div><\/div><\/div>\n<div class='content-column one_fourth'><div style=\"padding-right:20px;padding-bottom:10px;\"><div class='content-column full_width'><div style=\"padding:25px 25px 25px 25px;\"><div class=\"tb13\">Buena resistencia al agua y a la humedad<\/div><\/div><\/div><\/div><\/div>\n<div class='content-column one_fourth'><div style=\"padding-right:20px;padding-bottom:10px;\"><div class='content-column full_width'><div style=\"padding:25px 25px 25px 25px;\"><div class=\"tb11\">Excelente resistencia a la corrosi\u00f3n<\/div><\/div><\/div><\/div><\/div>\n<div class='content-column one_fourth last_column'><div style=\"padding-right:20px;padding-bottom:10px;\"><div class='content-column full_width'><div style=\"padding:25px 25px 25px 25px;\"><div class=\"tb15\">Efecto de aislamiento ac\u00fastico<\/div><\/div><\/div><\/div><\/div><div class='clear_column'><\/div>\n<\/div>\n<\/div>\n<div class=\"product_model_bg\">\n<div class=\"page_model\">\n<div class=\"pt-cv-wrapper\">Error: puede que no exista la vista de <strong>a6a34803y9<\/strong><\/div>\n<\/div>\n<div id=\"INQUIRY\" class=\"page_model\"><p class=\"wpcf7-contact-form-not-found\"><strong>Error:<\/strong> Formulario de contacto no encontrado.<\/p><\/div>\n<div class=\"page_model\">\n<div class=\"swiper related-products\">\n<div class=\"swiper-wrapper\">\n<div class=\"swiper-slide\"><\/div>\n<\/div>\n<\/div>\n<\/div>\n<\/div>","protected":false},"excerpt":{"rendered":"<p>Magnesium Fireproof Board Magnesium fireproof board is a building material with excellent fireproof performance, mainly &#8230; <a title=\"Tablero ign\u00edfugo de magnesio\" class=\"read-more\" href=\"https:\/\/krceramicfiber.com\/es\/tablero-ignifugo-de-magnesio\/\" aria-label=\"M\u00e1s en Magnesium Fireproof Board\">Leer m\u00e1s<\/a><\/p>","protected":false},"author":1,"featured_media":55484,"parent":0,"menu_order":0,"comment_status":"closed","ping_status":"closed","template":"","meta":{"footnotes":""},"class_list":{"0":"post-54264","1":"page","2":"type-page","3":"status-publish","4":"has-post-thumbnail","6":"no-featured-image-padding","7":"resize-featured-image"},"yoast_head":"<!-- This site is optimized with the Yoast SEO plugin v25.3 - https:\/\/yoast.com\/wordpress\/plugins\/seo\/ -->\n<title>Magnesium Fireproof Board - Your Thermal insulation material Manufactruer | Kerui Refractory\u00ae Official Website<\/title>\n<meta name=\"description\" content=\"Magnesium fireproof board is a building material with excellent fireproof performance, mainly composed of magnesium minerals (such as magnesium oxide) and other additives.\" \/>\n<meta name=\"robots\" content=\"index, follow, max-snippet:-1, max-image-preview:large, max-video-preview:-1\" \/>\n<link rel=\"canonical\" href=\"https:\/\/krceramicfiber.com\/es\/tablero-ignifugo-de-magnesio\/\" \/>\n<meta property=\"og:locale\" content=\"es_ES\" \/>\n<meta property=\"og:type\" content=\"article\" \/>\n<meta property=\"og:title\" content=\"Magnesium Fireproof Board - Your Thermal insulation material Manufactruer | Kerui Refractory\u00ae Official Website\" \/>\n<meta property=\"og:description\" content=\"Magnesium fireproof board is a building material with excellent fireproof performance, mainly composed of magnesium minerals (such as magnesium oxide) and other additives.\" \/>\n<meta property=\"og:url\" content=\"https:\/\/krceramicfiber.com\/es\/tablero-ignifugo-de-magnesio\/\" \/>\n<meta property=\"og:site_name\" content=\"Your Thermal insulation material Manufactruer | Kerui Refractory\u00ae Official Website\" \/>\n<meta property=\"article:modified_time\" content=\"2025-07-04T07:12:43+00:00\" \/>\n<meta property=\"og:image\" content=\"https:\/\/krceramicfiber.com\/wp-content\/uploads\/2025\/07\/Kerui-Magnesium-Fireproof-Board.webp\" \/>\n\t<meta property=\"og:image:width\" content=\"660\" \/>\n\t<meta property=\"og:image:height\" content=\"528\" \/>\n\t<meta property=\"og:image:type\" content=\"image\/webp\" \/>\n<meta name=\"twitter:card\" content=\"summary_large_image\" \/>\n<meta name=\"twitter:label1\" content=\"Tiempo de lectura\" \/>\n\t<meta name=\"twitter:data1\" content=\"2 minutos\" \/>\n<script type=\"application\/ld+json\" class=\"yoast-schema-graph\">{\"@context\":\"https:\/\/schema.org\",\"@graph\":[{\"@type\":\"WebPage\",\"@id\":\"https:\/\/krceramicfiber.com\/magnesium-fireproof-board\/\",\"url\":\"https:\/\/krceramicfiber.com\/magnesium-fireproof-board\/\",\"name\":\"Magnesium Fireproof Board - Your Thermal insulation material Manufactruer | Kerui Refractory\u00ae Official Website\",\"isPartOf\":{\"@id\":\"https:\/\/krceramicfiber.com\/#website\"},\"primaryImageOfPage\":{\"@id\":\"https:\/\/krceramicfiber.com\/magnesium-fireproof-board\/#primaryimage\"},\"image\":{\"@id\":\"https:\/\/krceramicfiber.com\/magnesium-fireproof-board\/#primaryimage\"},\"thumbnailUrl\":\"https:\/\/krceramicfiber.com\/wp-content\/uploads\/2025\/07\/Kerui-Magnesium-Fireproof-Board.webp\",\"datePublished\":\"2024-09-13T03:16:19+00:00\",\"dateModified\":\"2025-07-04T07:12:43+00:00\",\"description\":\"Magnesium fireproof board is a building material with excellent fireproof performance, mainly composed of magnesium minerals (such as magnesium oxide) and other additives.\",\"breadcrumb\":{\"@id\":\"https:\/\/krceramicfiber.com\/magnesium-fireproof-board\/#breadcrumb\"},\"inLanguage\":\"es\",\"potentialAction\":[{\"@type\":\"ReadAction\",\"target\":[\"https:\/\/krceramicfiber.com\/magnesium-fireproof-board\/\"]}]},{\"@type\":\"ImageObject\",\"inLanguage\":\"es\",\"@id\":\"https:\/\/krceramicfiber.com\/magnesium-fireproof-board\/#primaryimage\",\"url\":\"https:\/\/krceramicfiber.com\/wp-content\/uploads\/2025\/07\/Kerui-Magnesium-Fireproof-Board.webp\",\"contentUrl\":\"https:\/\/krceramicfiber.com\/wp-content\/uploads\/2025\/07\/Kerui-Magnesium-Fireproof-Board.webp\",\"width\":660,\"height\":528},{\"@type\":\"BreadcrumbList\",\"@id\":\"https:\/\/krceramicfiber.com\/magnesium-fireproof-board\/#breadcrumb\",\"itemListElement\":[{\"@type\":\"ListItem\",\"position\":1,\"name\":\"Home\",\"item\":\"https:\/\/krceramicfiber.com\/\"},{\"@type\":\"ListItem\",\"position\":2,\"name\":\"Magnesium Fireproof Board\"}]},{\"@type\":\"WebSite\",\"@id\":\"https:\/\/krceramicfiber.com\/#website\",\"url\":\"https:\/\/krceramicfiber.com\/\",\"name\":\"Your Thermal insulation material Manufactruer | Kerui Refractory\u00ae Official Website\",\"description\":\"\",\"publisher\":{\"@id\":\"https:\/\/krceramicfiber.com\/#organization\"},\"potentialAction\":[{\"@type\":\"SearchAction\",\"target\":{\"@type\":\"EntryPoint\",\"urlTemplate\":\"https:\/\/krceramicfiber.com\/?s={search_term_string}\"},\"query-input\":{\"@type\":\"PropertyValueSpecification\",\"valueRequired\":true,\"valueName\":\"search_term_string\"}}],\"inLanguage\":\"es\"},{\"@type\":\"Organization\",\"@id\":\"https:\/\/krceramicfiber.com\/#organization\",\"name\":\"Your Thermal insulation material Manufactruer | Kerui Refractory\u00ae Official Website\",\"url\":\"https:\/\/krceramicfiber.com\/\",\"logo\":{\"@type\":\"ImageObject\",\"inLanguage\":\"es\",\"@id\":\"https:\/\/krceramicfiber.com\/#\/schema\/logo\/image\/\",\"url\":\"https:\/\/krceramicfiber.com\/wp-content\/uploads\/2024\/01\/footer-Logo.png\",\"contentUrl\":\"https:\/\/krceramicfiber.com\/wp-content\/uploads\/2024\/01\/footer-Logo.png\",\"width\":282,\"height\":70,\"caption\":\"Your Thermal insulation material Manufactruer | Kerui Refractory\u00ae Official Website\"},\"image\":{\"@id\":\"https:\/\/krceramicfiber.com\/#\/schema\/logo\/image\/\"}}]}<\/script>\n<!-- \/ Yoast SEO plugin. -->","yoast_head_json":{"title":"Tablero ign\u00edfugo de magnesio - Su fabricante de material de aislamiento t\u00e9rmico | Kerui Refractory\u00ae Official Website","description":"El tablero ign\u00edfugo de magnesio es un material de construcci\u00f3n con excelentes prestaciones ign\u00edfugas, compuesto principalmente de minerales de magnesio (como el \u00f3xido de magnesio) y otros aditivos.","robots":{"index":"index","follow":"follow","max-snippet":"max-snippet:-1","max-image-preview":"max-image-preview:large","max-video-preview":"max-video-preview:-1"},"canonical":"https:\/\/krceramicfiber.com\/es\/tablero-ignifugo-de-magnesio\/","og_locale":"es_ES","og_type":"article","og_title":"Magnesium Fireproof Board - Your Thermal insulation material Manufactruer | Kerui Refractory\u00ae Official Website","og_description":"Magnesium fireproof board is a building material with excellent fireproof performance, mainly composed of magnesium minerals (such as magnesium oxide) and other additives.","og_url":"https:\/\/krceramicfiber.com\/es\/tablero-ignifugo-de-magnesio\/","og_site_name":"Your Thermal insulation material Manufactruer | Kerui Refractory\u00ae Official Website","article_modified_time":"2025-07-04T07:12:43+00:00","og_image":[{"width":660,"height":528,"url":"https:\/\/krceramicfiber.com\/wp-content\/uploads\/2025\/07\/Kerui-Magnesium-Fireproof-Board.webp","type":"image\/webp"}],"twitter_card":"summary_large_image","twitter_misc":{"Tiempo de lectura":"2 minutos"},"schema":{"@context":"https:\/\/schema.org","@graph":[{"@type":"WebPage","@id":"https:\/\/krceramicfiber.com\/magnesium-fireproof-board\/","url":"https:\/\/krceramicfiber.com\/magnesium-fireproof-board\/","name":"Tablero ign\u00edfugo de magnesio - Su fabricante de material de aislamiento t\u00e9rmico | Kerui Refractory\u00ae Official Website","isPartOf":{"@id":"https:\/\/krceramicfiber.com\/#website"},"primaryImageOfPage":{"@id":"https:\/\/krceramicfiber.com\/magnesium-fireproof-board\/#primaryimage"},"image":{"@id":"https:\/\/krceramicfiber.com\/magnesium-fireproof-board\/#primaryimage"},"thumbnailUrl":"https:\/\/krceramicfiber.com\/wp-content\/uploads\/2025\/07\/Kerui-Magnesium-Fireproof-Board.webp","datePublished":"2024-09-13T03:16:19+00:00","dateModified":"2025-07-04T07:12:43+00:00","description":"El tablero ign\u00edfugo de magnesio es un material de construcci\u00f3n con excelentes prestaciones ign\u00edfugas, compuesto principalmente de minerales de magnesio (como el \u00f3xido de magnesio) y otros aditivos.","breadcrumb":{"@id":"https:\/\/krceramicfiber.com\/magnesium-fireproof-board\/#breadcrumb"},"inLanguage":"es","potentialAction":[{"@type":"ReadAction","target":["https:\/\/krceramicfiber.com\/magnesium-fireproof-board\/"]}]},{"@type":"ImageObject","inLanguage":"es","@id":"https:\/\/krceramicfiber.com\/magnesium-fireproof-board\/#primaryimage","url":"https:\/\/krceramicfiber.com\/wp-content\/uploads\/2025\/07\/Kerui-Magnesium-Fireproof-Board.webp","contentUrl":"https:\/\/krceramicfiber.com\/wp-content\/uploads\/2025\/07\/Kerui-Magnesium-Fireproof-Board.webp","width":660,"height":528},{"@type":"BreadcrumbList","@id":"https:\/\/krceramicfiber.com\/magnesium-fireproof-board\/#breadcrumb","itemListElement":[{"@type":"ListItem","position":1,"name":"Home","item":"https:\/\/krceramicfiber.com\/"},{"@type":"ListItem","position":2,"name":"Magnesium Fireproof Board"}]},{"@type":"WebSite","@id":"https:\/\/krceramicfiber.com\/#website","url":"https:\/\/krceramicfiber.com\/","name":"Su fabricante de aislantes t\u00e9rmicos | Kerui Refractory\u00ae P\u00e1gina web oficial","description":"","publisher":{"@id":"https:\/\/krceramicfiber.com\/#organization"},"potentialAction":[{"@type":"SearchAction","target":{"@type":"EntryPoint","urlTemplate":"https:\/\/krceramicfiber.com\/?s={search_term_string}"},"query-input":{"@type":"PropertyValueSpecification","valueRequired":true,"valueName":"search_term_string"}}],"inLanguage":"es"},{"@type":"Organization","@id":"https:\/\/krceramicfiber.com\/#organization","name":"Su fabricante de aislantes t\u00e9rmicos | Kerui Refractory\u00ae P\u00e1gina web oficial","url":"https:\/\/krceramicfiber.com\/","logo":{"@type":"ImageObject","inLanguage":"es","@id":"https:\/\/krceramicfiber.com\/#\/schema\/logo\/image\/","url":"https:\/\/krceramicfiber.com\/wp-content\/uploads\/2024\/01\/footer-Logo.png","contentUrl":"https:\/\/krceramicfiber.com\/wp-content\/uploads\/2024\/01\/footer-Logo.png","width":282,"height":70,"caption":"Your Thermal insulation material Manufactruer | Kerui Refractory\u00ae Official Website"},"image":{"@id":"https:\/\/krceramicfiber.com\/#\/schema\/logo\/image\/"}}]}},"_links":{"self":[{"href":"https:\/\/krceramicfiber.com\/es\/wp-json\/wp\/v2\/pages\/54264","targetHints":{"allow":["GET"]}}],"collection":[{"href":"https:\/\/krceramicfiber.com\/es\/wp-json\/wp\/v2\/pages"}],"about":[{"href":"https:\/\/krceramicfiber.com\/es\/wp-json\/wp\/v2\/types\/page"}],"author":[{"embeddable":true,"href":"https:\/\/krceramicfiber.com\/es\/wp-json\/wp\/v2\/users\/1"}],"replies":[{"embeddable":true,"href":"https:\/\/krceramicfiber.com\/es\/wp-json\/wp\/v2\/comments?post=54264"}],"version-history":[{"count":0,"href":"https:\/\/krceramicfiber.com\/es\/wp-json\/wp\/v2\/pages\/54264\/revisions"}],"wp:featuredmedia":[{"embeddable":true,"href":"https:\/\/krceramicfiber.com\/es\/wp-json\/wp\/v2\/media\/55484"}],"wp:attachment":[{"href":"https:\/\/krceramicfiber.com\/es\/wp-json\/wp\/v2\/media?parent=54264"}],"curies":[{"name":"wp","href":"https:\/\/api.w.org\/{rel}","templated":true}]}}