{"id":54214,"date":"2024-09-12T15:28:42","date_gmt":"2024-09-12T07:28:42","guid":{"rendered":"https:\/\/krceramicfiber.com\/?page_id=925"},"modified":"2025-06-16T11:22:49","modified_gmt":"2025-06-16T03:22:49","slug":"fieltro-de-fibra-ceramica","status":"publish","type":"page","link":"https:\/\/krceramicfiber.com\/es\/fieltro-de-fibra-ceramica\/","title":{"rendered":"Fieltro de fibra cer\u00e1mica"},"content":{"rendered":"<div class=\"product_info_bg\">\n<div class=\"page_model product_info\">\n<div class=\"preview\"><img loading=\"lazy\" decoding=\"async\" class=\"aligncenter size-full wp-image-3596\" src=\"https:\/\/krceramicfiber.com\/wp-content\/uploads\/2024\/09\/ceramic-fiber-felt.webp\" alt=\"Fieltro de fibra cer\u00e1mica\" width=\"780\" height=\"639\" \/><\/div>\n<div class=\"info\">\n<h1>Fieltro de fibra cer\u00e1mica<\/h1>\n<p class=\"profile\">El fieltro de fibra cer\u00e1mica Kerui ofrece un mejor aislamiento que las mantas de fibra cer\u00e1mica y, al mismo tiempo, es m\u00e1s flexible que los tableros de fibra cer\u00e1mica, lo que lo hace ideal para aplicaciones de alta temperatura como revestimientos de hornos y estufas. <\/p>\n<ul>\n<li>\n<div>1050-1260<\/div>\n<p><small>Clasificaci\u00f3n Temperatura (\u2103)<\/small><\/li>\n<li>\n<div>200\/220\/240\/260<\/div>\n<p><small>Densidad aparente (kg\/m\u00b3)<\/small><\/li>\n<li>\n<div>\u22648.0-\u226410.0<\/div>\n<p><small>P\u00e9rdida por ignici\u00f3n(%)<\/small><\/li>\n<li>\n<div>39-42<\/div>\n<p><small>Al2O3% (\u2265)<\/small><\/li>\n<li class=\"authentication\"><img loading=\"lazy\" decoding=\"async\" class=\"alignnone size-full wp-image-676\" src=\"https:\/\/krceramicfiber.com\/wp-content\/uploads\/2024\/09\/CE-min.webp\" alt=\"Autenticaci\u00f3n Kerui\" width=\"200\" height=\"55\" \/><\/li>\n<\/ul>\n<p><a class=\"inruiry fancybox\" href=\"#contact_form_pop\">obtener precio<\/a><a class=\"email-btn\" href=\"mailto:market@krceramicfiber.com\">enviar correo electr\u00f3nico<\/a>\n<\/div>\n<\/div>\n<\/div>\n<div class=\"product_model_bg\">\n<div class=\"page_model\">\n<h2 id=\"TechniqueData\">Ficha t\u00e9cnica del fieltro de fibra cer\u00e1mica Kerui<\/h2>\n<p>\n<table id=\"tablepress-65\" class=\"tablepress tablepress-id-65 tbody-has-connected-cells\">\n<thead>\n<tr class=\"row-1\">\n\t<th colspan=\"2\" class=\"column-1\">Fieltro de fibra cer\u00e1mica<\/th><th class=\"column-3\">KR1050C-RF<\/th><th class=\"column-4\">KR1260ST-RF<\/th><th class=\"column-5\">KR1260HP-RF<\/th>\n<\/tr>\n<\/thead>\n<tbody class=\"row-striping row-hover\">\n<tr class=\"row-2\">\n\t<td colspan=\"2\" class=\"column-1\">\uff08\u2103\uff09Temperatura m\u00e1xima de servicio<\/td><td class=\"column-3\">1050<\/td><td class=\"column-4\">1260<\/td><td class=\"column-5\">1260<\/td>\n<\/tr>\n<tr class=\"row-3\">\n\t<td colspan=\"2\" class=\"column-1\">\uff08KG\/M3\uff09Densidad<\/td><td colspan=\"3\" class=\"column-3\">200\/220\/240\/260<\/td>\n<\/tr>\n<tr class=\"row-4\">\n\t<td colspan=\"2\" class=\"column-1\">(24h)Contracci\u00f3n lineal(Despu\u00e9s de quemar)<\/td><td class=\"column-3\">(900\u2103x24h)\u22643,0<\/td><td class=\"column-4\">(1000\u2103x24h)<\u22643.0<\/td><td class=\"column-5\">(1050\u2103x24h)<\u22643.0<\/td>\n<\/tr>\n<tr class=\"row-5\">\n\t<td colspan=\"2\" class=\"column-1\">\uff08%\uff09p\u00e9rdida en el encendido<\/td><td class=\"column-3\">\u226410.0<\/td><td class=\"column-4\">\u22648.0<\/td><td class=\"column-5\">\u22648.0<\/td>\n<\/tr>\n<tr class=\"row-6\">\n\t<td colspan=\"2\" class=\"column-1\">(W\/m.k)Tasa de conductividad t\u00e9rmica(Media 500\u2103)<\/td><td colspan=\"3\" class=\"column-3\">\u22640.135<\/td>\n<\/tr>\n<tr class=\"row-7\">\n\t<td rowspan=\"3\" class=\"column-1\">Composici\u00f3n qu\u00edmica (despu\u00e9s de la combusti\u00f3n)<\/td><td class=\"column-2\">Al2O3<\/td><td class=\"column-3\">\u226539<\/td><td class=\"column-4\">\u226540<\/td><td class=\"column-5\">\u226542<\/td>\n<\/tr>\n<tr class=\"row-8\">\n\t<td class=\"column-2\">Al2O3+SiO2<\/td><td class=\"column-3\">\u226596.0<\/td><td class=\"column-4\">\u226597.0<\/td><td class=\"column-5\">\u226598.0<\/td>\n<\/tr>\n<tr class=\"row-9\">\n\t<td class=\"column-2\">Otros<\/td><td class=\"column-3\">\u22644.0<\/td><td class=\"column-4\">\u22643.0<\/td><td class=\"column-5\">\u22642.0<\/td>\n<\/tr>\n<tr class=\"row-10\">\n\t<td colspan=\"2\" class=\"column-1\">(Tama\u00f1o est\u00e1ndar)mm(L*A*T)<\/td><td colspan=\"3\" class=\"column-3\">600*400*\uff0820-50\uff09mm<\/td>\n<\/tr>\n<tr class=\"row-11\">\n\t<td colspan=\"2\" class=\"column-1\">\uff08Paquete\uff09<\/td><td colspan=\"3\" class=\"column-3\">\uff08Caja o paleta\uff09<\/td>\n<\/tr>\n<\/tbody>\n<\/table>\n<!-- #tablepress-65 from cache --><br \/>\n<center><a class=\"fancybox price\" href=\"#contact_form_pop\">OBTENER PRECIO<\/a><\/center><\/p>\n<div class=\"fancybox-hidden\" style=\"display: none;\">\n<div id=\"contact_form_pop\">\n<div class=\"wpcf7 no-js\" id=\"wpcf7-f328-o1\" lang=\"en-US\" dir=\"ltr\" data-wpcf7-id=\"328\">\n<div class=\"screen-reader-response\"><p role=\"status\" aria-live=\"polite\" aria-atomic=\"true\"><\/p> <ul><\/ul><\/div>\n<form action=\"\/es\/wp-json\/wp\/v2\/pages\/54214#wpcf7-f328-o1\" method=\"post\" class=\"wpcf7-form init\" aria-label=\"Formulario de contacto\" novalidate=\"novalidate\" data-status=\"init\" data-trp-original-action=\"\/es\/wp-json\/wp\/v2\/pages\/54214#wpcf7-f328-o1\">\n<fieldset class=\"hidden-fields-container\"><input type=\"hidden\" name=\"_wpcf7\" value=\"328\" \/><input type=\"hidden\" name=\"_wpcf7_version\" value=\"6.1\" \/><input type=\"hidden\" name=\"_wpcf7_locale\" value=\"en_US\" \/><input type=\"hidden\" name=\"_wpcf7_unit_tag\" value=\"wpcf7-f328-o1\" \/><input type=\"hidden\" name=\"_wpcf7_container_post\" value=\"0\" \/><input type=\"hidden\" name=\"_wpcf7_posted_data_hash\" value=\"\" \/><input type=\"hidden\" name=\"_wpcf7_recaptcha_response\" value=\"\" \/>\n<\/fieldset>\n<div class=\"form-box\" id=\"Contact-Us\">\n\t<div class=\"isleft\">\n\t\t<div class=\"contact-title\">\n\t\t\t<p>Contacte con nosotros\n\t\t\t<\/p>\n\t\t<\/div>\n\t\t<div class=\"contactp\">\n\t\t\t<p>No dude en enviarnos la informaci\u00f3n de su consulta. Nos pondremos en contacto con usted lo antes posible.\n\t\t\t<\/p>\n\t\t<\/div>\n\t\t<ul class=\"contact\">\n\t\t\t<li class=\"email\">\n\t\t\t\t<p><img decoding=\"async\" src=\"https:\/\/krceramicfiber.com\/wp-content\/uploads\/2023\/12\/email.png\" alt=\"\" \/>Correo electr\u00f3nico:\n\t\t\t\t<\/p>\n\t\t\t\t<p><a href=\"mailto:market@krceramicfiber.com\">market@krceramicfiber.com<\/a>\n\t\t\t\t<\/p>\n\t\t\t<\/li>\n\t\t\t<li class=\"phone\">\n\t\t\t\t<p><img decoding=\"async\" src=\"https:\/\/krceramicfiber.com\/wp-content\/uploads\/2023\/12\/tel.png\" alt=\"\" \/>Tel\u00e9fono\/whatsapp:\n\t\t\t\t<\/p>\n\t\t\t\t<p><a href=\"https:\/\/wa.me\/8619138178880\">+86 19138178880<\/a>\n\t\t\t\t<\/p>\n\t\t\t<\/li>\n\t\t\t<li class=\"location\">\n\t\t\t\t<p><img decoding=\"async\" src=\"https:\/\/krceramicfiber.com\/wp-content\/uploads\/2023\/12\/Location.png\" alt=\"\" \/>Base de fabricaci\u00f3n:\n\t\t\t\t<\/p>\n\t\t\t\t<p>Zona de Industria Refractaria de Chaohua,<br \/>\nCiudad de Xinmi, provincia de Henan, China\n\t\t\t\t<\/p>\n\t\t\t<\/li>\n\t\t<\/ul>\n\t<\/div>\n\t<div class=\"isright\">\n\t\t<ul class=\"contact-input\">\n\t\t\t<li>\n\t\t\t\t<div class=\"islabel\">\n\t\t\t\t\t<p>* Nombre:\n\t\t\t\t\t<\/p>\n\t\t\t\t<\/div>\n\t\t\t\t<p><span class=\"wpcf7-form-control-wrap\" data-name=\"your-name\"><input size=\"40\" maxlength=\"400\" class=\"wpcf7-form-control wpcf7-text wpcf7-validates-as-required\" aria-required=\"true\" aria-invalid=\"false\" placeholder=\"\" value=\"\" type=\"text\" name=\"your-name\" \/><\/span>\n\t\t\t\t<\/p>\n\t\t\t<\/li>\n\t\t\t<li>\n\t\t\t\t<div class=\"islabel\">\n\t\t\t\t\t<p>* Email:\n\t\t\t\t\t<\/p>\n\t\t\t\t<\/div>\n\t\t\t\t<p><span class=\"wpcf7-form-control-wrap\" data-name=\"your-email\"><input size=\"40\" maxlength=\"400\" class=\"wpcf7-form-control wpcf7-email wpcf7-validates-as-required wpcf7-text wpcf7-validates-as-email\" aria-required=\"true\" aria-invalid=\"false\" placeholder=\"\" value=\"\" type=\"email\" name=\"your-email\" \/><\/span>\n\t\t\t\t<\/p>\n\t\t\t<\/li>\n\t\t\t<li>\n\t\t\t\t<div class=\"islabel\">\n\t\t\t\t\t<p>* Tel\u00e9fono\/Whatsapp:\n\t\t\t\t\t<\/p>\n\t\t\t\t<\/div>\n\t\t\t\t<p><span class=\"wpcf7-form-control-wrap\" data-name=\"your-phone\"><input size=\"40\" maxlength=\"400\" class=\"wpcf7-form-control wpcf7-tel wpcf7-validates-as-required wpcf7-text wpcf7-validates-as-tel\" aria-required=\"true\" aria-invalid=\"false\" placeholder=\"\" value=\"\" type=\"tel\" name=\"your-phone\" \/><\/span>\n\t\t\t\t<\/p>\n\t\t\t<\/li>\n\t\t\t<li>\n\t\t\t\t<div class=\"islabel\">\n\t\t\t\t\t<p>Pa\u00eds:\n\t\t\t\t\t<\/p>\n\t\t\t\t<\/div>\n\t\t\t\t<p><span class=\"wpcf7-form-control-wrap\" data-name=\"your-country\"><input size=\"40\" maxlength=\"400\" class=\"wpcf7-form-control wpcf7-text\" aria-invalid=\"false\" placeholder=\"\" value=\"\" type=\"text\" name=\"your-country\" \/><\/span>\n\t\t\t\t<\/p>\n\t\t\t<\/li>\n\t\t\t<li class=\"ismassage\">\n\t\t\t\t<div class=\"islabel\">\n\t\t\t\t\t<p>* Mensaje:\n\t\t\t\t\t<\/p>\n\t\t\t\t<\/div>\n\t\t\t\t<p><span class=\"wpcf7-form-control-wrap\" data-name=\"your-msg\"><textarea cols=\"40\" rows=\"10\" maxlength=\"2000\" class=\"wpcf7-form-control wpcf7-textarea wpcf7-validates-as-required\" aria-required=\"true\" aria-invalid=\"false\" name=\"your-msg\"><\/textarea><\/span>\n\t\t\t\t<\/p>\n\t\t\t<\/li>\n\t\t\t<li class=\"wpcf7-btns-box\">\n\t\t\t\t<div class=\"isFileName\">\n\t\t\t\t<\/div>\n\t\t\t\t<div class=\"wpcf7-btns\">\n\t\t\t\t\t<p><input class=\"wpcf7-form-control wpcf7-submit has-spinner\" type=\"submit\" value=\"ENVIAR\" \/>\n\t\t\t\t\t<\/p>\n\t\t\t\t<\/div>\n\t\t\t<\/li>\n\t\t<\/ul>\n\t<\/div>\n<\/div><div class=\"wpcf7-response-output\" aria-hidden=\"true\"><\/div>\n<input type=\"hidden\" name=\"trp-form-language\" value=\"es\"\/><\/form>\n<\/div>\n<\/div>\n<\/div>\n<\/div>\n<div class=\"product_info_bg\">\n<div class=\"page_model\">\n<h2 id=\"PRODUCTDESCRIPTION\">Descripci\u00f3n del fieltro de fibra cer\u00e1mica<\/h2>\n<p>El fieltro de fibra cer\u00e1mica es un material aislante de fibra refractaria ligero y flexible fabricado por conformaci\u00f3n en vac\u00edo h\u00famedo. Los fieltros de fibra cer\u00e1mica son m\u00e1s altos que las mantas de fibra cer\u00e1mica y m\u00e1s bajos que los tableros de fibra cer\u00e1mica, y son adecuados para muchas aplicaciones industriales de alta temperatura.<\/p>\n<div class='content-column one_fourth'><div style=\"padding-right:20px;padding-bottom:10px;\"><div class='content-column full_width'><div style=\"padding:25px 25px 25px 25px;\"><div class=\"tb8\">Buena flexibilidad, ductilidad fina y larga vida \u00fatil.<\/div><\/div><\/div><\/div><\/div>\n<div class='content-column one_fourth'><div style=\"padding-right:20px;padding-bottom:10px;\"><div class='content-column full_width'><div style=\"padding:25px 25px 25px 25px;\"><div class=\"tb2\">Baja capacidad calor\u00edfica y termoconductividad.<\/div><\/div><\/div><\/div><\/div>\n<div class='content-column one_fourth'><div style=\"padding-right:20px;padding-bottom:10px;\"><div class='content-column full_width'><div style=\"padding:25px 25px 25px 25px;\"><div class=\"tb11\">Excelente estabilidad qu\u00edmica y resistencia al choque t\u00e9rmico.<\/div><\/div><\/div><\/div><\/div>\n<div class='content-column one_fourth last_column'><div style=\"padding-right:20px;padding-bottom:10px;\"><div class='content-column full_width'><div style=\"padding:25px 25px 25px 25px;\"><div class=\"tb9\">F\u00e1cil de cortar e instalar, y c\u00f3modo de construir.<\/div><\/div><\/div><\/div><\/div><div class='clear_column'><\/div><\/div>\n<\/div>\n<div class=\"product_model_bg\">\n<div class=\"page_model\">\n<div class=\"pt-cv-wrapper\">Error: puede que no exista la vista de <strong>9da21bcsik<\/strong><\/div>\n<\/div>\n<div id=\"INQUIRY\" class=\"page_model\"><p class=\"wpcf7-contact-form-not-found\"><strong>Error:<\/strong> Formulario de contacto no encontrado.<\/p><\/div>\n<div class=\"page_model\">\n<div class=\"swiper related-products\">\n<div class=\"swiper-wrapper\">\n<div class=\"swiper-slide\"><\/div>\n<\/div>\n<\/div>\n<\/div>\n<\/div>","protected":false},"excerpt":{"rendered":"<p>Ceramic Fibre Felt Kerui Ceramic Fiber Felt offers better insulation than ceramic fiber blankets while &#8230; <a title=\"Fieltro de fibra cer\u00e1mica\" class=\"read-more\" href=\"https:\/\/krceramicfiber.com\/es\/fieltro-de-fibra-ceramica\/\" aria-label=\"M\u00e1s en Ceramic Fibre Felt\">Leer m\u00e1s<\/a><\/p>","protected":false},"author":1,"featured_media":54201,"parent":0,"menu_order":0,"comment_status":"closed","ping_status":"closed","template":"","meta":{"footnotes":""},"class_list":{"0":"post-54214","1":"page","2":"type-page","3":"status-publish","4":"has-post-thumbnail","6":"no-featured-image-padding","7":"resize-featured-image"},"yoast_head":"<!-- This site is optimized with the Yoast SEO plugin v25.3 - https:\/\/yoast.com\/wordpress\/plugins\/seo\/ -->\n<title>Ceramic Fibre Felt - Your Thermal insulation material Manufactruer | Kerui Refractory\u00ae Official Website<\/title>\n<meta name=\"description\" content=\"Ceramic fiber Felt is a lightweight, flexible refractory fiber insulation material made by wet vacuum forming.\" \/>\n<meta name=\"robots\" content=\"index, follow, max-snippet:-1, max-image-preview:large, max-video-preview:-1\" \/>\n<link rel=\"canonical\" href=\"https:\/\/krceramicfiber.com\/es\/fieltro-de-fibra-ceramica\/\" \/>\n<meta property=\"og:locale\" content=\"es_ES\" \/>\n<meta property=\"og:type\" content=\"article\" \/>\n<meta property=\"og:title\" content=\"Ceramic Fibre Felt - Your Thermal insulation material Manufactruer | Kerui Refractory\u00ae Official Website\" \/>\n<meta property=\"og:description\" content=\"Ceramic fiber Felt is a lightweight, flexible refractory fiber insulation material made by wet vacuum forming.\" \/>\n<meta property=\"og:url\" content=\"https:\/\/krceramicfiber.com\/es\/fieltro-de-fibra-ceramica\/\" \/>\n<meta property=\"og:site_name\" content=\"Your Thermal insulation material Manufactruer | Kerui Refractory\u00ae Official Website\" \/>\n<meta property=\"article:modified_time\" content=\"2025-06-16T03:22:49+00:00\" \/>\n<meta property=\"og:image\" content=\"https:\/\/krceramicfiber.com\/wp-content\/uploads\/2024\/09\/ceramic-fiber-felt.webp\" \/>\n\t<meta property=\"og:image:width\" content=\"660\" \/>\n\t<meta property=\"og:image:height\" content=\"528\" \/>\n\t<meta property=\"og:image:type\" content=\"image\/webp\" \/>\n<meta name=\"twitter:card\" content=\"summary_large_image\" \/>\n<meta name=\"twitter:label1\" content=\"Tiempo de lectura\" \/>\n\t<meta name=\"twitter:data1\" content=\"2 minutos\" \/>\n<script type=\"application\/ld+json\" class=\"yoast-schema-graph\">{\"@context\":\"https:\/\/schema.org\",\"@graph\":[{\"@type\":\"WebPage\",\"@id\":\"https:\/\/krceramicfiber.com\/ceramic-fibre-felt\/\",\"url\":\"https:\/\/krceramicfiber.com\/ceramic-fibre-felt\/\",\"name\":\"Ceramic Fibre Felt - Your Thermal insulation material Manufactruer | Kerui Refractory\u00ae Official Website\",\"isPartOf\":{\"@id\":\"https:\/\/krceramicfiber.com\/#website\"},\"primaryImageOfPage\":{\"@id\":\"https:\/\/krceramicfiber.com\/ceramic-fibre-felt\/#primaryimage\"},\"image\":{\"@id\":\"https:\/\/krceramicfiber.com\/ceramic-fibre-felt\/#primaryimage\"},\"thumbnailUrl\":\"https:\/\/krceramicfiber.com\/wp-content\/uploads\/2024\/09\/ceramic-fiber-felt.webp\",\"datePublished\":\"2024-09-12T07:28:42+00:00\",\"dateModified\":\"2025-06-16T03:22:49+00:00\",\"description\":\"Ceramic fiber Felt is a lightweight, flexible refractory fiber insulation material made by wet vacuum forming.\",\"breadcrumb\":{\"@id\":\"https:\/\/krceramicfiber.com\/ceramic-fibre-felt\/#breadcrumb\"},\"inLanguage\":\"es\",\"potentialAction\":[{\"@type\":\"ReadAction\",\"target\":[\"https:\/\/krceramicfiber.com\/ceramic-fibre-felt\/\"]}]},{\"@type\":\"ImageObject\",\"inLanguage\":\"es\",\"@id\":\"https:\/\/krceramicfiber.com\/ceramic-fibre-felt\/#primaryimage\",\"url\":\"https:\/\/krceramicfiber.com\/wp-content\/uploads\/2024\/09\/ceramic-fiber-felt.webp\",\"contentUrl\":\"https:\/\/krceramicfiber.com\/wp-content\/uploads\/2024\/09\/ceramic-fiber-felt.webp\",\"width\":660,\"height\":528,\"caption\":\"ceramic fiber felt\"},{\"@type\":\"BreadcrumbList\",\"@id\":\"https:\/\/krceramicfiber.com\/ceramic-fibre-felt\/#breadcrumb\",\"itemListElement\":[{\"@type\":\"ListItem\",\"position\":1,\"name\":\"Home\",\"item\":\"https:\/\/krceramicfiber.com\/\"},{\"@type\":\"ListItem\",\"position\":2,\"name\":\"Ceramic Fibre Felt\"}]},{\"@type\":\"WebSite\",\"@id\":\"https:\/\/krceramicfiber.com\/#website\",\"url\":\"https:\/\/krceramicfiber.com\/\",\"name\":\"Your Thermal insulation material Manufactruer | Kerui Refractory\u00ae Official Website\",\"description\":\"\",\"publisher\":{\"@id\":\"https:\/\/krceramicfiber.com\/#organization\"},\"potentialAction\":[{\"@type\":\"SearchAction\",\"target\":{\"@type\":\"EntryPoint\",\"urlTemplate\":\"https:\/\/krceramicfiber.com\/?s={search_term_string}\"},\"query-input\":{\"@type\":\"PropertyValueSpecification\",\"valueRequired\":true,\"valueName\":\"search_term_string\"}}],\"inLanguage\":\"es\"},{\"@type\":\"Organization\",\"@id\":\"https:\/\/krceramicfiber.com\/#organization\",\"name\":\"Your Thermal insulation material Manufactruer | Kerui Refractory\u00ae Official Website\",\"url\":\"https:\/\/krceramicfiber.com\/\",\"logo\":{\"@type\":\"ImageObject\",\"inLanguage\":\"es\",\"@id\":\"https:\/\/krceramicfiber.com\/#\/schema\/logo\/image\/\",\"url\":\"https:\/\/krceramicfiber.com\/wp-content\/uploads\/2024\/01\/footer-Logo.png\",\"contentUrl\":\"https:\/\/krceramicfiber.com\/wp-content\/uploads\/2024\/01\/footer-Logo.png\",\"width\":282,\"height\":70,\"caption\":\"Your Thermal insulation material Manufactruer | Kerui Refractory\u00ae Official Website\"},\"image\":{\"@id\":\"https:\/\/krceramicfiber.com\/#\/schema\/logo\/image\/\"}}]}<\/script>\n<!-- \/ Yoast SEO plugin. -->","yoast_head_json":{"title":"Fieltro de fibra cer\u00e1mica - Su fabricante de aislantes t\u00e9rmicos | Kerui Refractory\u00ae P\u00e1gina web oficial","description":"El fieltro de fibra cer\u00e1mica es un material aislante de fibra refractaria, ligero y flexible, fabricado por conformaci\u00f3n en vac\u00edo h\u00famedo.","robots":{"index":"index","follow":"follow","max-snippet":"max-snippet:-1","max-image-preview":"max-image-preview:large","max-video-preview":"max-video-preview:-1"},"canonical":"https:\/\/krceramicfiber.com\/es\/fieltro-de-fibra-ceramica\/","og_locale":"es_ES","og_type":"article","og_title":"Ceramic Fibre Felt - Your Thermal insulation material Manufactruer | Kerui Refractory\u00ae Official Website","og_description":"Ceramic fiber Felt is a lightweight, flexible refractory fiber insulation material made by wet vacuum forming.","og_url":"https:\/\/krceramicfiber.com\/es\/fieltro-de-fibra-ceramica\/","og_site_name":"Your Thermal insulation material Manufactruer | Kerui Refractory\u00ae Official Website","article_modified_time":"2025-06-16T03:22:49+00:00","og_image":[{"width":660,"height":528,"url":"https:\/\/krceramicfiber.com\/wp-content\/uploads\/2024\/09\/ceramic-fiber-felt.webp","type":"image\/webp"}],"twitter_card":"summary_large_image","twitter_misc":{"Tiempo de lectura":"2 minutos"},"schema":{"@context":"https:\/\/schema.org","@graph":[{"@type":"WebPage","@id":"https:\/\/krceramicfiber.com\/ceramic-fibre-felt\/","url":"https:\/\/krceramicfiber.com\/ceramic-fibre-felt\/","name":"Fieltro de fibra cer\u00e1mica - Su fabricante de aislantes t\u00e9rmicos | Kerui Refractory\u00ae P\u00e1gina web oficial","isPartOf":{"@id":"https:\/\/krceramicfiber.com\/#website"},"primaryImageOfPage":{"@id":"https:\/\/krceramicfiber.com\/ceramic-fibre-felt\/#primaryimage"},"image":{"@id":"https:\/\/krceramicfiber.com\/ceramic-fibre-felt\/#primaryimage"},"thumbnailUrl":"https:\/\/krceramicfiber.com\/wp-content\/uploads\/2024\/09\/ceramic-fiber-felt.webp","datePublished":"2024-09-12T07:28:42+00:00","dateModified":"2025-06-16T03:22:49+00:00","description":"El fieltro de fibra cer\u00e1mica es un material aislante de fibra refractaria, ligero y flexible, fabricado por conformaci\u00f3n en vac\u00edo h\u00famedo.","breadcrumb":{"@id":"https:\/\/krceramicfiber.com\/ceramic-fibre-felt\/#breadcrumb"},"inLanguage":"es","potentialAction":[{"@type":"ReadAction","target":["https:\/\/krceramicfiber.com\/ceramic-fibre-felt\/"]}]},{"@type":"ImageObject","inLanguage":"es","@id":"https:\/\/krceramicfiber.com\/ceramic-fibre-felt\/#primaryimage","url":"https:\/\/krceramicfiber.com\/wp-content\/uploads\/2024\/09\/ceramic-fiber-felt.webp","contentUrl":"https:\/\/krceramicfiber.com\/wp-content\/uploads\/2024\/09\/ceramic-fiber-felt.webp","width":660,"height":528,"caption":"ceramic fiber felt"},{"@type":"BreadcrumbList","@id":"https:\/\/krceramicfiber.com\/ceramic-fibre-felt\/#breadcrumb","itemListElement":[{"@type":"ListItem","position":1,"name":"Home","item":"https:\/\/krceramicfiber.com\/"},{"@type":"ListItem","position":2,"name":"Ceramic Fibre Felt"}]},{"@type":"WebSite","@id":"https:\/\/krceramicfiber.com\/#website","url":"https:\/\/krceramicfiber.com\/","name":"Su fabricante de aislantes t\u00e9rmicos | Kerui Refractory\u00ae P\u00e1gina web oficial","description":"","publisher":{"@id":"https:\/\/krceramicfiber.com\/#organization"},"potentialAction":[{"@type":"SearchAction","target":{"@type":"EntryPoint","urlTemplate":"https:\/\/krceramicfiber.com\/?s={search_term_string}"},"query-input":{"@type":"PropertyValueSpecification","valueRequired":true,"valueName":"search_term_string"}}],"inLanguage":"es"},{"@type":"Organization","@id":"https:\/\/krceramicfiber.com\/#organization","name":"Su fabricante de aislantes t\u00e9rmicos | Kerui Refractory\u00ae P\u00e1gina web oficial","url":"https:\/\/krceramicfiber.com\/","logo":{"@type":"ImageObject","inLanguage":"es","@id":"https:\/\/krceramicfiber.com\/#\/schema\/logo\/image\/","url":"https:\/\/krceramicfiber.com\/wp-content\/uploads\/2024\/01\/footer-Logo.png","contentUrl":"https:\/\/krceramicfiber.com\/wp-content\/uploads\/2024\/01\/footer-Logo.png","width":282,"height":70,"caption":"Your Thermal insulation material Manufactruer | Kerui Refractory\u00ae Official Website"},"image":{"@id":"https:\/\/krceramicfiber.com\/#\/schema\/logo\/image\/"}}]}},"_links":{"self":[{"href":"https:\/\/krceramicfiber.com\/es\/wp-json\/wp\/v2\/pages\/54214","targetHints":{"allow":["GET"]}}],"collection":[{"href":"https:\/\/krceramicfiber.com\/es\/wp-json\/wp\/v2\/pages"}],"about":[{"href":"https:\/\/krceramicfiber.com\/es\/wp-json\/wp\/v2\/types\/page"}],"author":[{"embeddable":true,"href":"https:\/\/krceramicfiber.com\/es\/wp-json\/wp\/v2\/users\/1"}],"replies":[{"embeddable":true,"href":"https:\/\/krceramicfiber.com\/es\/wp-json\/wp\/v2\/comments?post=54214"}],"version-history":[{"count":0,"href":"https:\/\/krceramicfiber.com\/es\/wp-json\/wp\/v2\/pages\/54214\/revisions"}],"wp:featuredmedia":[{"embeddable":true,"href":"https:\/\/krceramicfiber.com\/es\/wp-json\/wp\/v2\/media\/54201"}],"wp:attachment":[{"href":"https:\/\/krceramicfiber.com\/es\/wp-json\/wp\/v2\/media?parent=54214"}],"curies":[{"name":"wp","href":"https:\/\/api.w.org\/{rel}","templated":true}]}}