{"id":37,"date":"2023-06-15T15:55:14","date_gmt":"2023-06-15T07:55:14","guid":{"rendered":"https:\/\/krceramicfiber.com\/?page_id=37"},"modified":"2025-06-16T16:03:27","modified_gmt":"2025-06-16T08:03:27","slug":"kerui-refractory","status":"publish","type":"page","link":"https:\/\/krceramicfiber.com\/es\/","title":{"rendered":"Kerui Refractario"},"content":{"rendered":"<div class=\"swiper home-banner\">\n<div class=\"swiper-wrapper\">\n<div class=\"swiper-slide\">\n<div class=\"banner-swiper\">\n<div class=\"grid-container\">\n<div class=\"banner-text\">\n<div class=\"banner-t1\">Al servicio de la industria mundial de alta temperatura<\/div>\n<div class=\"banner-t2\">\n<div>Manta de fibra cer\u00e1mica<\/div>\n<div>Tablero de fibra cer\u00e1mica<\/div>\n<div>M\u00f3dulo de fibra cer\u00e1mica<\/div>\n<\/div>\n<\/div>\n<\/div>\n<\/div>\n<\/div>\n<div class=\"swiper-slide\">\n<div class=\"banner-swiper\">\n<div class=\"grid-container\">\n<div class=\"banner-text\">\n<div class=\"banner-t1\">Fabricante de material aislante resistente<\/div>\n<div class=\"banner-t2\">\n<div>Productos y soluciones personalizables<\/div>\n<div>Prueba de la muestra disponible<\/div>\n<div>Precio razonable<\/div>\n<\/div>\n<\/div>\n<\/div>\n<\/div>\n<\/div>\n<div class=\"swiper-slide\">\n<div class=\"banner-swiper\">\n<div class=\"grid-container\">\n<div class=\"banner-text\">\n<div class=\"banner-t1\">Ampliamente utilizado y de construcci\u00f3n sencilla<\/div>\n<div class=\"banner-t2\">\n<div>Industria metal\u00fargica<\/div>\n<div>Industria de metales no f\u00e9rreos<\/div>\n<div>Industria cer\u00e1mica<\/div>\n<div>M\u00e1s<\/div>\n<\/div>\n<\/div>\n<\/div>\n<\/div>\n<\/div>\n<\/div>\n<\/div>\n<div class=\"home-banner-navigation\">\n<div class=\"button-prev\"><\/div>\n<div class=\"button-next\"><\/div>\n<\/div>\n<div class=\"home-aboutUS\">\n<div class=\"grid-container\">\n<div class=\"isright wow fadeInRight\" data-wow-delay=\"0.1s\">\n<div class=\"home-t1\">Kerui Refractario<\/div>\n<div class=\"t1-1\">Ventas directas de f\u00e1brica, sin diferencia de precio entre intermediarios.<\/div>\n<div class=\"t2\">Kerui Refractory se encuentra en la mayor zona industrial refractaria de China: Chaohua Town, Xinmi City, Henan Province.Kerui Refractory se esfuerza por proporcionar soluciones de primera clase<br \/>\ny servicio para industrias de alta temperatura en todo el mundo, incluyendo siderurgia, aluminio, energ\u00eda, vidrio, calderas, no ferrosos, industria del cemento, etc. Nuestro principal objetivo es<br \/>\npermitir el \u00e9xito y la prosperidad de estas industrias proporcion\u00e1ndoles los materiales y el apoyo necesarios para operar con seguridad y eficacia a altas temperaturas.<\/div>\n<div class=\"isleft wow fadeInLeft\"><img decoding=\"async\" src=\"https:\/\/krceramicfiber.com\/wp-content\/uploads\/2024\/09\/kerui-factory-view.webp\" alt=\"\" \/><\/div>\n<\/div>\n<\/div>\n<\/div>\n<div class=\"home-why\">\n<div class=\"iscontain\">\n<div class=\"home-t1 wow fadeInUp\">Producto Kerui<\/div>\n<p class=\"isdes wow fadeInUp\" data-wow-delay=\"0.1s\">Serie de fibra cer\u00e1mica, serie de silicato de aluminio, serie de silicato de calcio, serie de aerogel, serie de poliuretano, serie de magnesio,<br \/>\nFibra mineral, Paneles s\u00e1ndwich<\/p>\n<div class=\"swiper home-why-swiper\">\n<div class=\"swiper-wrapper\">\n<div class=\"swiper-slide wow fadeInUp\" data-wow-delay=\"0.2s\">\n<div class=\"cover\"><a href=\"https:\/\/krceramicfiber.com\/es\/ceramic-fiber-products\/\" target=\"_blank\" rel=\"noopener\"><img loading=\"lazy\" decoding=\"async\" class=\"alignnone\" src=\"https:\/\/krceramicfiber.com\/wp-content\/uploads\/2024\/09\/Ceramic-Fiber-.jpg\" alt=\"Serie de fibra cer\u00e1mica\" width=\"410\" height=\"210\" \/><\/a><\/div>\n<div class=\"t1\"><a href=\"https:\/\/krceramicfiber.com\/es\/ceramic-fiber-products\/\" target=\"_blank\" rel=\"noopener\">Serie de fibra cer\u00e1mica<\/a><\/div>\n<p>Manta de fibra cer\u00e1mica.<br \/>\nTablero de fibra cer\u00e1mica.<br \/>\nM\u00f3dulo de fibra cer\u00e1mica.<br \/>\nCuerda de fibra cer\u00e1mica...<\/p>\n<\/div>\n<div class=\"swiper-slide wow fadeInUp\" data-wow-delay=\"0.3s\">\n<div class=\"cover\"><a href=\"https:\/\/krceramicfiber.com\/es\/products\/#Calcium%20Silicate%20Products\" target=\"_blank\" rel=\"noopener\"><img loading=\"lazy\" decoding=\"async\" class=\"alignnone\" src=\"https:\/\/krceramicfiber.com\/wp-content\/uploads\/2024\/09\/Calcium-silicate-Series.jpg\" alt=\"Serie del silicato de calcio\" width=\"410\" height=\"210\" \/><\/a><\/div>\n<div class=\"t1\"><a href=\"https:\/\/krceramicfiber.com\/es\/products\/#Calcium%20Silicate%20Products\" target=\"_blank\" rel=\"noopener\">Serie del silicato de calcio<\/a><\/div>\n<p>Tablero de silicato c\u00e1lcico.<br \/>\nTubo de silicato de calcio.<br \/>\nTableros prepintados inorg\u00e1nicos...<\/p>\n<\/div>\n<div class=\"swiper-slide wow fadeInUp\" data-wow-delay=\"0.4s\">\n<div class=\"cover\"><a href=\"https:\/\/krceramicfiber.com\/es\/products\/#Sandwich%20Panel%20Products\" target=\"_blank\" rel=\"noopener\"><img loading=\"lazy\" decoding=\"async\" class=\"alignnone\" src=\"https:\/\/krceramicfiber.com\/wp-content\/uploads\/2024\/09\/Sandwich-Panel.jpg\" alt=\"Panel s\u00e1ndwich\" width=\"410\" height=\"210\" \/><\/a><\/div>\n<div class=\"t1\"><a href=\"https:\/\/krceramicfiber.com\/es\/products\/#Sandwich%20Panel%20Products\" target=\"_blank\" rel=\"noopener\">Serie de paneles s\u00e1ndwich<\/a><\/div>\n<p>Placa de poliestireno expandido.<br \/>\nPanel GPS Sandwich.<br \/>\nPanel s\u00e1ndwich de silicato de calcio...<\/p>\n<\/div>\n<div class=\"swiper-slide wow fadeInUp\" data-wow-delay=\"0.5s\">\n<div class=\"cover\"><a href=\"https:\/\/krceramicfiber.com\/es\/products\/#Bio%20Soluble%20Fiber%20Products\" target=\"_blank\" rel=\"noopener\"><img loading=\"lazy\" decoding=\"async\" class=\"alignnone\" src=\"https:\/\/krceramicfiber.com\/wp-content\/uploads\/2024\/09\/Soluble-fibre.jpg\" alt=\"Fibra biosoluble\" width=\"410\" height=\"210\" \/><\/a><\/div>\n<div class=\"t1\"><a href=\"https:\/\/krceramicfiber.com\/es\/products\/#Bio%20Soluble%20Fiber%20Products\" target=\"_blank\" rel=\"noopener\">Fibra biosoluble<\/a><\/div>\n<p>Manta de fibra bio soluble.<br \/>\nTablero de fibra biosoluble.<br \/>\nM\u00f3dulo de fibra biosoluble.<br \/>\nPapel de fibra biosoluble...<\/p>\n<\/div>\n<div class=\"swiper-slide wow fadeInUp\" data-wow-delay=\"0.6s\">\n<div class=\"cover\"><a href=\"https:\/\/krceramicfiber.com\/es\/products\/#Polyurethane%20Insulation%20Products\" target=\"_blank\" rel=\"noopener\"><img loading=\"lazy\" decoding=\"async\" class=\"alignnone\" src=\"https:\/\/krceramicfiber.com\/wp-content\/uploads\/2024\/09\/High-performance-polyurethane-foam.jpg\" alt=\"Espuma de poliuretano de alto rendimiento\" width=\"410\" height=\"210\" \/><\/a><\/div>\n<div class=\"t1\"><a href=\"https:\/\/krceramicfiber.com\/es\/products\/#Polyurethane%20Insulation%20Products\" target=\"_blank\" rel=\"noopener\">Espuma de poliuretano<\/a><\/div>\n<p>Espuma de poliuretano de alto rendimiento HPPU.<br \/>\nEspuma de poliisocianurato PIR.<br \/>\nEspuma de poliuretano en spray.<br \/>\nPanel s\u00e1ndwich de poliuretano...<\/p>\n<\/div>\n<div class=\"swiper-slide wow fadeInUp\" data-wow-delay=\"0.7s\">\n<div class=\"cover\"><a href=\"https:\/\/krceramicfiber.com\/es\/products\/#Magnesium%20Insulation%20Products\" target=\"_blank\" rel=\"noopener\"><img loading=\"lazy\" decoding=\"async\" class=\"alignnone\" src=\"https:\/\/krceramicfiber.com\/wp-content\/uploads\/2024\/09\/magnesium-board.jpg\" alt=\"Tablero de magnesio\" width=\"410\" height=\"210\" \/><\/a><\/div>\n<div class=\"t1\"><a href=\"https:\/\/krceramicfiber.com\/es\/products\/#Magnesium%20Insulation%20Products\" target=\"_blank\" rel=\"noopener\">Tablero de magnesio<\/a><\/div>\n<p>Placa de vidrio y magnesio.<br \/>\nTablero ign\u00edfugo de magnesio.<br \/>\nPanel s\u00e1ndwich de compuesto de magnesio...<\/p>\n<\/div>\n<div class=\"swiper-slide wow fadeInUp\" data-wow-delay=\"0.8s\">\n<div class=\"cover\"><a href=\"https:\/\/krceramicfiber.com\/es\/products\/#Aerogel%20Insulation%20Products\" target=\"_blank\" rel=\"noopener\"><img decoding=\"async\" src=\"https:\/\/krceramicfiber.com\/wp-content\/uploads\/2024\/09\/Aerogel-Sandwich-Panel.jpg\" alt=\"Tablero de magnesio\" \/><\/a><\/div>\n<div class=\"t1\"><a href=\"https:\/\/krceramicfiber.com\/es\/products\/#Aerogel%20Insulation%20Products\" target=\"_blank\" rel=\"noopener\">Serie Aerogel aislante<\/a><\/div>\n<p>Panel s\u00e1ndwich de aerogel.<br \/>\nFieltro aislante de aerogel.<br \/>\nPlaca aislante de aerogel.<br \/>\nFieltro de aislamiento nanot\u00e9rmico.<br \/>\nPlaca de nanoaislamiento t\u00e9rmico...<\/p>\n<\/div>\n<\/div>\n<div class=\"home-why-swiper-pagination swiper-pagination\"><\/div>\n<\/div>\n<\/div>\n<\/div>\n<div class=\"home-material\">\n<div class=\"title-box\">\n<div class=\"home-t1 wow fadeInUp\">Aplicaci\u00f3n<\/div>\n<div class=\"t2 wow fadeInUp\" data-wow-delay=\"0.1s\">se utilizan en diversas industrias<\/div>\n<\/div>\n<div class=\"iscontain\">\n<ul class=\"islist\">\n<li class=\"wow fadeInUp\" data-wow-delay=\"0.2s\">Industria sider\u00fargica<\/li>\n<li class=\"wow fadeInUp\" data-wow-delay=\"0.3s\">Industria del vidrio<\/li>\n<li class=\"wow fadeInUp\" data-wow-delay=\"0.4s\">Industria cer\u00e1mica<\/li>\n<li class=\"wow fadeInUp\" data-wow-delay=\"0.5s\">Industria cementera<\/li>\n<li class=\"wow fadeInUp\" data-wow-delay=\"0.6s\">Industria energ\u00e9tica<\/li>\n<li class=\"wow fadeInUp\" data-wow-delay=\"0.7s\">Industria metal\u00fargica<\/li>\n<\/ul>\n<\/div>\n<\/div>\n<div class=\"about-world\">\n<div class=\"iscontain\">\n<div class=\"isleft\">\n<div class=\"about-world-title\">LA RED DE KERUI EN TODO EL MUNDO<\/div>\n<ul class=\"isdata\">\n<li>\n<div class=\"t1\">500<\/div>\n<p class=\"t2\">Continentes<\/p>\n<\/li>\n<li>\n<div class=\"t1\">1700<sub>+<\/sub><\/div>\n<p class=\"t2\">Casos de \u00e9xito<\/p>\n<\/li>\n<li>\n<div class=\"t1\">4500<sub>+<\/sub><\/div>\n<p class=\"t2\">Clientes<\/p>\n<\/li>\n<\/ul>\n<p>Adem\u00e1s de China continental, Kerui Refractory ha exportado productos a m\u00e1s de 50 pa\u00edses y regiones de 6 continentes de todo el mundo, incluidos Asia, Europa, Norteam\u00e9rica, Sudam\u00e9rica, \u00c1frica y Ocean\u00eda. Hemos recibido el reconocimiento y los elogios de clientes de todo el mundo, y recibimos constantemente pedidos de devoluci\u00f3n y referencias de clientes.<\/p>\n<\/div>\n<div class=\"isright\"><img loading=\"lazy\" decoding=\"async\" class=\"alignnone size-full wp-image-15950\" src=\"https:\/\/krceramicfiber.com\/wp-content\/uploads\/2024\/09\/kerui-about-us-map.webp\" alt=\"kerui acerca de nosotros mapa\" width=\"974\" height=\"494\" \/><\/div>\n<\/div>\n<\/div>\n<div class=\"home-customer-feedback\">\n<div class=\"home-t1\">COMENTARIOS DE LOS CLIENTES<\/div>\n<div class=\"grid-container\">\n<div class=\"isleft\"><img decoding=\"async\" src=\"https:\/\/krceramicfiber.com\/wp-content\/uploads\/2024\/09\/customer.webp\" alt=\"\" \/><\/div>\n<div class=\"swiper home-feedback-swiper\">\n<div class=\"swiper-wrapper\">\n<div class=\"swiper-slide\">\n<div class=\"istext\">\"Era la primera vez que colaboraba con Kerui. Desde la consulta hasta el servicio posventa, Kerui me proporcion\u00f3 una experiencia perfecta. Hab\u00eda un servicio de atenci\u00f3n al cliente profesional para las consultas previas a la venta; hab\u00eda un gestor comercial para hacer el seguimiento durante la venta y proporcionar los horarios puntualmente. El equipo t\u00e9cnico de posventa se encarg\u00f3 de guiar la construcci\u00f3n y el servicio. En definitiva, estoy muy satisfecho y seguir\u00e9 cooperando con Kerui\".<\/div>\n<div class=\"isuser\">\n<div class=\"isname\">Jo\u00e3o<\/div>\n<div class=\"iscontry\">primer cliente de Brasil<\/div>\n<\/div>\n<\/div>\n<div class=\"swiper-slide\">\n<div class=\"istext\">\"Como cliente que ha cooperado con nosotros muchas veces, estoy muy satisfecho con el servicio y la calidad de los productos de Kerui. Son profesionales y fiables, sus productos son duraderos y fiables y siempre satisfacen nuestras necesidades. Su equipo es amable, profesional y siempre orientado al cliente. La entrega fue puntual, la comunicaci\u00f3n oportuna y la cooperaci\u00f3n agradable. Kerui es un socio muy recomendable. \"<\/div>\n<div class=\"isuser\">\n<div class=\"isname\">Georgy<\/div>\n<div class=\"iscontry\">clientes de la industria sider\u00fargica de Rusia<\/div>\n<\/div>\n<\/div>\n<div class=\"swiper-slide\">\n<div class=\"istext\">\"Muchas gracias a mi amigo Wayan por recomendarme Refractory Materials Company. Debo decir que han superado mis expectativas. La calidad de los productos y servicios que ofrece Kerui es extraordinaria. Su equipo de profesionales ofrece a los clientes soluciones personalizadas y destaca por su puntualidad en las entregas. Sus habilidades de comunicaci\u00f3n y coordinaci\u00f3n hacen que trabajar juntos sea f\u00e1cil y agradable. Recomiendo encarecidamente Refractory Company a todo el mundo. \"<\/div>\n<div class=\"isuser\">\n<div class=\"isname\">Budi<\/div>\n<div class=\"iscontry\">Cliente de Indonesia desde hace 5 a\u00f1os<\/div>\n<\/div>\n<\/div>\n<div class=\"swiper-slide\">\n<div class=\"istext\">\"Tuve mucha suerte de conocer Kerui. Kerui no s\u00f3lo puede ofrecer productos refractarios de calidad garantizada a precios competitivos, sino que tambi\u00e9n cuenta con ingenieros profesionales para ofrecer soluciones de construcci\u00f3n. Eleg\u00ed Kerui una y otra vez por confianza. Adem\u00e1s, tambi\u00e9n recomendar\u00e9 Kerui Refractory Company a mis amigos. Kerui es la mejor opci\u00f3n en la industria refractaria\".<\/div>\n<div class=\"isuser\">\n<div class=\"isname\">Budiharto<\/div>\n<div class=\"iscontry\">10 a\u00f1os de clientes fieles Desde Malasia<\/div>\n<\/div>\n<\/div>\n<div class=\"swiper-slide\">\n<div class=\"istext\">\"Estamos muy agradecidos a Kerui Refractory por proporcionarnos soluciones profesionales. Los ladrillos refractarios que utilizamos en los hornos el\u00e9ctricos son de muy buena calidad y muy duraderos. Kerui no s\u00f3lo nos proporciona productos de alta calidad, sino tambi\u00e9n planes de construcci\u00f3n razonables, lo que nos ahorra tiempo de construcci\u00f3n. Esperamos tener m\u00e1s oportunidades de cooperaci\u00f3n en el futuro\".<\/div>\n<div class=\"isuser\">\n<div class=\"isname\">Anuman<\/div>\n<div class=\"iscontry\">Clientes habituales que han recomprado 4 veces Desde Tailandia<\/div>\n<\/div>\n<\/div>\n<div class=\"swiper-slide\">\n<div class=\"istext\">\"Cuando visit\u00e9 su f\u00e1brica la \u00faltima vez, sent\u00ed que la escala de la f\u00e1brica era grande, el proceso de producci\u00f3n era completo, la tecnolog\u00eda de producci\u00f3n era exquisita y la calidad del producto era excelente. Tambi\u00e9n agradezco al personal t\u00e9cnico su orientaci\u00f3n en materia de construcci\u00f3n. Los materiales aislantes que nos proporcionaron son totalmente adecuados para nuestros hornos.\"<\/div>\n<div class=\"isuser\">\n<div class=\"isname\">Italia - Romeo<\/div>\n<div class=\"iscontry\">Clientes habituales que han recomprado 3 veces<\/div>\n<\/div>\n<\/div>\n<\/div>\n<div class=\"swiper-button-prev home-feedback-button-prev\"><\/div>\n<div class=\"swiper-button-next home-feedback-button-next\"><\/div>\n<\/div>\n<\/div>\n<\/div>","protected":false},"excerpt":{"rendered":"<p>Serving the global high-temp industry Ceramic Fiber Blanket Ceramic Fiber Board Ceramic Fiber Module Strength &#8230; <a title=\"Kerui Refractario\" class=\"read-more\" href=\"https:\/\/krceramicfiber.com\/es\/\" aria-label=\"M\u00e1s en Kerui Refractory\">Leer m\u00e1s<\/a><\/p>","protected":false},"author":1,"featured_media":0,"parent":0,"menu_order":0,"comment_status":"closed","ping_status":"closed","template":"","meta":{"footnotes":""},"class_list":{"0":"post-37","1":"page","2":"type-page","3":"status-publish","5":"no-featured-image-padding"},"yoast_head":"<!-- This site is optimized with the Yoast SEO plugin v25.3 - https:\/\/yoast.com\/wordpress\/plugins\/seo\/ -->\n<title>Kerui Refractory - Your Thermal insulation material Manufactruer | Kerui Refractory\u00ae Official Website<\/title>\n<meta name=\"description\" content=\"KERUI Refractory Supply Ceramic Fiber Blanket | Ceramic Fiber Products | Calcium Silicate Board | Sandwich Panel | Aerogel Insulation etc, any requirement please contact with us.\" \/>\n<meta name=\"robots\" content=\"index, follow, max-snippet:-1, max-image-preview:large, max-video-preview:-1\" \/>\n<link rel=\"canonical\" href=\"https:\/\/krceramicfiber.com\/es\/\" \/>\n<meta property=\"og:locale\" content=\"es_ES\" \/>\n<meta property=\"og:type\" content=\"article\" \/>\n<meta property=\"og:title\" content=\"Kerui Refractory - Your Thermal insulation material Manufactruer | Kerui Refractory\u00ae Official Website\" \/>\n<meta property=\"og:description\" content=\"KERUI Refractory Supply Ceramic Fiber Blanket | Ceramic Fiber Products | Calcium Silicate Board | Sandwich Panel | Aerogel Insulation etc, any requirement please contact with us.\" \/>\n<meta property=\"og:url\" content=\"https:\/\/krceramicfiber.com\/es\/\" \/>\n<meta property=\"og:site_name\" content=\"Your Thermal insulation material Manufactruer | Kerui Refractory\u00ae Official Website\" \/>\n<meta property=\"article:modified_time\" content=\"2025-06-16T08:03:27+00:00\" \/>\n<meta property=\"og:image\" content=\"https:\/\/krceramicfiber.com\/wp-content\/uploads\/2024\/09\/kerui-factory-view.webp\" \/>\n<meta name=\"twitter:card\" content=\"summary_large_image\" \/>\n<meta name=\"twitter:label1\" content=\"Tiempo de lectura\" \/>\n\t<meta name=\"twitter:data1\" content=\"6 minutos\" \/>\n<script type=\"application\/ld+json\" class=\"yoast-schema-graph\">{\"@context\":\"https:\/\/schema.org\",\"@graph\":[{\"@type\":\"WebPage\",\"@id\":\"https:\/\/krceramicfiber.com\/\",\"url\":\"https:\/\/krceramicfiber.com\/\",\"name\":\"Kerui Refractory - Your Thermal insulation material Manufactruer | Kerui Refractory\u00ae Official Website\",\"isPartOf\":{\"@id\":\"https:\/\/krceramicfiber.com\/#website\"},\"primaryImageOfPage\":{\"@id\":\"https:\/\/krceramicfiber.com\/#primaryimage\"},\"image\":{\"@id\":\"https:\/\/krceramicfiber.com\/#primaryimage\"},\"thumbnailUrl\":\"https:\/\/krceramicfiber.com\/wp-content\/uploads\/2024\/09\/kerui-factory-view.webp\",\"datePublished\":\"2023-06-15T07:55:14+00:00\",\"dateModified\":\"2025-06-16T08:03:27+00:00\",\"description\":\"KERUI Refractory Supply Ceramic Fiber Blanket | Ceramic Fiber Products | Calcium Silicate Board | Sandwich Panel | Aerogel Insulation etc, any requirement please contact with us.\",\"breadcrumb\":{\"@id\":\"https:\/\/krceramicfiber.com\/#breadcrumb\"},\"inLanguage\":\"es\",\"potentialAction\":[{\"@type\":\"ReadAction\",\"target\":[\"https:\/\/krceramicfiber.com\/\"]}]},{\"@type\":\"ImageObject\",\"inLanguage\":\"es\",\"@id\":\"https:\/\/krceramicfiber.com\/#primaryimage\",\"url\":\"https:\/\/krceramicfiber.com\/wp-content\/uploads\/2024\/09\/kerui-factory-view.webp\",\"contentUrl\":\"https:\/\/krceramicfiber.com\/wp-content\/uploads\/2024\/09\/kerui-factory-view.webp\"},{\"@type\":\"BreadcrumbList\",\"@id\":\"https:\/\/krceramicfiber.com\/#breadcrumb\",\"itemListElement\":[{\"@type\":\"ListItem\",\"position\":1,\"name\":\"Home\",\"item\":\"https:\/\/krceramicfiber.com\/\"},{\"@type\":\"ListItem\",\"position\":2,\"name\":\"Kerui Refractory\"}]},{\"@type\":\"WebSite\",\"@id\":\"https:\/\/krceramicfiber.com\/#website\",\"url\":\"https:\/\/krceramicfiber.com\/\",\"name\":\"Your Thermal insulation material Manufactruer | Kerui Refractory\u00ae Official Website\",\"description\":\"\",\"publisher\":{\"@id\":\"https:\/\/krceramicfiber.com\/#organization\"},\"potentialAction\":[{\"@type\":\"SearchAction\",\"target\":{\"@type\":\"EntryPoint\",\"urlTemplate\":\"https:\/\/krceramicfiber.com\/?s={search_term_string}\"},\"query-input\":{\"@type\":\"PropertyValueSpecification\",\"valueRequired\":true,\"valueName\":\"search_term_string\"}}],\"inLanguage\":\"es\"},{\"@type\":\"Organization\",\"@id\":\"https:\/\/krceramicfiber.com\/#organization\",\"name\":\"Your Thermal insulation material Manufactruer | Kerui Refractory\u00ae Official Website\",\"url\":\"https:\/\/krceramicfiber.com\/\",\"logo\":{\"@type\":\"ImageObject\",\"inLanguage\":\"es\",\"@id\":\"https:\/\/krceramicfiber.com\/#\/schema\/logo\/image\/\",\"url\":\"https:\/\/krceramicfiber.com\/wp-content\/uploads\/2024\/01\/footer-Logo.png\",\"contentUrl\":\"https:\/\/krceramicfiber.com\/wp-content\/uploads\/2024\/01\/footer-Logo.png\",\"width\":282,\"height\":70,\"caption\":\"Your Thermal insulation material Manufactruer | Kerui Refractory\u00ae Official Website\"},\"image\":{\"@id\":\"https:\/\/krceramicfiber.com\/#\/schema\/logo\/image\/\"}}]}<\/script>\n<!-- \/ Yoast SEO plugin. -->","yoast_head_json":{"title":"Kerui Refractory - Su fabricante de materiales de aislamiento t\u00e9rmico | Sitio web oficial de Kerui Refractory","description":"KERUI Refractario Suministro Manta de Fibra Cer\u00e1mica | Productos de Fibra Cer\u00e1mica | Tablero de Silicato de Calcio | Panel Sandwich | Aislamiento de Aerogel etc, cualquier requisito por favor p\u00f3ngase en contacto con nosotros.","robots":{"index":"index","follow":"follow","max-snippet":"max-snippet:-1","max-image-preview":"max-image-preview:large","max-video-preview":"max-video-preview:-1"},"canonical":"https:\/\/krceramicfiber.com\/es\/","og_locale":"es_ES","og_type":"article","og_title":"Kerui Refractory - Your Thermal insulation material Manufactruer | Kerui Refractory\u00ae Official Website","og_description":"KERUI Refractory Supply Ceramic Fiber Blanket | Ceramic Fiber Products | Calcium Silicate Board | Sandwich Panel | Aerogel Insulation etc, any requirement please contact with us.","og_url":"https:\/\/krceramicfiber.com\/es\/","og_site_name":"Your Thermal insulation material Manufactruer | Kerui Refractory\u00ae Official Website","article_modified_time":"2025-06-16T08:03:27+00:00","og_image":[{"url":"https:\/\/krceramicfiber.com\/wp-content\/uploads\/2024\/09\/kerui-factory-view.webp","type":"","width":"","height":""}],"twitter_card":"summary_large_image","twitter_misc":{"Tiempo de lectura":"6 minutos"},"schema":{"@context":"https:\/\/schema.org","@graph":[{"@type":"WebPage","@id":"https:\/\/krceramicfiber.com\/","url":"https:\/\/krceramicfiber.com\/","name":"Kerui Refractory - Su fabricante de materiales de aislamiento t\u00e9rmico | Sitio web oficial de Kerui Refractory","isPartOf":{"@id":"https:\/\/krceramicfiber.com\/#website"},"primaryImageOfPage":{"@id":"https:\/\/krceramicfiber.com\/#primaryimage"},"image":{"@id":"https:\/\/krceramicfiber.com\/#primaryimage"},"thumbnailUrl":"https:\/\/krceramicfiber.com\/wp-content\/uploads\/2024\/09\/kerui-factory-view.webp","datePublished":"2023-06-15T07:55:14+00:00","dateModified":"2025-06-16T08:03:27+00:00","description":"KERUI Refractario Suministro Manta de Fibra Cer\u00e1mica | Productos de Fibra Cer\u00e1mica | Tablero de Silicato de Calcio | Panel Sandwich | Aislamiento de Aerogel etc, cualquier requisito por favor p\u00f3ngase en contacto con nosotros.","breadcrumb":{"@id":"https:\/\/krceramicfiber.com\/#breadcrumb"},"inLanguage":"es","potentialAction":[{"@type":"ReadAction","target":["https:\/\/krceramicfiber.com\/"]}]},{"@type":"ImageObject","inLanguage":"es","@id":"https:\/\/krceramicfiber.com\/#primaryimage","url":"https:\/\/krceramicfiber.com\/wp-content\/uploads\/2024\/09\/kerui-factory-view.webp","contentUrl":"https:\/\/krceramicfiber.com\/wp-content\/uploads\/2024\/09\/kerui-factory-view.webp"},{"@type":"BreadcrumbList","@id":"https:\/\/krceramicfiber.com\/#breadcrumb","itemListElement":[{"@type":"ListItem","position":1,"name":"Home","item":"https:\/\/krceramicfiber.com\/"},{"@type":"ListItem","position":2,"name":"Kerui Refractory"}]},{"@type":"WebSite","@id":"https:\/\/krceramicfiber.com\/#website","url":"https:\/\/krceramicfiber.com\/","name":"Su fabricante de aislantes t\u00e9rmicos | Kerui Refractory\u00ae P\u00e1gina web oficial","description":"","publisher":{"@id":"https:\/\/krceramicfiber.com\/#organization"},"potentialAction":[{"@type":"SearchAction","target":{"@type":"EntryPoint","urlTemplate":"https:\/\/krceramicfiber.com\/?s={search_term_string}"},"query-input":{"@type":"PropertyValueSpecification","valueRequired":true,"valueName":"search_term_string"}}],"inLanguage":"es"},{"@type":"Organization","@id":"https:\/\/krceramicfiber.com\/#organization","name":"Su fabricante de aislantes t\u00e9rmicos | Kerui Refractory\u00ae P\u00e1gina web oficial","url":"https:\/\/krceramicfiber.com\/","logo":{"@type":"ImageObject","inLanguage":"es","@id":"https:\/\/krceramicfiber.com\/#\/schema\/logo\/image\/","url":"https:\/\/krceramicfiber.com\/wp-content\/uploads\/2024\/01\/footer-Logo.png","contentUrl":"https:\/\/krceramicfiber.com\/wp-content\/uploads\/2024\/01\/footer-Logo.png","width":282,"height":70,"caption":"Your Thermal insulation material Manufactruer | Kerui Refractory\u00ae Official Website"},"image":{"@id":"https:\/\/krceramicfiber.com\/#\/schema\/logo\/image\/"}}]}},"_links":{"self":[{"href":"https:\/\/krceramicfiber.com\/es\/wp-json\/wp\/v2\/pages\/37","targetHints":{"allow":["GET"]}}],"collection":[{"href":"https:\/\/krceramicfiber.com\/es\/wp-json\/wp\/v2\/pages"}],"about":[{"href":"https:\/\/krceramicfiber.com\/es\/wp-json\/wp\/v2\/types\/page"}],"author":[{"embeddable":true,"href":"https:\/\/krceramicfiber.com\/es\/wp-json\/wp\/v2\/users\/1"}],"replies":[{"embeddable":true,"href":"https:\/\/krceramicfiber.com\/es\/wp-json\/wp\/v2\/comments?post=37"}],"version-history":[{"count":0,"href":"https:\/\/krceramicfiber.com\/es\/wp-json\/wp\/v2\/pages\/37\/revisions"}],"wp:attachment":[{"href":"https:\/\/krceramicfiber.com\/es\/wp-json\/wp\/v2\/media?parent=37"}],"curies":[{"name":"wp","href":"https:\/\/api.w.org\/{rel}","templated":true}]}}