{"id":54274,"date":"2024-09-13T15:50:59","date_gmt":"2024-09-13T07:50:59","guid":{"rendered":"https:\/\/krceramicfiber.com\/?page_id=925"},"modified":"2025-11-25T17:05:34","modified_gmt":"2025-11-25T09:05:34","slug":"ceramic-fibre-rope","status":"publish","type":"page","link":"https:\/\/krceramicfiber.com\/de\/ceramic-fibre-rope\/","title":{"rendered":"Keramisches Faserseil"},"content":{"rendered":"<div class=\"product_info_bg\">\n<div class=\"page_model product_info\">\n<div class=\"preview\"><img loading=\"lazy\" decoding=\"async\" class=\"aligncenter size-full wp-image-3596\" src=\"https:\/\/krceramicfiber.com\/wp-content\/uploads\/2024\/09\/ceramic-fiber-rope.webp\" alt=\"Keramisches Faserseil\" width=\"780\" height=\"639\" \/><\/div>\n<div class=\"info\">\n<h1>Keramisches Faserseil<\/h1>\n<p class=\"profile\">Ceramic fibre ropes are braided from ceramic fibre yarns reinforced with heat-resistant alloy wires or glass yarns. They come in various types, including round, square, twisted, and tubing ropes, depending on the production process, reinforcement materials, and rope shapes.<\/p>\n<ul>\n<li>\n<div>650-1000<\/div>\n<p><small>Einstufung Temperatur (\u2103)<\/small><\/li>\n<li>\n<div>380\/500<\/div>\n<p><small>Sch\u00fcttdichte (kg\/m\u00b3)<\/small><\/li>\n<li class=\"authentication\"><img loading=\"lazy\" decoding=\"async\" class=\"alignnone size-full wp-image-676\" src=\"https:\/\/krceramicfiber.com\/wp-content\/uploads\/2024\/09\/CE-min.webp\" alt=\"Kerui-Authentifizierung\" width=\"200\" height=\"55\" \/><\/li>\n<\/ul>\n<p><a class=\"inruiry fancybox\" href=\"#contact_form_pop\">Preis erhalten<\/a><a class=\"email-btn\" href=\"mailto:market@krceramicfiber.com\">E-Mail senden<\/a><\/p>\n<\/div>\n<\/div>\n<\/div>\n<div class=\"product_model_bg\">\n<div class=\"page_model\">\n<h2 id=\"TechniqueData\">Kerui Ceramic Fibre Rope Technical Data Sheet<\/h2>\n\n<table id=\"tablepress-26\" class=\"tablepress tablepress-id-26 tbody-has-connected-cells\">\n<thead>\n<tr class=\"row-1\">\n\t<th class=\"column-1\">Item\/Grade<\/th><th colspan=\"2\" class=\"column-2\">Round Braided Rope<\/th><th colspan=\"2\" class=\"column-4\">Square Braided Rope<\/th><th colspan=\"2\" class=\"column-6\">Twisted Rope<\/th><th class=\"column-8\">Woolen Rope<\/th>\n<\/tr>\n<\/thead>\n<tbody class=\"row-striping row-hover\">\n<tr class=\"row-2\">\n\t<td class=\"column-1\">Reinforcement<\/td><td class=\"column-2\">Glass Fiber<\/td><td class=\"column-3\">Stainless Steel<\/td><td class=\"column-4\">Glass Fiber<\/td><td class=\"column-5\">Stainless Steel<\/td><td class=\"column-6\">Glass Fiber<\/td><td class=\"column-7\">Stainless Steel<\/td><td class=\"column-8\">Glass Fiber<\/td>\n<\/tr>\n<tr class=\"row-3\">\n\t<td class=\"column-1\">Continuous Temperature Use Limit\/\u2103<\/td><td class=\"column-2\">650<\/td><td class=\"column-3\">1000<\/td><td class=\"column-4\">650<\/td><td class=\"column-5\">1000<\/td><td class=\"column-6\">650<\/td><td class=\"column-7\">1000<\/td><td class=\"column-8\">650<\/td>\n<\/tr>\n<tr class=\"row-4\">\n\t<td class=\"column-1\">Color<\/td><td colspan=\"2\" class=\"column-2\">White<\/td><td colspan=\"2\" class=\"column-4\">White<\/td><td colspan=\"2\" class=\"column-6\">White<\/td><td class=\"column-8\">White<\/td>\n<\/tr>\n<tr class=\"row-5\">\n\t<td class=\"column-1\">Sch\u00fcttdichte (kg\/m\u00b3)<\/td><td colspan=\"2\" class=\"column-2\">500<\/td><td colspan=\"2\" class=\"column-4\">500<\/td><td colspan=\"2\" class=\"column-6\">500<\/td><td class=\"column-8\">380<\/td>\n<\/tr>\n<tr class=\"row-6\">\n\t<td class=\"column-1\">Organic Content \u2264\/%<\/td><td colspan=\"2\" class=\"column-2\">15<\/td><td colspan=\"2\" class=\"column-4\">15<\/td><td colspan=\"2\" class=\"column-6\">\u226415<\/td><td class=\"column-8\">\u226415<\/td>\n<\/tr>\n<\/tbody>\n<\/table>\n\n<p><center><a class=\"fancybox price\" href=\"#contact_form_pop\">PREIS ERHALTEN<\/a><\/center><\/p>\n<div class=\"fancybox-hidden\" style=\"display: none;\">\n<div id=\"contact_form_pop\">\n<div class=\"wpcf7 no-js\" id=\"wpcf7-f328-o1\" lang=\"en-US\" dir=\"ltr\" data-wpcf7-id=\"328\">\n<div class=\"screen-reader-response\"><p role=\"status\" aria-live=\"polite\" aria-atomic=\"true\"><\/p> <ul><\/ul><\/div>\n<form action=\"\/de\/wp-json\/wp\/v2\/pages\/54274#wpcf7-f328-o1\" method=\"post\" class=\"wpcf7-form init\" aria-label=\"Contact form\" novalidate=\"novalidate\" data-status=\"init\" data-trp-original-action=\"\/de\/wp-json\/wp\/v2\/pages\/54274#wpcf7-f328-o1\">\n<fieldset class=\"hidden-fields-container\"><input type=\"hidden\" name=\"_wpcf7\" value=\"328\" \/><input type=\"hidden\" name=\"_wpcf7_version\" value=\"6.1\" \/><input type=\"hidden\" name=\"_wpcf7_locale\" value=\"en_US\" \/><input type=\"hidden\" name=\"_wpcf7_unit_tag\" value=\"wpcf7-f328-o1\" \/><input type=\"hidden\" name=\"_wpcf7_container_post\" value=\"0\" \/><input type=\"hidden\" name=\"_wpcf7_posted_data_hash\" value=\"\" \/><input type=\"hidden\" name=\"_wpcf7_recaptcha_response\" value=\"\" \/>\n<\/fieldset>\n<div class=\"form-box\" id=\"Contact-Us\">\n\t<div class=\"isleft\">\n\t\t<div class=\"contact-title\">\n\t\t\t<p>Kontakt\n\t\t\t<\/p>\n\t\t<\/div>\n\t\t<div class=\"contactp\">\n\t\t\t<p>Bitte senden Sie uns Ihre Anfrageinformationen. Wir werden uns so schnell wie m\u00f6glich mit Ihnen in Verbindung setzen.\n\t\t\t<\/p>\n\t\t<\/div>\n\t\t<ul class=\"contact\">\n\t\t\t<li class=\"email\">\n\t\t\t\t<p><img decoding=\"async\" src=\"https:\/\/krceramicfiber.com\/wp-content\/uploads\/2023\/12\/email.png\" alt=\"\" \/>E-Mail:\n\t\t\t\t<\/p>\n\t\t\t\t<p><a href=\"mailto:market@krceramicfiber.com\">market@krceramicfiber.com<\/a>\n\t\t\t\t<\/p>\n\t\t\t<\/li>\n\t\t\t<li class=\"phone\">\n\t\t\t\t<p><img decoding=\"async\" src=\"https:\/\/krceramicfiber.com\/wp-content\/uploads\/2023\/12\/tel.png\" alt=\"\" \/>Telefon\/Whatsapp:\n\t\t\t\t<\/p>\n\t\t\t\t<p><a href=\"https:\/\/wa.me\/8619138178880\">+86 19138178880<\/a>\n\t\t\t\t<\/p>\n\t\t\t<\/li>\n\t\t\t<li class=\"location\">\n\t\t\t\t<p><img decoding=\"async\" src=\"https:\/\/krceramicfiber.com\/wp-content\/uploads\/2023\/12\/Location.png\" alt=\"\" \/>Produktionsbasis:\n\t\t\t\t<\/p>\n\t\t\t\t<p>Chaohua Zone f\u00fcr feuerfeste Industrie,<br \/>\nStadt Xinmi, Provinz Henan, China\n\t\t\t\t<\/p>\n\t\t\t<\/li>\n\t\t<\/ul>\n\t<\/div>\n\t<div class=\"isright\">\n\t\t<ul class=\"contact-input\">\n\t\t\t<li>\n\t\t\t\t<div class=\"islabel\">\n\t\t\t\t\t<p>* Name:\n\t\t\t\t\t<\/p>\n\t\t\t\t<\/div>\n\t\t\t\t<p><span class=\"wpcf7-form-control-wrap\" data-name=\"your-name\"><input size=\"40\" maxlength=\"400\" class=\"wpcf7-form-control wpcf7-text wpcf7-validates-as-required\" aria-required=\"true\" aria-invalid=\"false\" placeholder=\"\" value=\"\" type=\"text\" name=\"your-name\" \/><\/span>\n\t\t\t\t<\/p>\n\t\t\t<\/li>\n\t\t\t<li>\n\t\t\t\t<div class=\"islabel\">\n\t\t\t\t\t<p>* E-Mail:\n\t\t\t\t\t<\/p>\n\t\t\t\t<\/div>\n\t\t\t\t<p><span class=\"wpcf7-form-control-wrap\" data-name=\"your-email\"><input size=\"40\" maxlength=\"400\" class=\"wpcf7-form-control wpcf7-email wpcf7-validates-as-required wpcf7-text wpcf7-validates-as-email\" aria-required=\"true\" aria-invalid=\"false\" placeholder=\"\" value=\"\" type=\"email\" name=\"your-email\" \/><\/span>\n\t\t\t\t<\/p>\n\t\t\t<\/li>\n\t\t\t<li>\n\t\t\t\t<div class=\"islabel\">\n\t\t\t\t\t<p>* Telefon\/Whatsapp:\n\t\t\t\t\t<\/p>\n\t\t\t\t<\/div>\n\t\t\t\t<p><span class=\"wpcf7-form-control-wrap\" data-name=\"your-phone\"><input size=\"40\" maxlength=\"400\" class=\"wpcf7-form-control wpcf7-tel wpcf7-validates-as-required wpcf7-text wpcf7-validates-as-tel\" aria-required=\"true\" aria-invalid=\"false\" placeholder=\"\" value=\"\" type=\"tel\" name=\"your-phone\" \/><\/span>\n\t\t\t\t<\/p>\n\t\t\t<\/li>\n\t\t\t<li>\n\t\t\t\t<div class=\"islabel\">\n\t\t\t\t\t<p>Land:\n\t\t\t\t\t<\/p>\n\t\t\t\t<\/div>\n\t\t\t\t<p><span class=\"wpcf7-form-control-wrap\" data-name=\"your-country\"><input size=\"40\" maxlength=\"400\" class=\"wpcf7-form-control wpcf7-text\" aria-invalid=\"false\" placeholder=\"\" value=\"\" type=\"text\" name=\"your-country\" \/><\/span>\n\t\t\t\t<\/p>\n\t\t\t<\/li>\n\t\t\t<li class=\"ismassage\">\n\t\t\t\t<div class=\"islabel\">\n\t\t\t\t\t<p>* Nachricht:\n\t\t\t\t\t<\/p>\n\t\t\t\t<\/div>\n\t\t\t\t<p><span class=\"wpcf7-form-control-wrap\" data-name=\"your-msg\"><textarea cols=\"40\" rows=\"10\" maxlength=\"2000\" class=\"wpcf7-form-control wpcf7-textarea wpcf7-validates-as-required\" aria-required=\"true\" aria-invalid=\"false\" name=\"your-msg\"><\/textarea><\/span>\n\t\t\t\t<\/p>\n\t\t\t<\/li>\n\t\t\t<li class=\"wpcf7-btns-box\">\n\t\t\t\t<div class=\"isFileName\">\n\t\t\t\t<\/div>\n\t\t\t\t<div class=\"wpcf7-btns\">\n\t\t\t\t\t<p><input class=\"wpcf7-form-control wpcf7-submit has-spinner\" type=\"submit\" value=\"SENDEN\" \/>\n\t\t\t\t\t<\/p>\n\t\t\t\t<\/div>\n\t\t\t<\/li>\n\t\t<\/ul>\n\t<\/div>\n<\/div><div class=\"wpcf7-response-output\" aria-hidden=\"true\"><\/div>\n<input type=\"hidden\" name=\"trp-form-language\" value=\"de\"\/><\/form>\n<\/div>\n<\/div>\n<\/div>\n<\/div>\n<div class=\"product_info_bg\">\n<div class=\"page_model\">\n<h2 id=\"PRODUCTDESCRIPTION\">Description of Ceramic Fibre Rope<\/h2>\n<p>Ceramic fibre ropes are braided from ceramic fibre yarns reinforced with heat-resistant alloy wires or alkali-free glass yarns. Ceramic fibre ropes can be divided into ceramic fibre round braided ropes, ceramic fibre square braided ropes, ceramic fibre yarn twisted ropes, ceramic fibre woolen twisted ropes, ceramic fibre tubing ropes and other products according to the production process, yarn reinforcing materials, and different shapes of ropes section.<\/p>\n<div class='content-column one_fourth'><div style=\"padding-right:20px;padding-bottom:10px;\"><div class='content-column full_width'><div style=\"padding:25px 25px 25px 25px;\"><div class=\"tb1\">Ausgezeichnete Hochtemperatur-Zugfestigkeit.<\/div><\/div><\/div><\/div><\/div>\n<div class='content-column one_fourth'><div style=\"padding-right:20px;padding-bottom:10px;\"><div class='content-column full_width'><div style=\"padding:25px 25px 25px 25px;\"><div class=\"tb2\">Excellent resistance to corrosion by acid, minus and oil.<\/div><\/div><\/div><\/div><\/div>\n<div class='content-column one_fourth'><div style=\"padding-right:20px;padding-bottom:10px;\"><div class='content-column full_width'><div style=\"padding:25px 25px 25px 25px;\"><div class=\"tb3\">Resistance to erosion by immersion in non-ferrous metal fluids.<\/div><\/div><\/div><\/div><\/div>\n<div class='content-column one_fourth last_column'><div style=\"padding-right:20px;padding-bottom:10px;\"><div class='content-column full_width'><div style=\"padding:25px 25px 25px 25px;\"><div class=\"tb4\">Geringe W\u00e4rmeleitf\u00e4higkeit, geringe W\u00e4rmekapazit\u00e4t.<\/div><\/div><\/div><\/div><\/div><div class='clear_column'><\/div>\n<\/div>\n<\/div>\n<div class=\"product_model_bg\">\n<div class=\"page_model\"><div class=\"pt-cv-wrapper\">Fehler: View <strong>9da21bcsik<\/strong> existiert m\u00f6glicherweise nicht<\/div><\/div>\n<div id=\"INQUIRY\" class=\"page_model\"><p class=\"wpcf7-contact-form-not-found\"><strong>Fehler:<\/strong> Kontaktformular wurde nicht gefunden.<\/p><\/div>\n<div class=\"page_model\">\n<div class=\"swiper related-products\">\n<div class=\"swiper-wrapper\">\n<div class=\"swiper-slide\"><\/div>\n<\/div>\n<\/div>\n<\/div>\n<\/div>\n<\/div>","protected":false},"excerpt":{"rendered":"<p>Ceramic Fibre Rope Ceramic fibre ropes are braided from ceramic fibre yarns reinforced with heat-resistant &#8230; <a title=\"Keramisches Faserseil\" class=\"read-more\" href=\"https:\/\/krceramicfiber.com\/de\/ceramic-fibre-rope\/\" aria-label=\"Mehr bei Ceramic Fibre Rope\">Weiterlesen &#8230;<\/a><\/p>","protected":false},"author":1,"featured_media":54198,"parent":0,"menu_order":0,"comment_status":"closed","ping_status":"closed","template":"","meta":{"footnotes":""},"class_list":{"0":"post-54274","1":"page","2":"type-page","3":"status-publish","4":"has-post-thumbnail","6":"no-featured-image-padding","7":"resize-featured-image"},"yoast_head":"<!-- This site is optimized with the Yoast SEO plugin v25.3 - https:\/\/yoast.com\/wordpress\/plugins\/seo\/ -->\n<title>Ceramic Fibre Rope - Your Thermal insulation material Manufactruer | Kerui Refractory\u00ae Official Website<\/title>\n<meta name=\"description\" content=\"Ceramic fibre ropes are braided from ceramic fibre yarns reinforced with heat-resistant alloy wires or alkali-free glass yarns.\" \/>\n<meta name=\"robots\" content=\"index, follow, max-snippet:-1, max-image-preview:large, max-video-preview:-1\" \/>\n<link rel=\"canonical\" href=\"https:\/\/krceramicfiber.com\/de\/ceramic-fibre-rope\/\" \/>\n<meta property=\"og:locale\" content=\"de_DE\" \/>\n<meta property=\"og:type\" content=\"article\" \/>\n<meta property=\"og:title\" content=\"Ceramic Fibre Rope - Your Thermal insulation material Manufactruer | Kerui Refractory\u00ae Official Website\" \/>\n<meta property=\"og:description\" content=\"Ceramic fibre ropes are braided from ceramic fibre yarns reinforced with heat-resistant alloy wires or alkali-free glass yarns.\" \/>\n<meta property=\"og:url\" content=\"https:\/\/krceramicfiber.com\/de\/ceramic-fibre-rope\/\" \/>\n<meta property=\"og:site_name\" content=\"Your Thermal insulation material Manufactruer | Kerui Refractory\u00ae Official Website\" \/>\n<meta property=\"article:modified_time\" content=\"2025-11-25T09:05:34+00:00\" \/>\n<meta property=\"og:image\" content=\"https:\/\/krceramicfiber.com\/wp-content\/uploads\/2024\/09\/ceramic-fiber-rope.webp\" \/>\n\t<meta property=\"og:image:width\" content=\"660\" \/>\n\t<meta property=\"og:image:height\" content=\"528\" \/>\n\t<meta property=\"og:image:type\" content=\"image\/webp\" \/>\n<meta name=\"twitter:card\" content=\"summary_large_image\" \/>\n<meta name=\"twitter:label1\" content=\"Gesch\u00e4tzte Lesezeit\" \/>\n\t<meta name=\"twitter:data1\" content=\"2\u00a0Minuten\" \/>\n<script type=\"application\/ld+json\" class=\"yoast-schema-graph\">{\"@context\":\"https:\/\/schema.org\",\"@graph\":[{\"@type\":\"WebPage\",\"@id\":\"https:\/\/krceramicfiber.com\/ceramic-fibre-rope\/\",\"url\":\"https:\/\/krceramicfiber.com\/ceramic-fibre-rope\/\",\"name\":\"Ceramic Fibre Rope - Your Thermal insulation material Manufactruer | Kerui Refractory\u00ae Official Website\",\"isPartOf\":{\"@id\":\"https:\/\/krceramicfiber.com\/#website\"},\"primaryImageOfPage\":{\"@id\":\"https:\/\/krceramicfiber.com\/ceramic-fibre-rope\/#primaryimage\"},\"image\":{\"@id\":\"https:\/\/krceramicfiber.com\/ceramic-fibre-rope\/#primaryimage\"},\"thumbnailUrl\":\"https:\/\/krceramicfiber.com\/wp-content\/uploads\/2024\/09\/ceramic-fiber-rope.webp\",\"datePublished\":\"2024-09-13T07:50:59+00:00\",\"dateModified\":\"2025-11-25T09:05:34+00:00\",\"description\":\"Ceramic fibre ropes are braided from ceramic fibre yarns reinforced with heat-resistant alloy wires or alkali-free glass yarns.\",\"breadcrumb\":{\"@id\":\"https:\/\/krceramicfiber.com\/ceramic-fibre-rope\/#breadcrumb\"},\"inLanguage\":\"de\",\"potentialAction\":[{\"@type\":\"ReadAction\",\"target\":[\"https:\/\/krceramicfiber.com\/ceramic-fibre-rope\/\"]}]},{\"@type\":\"ImageObject\",\"inLanguage\":\"de\",\"@id\":\"https:\/\/krceramicfiber.com\/ceramic-fibre-rope\/#primaryimage\",\"url\":\"https:\/\/krceramicfiber.com\/wp-content\/uploads\/2024\/09\/ceramic-fiber-rope.webp\",\"contentUrl\":\"https:\/\/krceramicfiber.com\/wp-content\/uploads\/2024\/09\/ceramic-fiber-rope.webp\",\"width\":660,\"height\":528,\"caption\":\"ceramic fiber rope\"},{\"@type\":\"BreadcrumbList\",\"@id\":\"https:\/\/krceramicfiber.com\/ceramic-fibre-rope\/#breadcrumb\",\"itemListElement\":[{\"@type\":\"ListItem\",\"position\":1,\"name\":\"Home\",\"item\":\"https:\/\/krceramicfiber.com\/\"},{\"@type\":\"ListItem\",\"position\":2,\"name\":\"Ceramic Fibre Rope\"}]},{\"@type\":\"WebSite\",\"@id\":\"https:\/\/krceramicfiber.com\/#website\",\"url\":\"https:\/\/krceramicfiber.com\/\",\"name\":\"Your Thermal insulation material Manufactruer | Kerui Refractory\u00ae Official Website\",\"description\":\"\",\"publisher\":{\"@id\":\"https:\/\/krceramicfiber.com\/#organization\"},\"potentialAction\":[{\"@type\":\"SearchAction\",\"target\":{\"@type\":\"EntryPoint\",\"urlTemplate\":\"https:\/\/krceramicfiber.com\/?s={search_term_string}\"},\"query-input\":{\"@type\":\"PropertyValueSpecification\",\"valueRequired\":true,\"valueName\":\"search_term_string\"}}],\"inLanguage\":\"de\"},{\"@type\":\"Organization\",\"@id\":\"https:\/\/krceramicfiber.com\/#organization\",\"name\":\"Your Thermal insulation material Manufactruer | Kerui Refractory\u00ae Official Website\",\"url\":\"https:\/\/krceramicfiber.com\/\",\"logo\":{\"@type\":\"ImageObject\",\"inLanguage\":\"de\",\"@id\":\"https:\/\/krceramicfiber.com\/#\/schema\/logo\/image\/\",\"url\":\"https:\/\/krceramicfiber.com\/wp-content\/uploads\/2024\/01\/footer-Logo.png\",\"contentUrl\":\"https:\/\/krceramicfiber.com\/wp-content\/uploads\/2024\/01\/footer-Logo.png\",\"width\":282,\"height\":70,\"caption\":\"Your Thermal insulation material Manufactruer | Kerui Refractory\u00ae Official Website\"},\"image\":{\"@id\":\"https:\/\/krceramicfiber.com\/#\/schema\/logo\/image\/\"}}]}<\/script>\n<!-- \/ Yoast SEO plugin. -->","yoast_head_json":{"title":"Ceramic Fibre Rope - Your Thermal insulation material Manufactruer | Kerui Refractory\u00ae Official Website","description":"Ceramic fibre ropes are braided from ceramic fibre yarns reinforced with heat-resistant alloy wires or alkali-free glass yarns.","robots":{"index":"index","follow":"follow","max-snippet":"max-snippet:-1","max-image-preview":"max-image-preview:large","max-video-preview":"max-video-preview:-1"},"canonical":"https:\/\/krceramicfiber.com\/de\/ceramic-fibre-rope\/","og_locale":"de_DE","og_type":"article","og_title":"Ceramic Fibre Rope - Your Thermal insulation material Manufactruer | Kerui Refractory\u00ae Official Website","og_description":"Ceramic fibre ropes are braided from ceramic fibre yarns reinforced with heat-resistant alloy wires or alkali-free glass yarns.","og_url":"https:\/\/krceramicfiber.com\/de\/ceramic-fibre-rope\/","og_site_name":"Your Thermal insulation material Manufactruer | Kerui Refractory\u00ae Official Website","article_modified_time":"2025-11-25T09:05:34+00:00","og_image":[{"width":660,"height":528,"url":"https:\/\/krceramicfiber.com\/wp-content\/uploads\/2024\/09\/ceramic-fiber-rope.webp","type":"image\/webp"}],"twitter_card":"summary_large_image","twitter_misc":{"Gesch\u00e4tzte Lesezeit":"2\u00a0Minuten"},"schema":{"@context":"https:\/\/schema.org","@graph":[{"@type":"WebPage","@id":"https:\/\/krceramicfiber.com\/ceramic-fibre-rope\/","url":"https:\/\/krceramicfiber.com\/ceramic-fibre-rope\/","name":"Ceramic Fibre Rope - Your Thermal insulation material Manufactruer | Kerui Refractory\u00ae Official Website","isPartOf":{"@id":"https:\/\/krceramicfiber.com\/#website"},"primaryImageOfPage":{"@id":"https:\/\/krceramicfiber.com\/ceramic-fibre-rope\/#primaryimage"},"image":{"@id":"https:\/\/krceramicfiber.com\/ceramic-fibre-rope\/#primaryimage"},"thumbnailUrl":"https:\/\/krceramicfiber.com\/wp-content\/uploads\/2024\/09\/ceramic-fiber-rope.webp","datePublished":"2024-09-13T07:50:59+00:00","dateModified":"2025-11-25T09:05:34+00:00","description":"Ceramic fibre ropes are braided from ceramic fibre yarns reinforced with heat-resistant alloy wires or alkali-free glass yarns.","breadcrumb":{"@id":"https:\/\/krceramicfiber.com\/ceramic-fibre-rope\/#breadcrumb"},"inLanguage":"de","potentialAction":[{"@type":"ReadAction","target":["https:\/\/krceramicfiber.com\/ceramic-fibre-rope\/"]}]},{"@type":"ImageObject","inLanguage":"de","@id":"https:\/\/krceramicfiber.com\/ceramic-fibre-rope\/#primaryimage","url":"https:\/\/krceramicfiber.com\/wp-content\/uploads\/2024\/09\/ceramic-fiber-rope.webp","contentUrl":"https:\/\/krceramicfiber.com\/wp-content\/uploads\/2024\/09\/ceramic-fiber-rope.webp","width":660,"height":528,"caption":"ceramic fiber rope"},{"@type":"BreadcrumbList","@id":"https:\/\/krceramicfiber.com\/ceramic-fibre-rope\/#breadcrumb","itemListElement":[{"@type":"ListItem","position":1,"name":"Home","item":"https:\/\/krceramicfiber.com\/"},{"@type":"ListItem","position":2,"name":"Ceramic Fibre Rope"}]},{"@type":"WebSite","@id":"https:\/\/krceramicfiber.com\/#website","url":"https:\/\/krceramicfiber.com\/","name":"Ihr Hersteller von W\u00e4rmed\u00e4mmstoffen | Kerui Refractory\u00ae Official Website","description":"","publisher":{"@id":"https:\/\/krceramicfiber.com\/#organization"},"potentialAction":[{"@type":"SearchAction","target":{"@type":"EntryPoint","urlTemplate":"https:\/\/krceramicfiber.com\/?s={search_term_string}"},"query-input":{"@type":"PropertyValueSpecification","valueRequired":true,"valueName":"search_term_string"}}],"inLanguage":"de"},{"@type":"Organization","@id":"https:\/\/krceramicfiber.com\/#organization","name":"Ihr Hersteller von W\u00e4rmed\u00e4mmstoffen | Kerui Refractory\u00ae Official Website","url":"https:\/\/krceramicfiber.com\/","logo":{"@type":"ImageObject","inLanguage":"de","@id":"https:\/\/krceramicfiber.com\/#\/schema\/logo\/image\/","url":"https:\/\/krceramicfiber.com\/wp-content\/uploads\/2024\/01\/footer-Logo.png","contentUrl":"https:\/\/krceramicfiber.com\/wp-content\/uploads\/2024\/01\/footer-Logo.png","width":282,"height":70,"caption":"Your Thermal insulation material Manufactruer | Kerui Refractory\u00ae Official Website"},"image":{"@id":"https:\/\/krceramicfiber.com\/#\/schema\/logo\/image\/"}}]}},"_links":{"self":[{"href":"https:\/\/krceramicfiber.com\/de\/wp-json\/wp\/v2\/pages\/54274","targetHints":{"allow":["GET"]}}],"collection":[{"href":"https:\/\/krceramicfiber.com\/de\/wp-json\/wp\/v2\/pages"}],"about":[{"href":"https:\/\/krceramicfiber.com\/de\/wp-json\/wp\/v2\/types\/page"}],"author":[{"embeddable":true,"href":"https:\/\/krceramicfiber.com\/de\/wp-json\/wp\/v2\/users\/1"}],"replies":[{"embeddable":true,"href":"https:\/\/krceramicfiber.com\/de\/wp-json\/wp\/v2\/comments?post=54274"}],"version-history":[{"count":0,"href":"https:\/\/krceramicfiber.com\/de\/wp-json\/wp\/v2\/pages\/54274\/revisions"}],"wp:featuredmedia":[{"embeddable":true,"href":"https:\/\/krceramicfiber.com\/de\/wp-json\/wp\/v2\/media\/54198"}],"wp:attachment":[{"href":"https:\/\/krceramicfiber.com\/de\/wp-json\/wp\/v2\/media?parent=54274"}],"curies":[{"name":"wp","href":"https:\/\/api.w.org\/{rel}","templated":true}]}}