{"id":37,"date":"2023-06-15T15:55:14","date_gmt":"2023-06-15T07:55:14","guid":{"rendered":"https:\/\/krceramicfiber.com\/?page_id=37"},"modified":"2025-06-16T16:03:27","modified_gmt":"2025-06-16T08:03:27","slug":"kerui-refractory","status":"publish","type":"page","link":"https:\/\/krceramicfiber.com\/de\/","title":{"rendered":"Kerui Feuerfest"},"content":{"rendered":"<div class=\"swiper home-banner\">\n<div class=\"swiper-wrapper\">\n<div class=\"swiper-slide\">\n<div class=\"banner-swiper\">\n<div class=\"grid-container\">\n<div class=\"banner-text\">\n<div class=\"banner-t1\">Dienstleistungen f\u00fcr die globale Hochtemperaturindustrie<\/div>\n<div class=\"banner-t2\">\n<div>Keramikfaser-Decke<\/div>\n<div>Keramische Faserplatte<\/div>\n<div>Keramikfaser-Modul<\/div>\n<\/div>\n<\/div>\n<\/div>\n<\/div>\n<\/div>\n<div class=\"swiper-slide\">\n<div class=\"banner-swiper\">\n<div class=\"grid-container\">\n<div class=\"banner-text\">\n<div class=\"banner-t1\">St\u00e4rke Isoliermaterial Hersteller<\/div>\n<div class=\"banner-t2\">\n<div>Anpassbare Produkte und L\u00f6sungen<\/div>\n<div>Pr\u00fcfung der Probe ist verf\u00fcgbar<\/div>\n<div>Angemessener Preis<\/div>\n<\/div>\n<\/div>\n<\/div>\n<\/div>\n<\/div>\n<div class=\"swiper-slide\">\n<div class=\"banner-swiper\">\n<div class=\"grid-container\">\n<div class=\"banner-text\">\n<div class=\"banner-t1\">Weit verbreitete und einfache Konstruktion<\/div>\n<div class=\"banner-t2\">\n<div>Metallurgische Industrie<\/div>\n<div>Nichteisen-Metallindustrie<\/div>\n<div>Keramische Industrie<\/div>\n<div>Mehr<\/div>\n<\/div>\n<\/div>\n<\/div>\n<\/div>\n<\/div>\n<\/div>\n<\/div>\n<div class=\"home-banner-navigation\">\n<div class=\"button-prev\"><\/div>\n<div class=\"button-next\"><\/div>\n<\/div>\n<div class=\"home-aboutUS\">\n<div class=\"grid-container\">\n<div class=\"isright wow fadeInRight\" data-wow-delay=\"0.1s\">\n<div class=\"home-t1\">Kerui Feuerfest<\/div>\n<div class=\"t1-1\">Factory Driect Sales, No Middleman Preisunterschied.<\/div>\n<div class=\"t2\">Kerui Refractory hat seinen Sitz in Chinas gr\u00f6\u00dftem Industriegebiet f\u00fcr feuerfeste Materialien: Chaohua Town, Xinmi City, Henan Province.Kerui Refractory ist bestrebt, erstklassige L\u00f6sungen anzubieten.<br \/>\nund Service f\u00fcr Hochtemperaturindustrien weltweit, einschlie\u00dflich Eisen-Stahl, Aluminium, Energie, Glas, Kessel, Nichteisenmetalle, Zementindustrie, usw. Unser Hauptziel ist es<br \/>\nden Erfolg und Wohlstand dieser Industrien zu f\u00f6rdern, indem wir ihnen die notwendigen Materialien und die Unterst\u00fctzung f\u00fcr einen sicheren und effizienten Betrieb bei hohen Temperaturen zur Verf\u00fcgung stellen.<\/div>\n<div class=\"isleft wow fadeInLeft\"><img decoding=\"async\" src=\"https:\/\/krceramicfiber.com\/wp-content\/uploads\/2024\/09\/kerui-factory-view.webp\" alt=\"\" \/><\/div>\n<\/div>\n<\/div>\n<\/div>\n<div class=\"home-why\">\n<div class=\"iscontain\">\n<div class=\"home-t1 wow fadeInUp\">Kerui Produkt<\/div>\n<p class=\"isdes wow fadeInUp\" data-wow-delay=\"0.1s\">Keramikfaser-Serie, Aluminiumsilikat-Serie, Kalziumsilikat-Serie, Aerogel-Serie, Polyurethan-Serie, Magnesium-Serie,<br \/>\nMineralfaser, Sandwichpaneele<\/p>\n<div class=\"swiper home-why-swiper\">\n<div class=\"swiper-wrapper\">\n<div class=\"swiper-slide wow fadeInUp\" data-wow-delay=\"0.2s\">\n<div class=\"cover\"><a href=\"https:\/\/krceramicfiber.com\/de\/ceramic-fiber-products\/\" target=\"_blank\" rel=\"noopener\"><img loading=\"lazy\" decoding=\"async\" class=\"alignnone\" src=\"https:\/\/krceramicfiber.com\/wp-content\/uploads\/2024\/09\/Ceramic-Fiber-.jpg\" alt=\"Keramikfaser-Serie\" width=\"410\" height=\"210\" \/><\/a><\/div>\n<div class=\"t1\"><a href=\"https:\/\/krceramicfiber.com\/de\/ceramic-fiber-products\/\" target=\"_blank\" rel=\"noopener\">Keramikfaser-Serie<\/a><\/div>\n<p>Keramikfaser-Decke.<br \/>\nKeramische Faserplatte.<br \/>\nKeramikfaser-Modul.<br \/>\nKeramikfaser-Seil...<\/p>\n<\/div>\n<div class=\"swiper-slide wow fadeInUp\" data-wow-delay=\"0.3s\">\n<div class=\"cover\"><a href=\"https:\/\/krceramicfiber.com\/de\/products\/#Calcium%20Silicate%20Products\" target=\"_blank\" rel=\"noopener\"><img loading=\"lazy\" decoding=\"async\" class=\"alignnone\" src=\"https:\/\/krceramicfiber.com\/wp-content\/uploads\/2024\/09\/Calcium-silicate-Series.jpg\" alt=\"Kalziumsilikat-Reihe\" width=\"410\" height=\"210\" \/><\/a><\/div>\n<div class=\"t1\"><a href=\"https:\/\/krceramicfiber.com\/de\/products\/#Calcium%20Silicate%20Products\" target=\"_blank\" rel=\"noopener\">Kalziumsilikat-Reihe<\/a><\/div>\n<p>Kalziumsilikatplatte.<br \/>\nRohr aus Kalziumsilikat.<br \/>\nAnorganisch vorbeschichtete Platten...<\/p>\n<\/div>\n<div class=\"swiper-slide wow fadeInUp\" data-wow-delay=\"0.4s\">\n<div class=\"cover\"><a href=\"https:\/\/krceramicfiber.com\/de\/products\/#Sandwich%20Panel%20Products\" target=\"_blank\" rel=\"noopener\"><img loading=\"lazy\" decoding=\"async\" class=\"alignnone\" src=\"https:\/\/krceramicfiber.com\/wp-content\/uploads\/2024\/09\/Sandwich-Panel.jpg\" alt=\"Sandwich-Paneel\" width=\"410\" height=\"210\" \/><\/a><\/div>\n<div class=\"t1\"><a href=\"https:\/\/krceramicfiber.com\/de\/products\/#Sandwich%20Panel%20Products\" target=\"_blank\" rel=\"noopener\">Sandwich-Paneel-Serie<\/a><\/div>\n<p>Expandierte Styroporplatten.<br \/>\nGPS-Sandwich-Panel.<br \/>\nKalziumsilikat-Sandwichplatte...<\/p>\n<\/div>\n<div class=\"swiper-slide wow fadeInUp\" data-wow-delay=\"0.5s\">\n<div class=\"cover\"><a href=\"https:\/\/krceramicfiber.com\/de\/products\/#Bio%20Soluble%20Fiber%20Products\" target=\"_blank\" rel=\"noopener\"><img loading=\"lazy\" decoding=\"async\" class=\"alignnone\" src=\"https:\/\/krceramicfiber.com\/wp-content\/uploads\/2024\/09\/Soluble-fibre.jpg\" alt=\"Biol\u00f6sliche Ballaststoffe\" width=\"410\" height=\"210\" \/><\/a><\/div>\n<div class=\"t1\"><a href=\"https:\/\/krceramicfiber.com\/de\/products\/#Bio%20Soluble%20Fiber%20Products\" target=\"_blank\" rel=\"noopener\">Biol\u00f6sliche Ballaststoffe<\/a><\/div>\n<p>Bio Soluble Fiber Blanket.<br \/>\nBrett mit biol\u00f6slichen Fasern.<br \/>\nBiol\u00f6sliche Ballaststoffe Modul.<br \/>\nBiol\u00f6sliches Faserpapier...<\/p>\n<\/div>\n<div class=\"swiper-slide wow fadeInUp\" data-wow-delay=\"0.6s\">\n<div class=\"cover\"><a href=\"https:\/\/krceramicfiber.com\/de\/products\/#Polyurethane%20Insulation%20Products\" target=\"_blank\" rel=\"noopener\"><img loading=\"lazy\" decoding=\"async\" class=\"alignnone\" src=\"https:\/\/krceramicfiber.com\/wp-content\/uploads\/2024\/09\/High-performance-polyurethane-foam.jpg\" alt=\"Hochleistungs-Polyurethan-Schaumstoff\" width=\"410\" height=\"210\" \/><\/a><\/div>\n<div class=\"t1\"><a href=\"https:\/\/krceramicfiber.com\/de\/products\/#Polyurethane%20Insulation%20Products\" target=\"_blank\" rel=\"noopener\">Polyurethanschaum-Serie<\/a><\/div>\n<p>HPPU Hochleistungs-Polyurethanschaum.<br \/>\nPIR Polyisocyanurat-Schaumstoff.<br \/>\nPolyurethan-Spr\u00fchschaum.<br \/>\nPolyurethan-Sandwichplatte...<\/p>\n<\/div>\n<div class=\"swiper-slide wow fadeInUp\" data-wow-delay=\"0.7s\">\n<div class=\"cover\"><a href=\"https:\/\/krceramicfiber.com\/de\/products\/#Magnesium%20Insulation%20Products\" target=\"_blank\" rel=\"noopener\"><img loading=\"lazy\" decoding=\"async\" class=\"alignnone\" src=\"https:\/\/krceramicfiber.com\/wp-content\/uploads\/2024\/09\/magnesium-board.jpg\" alt=\"Magnesium Brett\" width=\"410\" height=\"210\" \/><\/a><\/div>\n<div class=\"t1\"><a href=\"https:\/\/krceramicfiber.com\/de\/products\/#Magnesium%20Insulation%20Products\" target=\"_blank\" rel=\"noopener\">Magnesium Brett<\/a><\/div>\n<p>Glas-Magnesium-Platte.<br \/>\nMagnesium-Feuerfestplatte.<br \/>\nMagnesium-Verbund-Sandwichplatte...<\/p>\n<\/div>\n<div class=\"swiper-slide wow fadeInUp\" data-wow-delay=\"0.8s\">\n<div class=\"cover\"><a href=\"https:\/\/krceramicfiber.com\/de\/products\/#Aerogel%20Insulation%20Products\" target=\"_blank\" rel=\"noopener\"><img decoding=\"async\" src=\"https:\/\/krceramicfiber.com\/wp-content\/uploads\/2024\/09\/Aerogel-Sandwich-Panel.jpg\" alt=\"Magnesium Brett\" \/><\/a><\/div>\n<div class=\"t1\"><a href=\"https:\/\/krceramicfiber.com\/de\/products\/#Aerogel%20Insulation%20Products\" target=\"_blank\" rel=\"noopener\">Aerogel-Isolierung Serie<\/a><\/div>\n<p>Aerogel-Sandwich-Paneel.<br \/>\nAerogel-Isolierfilz.<br \/>\nAerogel-D\u00e4mmplatte.<br \/>\nNano-W\u00e4rmed\u00e4mmfilz.<br \/>\nNano-W\u00e4rmed\u00e4mmplatte...<\/p>\n<\/div>\n<\/div>\n<div class=\"home-why-swiper-pagination swiper-pagination\"><\/div>\n<\/div>\n<\/div>\n<\/div>\n<div class=\"home-material\">\n<div class=\"title-box\">\n<div class=\"home-t1 wow fadeInUp\">Anmeldung<\/div>\n<div class=\"t2 wow fadeInUp\" data-wow-delay=\"0.1s\">werden in verschiedenen Branchen eingesetzt<\/div>\n<\/div>\n<div class=\"iscontain\">\n<ul class=\"islist\">\n<li class=\"wow fadeInUp\" data-wow-delay=\"0.2s\">Stahlindustrie<\/li>\n<li class=\"wow fadeInUp\" data-wow-delay=\"0.3s\">Glasindustrie<\/li>\n<li class=\"wow fadeInUp\" data-wow-delay=\"0.4s\">Keramische Industrie<\/li>\n<li class=\"wow fadeInUp\" data-wow-delay=\"0.5s\">Zementindustrie<\/li>\n<li class=\"wow fadeInUp\" data-wow-delay=\"0.6s\">Energiewirtschaft<\/li>\n<li class=\"wow fadeInUp\" data-wow-delay=\"0.7s\">Metallurgische Industrie<\/li>\n<\/ul>\n<\/div>\n<\/div>\n<div class=\"about-world\">\n<div class=\"iscontain\">\n<div class=\"isleft\">\n<div class=\"about-world-title\">KERUI'S NETZWERK IN DER GANZEN WELT<\/div>\n<ul class=\"isdata\">\n<li>\n<div class=\"t1\">500<\/div>\n<p class=\"t2\">Kontinente<\/p>\n<\/li>\n<li>\n<div class=\"t1\">1700<sub>+<\/sub><\/div>\n<p class=\"t2\">Erfolgreiche F\u00e4lle<\/p>\n<\/li>\n<li>\n<div class=\"t1\">4500<sub>+<\/sub><\/div>\n<p class=\"t2\">Kunden<\/p>\n<\/li>\n<\/ul>\n<p>Neben dem chinesischen Festland hat Kerui Refractory seine Produkte in mehr als 50 L\u00e4nder und Regionen auf 6 Kontinenten exportiert, darunter Asien, Europa, Nordamerika, S\u00fcdamerika, Afrika und Ozeanien. Wir haben von Kunden aus der ganzen Welt Anerkennung und hohes Lob erhalten und werden von ihnen immer wieder beauftragt und weiterempfohlen.<\/p>\n<\/div>\n<div class=\"isright\"><img loading=\"lazy\" decoding=\"async\" class=\"alignnone size-full wp-image-15950\" src=\"https:\/\/krceramicfiber.com\/wp-content\/uploads\/2024\/09\/kerui-about-us-map.webp\" alt=\"kerui \u00fcber uns karte\" width=\"974\" height=\"494\" \/><\/div>\n<\/div>\n<\/div>\n<div class=\"home-customer-feedback\">\n<div class=\"home-t1\">KUNDENFEEDBACK<\/div>\n<div class=\"grid-container\">\n<div class=\"isleft\"><img decoding=\"async\" src=\"https:\/\/krceramicfiber.com\/wp-content\/uploads\/2024\/09\/customer.webp\" alt=\"\" \/><\/div>\n<div class=\"swiper home-feedback-swiper\">\n<div class=\"swiper-wrapper\">\n<div class=\"swiper-slide\">\n<div class=\"istext\">\"Es war das erste Mal, dass ich mit Kerui zusammengearbeitet habe. Von der Anfrage bis zum Kundendienst habe ich mit Kerui eine perfekte Erfahrung gemacht. Es gab einen professionellen Kundenservice f\u00fcr die Beratung vor dem Verkauf; es gab einen Business Manager, der sich um den Verkauf k\u00fcmmerte und zeitnah Termine bereitstellte. Das technische Team nach dem Verkauf begleitet den Aufbau und die Wartung. Alles in allem bin ich sehr zufrieden und werde weiterhin mit Kerui zusammenarbeiten.\"<\/div>\n<div class=\"isuser\">\n<div class=\"isname\">Jo\u00e3o<\/div>\n<div class=\"iscontry\">Erstmaliger Kunde aus Brasilien<\/div>\n<\/div>\n<\/div>\n<div class=\"swiper-slide\">\n<div class=\"istext\">\"Als Kunde, der schon oft mit uns zusammengearbeitet hat, bin ich mit dem Service und der Produktqualit\u00e4t von Kerui sehr zufrieden. Sie sind professionell und zuverl\u00e4ssig, ihre Produkte sind langlebig und zuverl\u00e4ssig und entsprechen immer unseren Anforderungen. Ihr Team ist freundlich, professionell und stets kundenorientiert. Die Lieferung erfolgte p\u00fcnktlich, die Kommunikation war zeitnah und die Zusammenarbeit war angenehm. Kerui ist als Partner sehr zu empfehlen. \"<\/div>\n<div class=\"isuser\">\n<div class=\"isname\">Georgien<\/div>\n<div class=\"iscontry\">Kunden aus der Stahlindustrie in Russland<\/div>\n<\/div>\n<\/div>\n<div class=\"swiper-slide\">\n<div class=\"istext\">\"Vielen Dank an meinen Freund Wayan, der mir die Firma Refractory Materials Company empfohlen hat. Ich muss sagen, dass sie meine Erwartungen \u00fcbertroffen haben. Die Qualit\u00e4t der von Kerui angebotenen Produkte und Dienstleistungen ist hervorragend. Ihr professionelles Team bietet den Kunden individuelle L\u00f6sungen und zeichnet sich durch eine p\u00fcnktliche Lieferung aus. Ihre Kommunikations- und Koordinationsf\u00e4higkeiten machen die Zusammenarbeit einfach und angenehm. Ich kann Refractory Company nur jedem empfehlen. \"<\/div>\n<div class=\"isuser\">\n<div class=\"isname\">Budi<\/div>\n<div class=\"iscontry\">5 Jahre langj\u00e4hriger Kunde aus Indonesien<\/div>\n<\/div>\n<\/div>\n<div class=\"swiper-slide\">\n<div class=\"istext\">\"Ich hatte das gro\u00dfe Gl\u00fcck, Kerui kennenzulernen. Kerui kann nicht nur qualit\u00e4tsgepr\u00fcfte feuerfeste Produkte zu wettbewerbsf\u00e4higen Preisen anbieten, sondern verf\u00fcgt auch \u00fcber professionelle Ingenieure, die Konstruktionsl\u00f6sungen anbieten. Ich habe mich immer wieder f\u00fcr Kerui entschieden, weil ich Vertrauen in das Unternehmen habe und ich werde Kerui Refractory Company auch meinen Freunden empfehlen. Kerui ist die beste Wahl in der Feuerfestindustrie.\"<\/div>\n<div class=\"isuser\">\n<div class=\"isname\">Budiharto<\/div>\n<div class=\"iscontry\">10 Jahre langj\u00e4hrige Kunden aus Malaysia<\/div>\n<\/div>\n<\/div>\n<div class=\"swiper-slide\">\n<div class=\"istext\">\"Wir sind Kerui Refractory sehr dankbar f\u00fcr die professionellen L\u00f6sungen, die wir erhalten haben. Die feuerfesten Steine, die wir f\u00fcr Elektro\u00f6fen verwenden, sind von sehr guter Qualit\u00e4t und sehr langlebig. Kerui liefert uns nicht nur qualitativ hochwertige Produkte, sondern stellt uns auch vern\u00fcnftige Baupl\u00e4ne zur Verf\u00fcgung, die unsere Bauzeit verk\u00fcrzen. Wir freuen uns auf weitere M\u00f6glichkeiten der Zusammenarbeit in der Zukunft.\"<\/div>\n<div class=\"isuser\">\n<div class=\"isname\">Anuman<\/div>\n<div class=\"iscontry\">Stammkunden, die 4 Mal wieder gekauft haben Aus Thailand<\/div>\n<\/div>\n<\/div>\n<div class=\"swiper-slide\">\n<div class=\"istext\">\"Als ich Ihr Werk das letzte Mal besuchte, hatte ich den Eindruck, dass das Werk sehr gro\u00df ist, der Produktionsprozess vollst\u00e4ndig ist, die Produktionstechnologie exquisit ist und die Produktqualit\u00e4t ausgezeichnet ist. Ich danke auch dem technischen Personal f\u00fcr seine Konstruktionsberatung. Die von Ihnen gelieferten Isoliermaterialien sind f\u00fcr unsere \u00d6fen absolut geeignet.\"<\/div>\n<div class=\"isuser\">\n<div class=\"isname\">Italien - Romeo<\/div>\n<div class=\"iscontry\">Stammkunden, die 3 Mal nachgekauft haben<\/div>\n<\/div>\n<\/div>\n<\/div>\n<div class=\"swiper-button-prev home-feedback-button-prev\"><\/div>\n<div class=\"swiper-button-next home-feedback-button-next\"><\/div>\n<\/div>\n<\/div>\n<\/div>","protected":false},"excerpt":{"rendered":"<p>Serving the global high-temp industry Ceramic Fiber Blanket Ceramic Fiber Board Ceramic Fiber Module Strength &#8230; <a title=\"Kerui Feuerfest\" class=\"read-more\" href=\"https:\/\/krceramicfiber.com\/de\/\" aria-label=\"Mehr bei Kerui Refractory\">Weiterlesen &#8230;<\/a><\/p>","protected":false},"author":1,"featured_media":0,"parent":0,"menu_order":0,"comment_status":"closed","ping_status":"closed","template":"","meta":{"footnotes":""},"class_list":{"0":"post-37","1":"page","2":"type-page","3":"status-publish","5":"no-featured-image-padding"},"yoast_head":"<!-- This site is optimized with the Yoast SEO plugin v25.3 - https:\/\/yoast.com\/wordpress\/plugins\/seo\/ -->\n<title>Kerui Refractory - Your Thermal insulation material Manufactruer | Kerui Refractory\u00ae Official Website<\/title>\n<meta name=\"description\" content=\"KERUI Refractory Supply Ceramic Fiber Blanket | Ceramic Fiber Products | Calcium Silicate Board | Sandwich Panel | Aerogel Insulation etc, any requirement please contact with us.\" \/>\n<meta name=\"robots\" content=\"index, follow, max-snippet:-1, max-image-preview:large, max-video-preview:-1\" \/>\n<link rel=\"canonical\" href=\"https:\/\/krceramicfiber.com\/de\/\" \/>\n<meta property=\"og:locale\" content=\"de_DE\" \/>\n<meta property=\"og:type\" content=\"article\" \/>\n<meta property=\"og:title\" content=\"Kerui Refractory - Your Thermal insulation material Manufactruer | Kerui Refractory\u00ae Official Website\" \/>\n<meta property=\"og:description\" content=\"KERUI Refractory Supply Ceramic Fiber Blanket | Ceramic Fiber Products | Calcium Silicate Board | Sandwich Panel | Aerogel Insulation etc, any requirement please contact with us.\" \/>\n<meta property=\"og:url\" content=\"https:\/\/krceramicfiber.com\/de\/\" \/>\n<meta property=\"og:site_name\" content=\"Your Thermal insulation material Manufactruer | Kerui Refractory\u00ae Official Website\" \/>\n<meta property=\"article:modified_time\" content=\"2025-06-16T08:03:27+00:00\" \/>\n<meta property=\"og:image\" content=\"https:\/\/krceramicfiber.com\/wp-content\/uploads\/2024\/09\/kerui-factory-view.webp\" \/>\n<meta name=\"twitter:card\" content=\"summary_large_image\" \/>\n<meta name=\"twitter:label1\" content=\"Gesch\u00e4tzte Lesezeit\" \/>\n\t<meta name=\"twitter:data1\" content=\"6\u00a0Minuten\" \/>\n<script type=\"application\/ld+json\" class=\"yoast-schema-graph\">{\"@context\":\"https:\/\/schema.org\",\"@graph\":[{\"@type\":\"WebPage\",\"@id\":\"https:\/\/krceramicfiber.com\/\",\"url\":\"https:\/\/krceramicfiber.com\/\",\"name\":\"Kerui Refractory - Your Thermal insulation material Manufactruer | Kerui Refractory\u00ae Official Website\",\"isPartOf\":{\"@id\":\"https:\/\/krceramicfiber.com\/#website\"},\"primaryImageOfPage\":{\"@id\":\"https:\/\/krceramicfiber.com\/#primaryimage\"},\"image\":{\"@id\":\"https:\/\/krceramicfiber.com\/#primaryimage\"},\"thumbnailUrl\":\"https:\/\/krceramicfiber.com\/wp-content\/uploads\/2024\/09\/kerui-factory-view.webp\",\"datePublished\":\"2023-06-15T07:55:14+00:00\",\"dateModified\":\"2025-06-16T08:03:27+00:00\",\"description\":\"KERUI Refractory Supply Ceramic Fiber Blanket | Ceramic Fiber Products | Calcium Silicate Board | Sandwich Panel | Aerogel Insulation etc, any requirement please contact with us.\",\"breadcrumb\":{\"@id\":\"https:\/\/krceramicfiber.com\/#breadcrumb\"},\"inLanguage\":\"de\",\"potentialAction\":[{\"@type\":\"ReadAction\",\"target\":[\"https:\/\/krceramicfiber.com\/\"]}]},{\"@type\":\"ImageObject\",\"inLanguage\":\"de\",\"@id\":\"https:\/\/krceramicfiber.com\/#primaryimage\",\"url\":\"https:\/\/krceramicfiber.com\/wp-content\/uploads\/2024\/09\/kerui-factory-view.webp\",\"contentUrl\":\"https:\/\/krceramicfiber.com\/wp-content\/uploads\/2024\/09\/kerui-factory-view.webp\"},{\"@type\":\"BreadcrumbList\",\"@id\":\"https:\/\/krceramicfiber.com\/#breadcrumb\",\"itemListElement\":[{\"@type\":\"ListItem\",\"position\":1,\"name\":\"Home\",\"item\":\"https:\/\/krceramicfiber.com\/\"},{\"@type\":\"ListItem\",\"position\":2,\"name\":\"Kerui Refractory\"}]},{\"@type\":\"WebSite\",\"@id\":\"https:\/\/krceramicfiber.com\/#website\",\"url\":\"https:\/\/krceramicfiber.com\/\",\"name\":\"Your Thermal insulation material Manufactruer | Kerui Refractory\u00ae Official Website\",\"description\":\"\",\"publisher\":{\"@id\":\"https:\/\/krceramicfiber.com\/#organization\"},\"potentialAction\":[{\"@type\":\"SearchAction\",\"target\":{\"@type\":\"EntryPoint\",\"urlTemplate\":\"https:\/\/krceramicfiber.com\/?s={search_term_string}\"},\"query-input\":{\"@type\":\"PropertyValueSpecification\",\"valueRequired\":true,\"valueName\":\"search_term_string\"}}],\"inLanguage\":\"de\"},{\"@type\":\"Organization\",\"@id\":\"https:\/\/krceramicfiber.com\/#organization\",\"name\":\"Your Thermal insulation material Manufactruer | Kerui Refractory\u00ae Official Website\",\"url\":\"https:\/\/krceramicfiber.com\/\",\"logo\":{\"@type\":\"ImageObject\",\"inLanguage\":\"de\",\"@id\":\"https:\/\/krceramicfiber.com\/#\/schema\/logo\/image\/\",\"url\":\"https:\/\/krceramicfiber.com\/wp-content\/uploads\/2024\/01\/footer-Logo.png\",\"contentUrl\":\"https:\/\/krceramicfiber.com\/wp-content\/uploads\/2024\/01\/footer-Logo.png\",\"width\":282,\"height\":70,\"caption\":\"Your Thermal insulation material Manufactruer | Kerui Refractory\u00ae Official Website\"},\"image\":{\"@id\":\"https:\/\/krceramicfiber.com\/#\/schema\/logo\/image\/\"}}]}<\/script>\n<!-- \/ Yoast SEO plugin. -->","yoast_head_json":{"title":"Kerui Refractory - Ihr Hersteller von W\u00e4rmed\u00e4mmstoffen | Kerui Refractory\u00ae Official Website","description":"KERUI Refractory Supply Ceramic Fiber Blanket | Ceramic Fiber Products | Calcium Silicate Board | Sandwich Panel | Aerogel Insulation etc, jede Anforderung kontaktieren Sie uns bitte.","robots":{"index":"index","follow":"follow","max-snippet":"max-snippet:-1","max-image-preview":"max-image-preview:large","max-video-preview":"max-video-preview:-1"},"canonical":"https:\/\/krceramicfiber.com\/de\/","og_locale":"de_DE","og_type":"article","og_title":"Kerui Refractory - Your Thermal insulation material Manufactruer | Kerui Refractory\u00ae Official Website","og_description":"KERUI Refractory Supply Ceramic Fiber Blanket | Ceramic Fiber Products | Calcium Silicate Board | Sandwich Panel | Aerogel Insulation etc, any requirement please contact with us.","og_url":"https:\/\/krceramicfiber.com\/de\/","og_site_name":"Your Thermal insulation material Manufactruer | Kerui Refractory\u00ae Official Website","article_modified_time":"2025-06-16T08:03:27+00:00","og_image":[{"url":"https:\/\/krceramicfiber.com\/wp-content\/uploads\/2024\/09\/kerui-factory-view.webp","type":"","width":"","height":""}],"twitter_card":"summary_large_image","twitter_misc":{"Gesch\u00e4tzte Lesezeit":"6\u00a0Minuten"},"schema":{"@context":"https:\/\/schema.org","@graph":[{"@type":"WebPage","@id":"https:\/\/krceramicfiber.com\/","url":"https:\/\/krceramicfiber.com\/","name":"Kerui Refractory - Ihr Hersteller von W\u00e4rmed\u00e4mmstoffen | Kerui Refractory\u00ae Official Website","isPartOf":{"@id":"https:\/\/krceramicfiber.com\/#website"},"primaryImageOfPage":{"@id":"https:\/\/krceramicfiber.com\/#primaryimage"},"image":{"@id":"https:\/\/krceramicfiber.com\/#primaryimage"},"thumbnailUrl":"https:\/\/krceramicfiber.com\/wp-content\/uploads\/2024\/09\/kerui-factory-view.webp","datePublished":"2023-06-15T07:55:14+00:00","dateModified":"2025-06-16T08:03:27+00:00","description":"KERUI Refractory Supply Ceramic Fiber Blanket | Ceramic Fiber Products | Calcium Silicate Board | Sandwich Panel | Aerogel Insulation etc, jede Anforderung kontaktieren Sie uns bitte.","breadcrumb":{"@id":"https:\/\/krceramicfiber.com\/#breadcrumb"},"inLanguage":"de","potentialAction":[{"@type":"ReadAction","target":["https:\/\/krceramicfiber.com\/"]}]},{"@type":"ImageObject","inLanguage":"de","@id":"https:\/\/krceramicfiber.com\/#primaryimage","url":"https:\/\/krceramicfiber.com\/wp-content\/uploads\/2024\/09\/kerui-factory-view.webp","contentUrl":"https:\/\/krceramicfiber.com\/wp-content\/uploads\/2024\/09\/kerui-factory-view.webp"},{"@type":"BreadcrumbList","@id":"https:\/\/krceramicfiber.com\/#breadcrumb","itemListElement":[{"@type":"ListItem","position":1,"name":"Home","item":"https:\/\/krceramicfiber.com\/"},{"@type":"ListItem","position":2,"name":"Kerui Refractory"}]},{"@type":"WebSite","@id":"https:\/\/krceramicfiber.com\/#website","url":"https:\/\/krceramicfiber.com\/","name":"Ihr Hersteller von W\u00e4rmed\u00e4mmstoffen | Kerui Refractory\u00ae Official Website","description":"","publisher":{"@id":"https:\/\/krceramicfiber.com\/#organization"},"potentialAction":[{"@type":"SearchAction","target":{"@type":"EntryPoint","urlTemplate":"https:\/\/krceramicfiber.com\/?s={search_term_string}"},"query-input":{"@type":"PropertyValueSpecification","valueRequired":true,"valueName":"search_term_string"}}],"inLanguage":"de"},{"@type":"Organization","@id":"https:\/\/krceramicfiber.com\/#organization","name":"Ihr Hersteller von W\u00e4rmed\u00e4mmstoffen | Kerui Refractory\u00ae Official Website","url":"https:\/\/krceramicfiber.com\/","logo":{"@type":"ImageObject","inLanguage":"de","@id":"https:\/\/krceramicfiber.com\/#\/schema\/logo\/image\/","url":"https:\/\/krceramicfiber.com\/wp-content\/uploads\/2024\/01\/footer-Logo.png","contentUrl":"https:\/\/krceramicfiber.com\/wp-content\/uploads\/2024\/01\/footer-Logo.png","width":282,"height":70,"caption":"Your Thermal insulation material Manufactruer | Kerui Refractory\u00ae Official Website"},"image":{"@id":"https:\/\/krceramicfiber.com\/#\/schema\/logo\/image\/"}}]}},"_links":{"self":[{"href":"https:\/\/krceramicfiber.com\/de\/wp-json\/wp\/v2\/pages\/37","targetHints":{"allow":["GET"]}}],"collection":[{"href":"https:\/\/krceramicfiber.com\/de\/wp-json\/wp\/v2\/pages"}],"about":[{"href":"https:\/\/krceramicfiber.com\/de\/wp-json\/wp\/v2\/types\/page"}],"author":[{"embeddable":true,"href":"https:\/\/krceramicfiber.com\/de\/wp-json\/wp\/v2\/users\/1"}],"replies":[{"embeddable":true,"href":"https:\/\/krceramicfiber.com\/de\/wp-json\/wp\/v2\/comments?post=37"}],"version-history":[{"count":0,"href":"https:\/\/krceramicfiber.com\/de\/wp-json\/wp\/v2\/pages\/37\/revisions"}],"wp:attachment":[{"href":"https:\/\/krceramicfiber.com\/de\/wp-json\/wp\/v2\/media?parent=37"}],"curies":[{"name":"wp","href":"https:\/\/api.w.org\/{rel}","templated":true}]}}