{"id":55669,"date":"2025-08-27T15:51:19","date_gmt":"2025-08-27T07:51:19","guid":{"rendered":"https:\/\/krceramicfiber.com\/?page_id=55669"},"modified":"2025-08-27T16:20:13","modified_gmt":"2025-08-27T08:20:13","slug":"glass-fiber-mesh","status":"publish","type":"page","link":"https:\/\/krceramicfiber.com\/ar\/glass-fiber-mesh\/","title":{"rendered":"\u0634\u0628\u0643\u0629 \u0627\u0644\u0623\u0644\u064a\u0627\u0641 \u0627\u0644\u0632\u062c\u0627\u062c\u064a\u0629"},"content":{"rendered":"<div class=\"product_info_bg\">\n<div class=\"page_model product_info\">\n<div class=\"preview\"><img loading=\"lazy\" decoding=\"async\" class=\"aligncenter size-full wp-image-3596\" src=\"https:\/\/krceramicfiber.com\/wp-content\/uploads\/2025\/08\/kerui-glass-fiber-mesh.webp\" alt=\"\u0634\u0628\u0643\u0629 \u0627\u0644\u0623\u0644\u064a\u0627\u0641 \u0627\u0644\u0632\u062c\u0627\u062c\u064a\u0629\" width=\"780\" height=\"639\" \/><\/div>\n<div class=\"info\">\n<h1>\u0634\u0628\u0643\u0629 \u0627\u0644\u0623\u0644\u064a\u0627\u0641 \u0627\u0644\u0632\u062c\u0627\u062c\u064a\u0629<\/h1>\n<p class=\"profile\">Glass Fiber Mesh is a woven fabric made from fiberglass yarns, designed in an open-grid structure (like a net). It is widely used as a reinforcement material because of its strength, flexibility, corrosion resistance, and dimensional stability.<\/p>\n<ul>\n<li>\n<div>4\u00d74mm, 5\u00d75mm, 10\u00d710mm<\/div>\n<p><small>Mesh Size<\/small><\/li>\n<li>\n<div>1.0m, 1.2m (customizable 0.5\u20132.0m)<\/div>\n<p><small>Width<\/small><\/li>\n<li>\n<div>50m, 100m<br \/>\n(standard, customizable)<\/div>\n<p><small>Roll Length<\/small><\/li>\n<li>\n<div>50-200g\/m\u00b2<\/div>\n<p><small>Unit Weight<\/small><\/li>\n<li class=\"authentication\"><img loading=\"lazy\" decoding=\"async\" class=\"alignnone size-full wp-image-676\" src=\"https:\/\/krceramicfiber.com\/wp-content\/uploads\/2024\/09\/CE-min.webp\" alt=\"\u0645\u0635\u0627\u062f\u0642\u0629 \u0643\u064a\u0631\u0648\u064a\" width=\"200\" height=\"55\" \/><\/li>\n<\/ul>\n<p><a class=\"inruiry fancybox\" href=\"#contact_form_pop\">\u0627\u062d\u0635\u0644 \u0639\u0644\u0649 \u0627\u0644\u0633\u0639\u0631<\/a><a class=\"email-btn\" href=\"mailto:market@krceramicfiber.com\">\u0625\u0631\u0633\u0627\u0644 \u0628\u0631\u064a\u062f \u0625\u0644\u0643\u062a\u0631\u0648\u0646\u064a<\/a><\/p>\n<\/div>\n<\/div>\n<\/div>\n<div class=\"product_model_bg\">\n<div class=\"page_model\">\n<h2 id=\"TechniqueData\">Kerui Glass Fiber Mesh Technical Data Sheet<\/h2>\n\n<table id=\"tablepress-86\" class=\"tablepress tablepress-id-86\">\n<thead>\n<tr class=\"row-1\">\n\t<th class=\"column-1\"><strong>\u0627\u0644\u0628\u0646\u062f<\/strong><\/th><th class=\"column-2\"><strong>Common Specification<\/strong><\/th>\n<\/tr>\n<\/thead>\n<tbody class=\"row-striping row-hover\">\n<tr class=\"row-2\">\n\t<td class=\"column-1\"><strong>Material<\/strong><\/td><td class=\"column-2\">C-Glass (medium alkali) or E-Glass (alkali-free), coated with alkali-resistant polymer<\/td>\n<\/tr>\n<tr class=\"row-3\">\n\t<td class=\"column-1\"><strong>Weaving Type<\/strong><\/td><td class=\"column-2\">Leno weave (plain open weave)<\/td>\n<\/tr>\n<tr class=\"row-4\">\n\t<td class=\"column-1\"><strong>Mesh Size<\/strong><\/td><td class=\"column-2\">4 \u00d7 4 mm, 5 \u00d7 5 mm, 10 \u00d7 10 mm (typical)<\/td>\n<\/tr>\n<tr class=\"row-5\">\n\t<td class=\"column-1\"><strong>Unit Weight<\/strong><\/td><td class=\"column-2\">60 g\/m\u00b2, 80 g\/m\u00b2, 110 g\/m\u00b2, 145 g\/m\u00b2, 160 g\/m\u00b2, 200 g\/m\u00b2<\/td>\n<\/tr>\n<tr class=\"row-6\">\n\t<td class=\"column-1\"><strong>Width<\/strong><\/td><td class=\"column-2\">1.0 m, 1.2 m (customizable 0.5\u20132.0 m)<\/td>\n<\/tr>\n<tr class=\"row-7\">\n\t<td class=\"column-1\"><strong>Roll Length<\/strong><\/td><td class=\"column-2\">50 m, 100 m (standard, customizable)<\/td>\n<\/tr>\n<tr class=\"row-8\">\n\t<td class=\"column-1\"><strong>Tensile Strength (Warp\/Weft)<\/strong><\/td><td class=\"column-2\">\u2265 1250 N\/50 mm (for 145 g\/m\u00b2 mesh)<\/td>\n<\/tr>\n<tr class=\"row-9\">\n\t<td class=\"column-1\"><strong>Tensile Strength Retention (28 days alkali immersion test)<\/strong><\/td><td class=\"column-2\">\u2265 50%<\/td>\n<\/tr>\n<tr class=\"row-10\">\n\t<td class=\"column-1\"><strong>Alkali Resistance<\/strong><\/td><td class=\"column-2\">Excellent, with alkali-resistant coating for long-term durability in cement mortar<\/td>\n<\/tr>\n<tr class=\"row-11\">\n\t<td class=\"column-1\"><strong>\u0627\u0644\u0644\u0648\u0646<\/strong><\/td><td class=\"column-2\">White, blue, green, yellow, orange (customizable)<\/td>\n<\/tr>\n<tr class=\"row-12\">\n\t<td class=\"column-1\"><strong>Applications<\/strong><\/td><td class=\"column-2\">ETICS (External Thermal Insulation Composite Systems), wall crack prevention, roofing waterproofing reinforcement, tile\/stone backing, floor reinforcement<\/td>\n<\/tr>\n<\/tbody>\n<\/table>\n<!-- #tablepress-86 from cache -->\n<div class='content-column one_third'><div style=\"padding-right:15PX;\"><p><img loading=\"lazy\" decoding=\"async\" class=\"alignnone size-full wp-image-7513\" src=\"https:\/\/krceramicfiber.com\/wp-content\/uploads\/2025\/08\/glass-fiber-mesh-3.webp\" alt=\"glass-fiber-mesh\" width=\"490\" height=\"370\" \/><\/p><\/div><\/div><div class='content-column one_third'><div style=\"padding-right:15PX;\"><p><img loading=\"lazy\" decoding=\"async\" class=\"alignnone size-full wp-image-7514\" src=\"https:\/\/krceramicfiber.com\/wp-content\/uploads\/2025\/08\/glass-fiber-mesh-1.webp\" alt=\"glass-fiber-mesh\" width=\"490\" height=\"370\" \/><\/p><\/div><\/div><div class='content-column one_third last_column'><div style=\"padding-right:15PX;\"><img loading=\"lazy\" decoding=\"async\" class=\"alignnone size-full wp-image-7515\" src=\"https:\/\/krceramicfiber.com\/wp-content\/uploads\/2025\/08\/glass-fiber-mesh-2.webp\" alt=\"glass-fiber-mesh\" width=\"490\" height=\"370\" \/><\/p><\/div><\/div><div class='clear_column'><\/div><\/p>\n<p><center><a class=\"fancybox price\" href=\"#contact_form_pop\">\u0627\u062d\u0635\u0644 \u0639\u0644\u0649 \u0627\u0644\u0633\u0639\u0631<\/a><\/center><\/p>\n<div class=\"fancybox-hidden\" style=\"display: none;\">\n<div id=\"contact_form_pop\">\n<div class=\"wpcf7 no-js\" id=\"wpcf7-f328-o1\" lang=\"en-US\" dir=\"ltr\" data-wpcf7-id=\"328\">\n<div class=\"screen-reader-response\"><p role=\"status\" aria-live=\"polite\" aria-atomic=\"true\"><\/p> <ul><\/ul><\/div>\n<form action=\"\/ar\/wp-json\/wp\/v2\/pages\/55669#wpcf7-f328-o1\" method=\"post\" class=\"wpcf7-form init\" aria-label=\"\u0646\u0645\u0648\u0630\u062c \u0627\u0644\u0627\u062a\u0635\u0627\u0644\" novalidate=\"novalidate\" data-status=\"init\" data-trp-original-action=\"\/ar\/wp-json\/wp\/v2\/pages\/55669#wpcf7-f328-o1\">\n<fieldset class=\"hidden-fields-container\"><input type=\"hidden\" name=\"_wpcf7\" value=\"328\" \/><input type=\"hidden\" name=\"_wpcf7_version\" value=\"6.1\" \/><input type=\"hidden\" name=\"_wpcf7_locale\" value=\"en_US\" \/><input type=\"hidden\" name=\"_wpcf7_unit_tag\" value=\"wpcf7-f328-o1\" \/><input type=\"hidden\" name=\"_wpcf7_container_post\" value=\"0\" \/><input type=\"hidden\" name=\"_wpcf7_posted_data_hash\" value=\"\" \/><input type=\"hidden\" name=\"_wpcf7_recaptcha_response\" value=\"\" \/>\n<\/fieldset>\n<div class=\"form-box\" id=\"Contact-Us\">\n\t<div class=\"isleft\">\n\t\t<div class=\"contact-title\">\n\t\t\t<p>\u0627\u062a\u0635\u0644 \u0628\u0646\u0627\n\t\t\t<\/p>\n\t\t<\/div>\n\t\t<div class=\"contactp\">\n\t\t\t<p>\u0644\u0627 \u062a\u062a\u0631\u062f\u062f \u0641\u064a \u0625\u0631\u0633\u0627\u0644 \u0645\u0639\u0644\u0648\u0645\u0627\u062a \u0627\u0633\u062a\u0641\u0633\u0627\u0631\u0643 \u0625\u0644\u064a\u0646\u0627. \u0633\u0646\u062a\u0648\u0627\u0635\u0644 \u0645\u0639\u0643 \u0641\u064a \u0623\u0642\u0631\u0628 \u0648\u0642\u062a \u0645\u0645\u0643\u0646.\n\t\t\t<\/p>\n\t\t<\/div>\n\t\t<ul class=\"contact\">\n\t\t\t<li class=\"email\">\n\t\t\t\t<p><img decoding=\"async\" src=\"https:\/\/krceramicfiber.com\/wp-content\/uploads\/2023\/12\/email.png\" alt=\"\" \/>\u0627\u0644\u0628\u0631\u064a\u062f \u0627\u0644\u0625\u0644\u0643\u062a\u0631\u0648\u0646\u064a:\n\t\t\t\t<\/p>\n\t\t\t\t<p><a href=\"mailto:market@krceramicfiber.com\">market@krceramicfiber.com<\/a>\n\t\t\t\t<\/p>\n\t\t\t<\/li>\n\t\t\t<li class=\"phone\">\n\t\t\t\t<p><img decoding=\"async\" src=\"https:\/\/krceramicfiber.com\/wp-content\/uploads\/2023\/12\/tel.png\" alt=\"\" \/>\u0627\u0644\u0647\u0627\u062a\u0641\/\u0627\u0644\u0627\u062a\u0633\u0627\u0628\n\t\t\t\t<\/p>\n\t\t\t\t<p><a href=\"https:\/\/wa.me\/8619138178880\">+86 19138178880<\/a>\n\t\t\t\t<\/p>\n\t\t\t<\/li>\n\t\t\t<li class=\"location\">\n\t\t\t\t<p><img decoding=\"async\" src=\"https:\/\/krceramicfiber.com\/wp-content\/uploads\/2023\/12\/Location.png\" alt=\"\" \/>\u0642\u0627\u0639\u062f\u0629 \u0627\u0644\u062a\u0635\u0646\u064a\u0639:\n\t\t\t\t<\/p>\n\t\t\t\t<p>\u0645\u0646\u0637\u0642\u0629 \u062a\u0634\u0627\u0648\u0647\u0648\u0627 \u0644\u0644\u0635\u0646\u0627\u0639\u0627\u062a \u0627\u0644\u062d\u0631\u0627\u0631\u064a\u0629,<br \/>\n\u0645\u062f\u064a\u0646\u0629 \u0634\u064a\u0646\u0645\u064a\u060c \u0645\u0642\u0627\u0637\u0639\u0629 \u062e\u0646\u0627\u0646\u060c \u0627\u0644\u0635\u064a\u0646\n\t\t\t\t<\/p>\n\t\t\t<\/li>\n\t\t<\/ul>\n\t<\/div>\n\t<div class=\"isright\">\n\t\t<ul class=\"contact-input\">\n\t\t\t<li>\n\t\t\t\t<div class=\"islabel\">\n\t\t\t\t\t<p>* \u0627\u0644\u0627\u0633\u0645:\n\t\t\t\t\t<\/p>\n\t\t\t\t<\/div>\n\t\t\t\t<p><span class=\"wpcf7-form-control-wrap\" data-name=\"your-name\"><input size=\"40\" maxlength=\"400\" class=\"wpcf7-form-control wpcf7-text wpcf7-validates-as-required\" aria-required=\"true\" aria-invalid=\"false\" placeholder=\"\" value=\"\" type=\"text\" name=\"your-name\" \/><\/span>\n\t\t\t\t<\/p>\n\t\t\t<\/li>\n\t\t\t<li>\n\t\t\t\t<div class=\"islabel\">\n\t\t\t\t\t<p>* \u0627\u0644\u0628\u0631\u064a\u062f \u0627\u0644\u0625\u0644\u0643\u062a\u0631\u0648\u0646\u064a:\n\t\t\t\t\t<\/p>\n\t\t\t\t<\/div>\n\t\t\t\t<p><span class=\"wpcf7-form-control-wrap\" data-name=\"your-email\"><input size=\"40\" maxlength=\"400\" class=\"wpcf7-form-control wpcf7-email wpcf7-validates-as-required wpcf7-text wpcf7-validates-as-email\" aria-required=\"true\" aria-invalid=\"false\" placeholder=\"\" value=\"\" type=\"email\" name=\"your-email\" \/><\/span>\n\t\t\t\t<\/p>\n\t\t\t<\/li>\n\t\t\t<li>\n\t\t\t\t<div class=\"islabel\">\n\t\t\t\t\t<p>* \u0627\u0644\u0647\u0627\u062a\u0641\/\u0648\u0627\u062a\u0633\u0627\u0628:\n\t\t\t\t\t<\/p>\n\t\t\t\t<\/div>\n\t\t\t\t<p><span class=\"wpcf7-form-control-wrap\" data-name=\"your-phone\"><input size=\"40\" maxlength=\"400\" class=\"wpcf7-form-control wpcf7-tel wpcf7-validates-as-required wpcf7-text wpcf7-validates-as-tel\" aria-required=\"true\" aria-invalid=\"false\" placeholder=\"\" value=\"\" type=\"tel\" name=\"your-phone\" \/><\/span>\n\t\t\t\t<\/p>\n\t\t\t<\/li>\n\t\t\t<li>\n\t\t\t\t<div class=\"islabel\">\n\t\t\t\t\t<p>\u0627\u0644\u0628\u0644\u062f:\n\t\t\t\t\t<\/p>\n\t\t\t\t<\/div>\n\t\t\t\t<p><span class=\"wpcf7-form-control-wrap\" data-name=\"your-country\"><input size=\"40\" maxlength=\"400\" class=\"wpcf7-form-control wpcf7-text\" aria-invalid=\"false\" placeholder=\"\" value=\"\" type=\"text\" name=\"your-country\" \/><\/span>\n\t\t\t\t<\/p>\n\t\t\t<\/li>\n\t\t\t<li class=\"ismassage\">\n\t\t\t\t<div class=\"islabel\">\n\t\t\t\t\t<p>* \u0627\u0644\u0631\u0633\u0627\u0644\u0629:\n\t\t\t\t\t<\/p>\n\t\t\t\t<\/div>\n\t\t\t\t<p><span class=\"wpcf7-form-control-wrap\" data-name=\"your-msg\"><textarea cols=\"40\" rows=\"10\" maxlength=\"2000\" class=\"wpcf7-form-control wpcf7-textarea wpcf7-validates-as-required\" aria-required=\"true\" aria-invalid=\"false\" name=\"your-msg\"><\/textarea><\/span>\n\t\t\t\t<\/p>\n\t\t\t<\/li>\n\t\t\t<li class=\"wpcf7-btns-box\">\n\t\t\t\t<div class=\"isFileName\">\n\t\t\t\t<\/div>\n\t\t\t\t<div class=\"wpcf7-btns\">\n\t\t\t\t\t<p><input class=\"wpcf7-form-control wpcf7-submit has-spinner\" type=\"submit\" value=\"\u0625\u0631\u0633\u0627\u0644\" \/>\n\t\t\t\t\t<\/p>\n\t\t\t\t<\/div>\n\t\t\t<\/li>\n\t\t<\/ul>\n\t<\/div>\n<\/div><div class=\"wpcf7-response-output\" aria-hidden=\"true\"><\/div>\n<input type=\"hidden\" name=\"trp-form-language\" value=\"ar\"\/><\/form>\n<\/div>\n<\/div>\n<\/div>\n<\/div>\n<div class=\"product_info_bg\">\n<div class=\"page_model\">\n<h2 id=\"PRODUCTDESCRIPTION\">Description of Glass Fiber Mesh<\/h2>\n<p>Glass Fiber Mesh has high strength, good alkali resistance and plays an important structural role in the insulation system, mainly preventing the generation of cracks.<br \/>\nDue to its excellent acid resistance, alkali resistance and other chemical properties, as well as high tensile strength in longitude and latitude.<\/p>\n<p>Glass Fiber Mesh also can make the stress of the external wall insulation system evenly dispersed, avoid the deformation of the whole insulation structure caused by the collision and extrusion of external impulse, and make the insulation layer have high impact resistance strength, and easy to construction and quality control, so as to play the role of &#8220;soft reinforcement&#8221; in the insulation system.<\/p>\n<div class='content-column one_fourth'><div style=\"padding-right:20px;padding-bottom:10px;\"><div class='content-column full_width'><div style=\"padding:25px 25px 25px 25px;\"><div class=\"tb1\">Excellent Acid Resistance<\/div><\/div><\/div><\/div><\/div>\n<div class='content-column one_fourth'><div style=\"padding-right:20px;padding-bottom:10px;\"><div class='content-column full_width'><div style=\"padding:25px 25px 25px 25px;\"><div class=\"tb2\">Excellent Alkali Resistance<\/div><\/div><\/div><\/div><\/div>\n<div class='content-column one_fourth'><div style=\"padding-right:20px;padding-bottom:10px;\"><div class='content-column full_width'><div style=\"padding:25px 25px 25px 25px;\"><div class=\"tb3\">High Tensile Strength In Longitude And Latitude<\/div><\/div><\/div><\/div><\/div>\n<div class='content-column one_fourth last_column'><div style=\"padding-right:20px;padding-bottom:10px;\"><div class='content-column full_width'><div style=\"padding:25px 25px 25px 25px;\"><div class=\"tb4\">Good chemical stability<\/div><\/div><\/div><\/div><\/div><div class='clear_column'><\/div>\n<\/div>\n<\/div>\n<div class=\"product_model_bg\">\n<div class=\"page_model\"><div class=\"pt-cv-wrapper\">Error: View <strong>9da21bcsik<\/strong> may not exist<\/div><\/div>\n<div id=\"INQUIRY\" class=\"page_model\"><p class=\"wpcf7-contact-form-not-found\"><strong>\u062e\u0637\u0623:<\/strong> \u0646\u0645\u0648\u0630\u062c \u0627\u0644\u0627\u062a\u0635\u0627\u0644 \u063a\u064a\u0631 \u0645\u0648\u062c\u0648\u062f.<\/p><\/div>\n<div class=\"page_model\">\n<div class=\"swiper related-products\">\n<div class=\"swiper-wrapper\">\n<div class=\"swiper-slide\"><\/div>\n<\/div>\n<\/div>\n<\/div>\n<\/div>\n<\/div>","protected":false},"excerpt":{"rendered":"<p>Glass Fiber Mesh Glass Fiber Mesh is a woven fabric made from fiberglass yarns, designed &#8230; <a title=\"\u0634\u0628\u0643\u0629 \u0627\u0644\u0623\u0644\u064a\u0627\u0641 \u0627\u0644\u0632\u062c\u0627\u062c\u064a\u0629\" class=\"read-more\" href=\"https:\/\/krceramicfiber.com\/ar\/glass-fiber-mesh\/\" aria-label=\"More on Glass Fiber Mesh\">\u0625\u0642\u0631\u0623 \u0627\u0644\u0645\u0632\u064a\u062f<\/a><\/p>","protected":false},"author":1,"featured_media":0,"parent":0,"menu_order":0,"comment_status":"closed","ping_status":"closed","template":"","meta":{"footnotes":""},"class_list":{"0":"post-55669","1":"page","2":"type-page","3":"status-publish","5":"no-featured-image-padding"},"yoast_head":"<!-- This site is optimized with the Yoast SEO plugin v25.3 - https:\/\/yoast.com\/wordpress\/plugins\/seo\/ -->\n<title>Glass Fiber Mesh - Your Thermal insulation material Manufactruer | Kerui Refractory\u00ae Official Website<\/title>\n<meta name=\"description\" content=\"Glass Fiber Mesh is a woven fabric made from fiberglass yarns, designed in an open-grid structure (like a net). It is widely used as a reinforcement material because of its strength, flexibility, corrosion resistance, and dimensional stability.\" \/>\n<meta name=\"robots\" content=\"index, follow, max-snippet:-1, max-image-preview:large, max-video-preview:-1\" \/>\n<link rel=\"canonical\" href=\"https:\/\/krceramicfiber.com\/ar\/glass-fiber-mesh\/\" \/>\n<meta property=\"og:locale\" content=\"ar_AR\" \/>\n<meta property=\"og:type\" content=\"article\" \/>\n<meta property=\"og:title\" content=\"Glass Fiber Mesh - Your Thermal insulation material Manufactruer | Kerui Refractory\u00ae Official Website\" \/>\n<meta property=\"og:description\" content=\"Glass Fiber Mesh is a woven fabric made from fiberglass yarns, designed in an open-grid structure (like a net). It is widely used as a reinforcement material because of its strength, flexibility, corrosion resistance, and dimensional stability.\" \/>\n<meta property=\"og:url\" content=\"https:\/\/krceramicfiber.com\/ar\/glass-fiber-mesh\/\" \/>\n<meta property=\"og:site_name\" content=\"Your Thermal insulation material Manufactruer | Kerui Refractory\u00ae Official Website\" \/>\n<meta property=\"article:modified_time\" content=\"2025-08-27T08:20:13+00:00\" \/>\n<meta name=\"twitter:card\" content=\"summary_large_image\" \/>\n<meta name=\"twitter:label1\" content=\"\u0648\u0642\u062a \u0627\u0644\u0642\u0631\u0627\u0621\u0629 \u0627\u0644\u0645\u064f\u0642\u062f\u0651\u0631\" \/>\n\t<meta name=\"twitter:data1\" content=\"3 \u062f\u0642\u0627\u0626\u0642\" \/>\n<script type=\"application\/ld+json\" class=\"yoast-schema-graph\">{\"@context\":\"https:\/\/schema.org\",\"@graph\":[{\"@type\":\"WebPage\",\"@id\":\"https:\/\/krceramicfiber.com\/glass-fiber-mesh\/\",\"url\":\"https:\/\/krceramicfiber.com\/glass-fiber-mesh\/\",\"name\":\"Glass Fiber Mesh - Your Thermal insulation material Manufactruer | Kerui Refractory\u00ae Official Website\",\"isPartOf\":{\"@id\":\"https:\/\/krceramicfiber.com\/#website\"},\"primaryImageOfPage\":{\"@id\":\"https:\/\/krceramicfiber.com\/glass-fiber-mesh\/#primaryimage\"},\"image\":{\"@id\":\"https:\/\/krceramicfiber.com\/glass-fiber-mesh\/#primaryimage\"},\"thumbnailUrl\":\"https:\/\/krceramicfiber.com\/wp-content\/uploads\/2025\/08\/kerui-glass-fiber-mesh.webp\",\"datePublished\":\"2025-08-27T07:51:19+00:00\",\"dateModified\":\"2025-08-27T08:20:13+00:00\",\"description\":\"Glass Fiber Mesh is a woven fabric made from fiberglass yarns, designed in an open-grid structure (like a net). It is widely used as a reinforcement material because of its strength, flexibility, corrosion resistance, and dimensional stability.\",\"breadcrumb\":{\"@id\":\"https:\/\/krceramicfiber.com\/glass-fiber-mesh\/#breadcrumb\"},\"inLanguage\":\"ar\",\"potentialAction\":[{\"@type\":\"ReadAction\",\"target\":[\"https:\/\/krceramicfiber.com\/glass-fiber-mesh\/\"]}]},{\"@type\":\"ImageObject\",\"inLanguage\":\"ar\",\"@id\":\"https:\/\/krceramicfiber.com\/glass-fiber-mesh\/#primaryimage\",\"url\":\"https:\/\/krceramicfiber.com\/wp-content\/uploads\/2025\/08\/kerui-glass-fiber-mesh.webp\",\"contentUrl\":\"https:\/\/krceramicfiber.com\/wp-content\/uploads\/2025\/08\/kerui-glass-fiber-mesh.webp\"},{\"@type\":\"BreadcrumbList\",\"@id\":\"https:\/\/krceramicfiber.com\/glass-fiber-mesh\/#breadcrumb\",\"itemListElement\":[{\"@type\":\"ListItem\",\"position\":1,\"name\":\"Home\",\"item\":\"https:\/\/krceramicfiber.com\/\"},{\"@type\":\"ListItem\",\"position\":2,\"name\":\"Glass Fiber Mesh\"}]},{\"@type\":\"WebSite\",\"@id\":\"https:\/\/krceramicfiber.com\/#website\",\"url\":\"https:\/\/krceramicfiber.com\/\",\"name\":\"Your Thermal insulation material Manufactruer | Kerui Refractory\u00ae Official Website\",\"description\":\"\",\"publisher\":{\"@id\":\"https:\/\/krceramicfiber.com\/#organization\"},\"potentialAction\":[{\"@type\":\"SearchAction\",\"target\":{\"@type\":\"EntryPoint\",\"urlTemplate\":\"https:\/\/krceramicfiber.com\/?s={search_term_string}\"},\"query-input\":{\"@type\":\"PropertyValueSpecification\",\"valueRequired\":true,\"valueName\":\"search_term_string\"}}],\"inLanguage\":\"ar\"},{\"@type\":\"Organization\",\"@id\":\"https:\/\/krceramicfiber.com\/#organization\",\"name\":\"Your Thermal insulation material Manufactruer | Kerui Refractory\u00ae Official Website\",\"url\":\"https:\/\/krceramicfiber.com\/\",\"logo\":{\"@type\":\"ImageObject\",\"inLanguage\":\"ar\",\"@id\":\"https:\/\/krceramicfiber.com\/#\/schema\/logo\/image\/\",\"url\":\"https:\/\/krceramicfiber.com\/wp-content\/uploads\/2024\/01\/footer-Logo.png\",\"contentUrl\":\"https:\/\/krceramicfiber.com\/wp-content\/uploads\/2024\/01\/footer-Logo.png\",\"width\":282,\"height\":70,\"caption\":\"Your Thermal insulation material Manufactruer | Kerui Refractory\u00ae Official Website\"},\"image\":{\"@id\":\"https:\/\/krceramicfiber.com\/#\/schema\/logo\/image\/\"}}]}<\/script>\n<!-- \/ Yoast SEO plugin. -->","yoast_head_json":{"title":"Glass Fiber Mesh - Your Thermal insulation material Manufactruer | Kerui Refractory\u00ae Official Website","description":"Glass Fiber Mesh is a woven fabric made from fiberglass yarns, designed in an open-grid structure (like a net). It is widely used as a reinforcement material because of its strength, flexibility, corrosion resistance, and dimensional stability.","robots":{"index":"index","follow":"follow","max-snippet":"max-snippet:-1","max-image-preview":"max-image-preview:large","max-video-preview":"max-video-preview:-1"},"canonical":"https:\/\/krceramicfiber.com\/ar\/glass-fiber-mesh\/","og_locale":"ar_AR","og_type":"article","og_title":"Glass Fiber Mesh - Your Thermal insulation material Manufactruer | Kerui Refractory\u00ae Official Website","og_description":"Glass Fiber Mesh is a woven fabric made from fiberglass yarns, designed in an open-grid structure (like a net). It is widely used as a reinforcement material because of its strength, flexibility, corrosion resistance, and dimensional stability.","og_url":"https:\/\/krceramicfiber.com\/ar\/glass-fiber-mesh\/","og_site_name":"Your Thermal insulation material Manufactruer | Kerui Refractory\u00ae Official Website","article_modified_time":"2025-08-27T08:20:13+00:00","twitter_card":"summary_large_image","twitter_misc":{"\u0648\u0642\u062a \u0627\u0644\u0642\u0631\u0627\u0621\u0629 \u0627\u0644\u0645\u064f\u0642\u062f\u0651\u0631":"3 \u062f\u0642\u0627\u0626\u0642"},"schema":{"@context":"https:\/\/schema.org","@graph":[{"@type":"WebPage","@id":"https:\/\/krceramicfiber.com\/glass-fiber-mesh\/","url":"https:\/\/krceramicfiber.com\/glass-fiber-mesh\/","name":"Glass Fiber Mesh - Your Thermal insulation material Manufactruer | Kerui Refractory\u00ae Official Website","isPartOf":{"@id":"https:\/\/krceramicfiber.com\/#website"},"primaryImageOfPage":{"@id":"https:\/\/krceramicfiber.com\/glass-fiber-mesh\/#primaryimage"},"image":{"@id":"https:\/\/krceramicfiber.com\/glass-fiber-mesh\/#primaryimage"},"thumbnailUrl":"https:\/\/krceramicfiber.com\/wp-content\/uploads\/2025\/08\/kerui-glass-fiber-mesh.webp","datePublished":"2025-08-27T07:51:19+00:00","dateModified":"2025-08-27T08:20:13+00:00","description":"Glass Fiber Mesh is a woven fabric made from fiberglass yarns, designed in an open-grid structure (like a net). It is widely used as a reinforcement material because of its strength, flexibility, corrosion resistance, and dimensional stability.","breadcrumb":{"@id":"https:\/\/krceramicfiber.com\/glass-fiber-mesh\/#breadcrumb"},"inLanguage":"ar","potentialAction":[{"@type":"ReadAction","target":["https:\/\/krceramicfiber.com\/glass-fiber-mesh\/"]}]},{"@type":"ImageObject","inLanguage":"ar","@id":"https:\/\/krceramicfiber.com\/glass-fiber-mesh\/#primaryimage","url":"https:\/\/krceramicfiber.com\/wp-content\/uploads\/2025\/08\/kerui-glass-fiber-mesh.webp","contentUrl":"https:\/\/krceramicfiber.com\/wp-content\/uploads\/2025\/08\/kerui-glass-fiber-mesh.webp"},{"@type":"BreadcrumbList","@id":"https:\/\/krceramicfiber.com\/glass-fiber-mesh\/#breadcrumb","itemListElement":[{"@type":"ListItem","position":1,"name":"Home","item":"https:\/\/krceramicfiber.com\/"},{"@type":"ListItem","position":2,"name":"Glass Fiber Mesh"}]},{"@type":"WebSite","@id":"https:\/\/krceramicfiber.com\/#website","url":"https:\/\/krceramicfiber.com\/","name":"\u0627\u0644\u0634\u0631\u0643\u0629 \u0627\u0644\u0645\u0635\u0646\u0639\u0629 \u0644\u0645\u0648\u0627\u062f \u0627\u0644\u0639\u0632\u0644 \u0627\u0644\u062d\u0631\u0627\u0631\u064a | \u0627\u0644\u0645\u0648\u0642\u0639 \u0627\u0644\u0631\u0633\u0645\u064a \u0644\u0634\u0631\u0643\u0629 \u0643\u064a\u0631\u0648\u064a \u0644\u0644\u062d\u0631\u0627\u0631\u064a\u0627\u062a \u00ae Kerui Refractory","description":"","publisher":{"@id":"https:\/\/krceramicfiber.com\/#organization"},"potentialAction":[{"@type":"SearchAction","target":{"@type":"EntryPoint","urlTemplate":"https:\/\/krceramicfiber.com\/?s={search_term_string}"},"query-input":{"@type":"PropertyValueSpecification","valueRequired":true,"valueName":"search_term_string"}}],"inLanguage":"ar"},{"@type":"Organization","@id":"https:\/\/krceramicfiber.com\/#organization","name":"\u0627\u0644\u0634\u0631\u0643\u0629 \u0627\u0644\u0645\u0635\u0646\u0639\u0629 \u0644\u0645\u0648\u0627\u062f \u0627\u0644\u0639\u0632\u0644 \u0627\u0644\u062d\u0631\u0627\u0631\u064a | \u0627\u0644\u0645\u0648\u0642\u0639 \u0627\u0644\u0631\u0633\u0645\u064a \u0644\u0634\u0631\u0643\u0629 \u0643\u064a\u0631\u0648\u064a \u0644\u0644\u062d\u0631\u0627\u0631\u064a\u0627\u062a \u00ae Kerui Refractory","url":"https:\/\/krceramicfiber.com\/","logo":{"@type":"ImageObject","inLanguage":"ar","@id":"https:\/\/krceramicfiber.com\/#\/schema\/logo\/image\/","url":"https:\/\/krceramicfiber.com\/wp-content\/uploads\/2024\/01\/footer-Logo.png","contentUrl":"https:\/\/krceramicfiber.com\/wp-content\/uploads\/2024\/01\/footer-Logo.png","width":282,"height":70,"caption":"Your Thermal insulation material Manufactruer | Kerui Refractory\u00ae Official Website"},"image":{"@id":"https:\/\/krceramicfiber.com\/#\/schema\/logo\/image\/"}}]}},"_links":{"self":[{"href":"https:\/\/krceramicfiber.com\/ar\/wp-json\/wp\/v2\/pages\/55669","targetHints":{"allow":["GET"]}}],"collection":[{"href":"https:\/\/krceramicfiber.com\/ar\/wp-json\/wp\/v2\/pages"}],"about":[{"href":"https:\/\/krceramicfiber.com\/ar\/wp-json\/wp\/v2\/types\/page"}],"author":[{"embeddable":true,"href":"https:\/\/krceramicfiber.com\/ar\/wp-json\/wp\/v2\/users\/1"}],"replies":[{"embeddable":true,"href":"https:\/\/krceramicfiber.com\/ar\/wp-json\/wp\/v2\/comments?post=55669"}],"version-history":[{"count":0,"href":"https:\/\/krceramicfiber.com\/ar\/wp-json\/wp\/v2\/pages\/55669\/revisions"}],"wp:attachment":[{"href":"https:\/\/krceramicfiber.com\/ar\/wp-json\/wp\/v2\/media?parent=55669"}],"curies":[{"name":"wp","href":"https:\/\/api.w.org\/{rel}","templated":true}]}}